{"id":43400,"date":"2023-12-31T07:04:41","date_gmt":"2023-12-31T12:04:41","guid":{"rendered":"https:\/\/mendomedical.ca\/product\/salted-caramel-hot-chocolate\/"},"modified":"2026-04-16T10:40:59","modified_gmt":"2026-04-16T14:40:59","slug":"salted-caramel-hot-chocolate","status":"publish","type":"product","link":"https:\/\/mendomedical.ca\/fr\/produit\/salted-caramel-hot-chocolate\/","title":{"rendered":"CBD Salted Caramel Hot Chocolate"},"content":{"rendered":"<p><strong>Ingr\u00e9dients :<\/strong> Chocolat chaud en poudre (sucre de canne biologique, cacao, cacao brut, ar\u00f4me naturel de caramel, sel de l&rsquo;Himalaya), CBD en poudre \u00e0 absorption rapide (maltodextrine, eau, extrait de cannabis, polysorbate (80), huile MCT, monool\u00e9ate de sorbitan, acide citrique).<\/p>\n","protected":false},"excerpt":{"rendered":"<h3>CBD Chocolat chaud au caramel sal\u00e9 d&rsquo;Emprise<\/h3>\n<p>Laissez-vous tenter par un luxueux m\u00e9lange de saveurs avec <a title=\"En savoir plus sur Emprise\" href=\"https:\/\/emprise.ca\/\" target=\"_blank\" rel=\"noopener\">le chocolat chaud au caramel sal\u00e9 CBD d&rsquo;Emprise<\/a>. Ce d\u00e9lice \u00e0 boire est con\u00e7u pour ceux qui recherchent une exp\u00e9rience douillette et relaxante, combinant le go\u00fbt riche du caramel sal\u00e9 avec les effets apaisants de 20 mg de CBD. <\/p>\n<p>&nbsp;<\/p>\n<h3>D\u00e9tails du produit<\/h3>\n<p>Chaque unit\u00e9 de ce chocolat chaud infus\u00e9 au CBD est un moyen pratique et discret de savourer votre dose quotidienne de d\u00e9tente. Il suffit d&rsquo;ouvrir le sachet, de verser le contenu dans une tasse de 12 \u00e0 16 oz, d&rsquo;ajouter le lait chaud de votre choix ou un substitut de lait, et de remuer jusqu&rsquo;\u00e0 obtenir la perfection. Pour une touche de douceur suppl\u00e9mentaire, ajoutez de la cr\u00e8me fouett\u00e9e.  <\/p>\n<p>&nbsp;<\/p>\n<h3>Mode d&#8217;emploi<\/h3>\n<p>Profitez de la polyvalence de ce chocolat chaud en le pr\u00e9parant chaud ou froid. Pour une g\u00e2terie chaude, versez de l&rsquo;eau chaude dans votre tasse pr\u00e9f\u00e9r\u00e9e et savourez les saveurs r\u00e9confortantes. Vous pouvez aussi le pr\u00e9parer et le refroidir pour obtenir un chocolat glac\u00e9 rafra\u00eechissant, id\u00e9al en toute saison.  <\/p>\n<p>&nbsp;<\/p>\n<h3>Ingr\u00e9dients<\/h3>\n<p>Le chocolat chaud au caramel sal\u00e9 d&rsquo;Emprise CBD est fabriqu\u00e9 \u00e0 partir d&rsquo;ingr\u00e9dients de haute qualit\u00e9 pour garantir un go\u00fbt d\u00e9licieux et des r\u00e9sultats efficaces :<\/p>\n<ul>\n<li>Chocolat chaud en poudre (sucre de canne biologique, cacao, cacao cru, ar\u00f4me naturel de caramel, sel de l&rsquo;Himalaya)<\/li>\n<li>Poudre de CBD \u00e0 absorption rapide (maltodextrine, eau, extrait de cannabis, polysorbate 80, huile MCT, monool\u00e9ate de sorbitane, acide citrique)<\/li>\n<\/ul>\n<p>&nbsp;<\/p>\n<h3>Pourquoi choisir le chocolat chaud au caramel sal\u00e9 d&rsquo;Emprise CBD ?<\/h3>\n<ul>\n<li>Offre une exp\u00e9rience apaisante de 20 mg de CBD<\/li>\n<li>Saveur riche et gourmande de caramel sal\u00e9<\/li>\n<li>Facile \u00e0 pr\u00e9parer et \u00e0 d\u00e9guster \u00e0 la maison ou en d\u00e9placement<\/li>\n<li>Des ingr\u00e9dients v\u00e9g\u00e9taliens et biologiques pour un plaisir sans culpabilit\u00e9<\/li>\n<li>Admissible \u00e0 la facturation directe d&rsquo;ACC pour l&rsquo;aide aux anciens combattants<\/li>\n<\/ul>\n<p>&nbsp;<\/p>\n<h3>Avantages et couverture pour les anciens combattants<\/h3>\n<p>Mendo Medical s&rsquo;engage \u00e0 soutenir les v\u00e9t\u00e9rans canadiens. Le chocolat chaud au CBD et au caramel sal\u00e9 est admissible \u00e0 la facturation directe par l&rsquo;entremise d&rsquo;Anciens Combattants Canada (ACC) et de la Croix Bleue, ce qui permet aux anciens combattants admissibles de profiter de ce produit sans avoir \u00e0 d\u00e9bourser quoi que ce soit. <\/p>\n<p>&nbsp;<\/p>\n<h3>Livraison rapide et discr\u00e8te dans tout le Canada<\/h3>\n<p>Nous offrons un service d&rsquo;exp\u00e9dition rapide et discret dans tout le Canada. Les commandes de plus de 150 dollars b\u00e9n\u00e9ficient de la livraison gratuite, ce qui vous permet de recevoir vos produits rapidement et en toute confidentialit\u00e9.<\/p>\n<p>&nbsp;<\/p>\n<p>D\u00e9couvrez le m\u00e9lange parfait de confort et de d\u00e9tente avec le chocolat chaud au caramel sal\u00e9 CBD d&rsquo;Emprise. Que vous vous d\u00e9tendiez apr\u00e8s une longue journ\u00e9e ou que vous recherchiez un moment de tranquillit\u00e9, cette boisson est votre meilleur choix pour une exp\u00e9rience CBD apaisante. Vous <strong>avez besoin d&rsquo;une carte m\u00e9dicale ?<\/strong><a title=\"Obtenez votre document de cannabis m\u00e9dical avec Mendo Medical\" href=\"https:\/\/mendomedical.ca\/fr\/carte-medicale\/\" target=\"_blank\" rel=\"noopener\">Obtenez votre document de cannabis m\u00e9dical<\/a> rapidement et facilement pour commencer \u00e0 acheter tout de suite ! <\/p>\n<p>&nbsp;<\/p>\n<h4>Ingr\u00e9dients<\/h4>\n<p>Chocolat chaud en poudre (sucre de canne biologique, cacao, cacao brut, ar\u00f4me naturel de caramel, sel de l&rsquo;Himalaya), CBD en poudre \u00e0 absorption rapide (maltodextrine, eau, extrait de cannabis, polysorbate (80), huile MCT, monool\u00e9ate de sorbitane, acide citrique).<\/p>\n","protected":false},"featured_media":268411,"comment_status":"closed","ping_status":"closed","template":"","meta":{"_acf_changed":false,"site-sidebar-layout":"default","site-content-layout":"","ast-site-content-layout":"default","site-content-style":"default","site-sidebar-style":"default","ast-global-header-display":"","ast-banner-title-visibility":"","ast-main-header-display":"","ast-hfb-above-header-display":"","ast-hfb-below-header-display":"","ast-hfb-mobile-header-display":"","site-post-title":"","ast-breadcrumbs-content":"","ast-featured-img":"","footer-sml-layout":"","ast-disable-related-posts":"","theme-transparent-header-meta":"default","adv-header-id-meta":"","stick-header-meta":"","header-above-stick-meta":"","header-main-stick-meta":"","header-below-stick-meta":"","astra-migrate-meta-layouts":"set","ast-page-background-enabled":"default","ast-page-background-meta":{"desktop":{"background-color":"var(--ast-global-color-4)","background-image":"","background-repeat":"repeat","background-position":"center center","background-size":"auto","background-attachment":"scroll","background-type":"","background-media":"","overlay-type":"","overlay-color":"","overlay-opacity":"","overlay-gradient":""},"tablet":{"background-color":"","background-image":"","background-repeat":"repeat","background-position":"center center","background-size":"auto","background-attachment":"scroll","background-type":"","background-media":"","overlay-type":"","overlay-color":"","overlay-opacity":"","overlay-gradient":""},"mobile":{"background-color":"","background-image":"","background-repeat":"repeat","background-position":"center center","background-size":"auto","background-attachment":"scroll","background-type":"","background-media":"","overlay-type":"","overlay-color":"","overlay-opacity":"","overlay-gradient":""}},"ast-content-background-meta":{"desktop":{"background-color":"var(--ast-global-color-5)","background-image":"","background-repeat":"repeat","background-position":"center center","background-size":"auto","background-attachment":"scroll","background-type":"","background-media":"","overlay-type":"","overlay-color":"","overlay-opacity":"","overlay-gradient":""},"tablet":{"background-color":"var(--ast-global-color-5)","background-image":"","background-repeat":"repeat","background-position":"center center","background-size":"auto","background-attachment":"scroll","background-type":"","background-media":"","overlay-type":"","overlay-color":"","overlay-opacity":"","overlay-gradient":""},"mobile":{"background-color":"var(--ast-global-color-5)","background-image":"","background-repeat":"repeat","background-position":"center center","background-size":"auto","background-attachment":"scroll","background-type":"","background-media":"","overlay-type":"","overlay-color":"","overlay-opacity":"","overlay-gradient":""}}},"product_brand":[],"product_cat":[1131,3825,1128],"product_tag":[],"product_format_filter":[],"class_list":{"0":"post-43400","1":"product","2":"type-product","3":"status-publish","4":"has-post-thumbnail","6":"product_cat-boissons","7":"product_cat-cbd-minors-3-fr","8":"product_cat-comestibles","9":"pa_cbd-20mg-fr","10":"pa_flavours-chocolate-fr","11":"pa_format-1-unit-fr","12":"pa_intensity-cbd-moyen","13":"pa_marques-emprise-fr","14":"pa_origin-alberta-fr","15":"pa_type-de-plante-cbd-fr","16":"desktop-align-left","17":"tablet-align-left","18":"mobile-align-left","20":"first","21":"instock","22":"taxable","23":"shipping-taxable","24":"purchasable","25":"product-type-simple"},"group_of_quantity":0,"min_quantity":0,"max_quantity":"","exclude_order_quantity_value_rules":"no","exclude_category_quantity_rules":"no","combine_variations":"no","acf":[],"_links":{"self":[{"href":"https:\/\/mendomedical.ca\/fr\/wp-json\/wp\/v2\/product\/43400","targetHints":{"allow":["GET"]}}],"collection":[{"href":"https:\/\/mendomedical.ca\/fr\/wp-json\/wp\/v2\/product"}],"about":[{"href":"https:\/\/mendomedical.ca\/fr\/wp-json\/wp\/v2\/types\/product"}],"replies":[{"embeddable":true,"href":"https:\/\/mendomedical.ca\/fr\/wp-json\/wp\/v2\/comments?post=43400"}],"wp:featuredmedia":[{"embeddable":true,"href":"https:\/\/mendomedical.ca\/fr\/wp-json\/wp\/v2\/media\/268411"}],"wp:attachment":[{"href":"https:\/\/mendomedical.ca\/fr\/wp-json\/wp\/v2\/media?parent=43400"}],"wp:term":[{"taxonomy":"product_brand","embeddable":true,"href":"https:\/\/mendomedical.ca\/fr\/wp-json\/wp\/v2\/product_brand?post=43400"},{"taxonomy":"product_cat","embeddable":true,"href":"https:\/\/mendomedical.ca\/fr\/wp-json\/wp\/v2\/product_cat?post=43400"},{"taxonomy":"product_tag","embeddable":true,"href":"https:\/\/mendomedical.ca\/fr\/wp-json\/wp\/v2\/product_tag?post=43400"},{"taxonomy":"product_format_filter","embeddable":true,"href":"https:\/\/mendomedical.ca\/fr\/wp-json\/wp\/v2\/product_format_filter?post=43400"}],"curies":[{"name":"wp","href":"https:\/\/api.w.org\/{rel}","templated":true}]}}