{"id":43359,"date":"2025-08-30T07:55:23","date_gmt":"2025-08-30T11:55:23","guid":{"rendered":"https:\/\/mendomedical.ca\/?post_type=product&#038;p=43359"},"modified":"2026-01-16T15:43:04","modified_gmt":"2026-01-16T20:43:04","slug":"milk-chocolate-live-rosin-waffle-cones","status":"publish","type":"product","link":"https:\/\/mendomedical.ca\/fr\/produit\/milk-chocolate-live-rosin-waffle-cones\/","title":{"rendered":"C\u00f4nes de gaufre au chocolat au lait Live Rosin"},"content":{"rendered":"","protected":false},"excerpt":{"rendered":"<h3>C\u00f4nes de gaufre au chocolat au lait Live Rosin par A-Ha !<\/h3>\n<p>Vous cherchez une fa\u00e7on douce et discr\u00e8te de d\u00e9guster votre cannabis m\u00e9dical ? Les <strong>c\u00f4nes de gaufre au chocolat au lait Live Rosin<\/strong> offrent une exp\u00e9rience <a title=\"Achetez des infusions de cannabis chez Mendo Medical\" href=\"https:\/\/mendomedical.ca\/fr\/categorie-produit\/comestibles\/\" target=\"_blank\" rel=\"noopener\">comestible d\u00e9licieusement infus\u00e9e<\/a> qui m\u00eale la confiserie artisanale \u00e0 l&rsquo;extrait de cannabis \u00e0 spectre complet de premi\u00e8re qualit\u00e9. <\/p>\n<p>Ces friandises artisanales de <a title=\"Achetez des produits comestibles \u00e0 base de cannabis de A-Ha ! chez Mendo Medical\" href=\"https:\/\/mendomedical.ca\/shop\/?swoof=1&amp;pa_marques=a-ha\" target=\"_blank\" rel=\"noopener\"><strong>A-Ha !<\/strong><\/a> pr\u00e9sentent la base d&rsquo;un c\u00f4ne de gaufre classique rempli de <strong>riche chocolat au lait belge<\/strong> et soigneusement dos\u00e9 avec du <strong>Live Rosin de Strawberry Cough<\/strong>. Chaque paquet contient deux c\u00f4nes, chacun contenant <strong>5 mg de THC<\/strong>, pour un total de <strong>10 mg par paquet - id\u00e9al<\/strong>pour les utilisateurs m\u00e9dicaux \u00e0 la recherche d&rsquo;un soulagement l\u00e9ger et mesur\u00e9. <\/p>\n<p>&nbsp;<\/p>\n<h3><strong>Fabriqu\u00e9 \u00e0 partir de Live Rosin pour un soulagement \u00e0 spectre complet<\/strong><\/h3>\n<p>Live Rosin est un <strong>concentr\u00e9 sans solvant<\/strong> extrait du cannabis fra\u00eechement congel\u00e9. Elle pr\u00e9serve le profil terp\u00e9nique de la plante, offrant un <strong>effet d&rsquo;entourage<\/strong> plus <strong>authentique et<\/strong> plus <strong>puissant<\/strong> que les edibles \u00e0 base de distillat. La <strong>vari\u00e9t\u00e9 Strawberry Cough<\/strong> offre un profil fruit\u00e9 et stimulant, parfait pour un usage diurne, une relaxation l\u00e9g\u00e8re ou un regain de cr\u00e9ativit\u00e9.  <\/p>\n<p>&nbsp;<\/p>\n<h3><strong>  Id\u00e9al pour les utilisateurs m\u00e9dicaux<\/strong><\/h3>\n<ul>\n<li>Le <strong>format \u00e0 faible dose<\/strong> (5 mg par c\u00f4ne) facilite le microdosage.<\/li>\n<li><strong>Discret et facile \u00e0 consommer<\/strong>, id\u00e9al pour ceux qui pr\u00e9f\u00e8rent ne pas inhaler.<\/li>\n<li>Peut aider \u00e0 soulager des sympt\u00f4mes tels que l&rsquo;<strong>anxi\u00e9t\u00e9<\/strong>, les <strong>douleurs l\u00e9g\u00e8res<\/strong> ou le <strong>stress<\/strong>.<\/li>\n<\/ul>\n<h3><strong>Produit adapt\u00e9 aux v\u00e9t\u00e9rans<\/strong><\/h3>\n<p>Dans le cadre de notre engagement envers les anciens combattants du Canada, ce produit est <strong>admissible \u00e0 la facturation directe d&rsquo;<a title=\"Informations d'Anciens Combattants Canada sur le cannabis \u00e0 des fins m\u00e9dicales\" href=\"https:\/\/www.veterans.gc.ca\/en\/contact-us\/help\/faqs\/cannabis-medical-purposes-revised-reimbursement-policy\" target=\"_blank\" rel=\"noopener\">ACC.<\/a><\/strong> Les anciens combattants peuvent profiter de ces d\u00e9licieux produits comestibles <strong>sans avoir \u00e0 d\u00e9bourser<\/strong> un sou, sous r\u00e9serve de l&rsquo;approbation de la couverture. Nous soutenons \u00e9galement les demandes de remboursement de <strong>la Croix Bleue<\/strong> et nous offrons des <strong>commandes relais<\/strong> jusqu&rsquo;\u00e0 300g.  <\/p>\n<p>&nbsp;<\/p>\n<h3><strong>Exp\u00e9dition rapide et discr\u00e8te dans tout le Canada<\/strong><\/h3>\n<p>Nous exp\u00e9dions ce produit partout au Canada avec une <strong>livraison rapide et discr\u00e8te<\/strong>. Les commandes de plus de 150 $ donnent droit \u00e0 une <strong>livraison gratuite<\/strong>, et chaque colis est soigneusement emball\u00e9 pour garantir la qualit\u00e9 et la confidentialit\u00e9. <\/p>\n<p>&nbsp;<\/p>\n<p><strong>Avertissement de fonte estivale :<\/strong> Ce produit contient du chocolat et peut se ramollir ou fondre pendant les mois les plus chauds. Bien que nous fassions de notre mieux pour emballer votre commande avec soin, Mendo ne peut garantir la forme du produit \u00e0 son arriv\u00e9e en \u00e9t\u00e9. Veuillez en tenir compte lorsque vous passez une commande pendant des temp\u00e9ratures \u00e9lev\u00e9es.  <\/p>\n<p>&nbsp;<\/p>\n<h3><strong>Pourquoi choisir des produits comestibles comme ceux-ci ?<\/strong><\/h3>\n<ul>\n<li><strong>Il est interdit de fumer ou de vaper.<\/strong><\/li>\n<li>Effets durables et progressifs<\/li>\n<li>Dosage contr\u00f4l\u00e9 et coh\u00e9rent<\/li>\n<li>Une fa\u00e7on d\u00e9licieuse d&rsquo;appr\u00e9cier le cannabis sans arri\u00e8re-go\u00fbt<\/li>\n<\/ul>\n<p>&nbsp;<\/p>\n<p>Si vous \u00eates \u00e0 la recherche de <strong>chocolats au THC au Canada<\/strong>, en particulier pour ceux qui ont droit \u00e0 une <strong>couverture m\u00e9dicale<\/strong>, les <strong>c\u00f4nes de gaufre au chocolat au lait Live Rosin<\/strong> de A-Ha ! sont un choix particuli\u00e8rement satisfaisant. <strong>Besoin d&rsquo;une carte m\u00e9dicale ?<\/strong> <a title=\"Obtenez un document sur le cannabis m\u00e9dical avec mendo medical\" href=\"https:\/\/mendomedical.ca\/fr\/carte-medicale\/\" target=\"_blank\" rel=\"noopener\">Obtenez votre document gratuit sur le cannabis m\u00e9dical<\/a> rapidement et facilement et commencez \u00e0 faire vos achats d\u00e8s maintenant !<\/p>\n<p>&nbsp;<\/p>\n<h4>Ingr\u00e9dients<\/h4>\n<p>Sucres (sucre), beurre de cacao, lait entier en poudre, lactos\u00e9rum en poudre, p\u00e2te de cacao, lait \u00e9cr\u00e9m\u00e9 en poudre, l\u00e9cithine de tournesol, polyricinol\u00e9ate de polyglyc\u00e9rol, ar\u00f4me, farine de bl\u00e9, l\u00e9cithine de soja, huile v\u00e9g\u00e9tale, sirop de caramel, sel, eau, huile MCT, Live Rosin.<\/p>\n<h4>Contient<\/h4>\n<p>LAIT, SOJA, BL\u00c9 ET TRITICALE<\/p>\n<h4>Peut contenir<\/h4>\n<p>\u0152UFS<\/p>\n","protected":false},"featured_media":43331,"comment_status":"closed","ping_status":"closed","template":"","meta":{"_acf_changed":false,"site-sidebar-layout":"default","site-content-layout":"","ast-site-content-layout":"default","site-content-style":"default","site-sidebar-style":"default","ast-global-header-display":"","ast-banner-title-visibility":"","ast-main-header-display":"","ast-hfb-above-header-display":"","ast-hfb-below-header-display":"","ast-hfb-mobile-header-display":"","site-post-title":"","ast-breadcrumbs-content":"","ast-featured-img":"","footer-sml-layout":"","ast-disable-related-posts":"","theme-transparent-header-meta":"default","adv-header-id-meta":"","stick-header-meta":"","header-above-stick-meta":"","header-main-stick-meta":"","header-below-stick-meta":"","astra-migrate-meta-layouts":"set","ast-page-background-enabled":"default","ast-page-background-meta":{"desktop":{"background-color":"var(--ast-global-color-4)","background-image":"","background-repeat":"repeat","background-position":"center center","background-size":"auto","background-attachment":"scroll","background-type":"","background-media":"","overlay-type":"","overlay-color":"","overlay-opacity":"","overlay-gradient":""},"tablet":{"background-color":"","background-image":"","background-repeat":"repeat","background-position":"center center","background-size":"auto","background-attachment":"scroll","background-type":"","background-media":"","overlay-type":"","overlay-color":"","overlay-opacity":"","overlay-gradient":""},"mobile":{"background-color":"","background-image":"","background-repeat":"repeat","background-position":"center center","background-size":"auto","background-attachment":"scroll","background-type":"","background-media":"","overlay-type":"","overlay-color":"","overlay-opacity":"","overlay-gradient":""}},"ast-content-background-meta":{"desktop":{"background-color":"var(--ast-global-color-5)","background-image":"","background-repeat":"repeat","background-position":"center center","background-size":"auto","background-attachment":"scroll","background-type":"","background-media":"","overlay-type":"","overlay-color":"","overlay-opacity":"","overlay-gradient":""},"tablet":{"background-color":"var(--ast-global-color-5)","background-image":"","background-repeat":"repeat","background-position":"center center","background-size":"auto","background-attachment":"scroll","background-type":"","background-media":"","overlay-type":"","overlay-color":"","overlay-opacity":"","overlay-gradient":""},"mobile":{"background-color":"var(--ast-global-color-5)","background-image":"","background-repeat":"repeat","background-position":"center center","background-size":"auto","background-attachment":"scroll","background-type":"","background-media":"","overlay-type":"","overlay-color":"","overlay-opacity":"","overlay-gradient":""}}},"product_brand":[],"product_cat":[1130,1511,1128],"product_tag":[3637],"product_format_filter":[],"class_list":{"0":"post-43359","1":"product","2":"type-product","3":"status-publish","4":"has-post-thumbnail","6":"product_cat-chocolats","7":"product_cat-full-spectrum-fr","8":"product_cat-comestibles","9":"product_tag-a-ha-fr","10":"pa_flavours-cone-de-gaufre-au-chocolat","11":"pa_format-2-unites","12":"pa_intensity-thc-moyen","13":"pa_marques-a-ha-fr","14":"pa_origin-ontario-fr","15":"pa_thc-10mg-fr","16":"desktop-align-left","17":"tablet-align-left","18":"mobile-align-left","20":"first","21":"outofstock","22":"taxable","23":"shipping-taxable","24":"purchasable","25":"product-type-simple"},"group_of_quantity":0,"min_quantity":0,"max_quantity":"","exclude_order_quantity_value_rules":"no","exclude_category_quantity_rules":"no","combine_variations":"no","acf":[],"_links":{"self":[{"href":"https:\/\/mendomedical.ca\/fr\/wp-json\/wp\/v2\/product\/43359","targetHints":{"allow":["GET"]}}],"collection":[{"href":"https:\/\/mendomedical.ca\/fr\/wp-json\/wp\/v2\/product"}],"about":[{"href":"https:\/\/mendomedical.ca\/fr\/wp-json\/wp\/v2\/types\/product"}],"replies":[{"embeddable":true,"href":"https:\/\/mendomedical.ca\/fr\/wp-json\/wp\/v2\/comments?post=43359"}],"wp:featuredmedia":[{"embeddable":true,"href":"https:\/\/mendomedical.ca\/fr\/wp-json\/wp\/v2\/media\/43331"}],"wp:attachment":[{"href":"https:\/\/mendomedical.ca\/fr\/wp-json\/wp\/v2\/media?parent=43359"}],"wp:term":[{"taxonomy":"product_brand","embeddable":true,"href":"https:\/\/mendomedical.ca\/fr\/wp-json\/wp\/v2\/product_brand?post=43359"},{"taxonomy":"product_cat","embeddable":true,"href":"https:\/\/mendomedical.ca\/fr\/wp-json\/wp\/v2\/product_cat?post=43359"},{"taxonomy":"product_tag","embeddable":true,"href":"https:\/\/mendomedical.ca\/fr\/wp-json\/wp\/v2\/product_tag?post=43359"},{"taxonomy":"product_format_filter","embeddable":true,"href":"https:\/\/mendomedical.ca\/fr\/wp-json\/wp\/v2\/product_format_filter?post=43359"}],"curies":[{"name":"wp","href":"https:\/\/api.w.org\/{rel}","templated":true}]}}