{"id":292955,"date":"2025-10-10T18:20:27","date_gmt":"2025-10-10T22:20:27","guid":{"rendered":"https:\/\/mendomedical.ca\/product\/73%c2%b5-159%c2%b5-hash-hole-lazy-sunday-x-runtz\/"},"modified":"2026-05-13T08:28:03","modified_gmt":"2026-05-13T12:28:03","slug":"73%c2%b5-159%c2%b5-hash-hole-lazy-sunday-x-runtz","status":"publish","type":"product","link":"https:\/\/mendomedical.ca\/fr\/produit\/73%c2%b5-159%c2%b5-hash-hole-lazy-sunday-x-runtz\/","title":{"rendered":"73\u00b5-159\u00b5 Hash Hole \u00a0\u00bbLazy Sunday x RUNTZ\u00a0\u00bb"},"content":{"rendered":"","protected":false},"excerpt":{"rendered":"<div class=\"ExternalClass3B02C5FFB62C444BA51BDA01F7DE021E\">\n<h3>73\u00b5-159\u00b5 Hash Hole \u00a0\u00bbLazy Sunday x RUNTZ\u00a0\u00bb par Sauce Rosin Labs<\/h3>\n<h3>Terp\u00e8nes totaux : 3,67%.<\/h3>\n<p>Faites l&rsquo;exp\u00e9rience d&rsquo;un artisanat sans solvant de premi\u00e8re qualit\u00e9 avec le 73\u00b5-159\u00b5 Hash Hole de Sauce Rosin Labs. Ce Pr\u00e9-roll infus\u00e9 de 2g combine la fleur de Lazy Sunday x RUNTZ moulue par des experts avec un log-core de Rosin vivant, press\u00e9 exclusivement \u00e0 partir d&rsquo;intrants fra\u00eechement congel\u00e9s et de trichomes s\u00e9lectionn\u00e9s de 73-159 microns. Le r\u00e9sultat est une exp\u00e9rience de combustion propre, riche en terp\u00e8nes, qui offre une puissance constante et une saveur authentique du cultivateur, de la premi\u00e8re \u00e0 la derni\u00e8re bouff\u00e9e. Fini \u00e0 la main en petits lots sans hydrocarbures, additifs ou ar\u00f4mes artificiels, ce Pr\u00e9-rolls repr\u00e9sente le summum de l&rsquo;innovation en mati\u00e8re de cannabis sans solvant dans un format pratique et pr\u00eat \u00e0 \u00eatre consomm\u00e9.   <\/p>\n<h4>Caract\u00e9ristiques principales<\/h4>\n<ul>\n<li>2g de Pr\u00e9-rolls infus\u00e9s avec un log-core de Live Rosin sans solvant pour une puissance et une douceur accrues.<\/li>\n<li>Press\u00e9 \u00e0 partir de cannabis fra\u00eechement congel\u00e9 et de trichomes de premi\u00e8re qualit\u00e9 de 73 \u00e0 159 microns avec 3,67 % de Terp\u00e8nes totaux.<\/li>\n<li>G\u00e9n\u00e9tique unique combinant (LA Kush Cake x Dante&rsquo;s Inferno) x RUNTZ pour un profil cannabino\u00efde complexe.<\/li>\n<li>Pas d&rsquo;hydrocarbures, d&rsquo;additifs ou d&rsquo;ar\u00f4mes artificiels, mais une expression pure et authentique des terp\u00e8nes.<\/li>\n<li>Finition \u00e0 la main en petits lots avec un contr\u00f4le rigoureux du poids et un emballage uniforme pour une combustion fiable et r\u00e9guli\u00e8re.<\/li>\n<\/ul>\n<h4>Saveur, ar\u00f4me et profil des terp\u00e8nes<\/h4>\n<p>Ce cultivar distinctif pr\u00e9sente une fusion vibrante de notes de baies, de cr\u00e8me, de fruits et de gazole qui s\u00e9duisent les connaisseurs \u00e0 la recherche de complexit\u00e9 dans leur exp\u00e9rience du cannabis. Le profil aromatique pr\u00e9sente des nuances gazeuses prononc\u00e9es \u00e9quilibr\u00e9es par une douceur fruit\u00e9e de baies, cr\u00e9ant une exp\u00e9rience olfactive invitante et m\u00e9morable. <\/p>\n<p>Riche en cannabino\u00efdes et en terp\u00e8nes, ce Pr\u00e9-rolls contient du THC ainsi qu&rsquo;un m\u00e9lange diversifi\u00e9 de terp\u00e8nes comprenant du limon\u00e8ne, du linalol, du b\u00eata-caryophyll\u00e8ne, du myrc\u00e8ne et du s\u00e9linadi\u00e8ne. Cette combinaison sophistiqu\u00e9e de terp\u00e8nes peut favoriser des effets potentiels tels que l&rsquo;euphorie, l&rsquo;\u00e9l\u00e9vation, la relaxation, le calme et la cr\u00e9ativit\u00e9, ce qui la rend appropri\u00e9e pour diverses applications th\u00e9rapeutiques tout au long de la journ\u00e9e. <\/p>\n<h4>Pourquoi choisir les pr\u00e9-roul\u00e9s infus\u00e9s ?<\/h4>\n<p>Les Pr\u00e9-rolls infus\u00e9s offrent aux patients de cannabis m\u00e9dical une option pratique et pr\u00e9cis\u00e9ment dos\u00e9e qui combine les avantages de la fleur enti\u00e8re avec des extraits concentr\u00e9s. Le noyau de Live Rosin de The Hash Hole permet d&rsquo;am\u00e9liorer la teneur en cannabino\u00efdes et la pr\u00e9servation des terp\u00e8nes sans avoir recours \u00e0 des solvants ou \u00e0 des additifs, ce qui constitue une alternative propre pour les patients qui recherchent des effets th\u00e9rapeutiques constants avec un minimum de pr\u00e9paration. <\/p>\n<h4>Exp\u00e9dition dans tout le Canada<\/h4>\n<p>Le 73\u00b5-159\u00b5 Hash Hole \u00a0\u00bbLazy Sunday x RUNTZ\u00a0\u00bb est exp\u00e9di\u00e9 rapidement \u00e0 travers le Canada par Mendo Medical. Profitez de la livraison gratuite pour toutes les commandes de plus de 150 $. Pour maintenir la fra\u00eecheur et la qualit\u00e9 du produit, conservez votre Pr\u00e9-rolls \u00e0 la verticale dans un endroit frais et sombre et refermez l&#8217;emballage rapidement apr\u00e8s ouverture.  <\/p>\n<h4>Avantages et couverture pour les anciens combattants<\/h4>\n<p>Le 73\u00b5-159\u00b5 Hash Hole \u00a0\u00bbLazy Sunday x RUNTZ\u00a0\u00bb est \u00e9ligible \u00e0 la couverture d&rsquo;Anciens Combattants Canada (ACC) et \u00e0 la facturation directe par la Croix Bleue, ce qui signifie que les v\u00e9t\u00e9rans \u00e9ligibles n&rsquo;ont pas \u00e0 d\u00e9bourser d&rsquo;argent. Si vous n&rsquo;avez pas encore de carte de cannabis m\u00e9dical, vous pouvez <a href=\"https:\/\/mendomedical.ca\/fr\/carte-medicale\/\">obtenir votre carte m\u00e9dicale gratuite rapidement et facilement<\/a> pour acc\u00e9der \u00e0 ces avantages et commencer votre voyage th\u00e9rapeutique avec le cannabis. <\/p>\n<h4>Ingr\u00e9dients<\/h4>\n<p>Fleur de cannabis s\u00e9ch\u00e9e, extrait de cannabis<\/p>\n<\/div>\n","protected":false},"featured_media":292867,"comment_status":"open","ping_status":"closed","template":"","meta":{"_acf_changed":false,"site-sidebar-layout":"default","site-content-layout":"","ast-site-content-layout":"default","site-content-style":"default","site-sidebar-style":"default","ast-global-header-display":"","ast-banner-title-visibility":"","ast-main-header-display":"","ast-hfb-above-header-display":"","ast-hfb-below-header-display":"","ast-hfb-mobile-header-display":"","site-post-title":"","ast-breadcrumbs-content":"","ast-featured-img":"","footer-sml-layout":"","ast-disable-related-posts":"","theme-transparent-header-meta":"default","adv-header-id-meta":"","stick-header-meta":"","header-above-stick-meta":"","header-main-stick-meta":"","header-below-stick-meta":"","astra-migrate-meta-layouts":"set","ast-page-background-enabled":"default","ast-page-background-meta":{"desktop":{"background-color":"var(--ast-global-color-4)","background-image":"","background-repeat":"repeat","background-position":"center center","background-size":"auto","background-attachment":"scroll","background-type":"","background-media":"","overlay-type":"","overlay-color":"","overlay-opacity":"","overlay-gradient":""},"tablet":{"background-color":"","background-image":"","background-repeat":"repeat","background-position":"center center","background-size":"auto","background-attachment":"scroll","background-type":"","background-media":"","overlay-type":"","overlay-color":"","overlay-opacity":"","overlay-gradient":""},"mobile":{"background-color":"","background-image":"","background-repeat":"repeat","background-position":"center center","background-size":"auto","background-attachment":"scroll","background-type":"","background-media":"","overlay-type":"","overlay-color":"","overlay-opacity":"","overlay-gradient":""}},"ast-content-background-meta":{"desktop":{"background-color":"var(--ast-global-color-5)","background-image":"","background-repeat":"repeat","background-position":"center center","background-size":"auto","background-attachment":"scroll","background-type":"","background-media":"","overlay-type":"","overlay-color":"","overlay-opacity":"","overlay-gradient":""},"tablet":{"background-color":"var(--ast-global-color-5)","background-image":"","background-repeat":"repeat","background-position":"center center","background-size":"auto","background-attachment":"scroll","background-type":"","background-media":"","overlay-type":"","overlay-color":"","overlay-opacity":"","overlay-gradient":""},"mobile":{"background-color":"var(--ast-global-color-5)","background-image":"","background-repeat":"repeat","background-position":"center center","background-size":"auto","background-attachment":"scroll","background-type":"","background-media":"","overlay-type":"","overlay-color":"","overlay-opacity":"","overlay-gradient":""}}},"product_brand":[],"product_cat":[1147,1144],"product_tag":[],"product_format_filter":[6391],"class_list":{"0":"post-292955","1":"product","2":"type-product","3":"status-publish","4":"has-post-thumbnail","6":"product_cat-pre-roules-infuses","7":"product_cat-pre-roules","8":"pa_flavours-baies","9":"pa_flavours-cremeux","10":"pa_flavours-fruite","11":"pa_flavours-gazole-diesel","12":"pa_intensity-thc-eleve","13":"pa_intensity-low-cbc-fr","14":"pa_intensity-low-cbg-fr","15":"pa_marques-sauce-rosin-labs-fr","16":"pa_origin-nouveau-brunswick","17":"pa_profil-terpene-caryophyllene","18":"pa_profil-terpene-limonene-fr","19":"pa_profil-terpene-linalol-fr","20":"pa_profil-terpene-myrcene","21":"pa_type-de-plante-hybride-fr","22":"product_format_filter-2g","23":"desktop-align-left","24":"tablet-align-left","25":"mobile-align-left","27":"first","28":"instock","29":"taxable","30":"shipping-taxable","31":"purchasable","32":"product-type-simple"},"group_of_quantity":0,"min_quantity":0,"max_quantity":"","exclude_order_quantity_value_rules":"no","exclude_category_quantity_rules":"no","combine_variations":"no","acf":[],"_links":{"self":[{"href":"https:\/\/mendomedical.ca\/fr\/wp-json\/wp\/v2\/product\/292955","targetHints":{"allow":["GET"]}}],"collection":[{"href":"https:\/\/mendomedical.ca\/fr\/wp-json\/wp\/v2\/product"}],"about":[{"href":"https:\/\/mendomedical.ca\/fr\/wp-json\/wp\/v2\/types\/product"}],"replies":[{"embeddable":true,"href":"https:\/\/mendomedical.ca\/fr\/wp-json\/wp\/v2\/comments?post=292955"}],"wp:featuredmedia":[{"embeddable":true,"href":"https:\/\/mendomedical.ca\/fr\/wp-json\/wp\/v2\/media\/292867"}],"wp:attachment":[{"href":"https:\/\/mendomedical.ca\/fr\/wp-json\/wp\/v2\/media?parent=292955"}],"wp:term":[{"taxonomy":"product_brand","embeddable":true,"href":"https:\/\/mendomedical.ca\/fr\/wp-json\/wp\/v2\/product_brand?post=292955"},{"taxonomy":"product_cat","embeddable":true,"href":"https:\/\/mendomedical.ca\/fr\/wp-json\/wp\/v2\/product_cat?post=292955"},{"taxonomy":"product_tag","embeddable":true,"href":"https:\/\/mendomedical.ca\/fr\/wp-json\/wp\/v2\/product_tag?post=292955"},{"taxonomy":"product_format_filter","embeddable":true,"href":"https:\/\/mendomedical.ca\/fr\/wp-json\/wp\/v2\/product_format_filter?post=292955"}],"curies":[{"name":"wp","href":"https:\/\/api.w.org\/{rel}","templated":true}]}}