{"id":292954,"date":"2025-10-10T18:15:11","date_gmt":"2025-10-10T22:15:11","guid":{"rendered":"https:\/\/mendomedical.ca\/product\/slim-bitz-live-rosin-infused-pre-rolls-champaya-x-runtz\/"},"modified":"2026-05-12T14:46:54","modified_gmt":"2026-05-12T18:46:54","slug":"slim-bitz-live-rosin-infused-pre-rolls-champaya-x-runtz","status":"publish","type":"product","link":"https:\/\/mendomedical.ca\/fr\/produit\/slim-bitz-live-rosin-infused-pre-rolls-champaya-x-runtz\/","title":{"rendered":"Slim-Bitz Live Rosin Infused Pr\u00e9-rolls \u00a0\u00bbChampaya x Runtz\u00a0\u00bb"},"content":{"rendered":"","protected":false},"excerpt":{"rendered":"<div class=\"ExternalClass84EFFF66F36F4D74A95A91EDD529EF72\">\n<h3>Slim-Bitz Live Rosin Infused Pr\u00e9-rolls \u00ab\u00a0Champaya x Runtz\u00a0\u00bb by Sauce Rosin Labs<\/h3>\n<div>\n<h3>Terp\u00e8nes totaux : 6,12 %.<\/h3>\n<\/div>\n<p>Faites l&rsquo;exp\u00e9rience d&rsquo;un travail artisanal sans solvant de premi\u00e8re qualit\u00e9 avec les Pr\u00e9-rolls Slim-Bitz Live Rosin Infused de Sauce Rosin Labs. Ce format de 3&#215;0,5g pr\u00e9sente la vari\u00e9t\u00e9 Champaya x Runtz, o\u00f9 la fleur moulue \u00e0 une seule vari\u00e9t\u00e9 est uniform\u00e9ment infus\u00e9e avec de la pure rosine vivante press\u00e9e \u00e0 partir d&rsquo;intrants fra\u00eechement congel\u00e9s. Contrairement aux alternatives recouvertes en surface, la Rosine est doucement m\u00e9lang\u00e9e \u00e0 travers le noyau pour une exp\u00e9rience coh\u00e9rente et riche en terp\u00e8nes du d\u00e9but \u00e0 la fin. Avec un taux impressionnant de 6,12 % de terp\u00e8nes totaux et sans hydrocarbures, additifs ou ar\u00f4mes artificiels, ces Pr\u00e9-rolls au format mince offrent un caract\u00e8re propre et prononc\u00e9 du cultivateur dans un format pratique et pr\u00eat \u00e0 l&#8217;emploi.<\/p>\n<h4>Caract\u00e9ristiques principales et points forts du produit<\/h4>\n<ul>\n<li>Infusion de Live Rosin sans solvant m\u00e9lang\u00e9e \u00e0 l&rsquo;ensemble de l&rsquo;\u00e2me pour une r\u00e9partition uniforme et une combustion en douceur.<\/li>\n<li>Teneur \u00e9lev\u00e9e en terp\u00e8nes (6,12 % de terp\u00e8nes totaux) pour un profil aromatique et gustatif am\u00e9lior\u00e9.<\/li>\n<li>Souche Champaya x Runtz offrant des notes de baies, de fruits et de gazole.<\/li>\n<li>Production en petites s\u00e9ries avec un laminage pr\u00e9cis et des mesures strictes de contr\u00f4le de la qualit\u00e9<\/li>\n<li>Trois Pr\u00e9-rolls de 0,5g par paquet pour un dosage pratique et une bonne portabilit\u00e9.<\/li>\n<\/ul>\n<h4>Saveur, ar\u00f4me et profil cannabique<\/h4>\n<p>Slim-Bitz \u00ab\u00a0Champaya x Runtz\u00a0\u00bb pr\u00e9sente un profil sensoriel complexe combinant la douceur des baies avec des notes fruit\u00e9es et des nuances diesel gazeuses distinctives. L&rsquo;ar\u00f4me refl\u00e8te ces caract\u00e9ristiques avec des parfums prononc\u00e9s de gaz, de fruits et de baies qui mettent en valeur la composition terp\u00e9nique naturelle de la vari\u00e9t\u00e9.<\/p>\n<p>Le profil cannabino\u00efde et terp\u00e9nique comprend du THC ainsi qu&rsquo;un m\u00e9lange terp\u00e9nique robuste comprenant du \u03b2-caryophyll\u00e8ne, du limon\u00e8ne, du linalol, de l&rsquo;\u03b1-humul\u00e8ne et de l&rsquo;\u03b1-bisabolol. Cette combinaison peut contribuer \u00e0 des effets potentiels d\u00e9crits comme euphoriques, stimulants, d\u00e9tendus et cr\u00e9atifs, ce qui le rend adapt\u00e9 \u00e0 diff\u00e9rents moments de la journ\u00e9e en fonction de la tol\u00e9rance individuelle et des r\u00e9sultats souhait\u00e9s.<\/p>\n<h4>Pourquoi choisir les pr\u00e9-roul\u00e9s infus\u00e9s ?<\/h4>\n<p>Les Pr\u00e9-rolls infus\u00e9s offrent aux patients de cannabis m\u00e9dical une option pratique et pr\u00e9cis\u00e9ment dos\u00e9e qui combine la fleur traditionnelle avec des extraits concentr\u00e9s pour une puissance et des profils terp\u00e9niques am\u00e9lior\u00e9s. Le format pr\u00eat \u00e0 l&#8217;emploi \u00e9limine le temps de pr\u00e9paration tout en offrant un dosage coh\u00e9rent sur chaque Pr\u00e9-rolls, ce qui les rend id\u00e9aux pour les patients qui recherchent des effets fiables sans avoir besoin d&rsquo;\u00e9quipement ou de pr\u00e9paration suppl\u00e9mentaire.<\/p>\n<h4>Exp\u00e9dition dans tout le Canada<\/h4>\n<p>Slim-Bitz Live Rosin Infused Pr\u00e9-rolls \u00ab\u00a0Champaya x Runtz\u00a0\u00bb est exp\u00e9di\u00e9 rapidement \u00e0 travers le Canada par Mendo Medical. Nous offrons une livraison gratuite pour toutes les commandes de plus de 150 $, assurant une livraison accessible de vos produits de cannabis m\u00e9dical. Conservez vos Pr\u00e9-rolls dans un endroit frais et sombre et refermez l&#8217;emballage apr\u00e8s ouverture pour maintenir une fra\u00eecheur optimale et pr\u00e9server l&rsquo;int\u00e9grit\u00e9 des terp\u00e8nes.<\/p>\n<h4>Avantages et couverture pour les anciens combattants<\/h4>\n<p>Slim-Bitz Live Rosin Infused Pr\u00e9-rolls \u00ab\u00a0Champaya x Runtz\u00a0\u00bb est admissible \u00e0 la couverture d&rsquo;Anciens Combattants Canada (ACC). Les anciens combattants admissibles peuvent b\u00e9n\u00e9ficier d&rsquo;une facturation directe par l&rsquo;interm\u00e9diaire de la Croix Bleue, ce qui signifie qu&rsquo;ils n&rsquo;ont pas \u00e0 d\u00e9bourser d&rsquo;argent pour les produits couverts. Si vous n&rsquo;avez pas encore de carte de cannabis m\u00e9dical, vous pouvez <a href=\"https:\/\/mendomedical.ca\/fr\/carte-medicale\/\">obtenir votre carte m\u00e9dicale gratuite rapidement et facilement<\/a> pour commencer \u00e0 acc\u00e9der \u00e0 ces avantages et \u00e0 la gamme compl\u00e8te de produits de cannabis m\u00e9dical disponibles chez Mendo Medical.<\/p>\n<h4>Ingr\u00e9dients<\/h4>\n<p>Fleur de cannabis s\u00e9ch\u00e9e, extrait de cannabis<\/p>\n<\/div>\n","protected":false},"featured_media":292950,"comment_status":"open","ping_status":"closed","template":"","meta":{"_acf_changed":false,"site-sidebar-layout":"default","site-content-layout":"","ast-site-content-layout":"default","site-content-style":"default","site-sidebar-style":"default","ast-global-header-display":"","ast-banner-title-visibility":"","ast-main-header-display":"","ast-hfb-above-header-display":"","ast-hfb-below-header-display":"","ast-hfb-mobile-header-display":"","site-post-title":"","ast-breadcrumbs-content":"","ast-featured-img":"","footer-sml-layout":"","ast-disable-related-posts":"","theme-transparent-header-meta":"default","adv-header-id-meta":"","stick-header-meta":"","header-above-stick-meta":"","header-main-stick-meta":"","header-below-stick-meta":"","astra-migrate-meta-layouts":"set","ast-page-background-enabled":"default","ast-page-background-meta":{"desktop":{"background-color":"var(--ast-global-color-4)","background-image":"","background-repeat":"repeat","background-position":"center center","background-size":"auto","background-attachment":"scroll","background-type":"","background-media":"","overlay-type":"","overlay-color":"","overlay-opacity":"","overlay-gradient":""},"tablet":{"background-color":"","background-image":"","background-repeat":"repeat","background-position":"center center","background-size":"auto","background-attachment":"scroll","background-type":"","background-media":"","overlay-type":"","overlay-color":"","overlay-opacity":"","overlay-gradient":""},"mobile":{"background-color":"","background-image":"","background-repeat":"repeat","background-position":"center center","background-size":"auto","background-attachment":"scroll","background-type":"","background-media":"","overlay-type":"","overlay-color":"","overlay-opacity":"","overlay-gradient":""}},"ast-content-background-meta":{"desktop":{"background-color":"var(--ast-global-color-5)","background-image":"","background-repeat":"repeat","background-position":"center center","background-size":"auto","background-attachment":"scroll","background-type":"","background-media":"","overlay-type":"","overlay-color":"","overlay-opacity":"","overlay-gradient":""},"tablet":{"background-color":"var(--ast-global-color-5)","background-image":"","background-repeat":"repeat","background-position":"center center","background-size":"auto","background-attachment":"scroll","background-type":"","background-media":"","overlay-type":"","overlay-color":"","overlay-opacity":"","overlay-gradient":""},"mobile":{"background-color":"var(--ast-global-color-5)","background-image":"","background-repeat":"repeat","background-position":"center center","background-size":"auto","background-attachment":"scroll","background-type":"","background-media":"","overlay-type":"","overlay-color":"","overlay-opacity":"","overlay-gradient":""}}},"product_brand":[],"product_cat":[1147,1144],"product_tag":[],"product_format_filter":[6374],"class_list":{"0":"post-292954","1":"product","2":"type-product","3":"status-publish","4":"has-post-thumbnail","6":"product_cat-pre-roules-infuses","7":"product_cat-pre-roules","8":"pa_flavours-baies","9":"pa_flavours-fruite","10":"pa_flavours-gazole-diesel","11":"pa_intensity-thc-eleve","12":"pa_intensity-low-cbc-fr","13":"pa_intensity-low-cbg-fr","14":"pa_marques-sauce-rosin-labs-fr","15":"pa_origin-nouveau-brunswick","16":"pa_profil-terpene-bisabolol-fr","17":"pa_profil-terpene-caryophyllene","18":"pa_profil-terpene-humulene-fr","19":"pa_profil-terpene-limonene-fr","20":"pa_profil-terpene-linalol-fr","21":"pa_profil-terpene-pinene-fr","22":"pa_type-de-plante-hybride-fr","23":"product_format_filter-0-5g","24":"desktop-align-left","25":"tablet-align-left","26":"mobile-align-left","28":"first","29":"instock","30":"taxable","31":"shipping-taxable","32":"purchasable","33":"product-type-simple"},"group_of_quantity":0,"min_quantity":0,"max_quantity":"","exclude_order_quantity_value_rules":"no","exclude_category_quantity_rules":"no","combine_variations":"no","acf":[],"_links":{"self":[{"href":"https:\/\/mendomedical.ca\/fr\/wp-json\/wp\/v2\/product\/292954","targetHints":{"allow":["GET"]}}],"collection":[{"href":"https:\/\/mendomedical.ca\/fr\/wp-json\/wp\/v2\/product"}],"about":[{"href":"https:\/\/mendomedical.ca\/fr\/wp-json\/wp\/v2\/types\/product"}],"replies":[{"embeddable":true,"href":"https:\/\/mendomedical.ca\/fr\/wp-json\/wp\/v2\/comments?post=292954"}],"wp:featuredmedia":[{"embeddable":true,"href":"https:\/\/mendomedical.ca\/fr\/wp-json\/wp\/v2\/media\/292950"}],"wp:attachment":[{"href":"https:\/\/mendomedical.ca\/fr\/wp-json\/wp\/v2\/media?parent=292954"}],"wp:term":[{"taxonomy":"product_brand","embeddable":true,"href":"https:\/\/mendomedical.ca\/fr\/wp-json\/wp\/v2\/product_brand?post=292954"},{"taxonomy":"product_cat","embeddable":true,"href":"https:\/\/mendomedical.ca\/fr\/wp-json\/wp\/v2\/product_cat?post=292954"},{"taxonomy":"product_tag","embeddable":true,"href":"https:\/\/mendomedical.ca\/fr\/wp-json\/wp\/v2\/product_tag?post=292954"},{"taxonomy":"product_format_filter","embeddable":true,"href":"https:\/\/mendomedical.ca\/fr\/wp-json\/wp\/v2\/product_format_filter?post=292954"}],"curies":[{"name":"wp","href":"https:\/\/api.w.org\/{rel}","templated":true}]}}