{"id":292871,"date":"2025-10-10T18:25:26","date_gmt":"2025-10-10T22:25:26","guid":{"rendered":"https:\/\/mendomedical.ca\/product\/73%c2%b5-159%c2%b5-hash-hole-papaye-x-pasteque-hurricane\/"},"modified":"2026-05-12T10:36:56","modified_gmt":"2026-05-12T14:36:56","slug":"73%c2%b5-159%c2%b5-hash-hole-papaya-x-watermelon-hurricane","status":"publish","type":"product","link":"https:\/\/mendomedical.ca\/fr\/produit\/73%c2%b5-159%c2%b5-hash-hole-papaya-x-watermelon-hurricane\/","title":{"rendered":"73\u00b5-159\u00b5 Hash Hole \u00a0\u00bbPapaya x Watermelon Hurricane\u00a0\u00bb"},"content":{"rendered":"","protected":false},"excerpt":{"rendered":"<div class=\"ExternalClass4C9065A7E51B46CE820A54030E8B2A21\">\n<h3>73\u00b5-159\u00b5 Hash Hole Papaya x Watermelon Hurricane par Sauce Rosin Labs<\/h3>\n<h3>Terp\u00e8nes totaux : 4,89%.<\/h3>\n<p>Le Sauce Rosin Labs 73\u00b5-159\u00b5 Hash Hole en Papaye x Watermelon Hurricane offre un cannabis sans solvant de premi\u00e8re qualit\u00e9 dans un format pratique de 2g de Pr\u00e9-rolls infus\u00e9s. Ce produit m\u00e9ticuleusement \u00e9labor\u00e9 pr\u00e9sente des fleurs moulues d&rsquo;une seule souche envelopp\u00e9es autour d&rsquo;un noyau de Rosin vivante press\u00e9e \u00e0 partir de cannabis fra\u00eechement congel\u00e9 et de t\u00eates de trichomes s\u00e9lectionn\u00e9es de 73-159 \u00b5m. Avec une teneur totale en terp\u00e8nes de 4,89 %, ce hash hole offre un ar\u00f4me fid\u00e8le au cultivateur et une expression terp\u00e9nique propre, sans hydrocarbures, additifs ou ar\u00f4mes artificiels. Fini \u00e0 la main en petits lots avec un contr\u00f4le pr\u00e9cis du poids et un emballage uniforme, ce Pr\u00e9-rolls pr\u00eat \u00e0 l&#8217;emploi offre une combustion coh\u00e9rente et un tirage en douceur du d\u00e9but \u00e0 la fin.<\/p>\n<h4>Caract\u00e9ristiques principales et points forts du produit<\/h4>\n<ul>\n<li>Construction de trous de hachage de premi\u00e8re qualit\u00e9 avec un c\u0153ur de b\u00fbche de Live Rosin press\u00e9 \u00e0 partir de trichomes de 73 \u00e0 159 \u00b5m pour une puissance et une saveur accrues.<\/li>\n<li>Processus d&rsquo;extraction sans solvant \u00e0 partir d&rsquo;intrants frais et surgel\u00e9s - pas d&rsquo;hydrocarbures, d&rsquo;additifs ou d&rsquo;ar\u00f4mes artificiels.<\/li>\n<li>Une teneur \u00e9lev\u00e9e en terp\u00e8nes de 4,89 % offre un ar\u00f4me robuste et une expression authentique du cultivar.<\/li>\n<li>Finition \u00e0 la main en petits lots avec un contr\u00f4le de qualit\u00e9 rigoureux pour une combustion fiable et homog\u00e8ne et un tirage r\u00e9gulier.<\/li>\n<li>Format pratique de 2g combinant les g\u00e9n\u00e9tiques Papaya x Watermelon Hurricane pour une exp\u00e9rience \u00e9quilibr\u00e9e et tropicale.<\/li>\n<\/ul>\n<h4>Saveur, ar\u00f4me et profil des terp\u00e8nes<\/h4>\n<p>Le cultivar Papaya x Watermelon Hurricane pr\u00e9sente un profil aromatique complexe qui associe une douceur fruit\u00e9e \u00e0 des notes tropicales et \u00e0 une finale gazeuse distinctive, semblable \u00e0 celle du diesel. L&rsquo;ar\u00f4me se caract\u00e9rise par un gaz sucr\u00e9 associ\u00e9 \u00e0 des fruits tropicaux confits, cr\u00e9ant une exp\u00e9rience olfactive invitante. Ce Pr\u00e9-rolls infus\u00e9 est riche en THC et contient un m\u00e9lange robuste de terp\u00e8nes men\u00e9 par le caryophyll\u00e8ne, le limon\u00e8ne, le s\u00e9linadi\u00e8ne et l&rsquo;humul\u00e8ne. Ces compos\u00e9s travaillent ensemble pour fournir des effets potentiels qui peuvent inclure l&rsquo;euphorie, des sensations d&rsquo;\u00e9l\u00e9vation, la relaxation, la motivation et l&rsquo;\u00e9quilibre g\u00e9n\u00e9ral. Les utilisateurs peuvent appr\u00e9cier l&rsquo;interaction harmonieuse entre le caract\u00e8re tropical doux de la vari\u00e9t\u00e9 et ses notes plus piquantes et \u00e9nergisantes.<\/p>\n<h4>Pourquoi choisir les pr\u00e9-roul\u00e9s infus\u00e9s ?<\/h4>\n<p>Les Pr\u00e9-rolls infus\u00e9s offrent aux consommateurs de cannabis m\u00e9dical une option pratique et pr\u00e9cis\u00e9ment dos\u00e9e qui combine la fleur avec des extraits concentr\u00e9s pour une meilleure diffusion des cannabino\u00efdes et des terp\u00e8nes. Le format \u00ab\u00a0hash hole\u00a0\u00bb offre une puissance constante tout au long de l&rsquo;exp\u00e9rience, \u00e9liminant le besoin de pr\u00e9paration ou d&rsquo;\u00e9quipement suppl\u00e9mentaire. Pour les patients \u00e0 la recherche d&rsquo;effets fiables et de profils terp\u00e9niques authentiques sans solvants ni additifs, les Pr\u00e9-rolls infus\u00e9s de qualit\u00e9 sup\u00e9rieure comme cette offre de Rosin Labs peuvent r\u00e9pondre \u00e0 divers besoins de bien-\u00eatre tout en conservant une grande facilit\u00e9 d&rsquo;utilisation.<\/p>\n<h4>Exp\u00e9dition dans tout le Canada<\/h4>\n<p>Sauce Rosin Labs 73\u00b5-159\u00b5 Hash Hole, Papaya x Watermelon Hurricane est exp\u00e9di\u00e9 rapidement \u00e0 travers le Canada par l&rsquo;interm\u00e9diaire de Mendo Medical. Nous offrons une livraison gratuite pour les commandes de plus de 150 $, ce qui permet aux patients de cannabis m\u00e9dical de tout le pays d&rsquo;avoir acc\u00e8s \u00e0 des produits sans solvant de premi\u00e8re qualit\u00e9 de mani\u00e8re efficace. Pour maintenir la qualit\u00e9 du produit, conservez votre hash hole \u00e0 la verticale dans un endroit frais et sombre et refermez l&#8217;emballage rapidement apr\u00e8s l&rsquo;ouverture pour prot\u00e9ger la fra\u00eecheur et pr\u00e9server l&rsquo;int\u00e9grit\u00e9 des terp\u00e8nes.<\/p>\n<h4>Avantages et couverture pour les anciens combattants<\/h4>\n<p>73\u00b5-159\u00b5 Hash Hole, Papaya x Watermelon Hurricane est admissible \u00e0 la couverture d&rsquo;Anciens Combattants Canada (ACC). Les v\u00e9t\u00e9rans qualifi\u00e9s peuvent avoir acc\u00e8s \u00e0 ce produit par le biais de la facturation directe de la Croix Bleue sans avoir \u00e0 d\u00e9bourser quoi que ce soit. Si vous n&rsquo;avez pas encore votre carte de cannabis m\u00e9dical, vous pouvez l&rsquo;obtenir rapidement et facilement gr\u00e2ce au <a href=\"https:\/\/mendomedical.ca\/fr\/carte-medicale\/\">processus de demande simplifi\u00e9 de Mendo Medical<\/a>, ce qui facilite l&rsquo;acc\u00e8s aux produits de cannabis m\u00e9dical qui peuvent r\u00e9pondre \u00e0 vos besoins de bien-\u00eatre.<\/p>\n<h4>Ingr\u00e9dients<\/h4>\n<p>Fleur de cannabis s\u00e9ch\u00e9e, extrait de cannabis<\/p>\n<\/div>\n","protected":false},"featured_media":292869,"comment_status":"open","ping_status":"closed","template":"","meta":{"_acf_changed":false,"site-sidebar-layout":"default","site-content-layout":"","ast-site-content-layout":"default","site-content-style":"default","site-sidebar-style":"default","ast-global-header-display":"","ast-banner-title-visibility":"","ast-main-header-display":"","ast-hfb-above-header-display":"","ast-hfb-below-header-display":"","ast-hfb-mobile-header-display":"","site-post-title":"","ast-breadcrumbs-content":"","ast-featured-img":"","footer-sml-layout":"","ast-disable-related-posts":"","theme-transparent-header-meta":"default","adv-header-id-meta":"","stick-header-meta":"","header-above-stick-meta":"","header-main-stick-meta":"","header-below-stick-meta":"","astra-migrate-meta-layouts":"set","ast-page-background-enabled":"default","ast-page-background-meta":{"desktop":{"background-color":"var(--ast-global-color-4)","background-image":"","background-repeat":"repeat","background-position":"center center","background-size":"auto","background-attachment":"scroll","background-type":"","background-media":"","overlay-type":"","overlay-color":"","overlay-opacity":"","overlay-gradient":""},"tablet":{"background-color":"","background-image":"","background-repeat":"repeat","background-position":"center center","background-size":"auto","background-attachment":"scroll","background-type":"","background-media":"","overlay-type":"","overlay-color":"","overlay-opacity":"","overlay-gradient":""},"mobile":{"background-color":"","background-image":"","background-repeat":"repeat","background-position":"center center","background-size":"auto","background-attachment":"scroll","background-type":"","background-media":"","overlay-type":"","overlay-color":"","overlay-opacity":"","overlay-gradient":""}},"ast-content-background-meta":{"desktop":{"background-color":"var(--ast-global-color-5)","background-image":"","background-repeat":"repeat","background-position":"center center","background-size":"auto","background-attachment":"scroll","background-type":"","background-media":"","overlay-type":"","overlay-color":"","overlay-opacity":"","overlay-gradient":""},"tablet":{"background-color":"var(--ast-global-color-5)","background-image":"","background-repeat":"repeat","background-position":"center center","background-size":"auto","background-attachment":"scroll","background-type":"","background-media":"","overlay-type":"","overlay-color":"","overlay-opacity":"","overlay-gradient":""},"mobile":{"background-color":"var(--ast-global-color-5)","background-image":"","background-repeat":"repeat","background-position":"center center","background-size":"auto","background-attachment":"scroll","background-type":"","background-media":"","overlay-type":"","overlay-color":"","overlay-opacity":"","overlay-gradient":""}}},"product_brand":[],"product_cat":[1147,1144],"product_tag":[],"product_format_filter":[6391],"class_list":{"0":"post-292871","1":"product","2":"type-product","3":"status-publish","4":"has-post-thumbnail","6":"product_cat-pre-roules-infuses","7":"product_cat-pre-roules","8":"pa_flavours-fruite","9":"pa_flavours-gazole-diesel","10":"pa_flavours-doux","11":"pa_flavours-tropical-fr","12":"pa_intensity-thc-eleve","13":"pa_intensity-low-cbg-fr","14":"pa_marques-sauce-rosin-labs-fr","15":"pa_origin-nouveau-brunswick","16":"pa_profil-terpene-caryophyllene","17":"pa_profil-terpene-guaiol-fr","18":"pa_profil-terpene-humulene-fr","19":"pa_profil-terpene-limonene-fr","20":"pa_type-de-plante-hybride-fr","21":"product_format_filter-2g","22":"desktop-align-left","23":"tablet-align-left","24":"mobile-align-left","26":"first","27":"instock","28":"taxable","29":"shipping-taxable","30":"purchasable","31":"product-type-simple"},"group_of_quantity":0,"min_quantity":0,"max_quantity":"","exclude_order_quantity_value_rules":"no","exclude_category_quantity_rules":"no","combine_variations":"no","acf":[],"_links":{"self":[{"href":"https:\/\/mendomedical.ca\/fr\/wp-json\/wp\/v2\/product\/292871","targetHints":{"allow":["GET"]}}],"collection":[{"href":"https:\/\/mendomedical.ca\/fr\/wp-json\/wp\/v2\/product"}],"about":[{"href":"https:\/\/mendomedical.ca\/fr\/wp-json\/wp\/v2\/types\/product"}],"replies":[{"embeddable":true,"href":"https:\/\/mendomedical.ca\/fr\/wp-json\/wp\/v2\/comments?post=292871"}],"wp:featuredmedia":[{"embeddable":true,"href":"https:\/\/mendomedical.ca\/fr\/wp-json\/wp\/v2\/media\/292869"}],"wp:attachment":[{"href":"https:\/\/mendomedical.ca\/fr\/wp-json\/wp\/v2\/media?parent=292871"}],"wp:term":[{"taxonomy":"product_brand","embeddable":true,"href":"https:\/\/mendomedical.ca\/fr\/wp-json\/wp\/v2\/product_brand?post=292871"},{"taxonomy":"product_cat","embeddable":true,"href":"https:\/\/mendomedical.ca\/fr\/wp-json\/wp\/v2\/product_cat?post=292871"},{"taxonomy":"product_tag","embeddable":true,"href":"https:\/\/mendomedical.ca\/fr\/wp-json\/wp\/v2\/product_tag?post=292871"},{"taxonomy":"product_format_filter","embeddable":true,"href":"https:\/\/mendomedical.ca\/fr\/wp-json\/wp\/v2\/product_format_filter?post=292871"}],"curies":[{"name":"wp","href":"https:\/\/api.w.org\/{rel}","templated":true}]}}