{"id":292649,"date":"2025-10-10T16:50:25","date_gmt":"2025-10-10T20:50:25","guid":{"rendered":"https:\/\/mendomedical.ca\/product\/drop-culture-sweet-tooth-too-much-z\/"},"modified":"2026-05-11T11:15:33","modified_gmt":"2026-05-11T15:15:33","slug":"drop-culture-sweet-tooth-too-much-z","status":"publish","type":"product","link":"https:\/\/mendomedical.ca\/fr\/produit\/drop-culture-sweet-tooth-too-much-z\/","title":{"rendered":"Drop Culture - Sweet Tooth \u00ab\u00a0Too Much Z\u00a0\u00bb"},"content":{"rendered":"","protected":false},"excerpt":{"rendered":"<div class=\"ExternalClass9865CAD448CA48C2832F778753E285AA\">\n<h3>Sweet Tooth \u00ab\u00a0Too Much Z\u00a0\u00bb par SUGR<\/h3>\n<h3>Terp\u00e8nes totaux : 10,51%.<\/h3>\n<p>Sweet Tooth \u00ab\u00a0Too Much Z\u00a0\u00bb est un concentr\u00e9 de 1g de Live Rosin de SUGR, fabriqu\u00e9 en utilisant des m\u00e9thodes d&rsquo;extraction sans solvant pour pr\u00e9server le spectre complet des cannabino\u00efdes et des terp\u00e8nes. Fabriqu\u00e9 \u00e0 partir de fleurs Too Much Z fra\u00eechement congel\u00e9es, ce concentr\u00e9 offre une puissance et une saveur exceptionnelles dans une consistance propre et dor\u00e9e. Id\u00e9al pour les amateurs de concentr\u00e9 exp\u00e9riment\u00e9s \u00e0 la recherche d&rsquo;une exp\u00e9rience exaltante, ce Live Hash Rosin met en valeur la puret\u00e9 et la qualit\u00e9 issues d&rsquo;un travail artisanal m\u00e9ticuleux et de techniques de pressage soign\u00e9es.<\/p>\n<h4>Caract\u00e9ristiques principales<\/h4>\n<ul>\n<li>Concentr\u00e9 de 1g de Live Rosin de premi\u00e8re qualit\u00e9, fabriqu\u00e9 \u00e0 partir de la souche Too Much Z fra\u00eechement congel\u00e9e.<\/li>\n<li>Processus d&rsquo;extraction sans solvant pr\u00e9servant les profils terp\u00e9niques naturels et les cannabino\u00efdes<\/li>\n<li>Haute teneur en THC avec des niveaux \u00e9lev\u00e9s de terp\u00e8nes pour une saveur et des effets am\u00e9lior\u00e9s<\/li>\n<li>Consistance propre et dor\u00e9e id\u00e9ale pour le dabbing et le vapotage.<\/li>\n<li>Effets potentiels stimulants convenant \u00e0 une utilisation diurne ou sociale<\/li>\n<\/ul>\n<h4>Saveur, ar\u00f4me et profil cannabique<\/h4>\n<p>La Sweet Tooth \u00ab\u00a0Too Much Z\u00a0\u00bb pr\u00e9sente un profil aromatique gazeux et diesel distinctif que les connaisseurs de concentr\u00e9 appr\u00e9cieront. L&rsquo;ar\u00f4me reprend les notes caract\u00e9ristiques de la vari\u00e9t\u00e9 Z, offrant une exp\u00e9rience authentique et piquante. Ce Live Rosin pr\u00e9sente des niveaux \u00e9lev\u00e9s de THC compl\u00e9t\u00e9s par une teneur \u00e9lev\u00e9e en terp\u00e8nes, garantissant une saveur cors\u00e9e \u00e0 chaque Dabs. La combinaison de cannabino\u00efdes puissants et de terp\u00e8nes riches cr\u00e9e un hit doux et savoureux qui met en valeur l&rsquo;essence naturelle du cultivar Too Much Z.<\/p>\n<h4>Pourquoi choisir les concentr\u00e9s ?<\/h4>\n<p>Les concentr\u00e9s de cannabis offrent aux utilisateurs m\u00e9dicaux une m\u00e9thode de consommation puissante et efficace avec une apparition rapide des effets. Live Rosin, en particulier, constitue une option pure et sans solvant qui pr\u00e9serve les compos\u00e9s th\u00e9rapeutiques naturels de la plante sans additifs chimiques. La teneur \u00e9lev\u00e9e en cannabino\u00efdes et en terp\u00e8nes de concentr\u00e9s tels que Sweet Tooth \u00ab\u00a0Too Much Z\u00a0\u00bb peut contribuer \u00e0 r\u00e9pondre \u00e0 divers besoins de bien-\u00eatre tout en n\u00e9cessitant des quantit\u00e9s moindres par rapport \u00e0 la fleur traditionnelle.<\/p>\n<h4>Exp\u00e9dition dans tout le Canada<\/h4>\n<p>Sweet Tooth \u00ab\u00a0Too Much Z\u00a0\u00bb est exp\u00e9di\u00e9 rapidement au Canada par Mendo Medical. Nous offrons la livraison gratuite pour toutes les commandes de plus de 150 $, ce qui vous assure de recevoir votre concentr\u00e9 de live rosin de premi\u00e8re qualit\u00e9 de fa\u00e7on pratique et abordable, peu importe o\u00f9 vous vous trouvez au pays.<\/p>\n<h4>Avantages et couverture pour les anciens combattants<\/h4>\n<p>Sweet Tooth \u00ab\u00a0Too Much Z\u00a0\u00bb est admissible \u00e0 la couverture d&rsquo;Anciens Combattants Canada (ACC) et \u00e0 la facturation directe par l&rsquo;entremise de la Croix Bleue, ce qui signifie que les anciens combattants admissibles n&rsquo;ont pas \u00e0 d\u00e9bourser d&rsquo;argent. Si vous n&rsquo;avez pas encore de carte de cannabis m\u00e9dical, vous pouvez en obtenir une rapidement et facilement gr\u00e2ce au <a href=\"https:\/\/mendomedical.ca\/fr\/carte-medicale\/\">service gratuit de carte m\u00e9dicale de Mendo Medical<\/a>, ce qui facilite l&rsquo;acc\u00e8s \u00e0 vos avantages et aux produits th\u00e9rapeutiques dont vous avez besoin.<\/p>\n<\/div>\n","protected":false},"featured_media":292645,"comment_status":"open","ping_status":"closed","template":"","meta":{"_acf_changed":false,"site-sidebar-layout":"default","site-content-layout":"","ast-site-content-layout":"default","site-content-style":"default","site-sidebar-style":"default","ast-global-header-display":"","ast-banner-title-visibility":"","ast-main-header-display":"","ast-hfb-above-header-display":"","ast-hfb-below-header-display":"","ast-hfb-mobile-header-display":"","site-post-title":"","ast-breadcrumbs-content":"","ast-featured-img":"","footer-sml-layout":"","ast-disable-related-posts":"","theme-transparent-header-meta":"default","adv-header-id-meta":"","stick-header-meta":"","header-above-stick-meta":"","header-main-stick-meta":"","header-below-stick-meta":"","astra-migrate-meta-layouts":"set","ast-page-background-enabled":"default","ast-page-background-meta":{"desktop":{"background-color":"var(--ast-global-color-4)","background-image":"","background-repeat":"repeat","background-position":"center center","background-size":"auto","background-attachment":"scroll","background-type":"","background-media":"","overlay-type":"","overlay-color":"","overlay-opacity":"","overlay-gradient":""},"tablet":{"background-color":"","background-image":"","background-repeat":"repeat","background-position":"center center","background-size":"auto","background-attachment":"scroll","background-type":"","background-media":"","overlay-type":"","overlay-color":"","overlay-opacity":"","overlay-gradient":""},"mobile":{"background-color":"","background-image":"","background-repeat":"repeat","background-position":"center center","background-size":"auto","background-attachment":"scroll","background-type":"","background-media":"","overlay-type":"","overlay-color":"","overlay-opacity":"","overlay-gradient":""}},"ast-content-background-meta":{"desktop":{"background-color":"var(--ast-global-color-5)","background-image":"","background-repeat":"repeat","background-position":"center center","background-size":"auto","background-attachment":"scroll","background-type":"","background-media":"","overlay-type":"","overlay-color":"","overlay-opacity":"","overlay-gradient":""},"tablet":{"background-color":"var(--ast-global-color-5)","background-image":"","background-repeat":"repeat","background-position":"center center","background-size":"auto","background-attachment":"scroll","background-type":"","background-media":"","overlay-type":"","overlay-color":"","overlay-opacity":"","overlay-gradient":""},"mobile":{"background-color":"var(--ast-global-color-5)","background-image":"","background-repeat":"repeat","background-position":"center center","background-size":"auto","background-attachment":"scroll","background-type":"","background-media":"","overlay-type":"","overlay-color":"","overlay-opacity":"","overlay-gradient":""}}},"product_brand":[],"product_cat":[1125,1118,1119],"product_tag":[],"product_format_filter":[6369],"class_list":{"0":"post-292649","1":"product","2":"type-product","3":"status-publish","4":"has-post-thumbnail","6":"product_cat-rosin-vivante","7":"product_cat-concentres","8":"product_cat-tout-sans-solvant","9":"pa_flavours-bonbons","10":"pa_flavours-gazole-diesel","11":"pa_intensity-thc-eleve","12":"pa_intensity-low-cbg-fr","13":"pa_marques-sugr-fr","14":"pa_origin-alberta-fr","15":"pa_profil-terpene-caryophyllene","16":"pa_profil-terpene-farnesene-fr","17":"pa_profil-terpene-humulene-fr","18":"pa_profil-terpene-limonene-fr","19":"pa_profil-terpene-linalol-fr","20":"pa_profil-terpene-myrcene","21":"pa_profil-terpene-pinene-fr","22":"pa_type-de-plante-hybride-fr","23":"product_format_filter-1g","24":"desktop-align-left","25":"tablet-align-left","26":"mobile-align-left","28":"first","29":"instock","30":"taxable","31":"shipping-taxable","32":"purchasable","33":"product-type-simple"},"group_of_quantity":0,"min_quantity":0,"max_quantity":"","exclude_order_quantity_value_rules":"no","exclude_category_quantity_rules":"no","combine_variations":"no","acf":[],"_links":{"self":[{"href":"https:\/\/mendomedical.ca\/fr\/wp-json\/wp\/v2\/product\/292649","targetHints":{"allow":["GET"]}}],"collection":[{"href":"https:\/\/mendomedical.ca\/fr\/wp-json\/wp\/v2\/product"}],"about":[{"href":"https:\/\/mendomedical.ca\/fr\/wp-json\/wp\/v2\/types\/product"}],"replies":[{"embeddable":true,"href":"https:\/\/mendomedical.ca\/fr\/wp-json\/wp\/v2\/comments?post=292649"}],"wp:featuredmedia":[{"embeddable":true,"href":"https:\/\/mendomedical.ca\/fr\/wp-json\/wp\/v2\/media\/292645"}],"wp:attachment":[{"href":"https:\/\/mendomedical.ca\/fr\/wp-json\/wp\/v2\/media?parent=292649"}],"wp:term":[{"taxonomy":"product_brand","embeddable":true,"href":"https:\/\/mendomedical.ca\/fr\/wp-json\/wp\/v2\/product_brand?post=292649"},{"taxonomy":"product_cat","embeddable":true,"href":"https:\/\/mendomedical.ca\/fr\/wp-json\/wp\/v2\/product_cat?post=292649"},{"taxonomy":"product_tag","embeddable":true,"href":"https:\/\/mendomedical.ca\/fr\/wp-json\/wp\/v2\/product_tag?post=292649"},{"taxonomy":"product_format_filter","embeddable":true,"href":"https:\/\/mendomedical.ca\/fr\/wp-json\/wp\/v2\/product_format_filter?post=292649"}],"curies":[{"name":"wp","href":"https:\/\/api.w.org\/{rel}","templated":true}]}}