{"id":291939,"date":"2025-10-10T18:30:06","date_gmt":"2025-10-10T22:30:06","guid":{"rendered":"https:\/\/mendomedical.ca\/?post_type=product&#038;p=291939"},"modified":"2026-05-13T10:59:53","modified_gmt":"2026-05-13T14:59:53","slug":"pure-live-rosin-bar-cndy-fumez-all-in-one-vape-pen","status":"publish","type":"product","link":"https:\/\/mendomedical.ca\/fr\/produit\/pure-live-rosin-bar-cndy-fumez-all-in-one-vape-pen\/","title":{"rendered":"Pure Live Rosin Bar - CNDY Fumez All-In-One Vape Pen"},"content":{"rendered":"","protected":false},"excerpt":{"rendered":"<div class=\"ExternalClass12FDC568353445728DDCB6C196E924EA\">\n<h3>Pure Live Rosin Bar - <span data-teams=\"true\">CNDY Fumez<\/span> Vape Pen by Invader<\/h3>\n<h3>Terp\u00e8nes totaux : 9,82%.<\/h3>\n<p>D\u00e9couvrez le summum de l&rsquo;extraction sans solvant avec le stylo \u00e0 vaper tout-en-un Pure Live Rosin Bar - <span data-teams=\"true\">CNDY Fumez<\/span> d&rsquo;Invader. Ce dispositif de vapotage haut de gamme d\u00e9livre un taux exceptionnel de 9,82 % de terp\u00e8nes totaux aux c\u00f4t\u00e9s d&rsquo;un profil de saveur gazeuse et diesel robuste. Candy Fumez est une vari\u00e9t\u00e9 hybride obtenue \u00e0 partir de Zkittlez \u00d7 Sherbanger, avec un ar\u00f4me audacieux et plein de saveur o\u00f9 les bonbons sucr\u00e9s rencontrent l&rsquo;essence riche et le carburant. Utilisant la technologie avanc\u00e9e CCELL Rosin Bar et une rosine vivante 100% sans solvant, ce stylo de vape tout-en-un offre aux patients de cannabis m\u00e9dical une exp\u00e9rience pure et puissante sans distillats, terp\u00e8nes ajout\u00e9s ou additifs.   <\/p>\n<h4>Caract\u00e9ristiques principales<\/h4>\n<ul>\n<li>100% de Live Rosin sans solvant, extraite par des m\u00e9thodes d&rsquo;eau glac\u00e9e et de pressage \u00e0 basse temp\u00e9rature.<\/li>\n<li>Technologie innovante CCELL Rosin Bar avec une conception \u00e0 double chambre pour une r\u00e9partition optimale du THC et des terp\u00e8nes.<\/li>\n<li>Intrants frais congel\u00e9s de premi\u00e8re qualit\u00e9, s\u00e9lectionn\u00e9s sp\u00e9cifiquement pour ce produit et trait\u00e9s par Crop Circle Cannabis.<\/li>\n<li>L&rsquo;ing\u00e9nierie anti-obstruction et anti-fuite garantit des tirages r\u00e9guliers et fluides.<\/li>\n<li>Une teneur totale en terp\u00e8nes impressionnante de 9,82 % pour un potentiel th\u00e9rapeutique accru.<\/li>\n<\/ul>\n<h4>Profil aromatique et gustatif<\/h4>\n<p>La variante Trangerine Punch offre une exp\u00e9rience sensorielle distinctive avec son ar\u00f4me piquant et gazeux, compl\u00e9t\u00e9 par des notes diesel audacieuses. Ce profil terp\u00e9nique robuste \u00e0 une concentration de 9,82 % fournit les caract\u00e9ristiques de saveur authentiques d&rsquo;un Live Rosin de premi\u00e8re qualit\u00e9 tout en contribuant potentiellement \u00e0 l&rsquo;effet d&rsquo;entourage. <\/p>\n<h4>Pourquoi choisir All-In-One Vapes<\/h4>\n<p>Les stylos \u00e0 vaper tout-en-un offrent aux patients qui consomment du cannabis m\u00e9dical une commodit\u00e9 et une discr\u00e9tion in\u00e9gal\u00e9es. Ces appareils \u00e9liminent le besoin de piles ou de cartouches s\u00e9par\u00e9es tout en offrant un dosage pr\u00e9cis et constant qui peut aider les patients \u00e0 g\u00e9rer efficacement leurs besoins th\u00e9rapeutiques. <\/p>\n<h4>Exp\u00e9dition dans tout le Canada<\/h4>\n<p>Le stylo \u00e0 vaper tout-en-un de Pure Live Rosin Bar - Trangerine Punch est exp\u00e9di\u00e9 rapidement \u00e0 travers le Canada. Nous offrons une livraison gratuite pour toutes les commandes de plus de 150 $, ce qui vous assure de recevoir vos produits de cannabis m\u00e9dical rapidement et \u00e0 un prix abordable. <\/p>\n<h4>Avantages et couverture pour les anciens combattants<\/h4>\n<p>Ce produit est admissible \u00e0 la couverture d&rsquo;ACC (Anciens Combattants Canada) avec facturation directe par l&rsquo;entremise de la Croix Bleue, ce qui signifie que les anciens combattants admissibles n&rsquo;ont pas \u00e0 d\u00e9bourser d&rsquo;argent. Si vous n&rsquo;avez pas encore votre carte de cannabis m\u00e9dical, vous pouvez l&rsquo;obtenir rapidement et facilement gr\u00e2ce \u00e0 <a href=\"https:\/\/mendomedical.ca\/fr\/carte-medicale\/\">notre processus de demande simplifi\u00e9<\/a>. <\/p>\n<\/div>\n","protected":false},"featured_media":241889,"comment_status":"closed","ping_status":"closed","template":"","meta":{"_acf_changed":false,"site-sidebar-layout":"default","site-content-layout":"","ast-site-content-layout":"default","site-content-style":"default","site-sidebar-style":"default","ast-global-header-display":"","ast-banner-title-visibility":"","ast-main-header-display":"","ast-hfb-above-header-display":"","ast-hfb-below-header-display":"","ast-hfb-mobile-header-display":"","site-post-title":"","ast-breadcrumbs-content":"","ast-featured-img":"","footer-sml-layout":"","ast-disable-related-posts":"","theme-transparent-header-meta":"default","adv-header-id-meta":"","stick-header-meta":"","header-above-stick-meta":"","header-main-stick-meta":"","header-below-stick-meta":"","astra-migrate-meta-layouts":"set","ast-page-background-enabled":"default","ast-page-background-meta":{"desktop":{"background-color":"var(--ast-global-color-4)","background-image":"","background-repeat":"repeat","background-position":"center center","background-size":"auto","background-attachment":"scroll","background-type":"","background-media":"","overlay-type":"","overlay-color":"","overlay-opacity":"","overlay-gradient":""},"tablet":{"background-color":"","background-image":"","background-repeat":"repeat","background-position":"center center","background-size":"auto","background-attachment":"scroll","background-type":"","background-media":"","overlay-type":"","overlay-color":"","overlay-opacity":"","overlay-gradient":""},"mobile":{"background-color":"","background-image":"","background-repeat":"repeat","background-position":"center center","background-size":"auto","background-attachment":"scroll","background-type":"","background-media":"","overlay-type":"","overlay-color":"","overlay-opacity":"","overlay-gradient":""}},"ast-content-background-meta":{"desktop":{"background-color":"var(--ast-global-color-5)","background-image":"","background-repeat":"repeat","background-position":"center center","background-size":"auto","background-attachment":"scroll","background-type":"","background-media":"","overlay-type":"","overlay-color":"","overlay-opacity":"","overlay-gradient":""},"tablet":{"background-color":"var(--ast-global-color-5)","background-image":"","background-repeat":"repeat","background-position":"center center","background-size":"auto","background-attachment":"scroll","background-type":"","background-media":"","overlay-type":"","overlay-color":"","overlay-opacity":"","overlay-gradient":""},"mobile":{"background-color":"var(--ast-global-color-5)","background-image":"","background-repeat":"repeat","background-position":"center center","background-size":"auto","background-attachment":"scroll","background-type":"","background-media":"","overlay-type":"","overlay-color":"","overlay-opacity":"","overlay-gradient":""}}},"product_brand":[],"product_cat":[1164,1530,1159,1161],"product_tag":[],"product_format_filter":[6374],"class_list":{"0":"post-291939","1":"product","2":"type-product","3":"status-publish","4":"has-post-thumbnail","6":"product_cat-cured-et-rosin-vivante-fr","7":"product_cat-spectre-complet1","8":"product_cat-vapoteuses","9":"product_cat-tout-en-un","10":"pa_flavours-bonbons","11":"pa_flavours-gazeux-diesel","12":"pa_intensity-low-thcv-fr","13":"pa_intensity-thc-eleve","14":"pa_intensity-low-cbc-fr","15":"pa_intensity-low-cbg-fr","16":"pa_marques-invader-fr","17":"pa_origin-alberta-fr","18":"pa_profil-terpene-caryophyllene","19":"pa_profil-terpene-humulene-fr","20":"pa_profil-terpene-limonene-fr","21":"pa_profil-terpene-linalol-fr","22":"pa_profil-terpene-myrcene","23":"pa_profil-terpene-pinene-fr","24":"pa_type-de-plante-hybride-fr","25":"product_format_filter-0-5g","26":"desktop-align-left","27":"tablet-align-left","28":"mobile-align-left","30":"first","31":"instock","32":"taxable","33":"shipping-taxable","34":"purchasable","35":"product-type-simple"},"group_of_quantity":0,"min_quantity":0,"max_quantity":"","exclude_order_quantity_value_rules":"no","exclude_category_quantity_rules":"no","combine_variations":"no","acf":[],"_links":{"self":[{"href":"https:\/\/mendomedical.ca\/fr\/wp-json\/wp\/v2\/product\/291939","targetHints":{"allow":["GET"]}}],"collection":[{"href":"https:\/\/mendomedical.ca\/fr\/wp-json\/wp\/v2\/product"}],"about":[{"href":"https:\/\/mendomedical.ca\/fr\/wp-json\/wp\/v2\/types\/product"}],"replies":[{"embeddable":true,"href":"https:\/\/mendomedical.ca\/fr\/wp-json\/wp\/v2\/comments?post=291939"}],"wp:featuredmedia":[{"embeddable":true,"href":"https:\/\/mendomedical.ca\/fr\/wp-json\/wp\/v2\/media\/241889"}],"wp:attachment":[{"href":"https:\/\/mendomedical.ca\/fr\/wp-json\/wp\/v2\/media?parent=291939"}],"wp:term":[{"taxonomy":"product_brand","embeddable":true,"href":"https:\/\/mendomedical.ca\/fr\/wp-json\/wp\/v2\/product_brand?post=291939"},{"taxonomy":"product_cat","embeddable":true,"href":"https:\/\/mendomedical.ca\/fr\/wp-json\/wp\/v2\/product_cat?post=291939"},{"taxonomy":"product_tag","embeddable":true,"href":"https:\/\/mendomedical.ca\/fr\/wp-json\/wp\/v2\/product_tag?post=291939"},{"taxonomy":"product_format_filter","embeddable":true,"href":"https:\/\/mendomedical.ca\/fr\/wp-json\/wp\/v2\/product_format_filter?post=291939"}],"curies":[{"name":"wp","href":"https:\/\/api.w.org\/{rel}","templated":true}]}}