{"id":291888,"date":"2025-10-10T18:05:48","date_gmt":"2025-10-10T22:05:48","guid":{"rendered":"https:\/\/mendomedical.ca\/product\/sparx-pre-rolls-infuses-de-bubble-en-direct\/"},"modified":"2026-05-11T10:35:08","modified_gmt":"2026-05-11T14:35:08","slug":"sparx-pre-rolls-infuses-de-live-bubble-hash","status":"publish","type":"product","link":"https:\/\/mendomedical.ca\/fr\/produit\/sparx-pre-rolls-infuses-de-live-bubble-hash\/","title":{"rendered":"SPARX - Pr\u00e9-rolls infus\u00e9s de Live Bubble Hash"},"content":{"rendered":"","protected":false},"excerpt":{"rendered":"<div class=\"ExternalClass9E35AF0494B841FDA13EFA4892C15FEB\">\n<h3>SPARX - Pr\u00e9-rolls infus\u00e9s de Live Bubble Hash par INVADER<\/h3>\n<h3>Terp\u00e8nes totaux : 5,32%.<\/h3>\n<p>INVADER SPARX offre une exp\u00e9rience de cannabis de premi\u00e8re qualit\u00e9 gr\u00e2ce \u00e0 ses Pr\u00e9-rolls innovants infus\u00e9s de bubble hash vivant. Chaque Pr\u00e9-roll de 1g combine du live bubble hash s\u00e9ch\u00e9 \u00e0 froid avec de la fleur d&rsquo;int\u00e9rieur de premi\u00e8re qualit\u00e9 dans un ratio 1:1 parfaitement \u00e9quilibr\u00e9, fabriqu\u00e9 \u00e0 la main en Alberta par Crop Circle Cannabis. Cette version pr\u00e9sente une combinaison dynamique des vari\u00e9t\u00e9s Tangerine Punch et Ego Checker, con\u00e7ue pour une session de haschisch \u00e0 combustion lente, avec une r\u00e9tention de saveur et une puissance exceptionnelles.<\/p>\n<h4>Caract\u00e9ristiques principales et points forts du produit<\/h4>\n<ul>\n<li>Rapport 1:1 de Live Bubble hash trait\u00e9 \u00e0 froid et de fleurs d&rsquo;int\u00e9rieur de premi\u00e8re qualit\u00e9 pour une puissance et une saveur accrues.<\/li>\n<li>Fabriqu\u00e9 \u00e0 la main en Alberta avec des vari\u00e9t\u00e9s s\u00e9lectionn\u00e9es en rotation, avec tous les d\u00e9tails accessibles par code QR.<\/li>\n<li>Profil terp\u00e9nique \u00e9lev\u00e9 \u00e0 5,32 % de terp\u00e8nes totaux pour une saveur et un ar\u00f4me robustes.<\/li>\n<li>Contient une quantit\u00e9 importante de CBGA et de THCVA, ainsi qu&rsquo;une quantit\u00e9 \u00e9lev\u00e9e de limon\u00e8ne et de caryophyll\u00e8ne.<\/li>\n<li>Conception \u00e0 combustion lente optimis\u00e9e pour des s\u00e9ances prolong\u00e9es et savoureuses<\/li>\n<\/ul>\n<h4>Saveur, ar\u00f4me et profil des terp\u00e8nes<\/h4>\n<p>Les Pr\u00e9-rolls SPARX pr\u00e9sentent un profil de saveur complexe m\u00ealant la douceur des baies \u00e0 des notes d&rsquo;agrumes vives et \u00e0 des nuances gazeuses et diesel distinctives. L&rsquo;ar\u00f4me met en avant les caract\u00e9ristiques du hash, compl\u00e9t\u00e9es par des \u00e9l\u00e9ments fruit\u00e9s et d&rsquo;agrumes avec des accents de carburant. Avec une impressionnante teneur en terp\u00e8nes totaux de 5,32 %, ce Pr\u00e9-rolls pr\u00e9sente des niveaux \u00e9lev\u00e9s de limon\u00e8ne et de caryophyll\u00e8ne, contribuant \u00e0 ses notes prononc\u00e9es d&rsquo;agrumes et d&rsquo;\u00e9pices. Le profil cannabino\u00efde comprend des quantit\u00e9s significatives de CBGA et de THCVA, offrant une composition chimique unique au-del\u00e0 de la teneur standard en THC.<\/p>\n<p>Les utilisateurs peuvent ressentir des effets euphoriques et relaxants qui se transforment en sensations lourdes avec des qualit\u00e9s s\u00e9datives potentielles, ce qui rend ce produit adapt\u00e9 \u00e0 une utilisation en soir\u00e9e ou \u00e0 des p\u00e9riodes n\u00e9cessitant une relaxation profonde.<\/p>\n<h4>Pourquoi choisir les pr\u00e9-roul\u00e9s infus\u00e9s ?<\/h4>\n<p>Les Pr\u00e9-rolls infus\u00e9s offrent aux patients de cannabis m\u00e9dical une option pratique et pr\u00e9cis\u00e9ment dos\u00e9e qui combine la fleur et le concentr\u00e9 pour un potentiel th\u00e9rapeutique accru. L&rsquo;ajout de Live Bubble hash augmente les concentrations de cannabino\u00efdes et de terp\u00e8nes, offrant potentiellement des effets plus prononc\u00e9s pour la gestion des sympt\u00f4mes. Les Pr\u00e9-rolls \u00e9liminent le besoin de pr\u00e9paration ou d&rsquo;\u00e9quipement, offrant un acc\u00e8s imm\u00e9diat au soulagement tout en maintenant un dosage coh\u00e9rent entre les sessions.<\/p>\n<h4>Exp\u00e9dition dans tout le Canada<\/h4>\n<p>SPARX - Live Bubble Infused Pr\u00e9-rolls est exp\u00e9di\u00e9 rapidement \u00e0 des adresses \u00e0 travers le Canada par Mendo Medical. Nous offrons l&rsquo;exp\u00e9dition gratuite pour toutes les commandes de plus de 150 $, assurant que vos produits de cannabis m\u00e9dical arrivent rapidement et discr\u00e8tement \u00e0 votre porte, peu importe o\u00f9 vous vous trouvez.<\/p>\n<h4>Avantages et couverture pour les anciens combattants<\/h4>\n<p>SPARX - Live Bubble Infused Pr\u00e9-rolls est admissible \u00e0 la couverture d&rsquo;Anciens Combattants Canada (ACC) et se qualifie pour la facturation directe par la Croix Bleue, ce qui signifie que les anciens combattants admissibles peuvent acc\u00e9der \u00e0 ce produit sans avoir \u00e0 d\u00e9bourser quoi que ce soit. Si vous n&rsquo;avez pas encore de carte de cannabis m\u00e9dical, vous pouvez l&rsquo;obtenir rapidement et facilement gr\u00e2ce au <a href=\"https:\/\/mendomedical.ca\/fr\/carte-medicale\/\">processus de demande simplifi\u00e9 de Mendo Medical.<\/a><\/p>\n<h4>Ingr\u00e9dients<\/h4>\n<p>Live Bubble hash, fleurs s\u00e9ch\u00e9es<\/p>\n<\/div>\n","protected":false},"featured_media":291884,"comment_status":"open","ping_status":"closed","template":"","meta":{"_acf_changed":false,"site-sidebar-layout":"default","site-content-layout":"","ast-site-content-layout":"default","site-content-style":"default","site-sidebar-style":"default","ast-global-header-display":"","ast-banner-title-visibility":"","ast-main-header-display":"","ast-hfb-above-header-display":"","ast-hfb-below-header-display":"","ast-hfb-mobile-header-display":"","site-post-title":"","ast-breadcrumbs-content":"","ast-featured-img":"","footer-sml-layout":"","ast-disable-related-posts":"","theme-transparent-header-meta":"default","adv-header-id-meta":"","stick-header-meta":"","header-above-stick-meta":"","header-main-stick-meta":"","header-below-stick-meta":"","astra-migrate-meta-layouts":"set","ast-page-background-enabled":"default","ast-page-background-meta":{"desktop":{"background-color":"var(--ast-global-color-4)","background-image":"","background-repeat":"repeat","background-position":"center center","background-size":"auto","background-attachment":"scroll","background-type":"","background-media":"","overlay-type":"","overlay-color":"","overlay-opacity":"","overlay-gradient":""},"tablet":{"background-color":"","background-image":"","background-repeat":"repeat","background-position":"center center","background-size":"auto","background-attachment":"scroll","background-type":"","background-media":"","overlay-type":"","overlay-color":"","overlay-opacity":"","overlay-gradient":""},"mobile":{"background-color":"","background-image":"","background-repeat":"repeat","background-position":"center center","background-size":"auto","background-attachment":"scroll","background-type":"","background-media":"","overlay-type":"","overlay-color":"","overlay-opacity":"","overlay-gradient":""}},"ast-content-background-meta":{"desktop":{"background-color":"var(--ast-global-color-5)","background-image":"","background-repeat":"repeat","background-position":"center center","background-size":"auto","background-attachment":"scroll","background-type":"","background-media":"","overlay-type":"","overlay-color":"","overlay-opacity":"","overlay-gradient":""},"tablet":{"background-color":"var(--ast-global-color-5)","background-image":"","background-repeat":"repeat","background-position":"center center","background-size":"auto","background-attachment":"scroll","background-type":"","background-media":"","overlay-type":"","overlay-color":"","overlay-opacity":"","overlay-gradient":""},"mobile":{"background-color":"var(--ast-global-color-5)","background-image":"","background-repeat":"repeat","background-position":"center center","background-size":"auto","background-attachment":"scroll","background-type":"","background-media":"","overlay-type":"","overlay-color":"","overlay-opacity":"","overlay-gradient":""}}},"product_brand":[],"product_cat":[1147,1144],"product_tag":[],"product_format_filter":[6369],"class_list":{"0":"post-291888","1":"product","2":"type-product","3":"status-publish","4":"has-post-thumbnail","6":"product_cat-pre-roules-infuses","7":"product_cat-pre-roules","8":"pa_flavours-agrume","9":"pa_flavours-baies","10":"pa_flavours-gazole-diesel","11":"pa_intensity-low-thcv-fr","12":"pa_intensity-thc-eleve","13":"pa_intensity-low-cbg-fr","14":"pa_marques-invader-fr","15":"pa_origin-alberta-fr","16":"pa_profil-terpene-caryophyllene","17":"pa_profil-terpene-humulene-fr","18":"pa_profil-terpene-limonene-fr","19":"pa_profil-terpene-linalol-fr","20":"pa_profil-terpene-myrcene","21":"pa_profil-terpene-pinene-fr","22":"pa_type-de-plante-hybride-fr","23":"product_format_filter-1g","24":"desktop-align-left","25":"tablet-align-left","26":"mobile-align-left","28":"first","29":"instock","30":"taxable","31":"shipping-taxable","32":"purchasable","33":"product-type-simple"},"group_of_quantity":0,"min_quantity":0,"max_quantity":"","exclude_order_quantity_value_rules":"no","exclude_category_quantity_rules":"no","combine_variations":"no","acf":[],"_links":{"self":[{"href":"https:\/\/mendomedical.ca\/fr\/wp-json\/wp\/v2\/product\/291888","targetHints":{"allow":["GET"]}}],"collection":[{"href":"https:\/\/mendomedical.ca\/fr\/wp-json\/wp\/v2\/product"}],"about":[{"href":"https:\/\/mendomedical.ca\/fr\/wp-json\/wp\/v2\/types\/product"}],"replies":[{"embeddable":true,"href":"https:\/\/mendomedical.ca\/fr\/wp-json\/wp\/v2\/comments?post=291888"}],"wp:featuredmedia":[{"embeddable":true,"href":"https:\/\/mendomedical.ca\/fr\/wp-json\/wp\/v2\/media\/291884"}],"wp:attachment":[{"href":"https:\/\/mendomedical.ca\/fr\/wp-json\/wp\/v2\/media?parent=291888"}],"wp:term":[{"taxonomy":"product_brand","embeddable":true,"href":"https:\/\/mendomedical.ca\/fr\/wp-json\/wp\/v2\/product_brand?post=291888"},{"taxonomy":"product_cat","embeddable":true,"href":"https:\/\/mendomedical.ca\/fr\/wp-json\/wp\/v2\/product_cat?post=291888"},{"taxonomy":"product_tag","embeddable":true,"href":"https:\/\/mendomedical.ca\/fr\/wp-json\/wp\/v2\/product_tag?post=291888"},{"taxonomy":"product_format_filter","embeddable":true,"href":"https:\/\/mendomedical.ca\/fr\/wp-json\/wp\/v2\/product_format_filter?post=291888"}],"curies":[{"name":"wp","href":"https:\/\/api.w.org\/{rel}","templated":true}]}}