{"id":291514,"date":"2025-10-10T17:10:36","date_gmt":"2025-10-10T21:10:36","guid":{"rendered":"https:\/\/mendomedical.ca\/product\/peach-z-live-rosin\/"},"modified":"2026-05-11T10:16:52","modified_gmt":"2026-05-11T14:16:52","slug":"peach-z-live-rosin","status":"publish","type":"product","link":"https:\/\/mendomedical.ca\/fr\/produit\/peach-z-live-rosin\/","title":{"rendered":"Peach Z Live Rosin"},"content":{"rendered":"","protected":false},"excerpt":{"rendered":"<div class=\"ExternalClassC59699620CCF4A0D824B5727A19D711E\">\n<h3>Peach Z Live Rosin par Charlie&rsquo;s Pineapple Reserve<\/h3>\n<h3>Terp\u00e8nes totaux : 9,09%.<\/h3>\n<p>Peach Z Live Rosin de Charlie&rsquo;s Pineapple Reserve offre une exp\u00e9rience de concentr\u00e9 de premi\u00e8re qualit\u00e9 \u00e9labor\u00e9e gr\u00e2ce \u00e0 des m\u00e9thodes d&rsquo;extraction sans solvant. Ce pot de 1g de Live Rosin pr\u00e9sente le spectre complet de cannabino\u00efdes et de terp\u00e8nes pr\u00e9serv\u00e9s \u00e0 partir de cannabis soigneusement s\u00e9lectionn\u00e9 et cultiv\u00e9 dans la vall\u00e9e de Cowichan selon les pratiques de l&rsquo;agriculture naturelle cor\u00e9enne (KNF) dans un sol vivant biologique. Avec une impressionnante teneur en terp\u00e8nes totaux de 9,09 % et 73,6 % de THC, cet extrait hybride offre aux patients de cannabis m\u00e9dical une option puissante et savoureuse pour la consommation de concentr\u00e9.<\/p>\n<h4>Caract\u00e9ristiques principales<\/h4>\n<ul>\n<li>Live Rosin de premi\u00e8re qualit\u00e9 extraite \u00e0 l&rsquo;aide de techniques de hash rosin sans solvant pour une puret\u00e9 et une pr\u00e9servation des terp\u00e8nes maximales.<\/li>\n<li>Concentr\u00e9 \u00e0 haute puissance avec 73,6 % de THC et 9,09 % de terp\u00e8nes totaux pour des effets d&rsquo;entourage renforc\u00e9s.<\/li>\n<li>Cultiv\u00e9 selon les pratiques agricoles de KNF dans un sol organique vivant dans la vall\u00e9e de Cowichan en Colombie Britannique<\/li>\n<li>Profil terp\u00e9nique domin\u00e9 par le limon\u00e8ne (2,5 %), le b\u00eata-myrc\u00e8ne (1,83 %) et le b\u00eata-caryophyll\u00e8ne (1,14 %).<\/li>\n<li>La production en petites s\u00e9ries garantit une qualit\u00e9 constante et une fra\u00eecheur optimale dans chaque pot de 1 g.<\/li>\n<\/ul>\n<h4>Saveur, ar\u00f4me et profil des terp\u00e8nes<\/h4>\n<p>Peach Z Live Rosin offre une exp\u00e9rience sensorielle complexe caract\u00e9ris\u00e9e par des ar\u00f4mes d&rsquo;agrumes sucr\u00e9s et de fruits tropicaux, avec des notes pro\u00e9minentes de p\u00eache m\u00fbre. Le profil d&rsquo;ar\u00f4me est fruit\u00e9 et sucr\u00e9, tandis qu&rsquo;une terre subtile et un l\u00e9ger piquant ajoutent de la profondeur \u00e0 chaque inhalation.<\/p>\n<p>Le profil terp\u00e9nique robuste du concentr\u00e9 totalise 9,09 %, men\u00e9 par trois terp\u00e8nes dominants qui fa\u00e7onnent \u00e0 la fois la saveur et les effets potentiels. Le limon\u00e8ne (2,5 %) apporte des notes d&rsquo;agrumes vives et peut favoriser une exp\u00e9rience stimulante, tandis que le b\u00eata myrc\u00e8ne (1,83 %) ajoute un caract\u00e8re de fruit tropical ainsi que des propri\u00e9t\u00e9s potentiellement relaxantes. Le b\u00eata-caryophyll\u00e8ne (1,14 %) compl\u00e8te le profil avec des \u00e9pices subtiles et des notes terreuses.<\/p>\n<p>Avec 73,64 % de THC et 0,32 % de CBD, Peach Z Live Rosin offre un soulagement de haute puissance pour les patients de cannabis m\u00e9dical qui recherchent une teneur significative en cannabino\u00efdes. Les utilisateurs rapportent des effets potentiels tels que des sensations d&rsquo;\u00e9l\u00e9vation, de relaxation, de calme, de cr\u00e9ativit\u00e9 accrue, de clart\u00e9 d&rsquo;esprit et d&rsquo;\u00e9quilibre g\u00e9n\u00e9ral, ce qui rend ce concentr\u00e9 adapt\u00e9 \u00e0 diverses applications th\u00e9rapeutiques tout au long de la journ\u00e9e.<\/p>\n<h4>Pourquoi choisir les concentr\u00e9s ?<\/h4>\n<p>Les concentr\u00e9s de cannabis comme le Live Rosin offrent aux utilisateurs m\u00e9dicaux un contr\u00f4le pr\u00e9cis du dosage et une apparition rapide des effets, ce qui les rend id\u00e9aux pour les patients qui ont besoin d&rsquo;un soulagement imm\u00e9diat des sympt\u00f4mes. Le processus d&rsquo;extraction sans solvant pr\u00e9serve le profil complet des terp\u00e8nes et des cannabino\u00efdes de la plante, ce qui peut am\u00e9liorer les b\u00e9n\u00e9fices th\u00e9rapeutiques gr\u00e2ce \u00e0 l&rsquo;effet d&rsquo;entourage. Les concentr\u00e9s procurent un soulagement puissant en petites quantit\u00e9s, offrant un excellent rapport qualit\u00e9-prix aux patients ayant une tol\u00e9rance plus \u00e9lev\u00e9e ou \u00e0 ceux qui g\u00e8rent des maladies chroniques.<\/p>\n<h4>Exp\u00e9dition dans tout le Canada<\/h4>\n<p>Peach Z Live Rosin est exp\u00e9di\u00e9 rapidement \u00e0 travers le Canada par Mendo Medical. Nous offrons la livraison gratuite pour toutes les commandes de plus de 150 $, ce qui permet aux patients de cannabis m\u00e9dical de recevoir leurs concentr\u00e9s rapidement et \u00e0 un prix abordable. Les commandes sont emball\u00e9es discr\u00e8tement pour prot\u00e9ger votre vie priv\u00e9e pendant le transport.<\/p>\n<h4>Avantages et couverture pour les anciens combattants<\/h4>\n<p>Peach Z Live Rosin est admissible \u00e0 la couverture d&rsquo;Anciens Combattants Canada (ACC) et se qualifie pour la facturation directe par la Croix Bleue, ce qui signifie que les anciens combattants admissibles peuvent avoir acc\u00e8s \u00e0 ce concentr\u00e9 de qualit\u00e9 sup\u00e9rieure sans avoir \u00e0 d\u00e9bourser quoi que ce soit. Si vous n&rsquo;avez pas encore de carte de cannabis m\u00e9dical, vous pouvez <a href=\"https:\/\/mendomedical.ca\/fr\/carte-medicale\/\">obtenir votre carte m\u00e9dicale gratuite rapidement et facilement<\/a> pour commencer \u00e0 acc\u00e9der \u00e0 ces pr\u00e9cieux avantages et options de couverture.<\/p>\n<\/div>\n","protected":false},"featured_media":291501,"comment_status":"open","ping_status":"closed","template":"","meta":{"_acf_changed":false,"site-sidebar-layout":"default","site-content-layout":"","ast-site-content-layout":"default","site-content-style":"default","site-sidebar-style":"default","ast-global-header-display":"","ast-banner-title-visibility":"","ast-main-header-display":"","ast-hfb-above-header-display":"","ast-hfb-below-header-display":"","ast-hfb-mobile-header-display":"","site-post-title":"","ast-breadcrumbs-content":"","ast-featured-img":"","footer-sml-layout":"","ast-disable-related-posts":"","theme-transparent-header-meta":"default","adv-header-id-meta":"","stick-header-meta":"","header-above-stick-meta":"","header-main-stick-meta":"","header-below-stick-meta":"","astra-migrate-meta-layouts":"set","ast-page-background-enabled":"default","ast-page-background-meta":{"desktop":{"background-color":"var(--ast-global-color-4)","background-image":"","background-repeat":"repeat","background-position":"center center","background-size":"auto","background-attachment":"scroll","background-type":"","background-media":"","overlay-type":"","overlay-color":"","overlay-opacity":"","overlay-gradient":""},"tablet":{"background-color":"","background-image":"","background-repeat":"repeat","background-position":"center center","background-size":"auto","background-attachment":"scroll","background-type":"","background-media":"","overlay-type":"","overlay-color":"","overlay-opacity":"","overlay-gradient":""},"mobile":{"background-color":"","background-image":"","background-repeat":"repeat","background-position":"center center","background-size":"auto","background-attachment":"scroll","background-type":"","background-media":"","overlay-type":"","overlay-color":"","overlay-opacity":"","overlay-gradient":""}},"ast-content-background-meta":{"desktop":{"background-color":"var(--ast-global-color-5)","background-image":"","background-repeat":"repeat","background-position":"center center","background-size":"auto","background-attachment":"scroll","background-type":"","background-media":"","overlay-type":"","overlay-color":"","overlay-opacity":"","overlay-gradient":""},"tablet":{"background-color":"var(--ast-global-color-5)","background-image":"","background-repeat":"repeat","background-position":"center center","background-size":"auto","background-attachment":"scroll","background-type":"","background-media":"","overlay-type":"","overlay-color":"","overlay-opacity":"","overlay-gradient":""},"mobile":{"background-color":"var(--ast-global-color-5)","background-image":"","background-repeat":"repeat","background-position":"center center","background-size":"auto","background-attachment":"scroll","background-type":"","background-media":"","overlay-type":"","overlay-color":"","overlay-opacity":"","overlay-gradient":""}}},"product_brand":[],"product_cat":[1125,1118,1119],"product_tag":[],"product_format_filter":[6369],"class_list":{"0":"post-291514","1":"product","2":"type-product","3":"status-publish","4":"has-post-thumbnail","6":"product_cat-rosin-vivante","7":"product_cat-concentres","8":"product_cat-tout-sans-solvant","9":"pa_flavours-fruite","10":"pa_flavours-doux","11":"pa_intensity-low-thcv-fr","12":"pa_intensity-thc-eleve","13":"pa_intensity-low-cbc-fr","14":"pa_intensity-low-cbg-fr","15":"pa_marques-charlies-pineapple-reserve-fr","16":"pa_origin-colombie-britannique-fr","17":"pa_profil-terpene-caryophyllene","18":"pa_profil-terpene-farnesene-fr","19":"pa_profil-terpene-guaiol-fr","20":"pa_profil-terpene-humulene-fr","21":"pa_profil-terpene-limonene-fr","22":"pa_profil-terpene-linalol-fr","23":"pa_profil-terpene-myrcene","24":"pa_profil-terpene-pinene-fr","25":"pa_type-de-plante-hybride-fr","26":"product_format_filter-1g","27":"desktop-align-left","28":"tablet-align-left","29":"mobile-align-left","31":"first","32":"instock","33":"taxable","34":"shipping-taxable","35":"purchasable","36":"product-type-simple"},"group_of_quantity":0,"min_quantity":0,"max_quantity":"","exclude_order_quantity_value_rules":"no","exclude_category_quantity_rules":"no","combine_variations":"no","acf":[],"_links":{"self":[{"href":"https:\/\/mendomedical.ca\/fr\/wp-json\/wp\/v2\/product\/291514","targetHints":{"allow":["GET"]}}],"collection":[{"href":"https:\/\/mendomedical.ca\/fr\/wp-json\/wp\/v2\/product"}],"about":[{"href":"https:\/\/mendomedical.ca\/fr\/wp-json\/wp\/v2\/types\/product"}],"replies":[{"embeddable":true,"href":"https:\/\/mendomedical.ca\/fr\/wp-json\/wp\/v2\/comments?post=291514"}],"wp:featuredmedia":[{"embeddable":true,"href":"https:\/\/mendomedical.ca\/fr\/wp-json\/wp\/v2\/media\/291501"}],"wp:attachment":[{"href":"https:\/\/mendomedical.ca\/fr\/wp-json\/wp\/v2\/media?parent=291514"}],"wp:term":[{"taxonomy":"product_brand","embeddable":true,"href":"https:\/\/mendomedical.ca\/fr\/wp-json\/wp\/v2\/product_brand?post=291514"},{"taxonomy":"product_cat","embeddable":true,"href":"https:\/\/mendomedical.ca\/fr\/wp-json\/wp\/v2\/product_cat?post=291514"},{"taxonomy":"product_tag","embeddable":true,"href":"https:\/\/mendomedical.ca\/fr\/wp-json\/wp\/v2\/product_tag?post=291514"},{"taxonomy":"product_format_filter","embeddable":true,"href":"https:\/\/mendomedical.ca\/fr\/wp-json\/wp\/v2\/product_format_filter?post=291514"}],"curies":[{"name":"wp","href":"https:\/\/api.w.org\/{rel}","templated":true}]}}