{"id":291510,"date":"2025-10-10T17:05:55","date_gmt":"2025-10-10T21:05:55","guid":{"rendered":"https:\/\/mendomedical.ca\/product\/pate-a-tarte-live-rosin\/"},"modified":"2026-05-14T11:57:40","modified_gmt":"2026-05-14T15:57:40","slug":"pie-dough-live-rosin","status":"publish","type":"product","link":"https:\/\/mendomedical.ca\/fr\/produit\/pie-dough-live-rosin\/","title":{"rendered":"Pie Dough Live Rosin"},"content":{"rendered":"","protected":false},"excerpt":{"rendered":"<div class=\"ExternalClass55D074A54DC74EABA37CE53CEA8759BC\">\n<h3>Pie Dough Live Rosin par Charlie&rsquo;s Pineapple Reserve<\/h3>\n<h3>Terp\u00e8nes totaux : 7,96%.<\/h3>\n<p>Pie Dough Live Rosin de Charlie&rsquo;s Pineapple Reserve offre une exp\u00e9rience de concentr\u00e9 de cannabis de premi\u00e8re qualit\u00e9 fabriqu\u00e9 avec soin dans la vall\u00e9e de Cowichan. Ce Live Hash Rosin \u00e0 teneur \u00e9lev\u00e9e en THC est produit selon les pratiques agricoles Korean Natural Farming (KNF) dans un sol vivant biologique, ce qui permet d&rsquo;obtenir un extrait riche en terp\u00e8nes avec 7,96 % de terp\u00e8nes totaux. Avec des notes de p\u00e2tisseries sucr\u00e9es et d&rsquo;agrumes avec de subtiles nuances florales, ce concentr\u00e9 hybride offre une exp\u00e9rience douce et savoureuse qui convient aux consommateurs de cannabis m\u00e9dical \u00e0 la recherche de relaxation et de clart\u00e9.  <\/p>\n<h4>Caract\u00e9ristiques principales<\/h4>\n<ul>\n<li>Live Hash Rosin de premi\u00e8re qualit\u00e9 contenant 70,20 % de THC et 7,96 % de Terp\u00e8nes totaux.<\/li>\n<li>Production en petites quantit\u00e9s selon les pratiques agricoles de KNF dans un sol organique vivant<\/li>\n<li>Profil terp\u00e9nique domin\u00e9 par le limon\u00e8ne (1,98 %), le b\u00eata-caryophyll\u00e8ne (1,46 %) et le linalol (0,96 %).<\/li>\n<li>Saveur de p\u00e2tisserie sucr\u00e9e avec de l\u00e9g\u00e8res notes d&rsquo;agrumes et de fleurs pour une exp\u00e9rience \u00e9quilibr\u00e9e.<\/li>\n<li>Format pratique du pot de 1g, id\u00e9al pour un dosage contr\u00f4l\u00e9<\/li>\n<\/ul>\n<h4>Saveur, ar\u00f4me et profil des terp\u00e8nes<\/h4>\n<p>La Live Rosin Pie Dough pr\u00e9sente un profil aromatique distinctif domin\u00e9 par des notes de p\u00e2tisserie sucr\u00e9e avec de l\u00e9gers accents d&rsquo;agrumes. L&rsquo;ar\u00f4me se caract\u00e9rise par des ar\u00f4mes de p\u00e2tisserie sucr\u00e9e et d&rsquo;agrumes, compl\u00e9t\u00e9s par de subtiles notes florales et un doux final terreux. Ce concentr\u00e9 contient 70,20 % de THC et 0,33 % de CBD, avec une impressionnante concentration en terp\u00e8nes de 7,96 %. Le profil terp\u00e9nique est domin\u00e9 par le limon\u00e8ne (1,98%), qui apporte des notes d&rsquo;agrumes, le b\u00eata-caryophyll\u00e8ne (1,46%), qui offre des caract\u00e9ristiques \u00e9pic\u00e9es et terreuses, et le linalol (0,96%), qui apporte des nuances florales. Cette combinaison peut contribuer aux effets de d\u00e9tente, de calme et de lucidit\u00e9 dont font \u00e9tat les utilisateurs.    <\/p>\n<h4>Pourquoi choisir les concentr\u00e9s ?<\/h4>\n<p>Les concentr\u00e9s de cannabis comme le Live Rosin offrent aux utilisateurs m\u00e9dicaux un moyen puissant et efficace d&rsquo;acc\u00e9der aux cannabino\u00efdes et aux terp\u00e8nes. La forte concentration de compos\u00e9s actifs permet un dosage pr\u00e9cis et des effets potentiellement plus rapides, ce qui rend les concentr\u00e9s adapt\u00e9s \u00e0 ceux qui recherchent un soulagement cibl\u00e9. La m\u00e9thode d&rsquo;extraction sans solvant de Live Rosin pr\u00e9serve le profil terp\u00e9nique naturel de la plante, qui peut soutenir l&rsquo;effet d&rsquo;entourage pour une exp\u00e9rience plus \u00e9quilibr\u00e9e.  <\/p>\n<h4>Exp\u00e9dition dans tout le Canada<\/h4>\n<p>Pie Dough Live Rosin est exp\u00e9di\u00e9 rapidement \u00e0 travers le Canada par Mendo Medical. Nous offrons la livraison gratuite pour toutes les commandes de plus de 150 $, ce qui rend facile et abordable l&rsquo;acc\u00e8s \u00e0 des concentr\u00e9s de cannabis m\u00e9dical de qualit\u00e9, o\u00f9 que vous soyez au pays. <\/p>\n<h4>Avantages et couverture pour les anciens combattants<\/h4>\n<p>Pie Dough Live Rosin est admissible \u00e0 la couverture d&rsquo;Anciens Combattants Canada (ACC) et \u00e0 la facturation directe par l&rsquo;entremise de la Croix Bleue, ce qui signifie que les anciens combattants admissibles n&rsquo;ont rien \u00e0 d\u00e9bourser. Si vous n&rsquo;avez pas encore de carte m\u00e9dicale, vous pouvez <a href=\"https:\/\/mendomedical.ca\/fr\/carte-medicale\/\">obtenir votre carte m\u00e9dicale gratuite rapidement et facilement<\/a> pour commencer \u00e0 acc\u00e9der \u00e0 vos avantages. <\/p>\n<\/div>\n","protected":false},"featured_media":291505,"comment_status":"open","ping_status":"closed","template":"","meta":{"_acf_changed":false,"site-sidebar-layout":"default","site-content-layout":"","ast-site-content-layout":"default","site-content-style":"default","site-sidebar-style":"default","ast-global-header-display":"","ast-banner-title-visibility":"","ast-main-header-display":"","ast-hfb-above-header-display":"","ast-hfb-below-header-display":"","ast-hfb-mobile-header-display":"","site-post-title":"","ast-breadcrumbs-content":"","ast-featured-img":"","footer-sml-layout":"","ast-disable-related-posts":"","theme-transparent-header-meta":"default","adv-header-id-meta":"","stick-header-meta":"","header-above-stick-meta":"","header-main-stick-meta":"","header-below-stick-meta":"","astra-migrate-meta-layouts":"set","ast-page-background-enabled":"default","ast-page-background-meta":{"desktop":{"background-color":"var(--ast-global-color-4)","background-image":"","background-repeat":"repeat","background-position":"center center","background-size":"auto","background-attachment":"scroll","background-type":"","background-media":"","overlay-type":"","overlay-color":"","overlay-opacity":"","overlay-gradient":""},"tablet":{"background-color":"","background-image":"","background-repeat":"repeat","background-position":"center center","background-size":"auto","background-attachment":"scroll","background-type":"","background-media":"","overlay-type":"","overlay-color":"","overlay-opacity":"","overlay-gradient":""},"mobile":{"background-color":"","background-image":"","background-repeat":"repeat","background-position":"center center","background-size":"auto","background-attachment":"scroll","background-type":"","background-media":"","overlay-type":"","overlay-color":"","overlay-opacity":"","overlay-gradient":""}},"ast-content-background-meta":{"desktop":{"background-color":"var(--ast-global-color-5)","background-image":"","background-repeat":"repeat","background-position":"center center","background-size":"auto","background-attachment":"scroll","background-type":"","background-media":"","overlay-type":"","overlay-color":"","overlay-opacity":"","overlay-gradient":""},"tablet":{"background-color":"var(--ast-global-color-5)","background-image":"","background-repeat":"repeat","background-position":"center center","background-size":"auto","background-attachment":"scroll","background-type":"","background-media":"","overlay-type":"","overlay-color":"","overlay-opacity":"","overlay-gradient":""},"mobile":{"background-color":"var(--ast-global-color-5)","background-image":"","background-repeat":"repeat","background-position":"center center","background-size":"auto","background-attachment":"scroll","background-type":"","background-media":"","overlay-type":"","overlay-color":"","overlay-opacity":"","overlay-gradient":""}}},"product_brand":[],"product_cat":[1125,1118,1119],"product_tag":[],"product_format_filter":[6369],"class_list":{"0":"post-291510","1":"product","2":"type-product","3":"status-publish","4":"has-post-thumbnail","6":"product_cat-rosin-vivante","7":"product_cat-concentres","8":"product_cat-tout-sans-solvant","9":"pa_flavours-pastry-fr","10":"pa_flavours-doux","11":"pa_intensity-thc-eleve","12":"pa_intensity-low-cbc-fr","13":"pa_intensity-low-cbg-fr","14":"pa_marques-charlies-pineapple-reserve-fr","15":"pa_origin-colombie-britannique-fr","16":"pa_profil-terpene-bisabolol-fr","17":"pa_profil-terpene-caryophyllene","18":"pa_profil-terpene-farnesene-fr","19":"pa_profil-terpene-guaiol-fr","20":"pa_profil-terpene-humulene-fr","21":"pa_profil-terpene-limonene-fr","22":"pa_profil-terpene-linalol-fr","23":"pa_profil-terpene-myrcene","24":"pa_profil-terpene-pinene-fr","25":"pa_type-de-plante-hybride-fr","26":"product_format_filter-1g","27":"desktop-align-left","28":"tablet-align-left","29":"mobile-align-left","31":"first","32":"instock","33":"taxable","34":"shipping-taxable","35":"purchasable","36":"product-type-simple"},"group_of_quantity":0,"min_quantity":0,"max_quantity":"","exclude_order_quantity_value_rules":"no","exclude_category_quantity_rules":"no","combine_variations":"no","acf":[],"_links":{"self":[{"href":"https:\/\/mendomedical.ca\/fr\/wp-json\/wp\/v2\/product\/291510","targetHints":{"allow":["GET"]}}],"collection":[{"href":"https:\/\/mendomedical.ca\/fr\/wp-json\/wp\/v2\/product"}],"about":[{"href":"https:\/\/mendomedical.ca\/fr\/wp-json\/wp\/v2\/types\/product"}],"replies":[{"embeddable":true,"href":"https:\/\/mendomedical.ca\/fr\/wp-json\/wp\/v2\/comments?post=291510"}],"wp:featuredmedia":[{"embeddable":true,"href":"https:\/\/mendomedical.ca\/fr\/wp-json\/wp\/v2\/media\/291505"}],"wp:attachment":[{"href":"https:\/\/mendomedical.ca\/fr\/wp-json\/wp\/v2\/media?parent=291510"}],"wp:term":[{"taxonomy":"product_brand","embeddable":true,"href":"https:\/\/mendomedical.ca\/fr\/wp-json\/wp\/v2\/product_brand?post=291510"},{"taxonomy":"product_cat","embeddable":true,"href":"https:\/\/mendomedical.ca\/fr\/wp-json\/wp\/v2\/product_cat?post=291510"},{"taxonomy":"product_tag","embeddable":true,"href":"https:\/\/mendomedical.ca\/fr\/wp-json\/wp\/v2\/product_tag?post=291510"},{"taxonomy":"product_format_filter","embeddable":true,"href":"https:\/\/mendomedical.ca\/fr\/wp-json\/wp\/v2\/product_format_filter?post=291510"}],"curies":[{"name":"wp","href":"https:\/\/api.w.org\/{rel}","templated":true}]}}