{"id":290443,"date":"2025-10-06T19:00:00","date_gmt":"2025-10-06T23:00:00","guid":{"rendered":"https:\/\/mendomedical.ca\/product\/alien-kush-hashhole-pre-rolls-infuses\/"},"modified":"2026-04-29T09:28:19","modified_gmt":"2026-04-29T13:28:19","slug":"pre-roll-infuse-alien-kush-hashhole","status":"publish","type":"product","link":"https:\/\/mendomedical.ca\/fr\/produit\/pre-roll-infuse-alien-kush-hashhole\/","title":{"rendered":"Alien Kush Hash Hole Pr\u00e9-rolls infus\u00e9s"},"content":{"rendered":"","protected":false},"excerpt":{"rendered":"<div class=\"ExternalClass6B2F3253A5E94567ABF0D9B0997FE770\">\n<h3>Alien Kush Hash Hole Infused Pr\u00e9-rolls par Le Malin Vert &amp; Six One Charlie<\/h3>\n<h3>Terp\u00e8nes totaux : 4,9%.<\/h3>\n<p>Le Pr\u00e9-roll infus\u00e9 Alien Kush Hash Hole de Le Malin Vert X Six One Charlie repr\u00e9sente une exp\u00e9rience de cannabis \u00e0 une seule vari\u00e9t\u00e9 de qualit\u00e9 sup\u00e9rieure, combinant des fleurs Alien Kush de haute qualit\u00e9 avec de la Rosine Alien Kush fabriqu\u00e9e par des experts. Ce Pr\u00e9-rolls infus\u00e9 de 2g met en valeur des pratiques de culture m\u00e9ticuleuses, avec des fleurs m\u00fbries pendant 75 jours pour maximiser l&rsquo;expression des terp\u00e8nes et le d\u00e9veloppement des trichomes. Avec une impressionnante teneur en terp\u00e8nes totaux de 4,9 %, cette proposition offre un profil de fum\u00e9e richement stratifi\u00e9, caract\u00e9ris\u00e9 par des notes dank, de bonbons et d&rsquo;agrumes qui s\u00e9duisent les consommateurs de cannabis m\u00e9dical exigeants \u00e0 la recherche \u00e0 la fois de puissance et de saveur.  <\/p>\n<h4>Caract\u00e9ristiques principales<\/h4>\n<ul>\n<li>Pr\u00e9-rolls infus\u00e9s d&rsquo;une seule souche combinant la fleur d&rsquo;Alien Kush et la Rosin d&rsquo;Alien Kush pour une consistance de go\u00fbt authentique.<\/li>\n<li>Le format 2g offre une valeur substantielle et une utilisation prolong\u00e9e pour les patients m\u00e9dicaux<\/li>\n<li>4,9 % de terp\u00e8nes totaux pour une intensit\u00e9 de go\u00fbt et d&rsquo;ar\u00f4me exceptionnelle.<\/li>\n<li>P\u00e9riode de floraison de 75 jours assurant une maturit\u00e9 optimale des trichomes et le d\u00e9veloppement des cannabino\u00efdes<\/li>\n<li>Formule \u00e0 forte teneur en THC id\u00e9ale pour les patients qui ont besoin d&rsquo;options plus puissantes.<\/li>\n<\/ul>\n<h4>Saveurs, ar\u00f4mes et profil cannabique<\/h4>\n<p>L&rsquo;Alien Kush Hash Hole pr\u00e9sente un profil sensoriel complexe qui commence par un ar\u00f4me de terre et de fum\u00e9e, rehauss\u00e9 par de douces notes citronn\u00e9es. L&rsquo;exp\u00e9rience gustative se d\u00e9ploie en couches, offrant une luminosit\u00e9 d&rsquo;agrumes \u00e9quilibr\u00e9e par des notes diesel gazeuses, compl\u00e9t\u00e9es par des \u00e9l\u00e9ments aigres et sucr\u00e9s qui cr\u00e9ent un go\u00fbt bien \u00e9quilibr\u00e9. Ce Pr\u00e9-rolls \u00e0 forte teneur en THC pr\u00e9sente un profil terp\u00e9nique domin\u00e9 par le caryophyll\u00e8ne et le limon\u00e8ne, contribuant \u00e0 la fois \u00e0 l&rsquo;ar\u00f4me distinctif et au potentiel d&rsquo;effets calmes et lucides que de nombreux utilisateurs m\u00e9dicaux appr\u00e9cient pour un usage en journ\u00e9e ou en soir\u00e9e.  <\/p>\n<h4>Pourquoi choisir des Pr\u00e9-rolls infus\u00e9s ?<\/h4>\n<p>Les Pr\u00e9-rolls infus\u00e9s offrent aux patients de cannabis m\u00e9dical une option pratique et pr\u00e9cis\u00e9ment dos\u00e9e qui combine la fleur avec des extraits de cannabis concentr\u00e9s pour une puissance et un effet accrus. L&rsquo;ajout de Rosin \u00e0 une fleur de qualit\u00e9 cr\u00e9e un profil cannabino\u00efde et terp\u00e9nique plus robuste tout en conservant les caract\u00e9ristiques naturelles de la souche. Pour les patients qui recherchent des effets plus puissants sans consommer de plus grandes quantit\u00e9s, les Pr\u00e9-rolls infus\u00e9s constituent une solution efficace et pr\u00eate \u00e0 l&#8217;emploi qui \u00e9limine le temps de pr\u00e9paration.  <\/p>\n<h4>Exp\u00e9dition dans tout le Canada<\/h4>\n<p>Le Alien Kush Hash Hole Infused Pr\u00e9-rolls est exp\u00e9di\u00e9 rapidement \u00e0 travers le Canada par l&rsquo;interm\u00e9diaire de Mendo Medical. Nous offrons la livraison gratuite pour les commandes de plus de 150$, assurant une livraison accessible de vos produits de cannabis m\u00e9dical. Les commandes sont trait\u00e9es rapidement afin de minimiser les temps d&rsquo;attente, ce qui vous permet de recevoir vos m\u00e9dicaments quand vous en avez besoin.  <\/p>\n<h4>Avantages et couverture pour les anciens combattants<\/h4>\n<p>Le Alien Kush Hash Hole Infused Pr\u00e9-rolls est admissible \u00e0 la couverture par Anciens Combattants Canada (ACC) et se qualifie pour la facturation directe par la Croix Bleue, \u00e9liminant ainsi les d\u00e9penses de poche pour les anciens combattants admissibles. Si vous n&rsquo;avez pas encore de carte de cannabis m\u00e9dical, vous pouvez en obtenir une rapidement et facilement gr\u00e2ce au <a href=\"https:\/\/mendomedical.ca\/fr\/carte-medicale\/\">processus de demande simplifi\u00e9 de Mendo Medical<\/a>, ce qui vous permettra d&rsquo;acc\u00e9der aux avantages d&rsquo;ACC et aux options de facturation directe pour vos besoins en cannabis m\u00e9dical. <\/p>\n<\/div>\n","protected":false},"featured_media":290449,"comment_status":"open","ping_status":"closed","template":"","meta":{"_acf_changed":false,"site-sidebar-layout":"default","site-content-layout":"","ast-site-content-layout":"default","site-content-style":"default","site-sidebar-style":"default","ast-global-header-display":"","ast-banner-title-visibility":"","ast-main-header-display":"","ast-hfb-above-header-display":"","ast-hfb-below-header-display":"","ast-hfb-mobile-header-display":"","site-post-title":"","ast-breadcrumbs-content":"","ast-featured-img":"","footer-sml-layout":"","ast-disable-related-posts":"","theme-transparent-header-meta":"default","adv-header-id-meta":"","stick-header-meta":"","header-above-stick-meta":"","header-main-stick-meta":"","header-below-stick-meta":"","astra-migrate-meta-layouts":"set","ast-page-background-enabled":"default","ast-page-background-meta":{"desktop":{"background-color":"var(--ast-global-color-4)","background-image":"","background-repeat":"repeat","background-position":"center center","background-size":"auto","background-attachment":"scroll","background-type":"","background-media":"","overlay-type":"","overlay-color":"","overlay-opacity":"","overlay-gradient":""},"tablet":{"background-color":"","background-image":"","background-repeat":"repeat","background-position":"center center","background-size":"auto","background-attachment":"scroll","background-type":"","background-media":"","overlay-type":"","overlay-color":"","overlay-opacity":"","overlay-gradient":""},"mobile":{"background-color":"","background-image":"","background-repeat":"repeat","background-position":"center center","background-size":"auto","background-attachment":"scroll","background-type":"","background-media":"","overlay-type":"","overlay-color":"","overlay-opacity":"","overlay-gradient":""}},"ast-content-background-meta":{"desktop":{"background-color":"var(--ast-global-color-5)","background-image":"","background-repeat":"repeat","background-position":"center center","background-size":"auto","background-attachment":"scroll","background-type":"","background-media":"","overlay-type":"","overlay-color":"","overlay-opacity":"","overlay-gradient":""},"tablet":{"background-color":"var(--ast-global-color-5)","background-image":"","background-repeat":"repeat","background-position":"center center","background-size":"auto","background-attachment":"scroll","background-type":"","background-media":"","overlay-type":"","overlay-color":"","overlay-opacity":"","overlay-gradient":""},"mobile":{"background-color":"var(--ast-global-color-5)","background-image":"","background-repeat":"repeat","background-position":"center center","background-size":"auto","background-attachment":"scroll","background-type":"","background-media":"","overlay-type":"","overlay-color":"","overlay-opacity":"","overlay-gradient":""}}},"product_brand":[],"product_cat":[1147,4801,1144],"product_tag":[],"product_format_filter":[6391],"class_list":{"0":"post-290443","1":"product","2":"type-product","3":"status-publish","4":"has-post-thumbnail","6":"product_cat-pre-roules-infuses","7":"product_cat-six-one-charlie-fr","8":"product_cat-pre-roules","9":"pa_flavours-agrume","10":"pa_flavours-aigre","11":"pa_flavours-bonbons","12":"pa_flavours-gazole-diesel","13":"pa_flavours-doux","14":"pa_intensity-thc-eleve","15":"pa_marques-six-one-charlie-fr","16":"pa_origin-quebec-fr","17":"pa_profil-terpene-caryophyllene","18":"pa_profil-terpene-humulene-fr","19":"pa_profil-terpene-limonene-fr","20":"pa_profil-terpene-myrcene","21":"pa_type-de-plante-hybride-fr","22":"pa_type-de-plante-thc-fr","23":"product_format_filter-2g","24":"desktop-align-left","25":"tablet-align-left","26":"mobile-align-left","28":"first","29":"instock","30":"taxable","31":"shipping-taxable","32":"purchasable","33":"product-type-simple"},"group_of_quantity":0,"min_quantity":0,"max_quantity":"","exclude_order_quantity_value_rules":"no","exclude_category_quantity_rules":"no","combine_variations":"no","acf":[],"_links":{"self":[{"href":"https:\/\/mendomedical.ca\/fr\/wp-json\/wp\/v2\/product\/290443","targetHints":{"allow":["GET"]}}],"collection":[{"href":"https:\/\/mendomedical.ca\/fr\/wp-json\/wp\/v2\/product"}],"about":[{"href":"https:\/\/mendomedical.ca\/fr\/wp-json\/wp\/v2\/types\/product"}],"replies":[{"embeddable":true,"href":"https:\/\/mendomedical.ca\/fr\/wp-json\/wp\/v2\/comments?post=290443"}],"wp:featuredmedia":[{"embeddable":true,"href":"https:\/\/mendomedical.ca\/fr\/wp-json\/wp\/v2\/media\/290449"}],"wp:attachment":[{"href":"https:\/\/mendomedical.ca\/fr\/wp-json\/wp\/v2\/media?parent=290443"}],"wp:term":[{"taxonomy":"product_brand","embeddable":true,"href":"https:\/\/mendomedical.ca\/fr\/wp-json\/wp\/v2\/product_brand?post=290443"},{"taxonomy":"product_cat","embeddable":true,"href":"https:\/\/mendomedical.ca\/fr\/wp-json\/wp\/v2\/product_cat?post=290443"},{"taxonomy":"product_tag","embeddable":true,"href":"https:\/\/mendomedical.ca\/fr\/wp-json\/wp\/v2\/product_tag?post=290443"},{"taxonomy":"product_format_filter","embeddable":true,"href":"https:\/\/mendomedical.ca\/fr\/wp-json\/wp\/v2\/product_format_filter?post=290443"}],"curies":[{"name":"wp","href":"https:\/\/api.w.org\/{rel}","templated":true}]}}