{"id":290308,"date":"2025-10-06T16:30:26","date_gmt":"2025-10-06T20:30:26","guid":{"rendered":"https:\/\/mendomedical.ca\/product\/diamants-liquides-gas-berry\/"},"modified":"2026-04-27T14:48:29","modified_gmt":"2026-04-27T18:48:29","slug":"gas-berry-liquid-diamonds-vape-cart-fr","status":"publish","type":"product","link":"https:\/\/mendomedical.ca\/fr\/produit\/gas-berry-liquid-diamonds-vape-cart-fr\/","title":{"rendered":"Gas Berry Liquid Diamonds Vape Cart"},"content":{"rendered":"","protected":false},"excerpt":{"rendered":"<div class=\"ExternalClassBC838DC051554F30A58A02364C7AAA18\">\n<h3>Gas Berry Liquid Diamonds Vape Cart par Jonny Chronic<\/h3>\n<h3>Terp\u00e8nes totaux : 2,95 %.<\/h3>\n<p>Gas Berry Liquid Diamonds est une cartouche de vape 510 de qualit\u00e9 sup\u00e9rieure de Jonny Chronic, d\u00e9livrant un taux impressionnant de 95% de THC dans un format pratique de 1g. Ce concentr\u00e9 \u00e0 dominante Sativa contient des diamants liquides associ\u00e9s \u00e0 des terp\u00e8nes botaniques soigneusement s\u00e9lectionn\u00e9s, offrant une exp\u00e9rience de cannabis avec de d\u00e9licieux accents de baies. Compatible avec la plupart des batteries standard \u00e0 filetage 510, cette cartouche fabriqu\u00e9e par Greentank offre une exp\u00e9rience de vapotage puissante et savoureuse pour les consommateurs de cannabis m\u00e9dical qui recherchent des niveaux \u00e9lev\u00e9s de THC avec un minimum de CBD.<\/p>\n<h4>Caract\u00e9ristiques principales<\/h4>\n<ul>\n<li>95% THC liquide concentr\u00e9 de diamants dans une cartouche de 1g \u00e0 filetage 510<\/li>\n<li>Formule \u00e0 dominante sativa avec des effets potentiellement euphorisants, stimulants et cr\u00e9atifs.<\/li>\n<li>Infusion de terp\u00e8nes de limon\u00e8ne, de caryophyll\u00e8ne et de myrc\u00e8ne pour une meilleure saveur.<\/li>\n<li>Profil de saveurs de baies et de gazole avec des ar\u00f4mes de terre et de gaz piquant.<\/li>\n<li>Cartouche Greentank compatible avec la plupart des batteries g\u00e9n\u00e9riques 510<\/li>\n<\/ul>\n<h4>Saveur, ar\u00f4me et profil des terp\u00e8nes<\/h4>\n<p>Gas Berry Liquid Diamonds Vape Cart pr\u00e9sente une combinaison de saveurs complexes de notes de baies sucr\u00e9es \u00e9quilibr\u00e9es avec des nuances audacieuses de gaz et de diesel. L&rsquo;ar\u00f4me se caract\u00e9rise par un m\u00e9lange distinctif d&rsquo;\u00e9l\u00e9ments terreux et de baies fonc\u00e9es, ponctu\u00e9 d&rsquo;une note aigu\u00eb de gaz qui refl\u00e8te son nom. Cette cartouche contient un profil terp\u00e9nique riche en limon\u00e8ne, caryophyll\u00e8ne et myrc\u00e8ne, contribuant \u00e0 la fois au go\u00fbt distinctif et aux effets potentiels. Les utilisateurs peuvent ressentir des sensations euphoriques, stimulantes, cr\u00e9atives, bavardes et motiv\u00e9es, ce qui en fait un choix attrayant pour une utilisation en journ\u00e9e ou dans des contextes sociaux.<\/p>\n<h4>Pourquoi choisir Vapes ?<\/h4>\n<p>Les cartouches de vaporisation offrent aux consommateurs de cannabis m\u00e9dical un dosage pr\u00e9cis, la discr\u00e9tion et la commodit\u00e9 sans combustion. Elles permettent une apparition rapide des effets et sont id\u00e9ales pour les utilisateurs \u00e0 la recherche d&rsquo;options portables, \u00e0 odeur r\u00e9duite, qui s&rsquo;int\u00e8grent parfaitement dans les routines quotidiennes. Les vapes comme Gas Berry Liquid Diamonds n&rsquo;ont pas besoin d&rsquo;\u00eatre roul\u00e9es ou pr\u00e9par\u00e9es, ce qui les rend accessibles aux utilisateurs \u00e0 mobilit\u00e9 r\u00e9duite ou ayant des probl\u00e8mes de dext\u00e9rit\u00e9.<\/p>\n<h4>Exp\u00e9dition dans tout le Canada<\/h4>\n<p>Gas Berry Liquid Diamonds Vape Cart est exp\u00e9di\u00e9 rapidement \u00e0 travers le Canada par l&rsquo;interm\u00e9diaire de Mendo Medical. Nous offrons la livraison gratuite pour les commandes de plus de 150 $, ce qui vous assure de recevoir vos produits de cannabis m\u00e9dical de fa\u00e7on pratique et abordable, peu importe o\u00f9 vous vous trouvez dans le pays. Conservez votre cartouche dans un endroit frais et sec, en position verticale, lorsque vous ne l&rsquo;utilisez pas, afin de maintenir une qualit\u00e9 optimale.<\/p>\n<h4>Avantages et couverture pour les anciens combattants<\/h4>\n<p>Gas Berry Liquid Diamonds Vape Cart est admissible \u00e0 la couverture d&rsquo;Anciens Combattants Canada (ACC) et se qualifie pour la facturation directe par l&rsquo;entremise de la Croix Bleue, ce qui signifie qu&rsquo;il n&rsquo;y a pas de frais de poche pour les anciens combattants admissibles. Si vous n&rsquo;avez pas encore de carte de cannabis m\u00e9dical, vous pouvez <a href=\"https:\/\/mendomedical.ca\/fr\/carte-medicale\/\">obtenir votre carte m\u00e9dicale gratuite rapidement et facilement<\/a> pour acc\u00e9der \u00e0 ces avantages et commencer votre traitement.<\/p>\n<h4>Ingr\u00e9dients<\/h4>\n<p>Extrait de cannabis, terp\u00e8nes<\/p>\n<\/div>\n","protected":false},"featured_media":290303,"comment_status":"open","ping_status":"closed","template":"","meta":{"_acf_changed":false,"site-sidebar-layout":"default","site-content-layout":"","ast-site-content-layout":"default","site-content-style":"default","site-sidebar-style":"default","ast-global-header-display":"","ast-banner-title-visibility":"","ast-main-header-display":"","ast-hfb-above-header-display":"","ast-hfb-below-header-display":"","ast-hfb-mobile-header-display":"","site-post-title":"","ast-breadcrumbs-content":"","ast-featured-img":"","footer-sml-layout":"","ast-disable-related-posts":"","theme-transparent-header-meta":"default","adv-header-id-meta":"","stick-header-meta":"","header-above-stick-meta":"","header-main-stick-meta":"","header-below-stick-meta":"","astra-migrate-meta-layouts":"set","ast-page-background-enabled":"default","ast-page-background-meta":{"desktop":{"background-color":"var(--ast-global-color-4)","background-image":"","background-repeat":"repeat","background-position":"center center","background-size":"auto","background-attachment":"scroll","background-type":"","background-media":"","overlay-type":"","overlay-color":"","overlay-opacity":"","overlay-gradient":""},"tablet":{"background-color":"","background-image":"","background-repeat":"repeat","background-position":"center center","background-size":"auto","background-attachment":"scroll","background-type":"","background-media":"","overlay-type":"","overlay-color":"","overlay-opacity":"","overlay-gradient":""},"mobile":{"background-color":"","background-image":"","background-repeat":"repeat","background-position":"center center","background-size":"auto","background-attachment":"scroll","background-type":"","background-media":"","overlay-type":"","overlay-color":"","overlay-opacity":"","overlay-gradient":""}},"ast-content-background-meta":{"desktop":{"background-color":"var(--ast-global-color-5)","background-image":"","background-repeat":"repeat","background-position":"center center","background-size":"auto","background-attachment":"scroll","background-type":"","background-media":"","overlay-type":"","overlay-color":"","overlay-opacity":"","overlay-gradient":""},"tablet":{"background-color":"var(--ast-global-color-5)","background-image":"","background-repeat":"repeat","background-position":"center center","background-size":"auto","background-attachment":"scroll","background-type":"","background-media":"","overlay-type":"","overlay-color":"","overlay-opacity":"","overlay-gradient":""},"mobile":{"background-color":"var(--ast-global-color-5)","background-image":"","background-repeat":"repeat","background-position":"center center","background-size":"auto","background-attachment":"scroll","background-type":"","background-media":"","overlay-type":"","overlay-color":"","overlay-opacity":"","overlay-gradient":""}}},"product_brand":[],"product_cat":[1160,1159],"product_tag":[],"product_format_filter":[6369],"class_list":{"0":"post-290308","1":"product","2":"type-product","3":"status-publish","4":"has-post-thumbnail","6":"product_cat-cart-fil-510","7":"product_cat-vapoteuses","8":"pa_flavours-baies","9":"pa_flavours-gazole-diesel","10":"pa_intensity-thc-eleve","11":"pa_intensity-low-cbg-fr","12":"pa_marques-jonny-chronic-fr","13":"pa_origin-ontario-fr","14":"pa_profil-terpene-bisabolol-fr","15":"pa_profil-terpene-caryophyllene","16":"pa_profil-terpene-myrcene","17":"pa_profil-terpene-pinene-fr","18":"pa_type-de-plante-hybride-fr","19":"pa_type-de-plante-thc-fr","20":"product_format_filter-1g","21":"desktop-align-left","22":"tablet-align-left","23":"mobile-align-left","25":"first","26":"instock","27":"taxable","28":"shipping-taxable","29":"product-type-simple"},"group_of_quantity":0,"min_quantity":0,"max_quantity":"","exclude_order_quantity_value_rules":"no","exclude_category_quantity_rules":"no","combine_variations":"no","acf":[],"_links":{"self":[{"href":"https:\/\/mendomedical.ca\/fr\/wp-json\/wp\/v2\/product\/290308","targetHints":{"allow":["GET"]}}],"collection":[{"href":"https:\/\/mendomedical.ca\/fr\/wp-json\/wp\/v2\/product"}],"about":[{"href":"https:\/\/mendomedical.ca\/fr\/wp-json\/wp\/v2\/types\/product"}],"replies":[{"embeddable":true,"href":"https:\/\/mendomedical.ca\/fr\/wp-json\/wp\/v2\/comments?post=290308"}],"wp:featuredmedia":[{"embeddable":true,"href":"https:\/\/mendomedical.ca\/fr\/wp-json\/wp\/v2\/media\/290303"}],"wp:attachment":[{"href":"https:\/\/mendomedical.ca\/fr\/wp-json\/wp\/v2\/media?parent=290308"}],"wp:term":[{"taxonomy":"product_brand","embeddable":true,"href":"https:\/\/mendomedical.ca\/fr\/wp-json\/wp\/v2\/product_brand?post=290308"},{"taxonomy":"product_cat","embeddable":true,"href":"https:\/\/mendomedical.ca\/fr\/wp-json\/wp\/v2\/product_cat?post=290308"},{"taxonomy":"product_tag","embeddable":true,"href":"https:\/\/mendomedical.ca\/fr\/wp-json\/wp\/v2\/product_tag?post=290308"},{"taxonomy":"product_format_filter","embeddable":true,"href":"https:\/\/mendomedical.ca\/fr\/wp-json\/wp\/v2\/product_format_filter?post=290308"}],"curies":[{"name":"wp","href":"https:\/\/api.w.org\/{rel}","templated":true}]}}