{"id":289329,"date":"2025-10-04T19:30:40","date_gmt":"2025-10-04T23:30:40","guid":{"rendered":"https:\/\/mendomedical.ca\/product\/cloudz-grape-gas-vape-tout-en-un\/"},"modified":"2026-04-22T08:18:58","modified_gmt":"2026-04-22T12:18:58","slug":"cloudz-grape-gas-vape-tout-en-un","status":"publish","type":"product","link":"https:\/\/mendomedical.ca\/fr\/produit\/cloudz-grape-gas-vape-tout-en-un\/","title":{"rendered":"Cloudz - \u00a0\u00bbGrape gas\u00a0\u00bb Vape tout-en-un"},"content":{"rendered":"","protected":false},"excerpt":{"rendered":"<div class=\"ExternalClass66EE1F274D5543DF9F664D3A9273DBCE\">\n<h3>Cloudz - \u00ab\u00a0Grape gas\u00a0\u00bb Vape tout-en-un par SUGR<\/h3>\n<h3>Terp\u00e8nes totaux : 12,26%.<\/h3>\n<p>La vape Cloudz \u00ab\u00a0Grape gas\u00a0\u00bb tout-en-un de SUGR offre une qualit\u00e9 sup\u00e9rieure sans solvant dans un format pratique et pr\u00eat \u00e0 l&#8217;emploi. Cette vape de 0,5 g est remplie de Rosin vivante extraite du cannabis Grape Gas fra\u00eechement congel\u00e9, pr\u00e9servant ainsi le profil terp\u00e9nique complet de la souche et sa puissante teneur en cannabino\u00efdes. Fabriqu\u00e9e uniquement \u00e0 partir de mat\u00e9riel de premi\u00e8re extraction de l&rsquo;ordre de 73\u00b5-159\u00b5 microns - consid\u00e9r\u00e9 comme le plus haut niveau de hasch pour la puret\u00e9 et la saveur - cette vape offre une exp\u00e9rience sophistiqu\u00e9e aux patients de cannabis m\u00e9dical qui recherchent \u00e0 la fois des b\u00e9n\u00e9fices th\u00e9rapeutiques et un go\u00fbt exceptionnel. Avec une teneur \u00e9lev\u00e9e en THC et un taux impressionnant de 12,26 % de terp\u00e8nes totaux, l&rsquo;appareil ne n\u00e9cessite ni chargement ni configuration, ce qui le rend id\u00e9al pour une utilisation discr\u00e8te et en d\u00e9placement.   <\/p>\n<h4>Caract\u00e9ristiques principales<\/h4>\n<ul>\n<li>Live Rosin de premi\u00e8re qualit\u00e9 extraite de la souche Grape Gas fra\u00eechement congel\u00e9e par des m\u00e9thodes sans solvant<\/li>\n<li>Le premier mat\u00e9riau tir\u00e9 de la gamme 73\u00b5-159\u00b5 micron pour une puret\u00e9 et une saveur sup\u00e9rieures.<\/li>\n<li>Puissance \u00e9lev\u00e9e en THC avec 12,26 % de terp\u00e8nes totaux pour un potentiel th\u00e9rapeutique accru.<\/li>\n<li>Conception tout-en-un sans chargement n\u00e9cessaire - il suffit d&rsquo;inhaler pour activer le produit.<\/li>\n<li>Le format de 0,5 g permet un dosage r\u00e9gulier et une utilisation pratique.<\/li>\n<\/ul>\n<h4>Saveur, ar\u00f4me et profil des terp\u00e8nes<\/h4>\n<p>La vari\u00e9t\u00e9 Grape Gas pr\u00e9sente un profil de saveur distinctif caract\u00e9ris\u00e9 par des notes de baies sucr\u00e9es et de bonbons au raisin \u00e0 l&rsquo;inhalation, suivies d&rsquo;un final gazeux et l\u00e9g\u00e8rement funky rappelant l&rsquo;essence. L&rsquo;ar\u00f4me porte ce caract\u00e8re de gaz sucr\u00e9 tout au long de l&rsquo;inhalation, cr\u00e9ant une exp\u00e9rience sensorielle m\u00e9morable. Avec des terp\u00e8nes totaux atteignant 12,26 %, cette vape de Live Rosin capture le spectre complet des compos\u00e9s aromatiques de la souche, ce qui peut contribuer \u00e0 l&rsquo;effet d&rsquo;entourage - renfor\u00e7ant potentiellement les propri\u00e9t\u00e9s th\u00e9rapeutiques des cannabino\u00efdes. La teneur \u00e9lev\u00e9e en terp\u00e8nes garantit \u00e9galement une vapeur douce et savoureuse \u00e0 chaque tirage, tandis que la concentration \u00e9lev\u00e9e en THC renforce les effets potentiels relaxants de la vari\u00e9t\u00e9.   <\/p>\n<h4>Pourquoi choisir Vapes ?<\/h4>\n<p>Les vapes offrent aux patients qui consomment du cannabis m\u00e9dical un contr\u00f4le pr\u00e9cis du dosage, une apparition rapide des effets et une m\u00e9thode de consommation discr\u00e8te sans combustion. Le format tout-en-un \u00e9limine le temps de pr\u00e9paration et les besoins en \u00e9quipement, ce qui le rend particuli\u00e8rement adapt\u00e9 aux patients qui ont besoin d&rsquo;un soulagement pratique et \u00e0 la demande. Les vapes Live Rosin comme le Grape Gas offrent une puret\u00e9 sans solvant, garantissant aux patients de recevoir un extrait de cannabis propre et \u00e0 spectre complet, sans r\u00e9sidus chimiques.  <\/p>\n<h4>Exp\u00e9dition dans tout le Canada<\/h4>\n<p>Le Cloudz \u00ab\u00a0Grape gas\u00a0\u00bb All-In-One Vape est exp\u00e9di\u00e9 rapidement \u00e0 travers le Canada par l&rsquo;entremise de Mendo Medical. Nous offrons la livraison gratuite pour les commandes de plus de 150 $, assurant un acc\u00e8s rentable \u00e0 vos produits de cannabis m\u00e9dical. Les commandes sont emball\u00e9es discr\u00e8tement et exp\u00e9di\u00e9es rapidement pour s&rsquo;assurer que votre m\u00e9dicament arrive quand vous en avez besoin.  <\/p>\n<h4>Avantages et couverture pour les anciens combattants<\/h4>\n<p>La Vape tout-en-un Cloudz \u00a0\u00bb Grape gas \u00a0\u00bb est admissible \u00e0 la couverture d&rsquo;Anciens Combattants Canada (ACC) et \u00e0 la facturation directe par la Croix Bleue, ce qui signifie qu&rsquo;il n&rsquo;y a pas de frais \u00e0 d\u00e9bourser pour les anciens combattants admissibles. Si vous n&rsquo;avez pas encore de carte de cannabis m\u00e9dical, vous pouvez <a href=\"https:\/\/mendomedical.ca\/fr\/carte-medicale\/\">obtenir votre carte m\u00e9dicale gratuite rapidement et facilement<\/a> pour acc\u00e9der \u00e0 ces avantages et commencer \u00e0 acheter des produits de cannabis m\u00e9dical par l&rsquo;interm\u00e9diaire de Mendo Medical. <\/p>\n<\/div>\n","protected":false},"featured_media":289328,"comment_status":"open","ping_status":"closed","template":"","meta":{"_acf_changed":false,"site-sidebar-layout":"default","site-content-layout":"","ast-site-content-layout":"default","site-content-style":"default","site-sidebar-style":"default","ast-global-header-display":"","ast-banner-title-visibility":"","ast-main-header-display":"","ast-hfb-above-header-display":"","ast-hfb-below-header-display":"","ast-hfb-mobile-header-display":"","site-post-title":"","ast-breadcrumbs-content":"","ast-featured-img":"","footer-sml-layout":"","ast-disable-related-posts":"","theme-transparent-header-meta":"default","adv-header-id-meta":"","stick-header-meta":"","header-above-stick-meta":"","header-main-stick-meta":"","header-below-stick-meta":"","astra-migrate-meta-layouts":"set","ast-page-background-enabled":"default","ast-page-background-meta":{"desktop":{"background-color":"var(--ast-global-color-4)","background-image":"","background-repeat":"repeat","background-position":"center center","background-size":"auto","background-attachment":"scroll","background-type":"","background-media":"","overlay-type":"","overlay-color":"","overlay-opacity":"","overlay-gradient":""},"tablet":{"background-color":"","background-image":"","background-repeat":"repeat","background-position":"center center","background-size":"auto","background-attachment":"scroll","background-type":"","background-media":"","overlay-type":"","overlay-color":"","overlay-opacity":"","overlay-gradient":""},"mobile":{"background-color":"","background-image":"","background-repeat":"repeat","background-position":"center center","background-size":"auto","background-attachment":"scroll","background-type":"","background-media":"","overlay-type":"","overlay-color":"","overlay-opacity":"","overlay-gradient":""}},"ast-content-background-meta":{"desktop":{"background-color":"var(--ast-global-color-5)","background-image":"","background-repeat":"repeat","background-position":"center center","background-size":"auto","background-attachment":"scroll","background-type":"","background-media":"","overlay-type":"","overlay-color":"","overlay-opacity":"","overlay-gradient":""},"tablet":{"background-color":"var(--ast-global-color-5)","background-image":"","background-repeat":"repeat","background-position":"center center","background-size":"auto","background-attachment":"scroll","background-type":"","background-media":"","overlay-type":"","overlay-color":"","overlay-opacity":"","overlay-gradient":""},"mobile":{"background-color":"var(--ast-global-color-5)","background-image":"","background-repeat":"repeat","background-position":"center center","background-size":"auto","background-attachment":"scroll","background-type":"","background-media":"","overlay-type":"","overlay-color":"","overlay-opacity":"","overlay-gradient":""}}},"product_brand":[],"product_cat":[2334,1164,1530,1159,1161],"product_tag":[],"product_format_filter":[6374],"class_list":{"0":"post-289329","1":"product","2":"type-product","3":"status-publish","4":"has-post-thumbnail","6":"product_cat-cannabinoides-mineurs","7":"product_cat-cured-et-rosin-vivante-fr","8":"product_cat-spectre-complet1","9":"product_cat-vapoteuses","10":"product_cat-tout-en-un","11":"pa_flavours-baies","12":"pa_flavours-gazole-diesel","13":"pa_intensity-thc-eleve","14":"pa_intensity-low-cbg-fr","15":"pa_marques-sugr-fr","16":"pa_origin-alberta-fr","17":"pa_profil-terpene-caryophyllene","18":"pa_profil-terpene-farnesene-fr","19":"pa_profil-terpene-humulene-fr","20":"pa_profil-terpene-limonene-fr","21":"pa_profil-terpene-linalol-fr","22":"pa_profil-terpene-myrcene","23":"pa_profil-terpene-pinene-fr","24":"pa_type-de-plante-hybride-fr","25":"product_format_filter-0-5g","26":"desktop-align-left","27":"tablet-align-left","28":"mobile-align-left","30":"first","31":"instock","32":"taxable","33":"shipping-taxable","34":"purchasable","35":"product-type-simple"},"group_of_quantity":0,"min_quantity":0,"max_quantity":"","exclude_order_quantity_value_rules":"no","exclude_category_quantity_rules":"no","combine_variations":"no","acf":[],"_links":{"self":[{"href":"https:\/\/mendomedical.ca\/fr\/wp-json\/wp\/v2\/product\/289329","targetHints":{"allow":["GET"]}}],"collection":[{"href":"https:\/\/mendomedical.ca\/fr\/wp-json\/wp\/v2\/product"}],"about":[{"href":"https:\/\/mendomedical.ca\/fr\/wp-json\/wp\/v2\/types\/product"}],"replies":[{"embeddable":true,"href":"https:\/\/mendomedical.ca\/fr\/wp-json\/wp\/v2\/comments?post=289329"}],"wp:featuredmedia":[{"embeddable":true,"href":"https:\/\/mendomedical.ca\/fr\/wp-json\/wp\/v2\/media\/289328"}],"wp:attachment":[{"href":"https:\/\/mendomedical.ca\/fr\/wp-json\/wp\/v2\/media?parent=289329"}],"wp:term":[{"taxonomy":"product_brand","embeddable":true,"href":"https:\/\/mendomedical.ca\/fr\/wp-json\/wp\/v2\/product_brand?post=289329"},{"taxonomy":"product_cat","embeddable":true,"href":"https:\/\/mendomedical.ca\/fr\/wp-json\/wp\/v2\/product_cat?post=289329"},{"taxonomy":"product_tag","embeddable":true,"href":"https:\/\/mendomedical.ca\/fr\/wp-json\/wp\/v2\/product_tag?post=289329"},{"taxonomy":"product_format_filter","embeddable":true,"href":"https:\/\/mendomedical.ca\/fr\/wp-json\/wp\/v2\/product_format_filter?post=289329"}],"curies":[{"name":"wp","href":"https:\/\/api.w.org\/{rel}","templated":true}]}}