{"id":289323,"date":"2025-10-04T19:00:06","date_gmt":"2025-10-04T23:00:06","guid":{"rendered":"https:\/\/mendomedical.ca\/product\/drop-culture-funky-town-strawberry-belts-ceinture-de-fraises\/"},"modified":"2026-04-21T11:24:26","modified_gmt":"2026-04-21T15:24:26","slug":"drop-culture-funky-town-strawberry-belts","status":"publish","type":"product","link":"https:\/\/mendomedical.ca\/fr\/produit\/drop-culture-funky-town-strawberry-belts\/","title":{"rendered":"Drop Culture - Funky Town \u00ab\u00a0Strawberry Belts\u00a0\u00bb"},"content":{"rendered":"","protected":false},"excerpt":{"rendered":"<div class=\"ExternalClass32B4443FE31C4D39B8E6CC55C9830409\">\n<h3>Drop Culture - Funky Town \u00ab\u00a0Strawberry Belts\u00a0\u00bb par SUGR<\/h3>\n<h3>Terp\u00e8nes totaux : 9,52%.<\/h3>\n<p>Drop Culture - Funky Town \u00ab\u00a0Strawberry Belts\u00a0\u00bb est un concentr\u00e9 de 1g de Live Rosin de premi\u00e8re qualit\u00e9, issu d&rsquo;un croisement unique entre les vari\u00e9t\u00e9s Rainbow Belts et Strawberry Guava. Press\u00e9 sans solvant \u00e0 partir de mat\u00e9riel fra\u00eechement congel\u00e9, cet extrait sans solvant offre un profil terp\u00e9nique extraordinaire \u00e0 9,52 % de terp\u00e8nes totaux. Le r\u00e9sultat est un concentr\u00e9 audacieux et fruit\u00e9 avec un caract\u00e8re ferment\u00e9 distinctif qui pla\u00eet aux connaisseurs de cannabis \u00e0 la recherche de complexit\u00e9 au-del\u00e0 de la simple douceur. Avec sa teneur \u00e9lev\u00e9e en THC et sa riche expression terp\u00e9nique, ce Live Rosin offre une exp\u00e9rience de Dabs sophistiqu\u00e9e qui pr\u00e9serve le spectre complet des compos\u00e9s aromatiques de la plante.<\/p>\n<h4>Caract\u00e9ristiques principales<\/h4>\n<ul>\n<li>1 g de Live Rosin sans solvant, press\u00e9e \u00e0 partir de Rainbow Belts x Strawberry Guava fra\u00eechement congel\u00e9s.<\/li>\n<li>Une teneur exceptionnelle en terp\u00e8nes totaux de 9,52 % pour un maximum de saveur et d&rsquo;ar\u00f4me.<\/li>\n<li>Concentration \u00e9lev\u00e9e en THC avec des effets euphorisants potentiels<\/li>\n<li>Texture douce et facile \u00e0 travailler, id\u00e9ale pour le dabbing \u00e0 basse temp\u00e9rature.<\/li>\n<li>Profil distinctif de fruits ferment\u00e9s avec des notes tropicales et confites.<\/li>\n<\/ul>\n<h4>Saveur, ar\u00f4me et profil des terp\u00e8nes<\/h4>\n<p>La Strawberry Belts Live Rosin pr\u00e9sente un profil aromatique intens\u00e9ment fruit\u00e9 qui \u00e9volue avec une complexit\u00e9 remarquable. L&rsquo;ar\u00f4me pr\u00e9sente des caract\u00e9ristiques de fruits ferment\u00e9s - pensez \u00e0 des fruits tropicaux surm\u00fbris avec une pointe acidul\u00e9e et cultiv\u00e9e. Vous d\u00e9couvrirez d&#8217;embl\u00e9e d&rsquo;intenses notes de fruits confits et de goyave m\u00fbre, suivies d&rsquo;une subtile touche ferment\u00e9e qui ajoute de la profondeur et de l&rsquo;intrigue. \u00c0 l&rsquo;inhalation, la saveur est douce et stratifi\u00e9e, \u00e9quilibrant la douceur avec une finale l\u00e9g\u00e8rement acidul\u00e9e et cultiv\u00e9e rappelant les fruits tropicaux \u00e0 pleine maturit\u00e9. Ce profil \u00ab\u00a0funk\u00e9\u00a0\u00bb offre aux vrais amateurs de terp quelque chose qui va au-del\u00e0 des concentr\u00e9s de fruits ordinaires - une exp\u00e9rience gustative audacieuse, exotique et d&rsquo;une complexit\u00e9 nuanc\u00e9e. La teneur \u00e9lev\u00e9e en terp\u00e8nes garantit que chaque Dabs offre une saveur prononc\u00e9e qui met en valeur tout le potentiel aromatique de la souche.<\/p>\n<h4>Pourquoi choisir les concentr\u00e9s de Live Rosin ?<\/h4>\n<p>Les concentr\u00e9s de Live Rosin tels que Drop Culture - Funky Town \u00ab\u00a0Strawberry Belts\u00a0\u00bb offrent aux consommateurs de cannabis m\u00e9dical une option sans solvant qui pr\u00e9serve le profil naturel des terp\u00e8nes et des cannabino\u00efdes de la plante. Le processus d&rsquo;extraction n&rsquo;utilise que la chaleur et la pression, ce qui permet d&rsquo;obtenir un concentr\u00e9 pur sans solvants r\u00e9siduels. La teneur \u00e9lev\u00e9e en terp\u00e8nes peut renforcer l&rsquo;effet d&rsquo;entourage, tandis que les niveaux puissants de THC permettent un dosage efficace pour ceux qui recherchent des effets euphoriques potentiels et un soulagement des sympt\u00f4mes.<\/p>\n<h4>Exp\u00e9dition dans tout le Canada<\/h4>\n<p>Drop Culture - Funky Town \u00ab\u00a0Strawberry Belts\u00a0\u00bb est exp\u00e9di\u00e9 rapidement \u00e0 travers le Canada par Mendo Medical. Nous offrons la livraison gratuite pour toutes les commandes de plus de 150 $, ce qui rend pratique et abordable l&rsquo;acc\u00e8s \u00e0 des concentr\u00e9s de Live Rosin de premi\u00e8re qualit\u00e9 \u00e0 l&rsquo;\u00e9chelle nationale. Commandez en toute confiance en sachant que vos produits arriveront rapidement et discr\u00e8tement.<\/p>\n<h4>Avantages et couverture pour les anciens combattants<\/h4>\n<p>Drop Culture - Funky Town \u00ab\u00a0Strawberry Belts\u00a0\u00bb est admissible \u00e0 la couverture d&rsquo;Anciens Combattants Canada (ACC) et \u00e0 la facturation directe par la Croix Bleue, ce qui signifie qu&rsquo;il n&rsquo;y a pas de frais \u00e0 d\u00e9bourser pour les anciens combattants admissibles. Si vous n&rsquo;avez pas encore de carte de cannabis m\u00e9dical, vous pouvez <a href=\"https:\/\/mendomedical.ca\/fr\/carte-medicale\/\">obtenir votre carte m\u00e9dicale gratuite rapidement et facilement<\/a> pour acc\u00e9der \u00e0 ces avantages et commencer votre parcours avec le cannabis m\u00e9dical.<\/p>\n<\/div>\n","protected":false},"featured_media":289353,"comment_status":"open","ping_status":"closed","template":"","meta":{"_acf_changed":false,"site-sidebar-layout":"default","site-content-layout":"","ast-site-content-layout":"default","site-content-style":"default","site-sidebar-style":"default","ast-global-header-display":"","ast-banner-title-visibility":"","ast-main-header-display":"","ast-hfb-above-header-display":"","ast-hfb-below-header-display":"","ast-hfb-mobile-header-display":"","site-post-title":"","ast-breadcrumbs-content":"","ast-featured-img":"","footer-sml-layout":"","ast-disable-related-posts":"","theme-transparent-header-meta":"default","adv-header-id-meta":"","stick-header-meta":"","header-above-stick-meta":"","header-main-stick-meta":"","header-below-stick-meta":"","astra-migrate-meta-layouts":"set","ast-page-background-enabled":"default","ast-page-background-meta":{"desktop":{"background-color":"var(--ast-global-color-4)","background-image":"","background-repeat":"repeat","background-position":"center center","background-size":"auto","background-attachment":"scroll","background-type":"","background-media":"","overlay-type":"","overlay-color":"","overlay-opacity":"","overlay-gradient":""},"tablet":{"background-color":"","background-image":"","background-repeat":"repeat","background-position":"center center","background-size":"auto","background-attachment":"scroll","background-type":"","background-media":"","overlay-type":"","overlay-color":"","overlay-opacity":"","overlay-gradient":""},"mobile":{"background-color":"","background-image":"","background-repeat":"repeat","background-position":"center center","background-size":"auto","background-attachment":"scroll","background-type":"","background-media":"","overlay-type":"","overlay-color":"","overlay-opacity":"","overlay-gradient":""}},"ast-content-background-meta":{"desktop":{"background-color":"var(--ast-global-color-5)","background-image":"","background-repeat":"repeat","background-position":"center center","background-size":"auto","background-attachment":"scroll","background-type":"","background-media":"","overlay-type":"","overlay-color":"","overlay-opacity":"","overlay-gradient":""},"tablet":{"background-color":"var(--ast-global-color-5)","background-image":"","background-repeat":"repeat","background-position":"center center","background-size":"auto","background-attachment":"scroll","background-type":"","background-media":"","overlay-type":"","overlay-color":"","overlay-opacity":"","overlay-gradient":""},"mobile":{"background-color":"var(--ast-global-color-5)","background-image":"","background-repeat":"repeat","background-position":"center center","background-size":"auto","background-attachment":"scroll","background-type":"","background-media":"","overlay-type":"","overlay-color":"","overlay-opacity":"","overlay-gradient":""}}},"product_brand":[],"product_cat":[1125,1118,1119],"product_tag":[],"product_format_filter":[6369],"class_list":{"0":"post-289323","1":"product","2":"type-product","3":"status-publish","4":"has-post-thumbnail","6":"product_cat-rosin-vivante","7":"product_cat-concentres","8":"product_cat-tout-sans-solvant","9":"pa_flavours-fruite","10":"pa_intensity-thc-eleve","11":"pa_intensity-low-cbg-fr","12":"pa_marques-sugr-fr","13":"pa_origin-alberta-fr","14":"pa_profil-terpene-caryophyllene","15":"pa_profil-terpene-humulene-fr","16":"pa_profil-terpene-limonene-fr","17":"pa_profil-terpene-linalol-fr","18":"pa_profil-terpene-myrcene","19":"pa_profil-terpene-pinene-fr","20":"pa_type-de-plante-hybride-fr","21":"product_format_filter-1g","22":"desktop-align-left","23":"tablet-align-left","24":"mobile-align-left","26":"first","27":"instock","28":"taxable","29":"shipping-taxable","30":"product-type-simple"},"group_of_quantity":0,"min_quantity":0,"max_quantity":"","exclude_order_quantity_value_rules":"no","exclude_category_quantity_rules":"no","combine_variations":"no","acf":[],"_links":{"self":[{"href":"https:\/\/mendomedical.ca\/fr\/wp-json\/wp\/v2\/product\/289323","targetHints":{"allow":["GET"]}}],"collection":[{"href":"https:\/\/mendomedical.ca\/fr\/wp-json\/wp\/v2\/product"}],"about":[{"href":"https:\/\/mendomedical.ca\/fr\/wp-json\/wp\/v2\/types\/product"}],"replies":[{"embeddable":true,"href":"https:\/\/mendomedical.ca\/fr\/wp-json\/wp\/v2\/comments?post=289323"}],"wp:featuredmedia":[{"embeddable":true,"href":"https:\/\/mendomedical.ca\/fr\/wp-json\/wp\/v2\/media\/289353"}],"wp:attachment":[{"href":"https:\/\/mendomedical.ca\/fr\/wp-json\/wp\/v2\/media?parent=289323"}],"wp:term":[{"taxonomy":"product_brand","embeddable":true,"href":"https:\/\/mendomedical.ca\/fr\/wp-json\/wp\/v2\/product_brand?post=289323"},{"taxonomy":"product_cat","embeddable":true,"href":"https:\/\/mendomedical.ca\/fr\/wp-json\/wp\/v2\/product_cat?post=289323"},{"taxonomy":"product_tag","embeddable":true,"href":"https:\/\/mendomedical.ca\/fr\/wp-json\/wp\/v2\/product_tag?post=289323"},{"taxonomy":"product_format_filter","embeddable":true,"href":"https:\/\/mendomedical.ca\/fr\/wp-json\/wp\/v2\/product_format_filter?post=289323"}],"curies":[{"name":"wp","href":"https:\/\/api.w.org\/{rel}","templated":true}]}}