{"id":288747,"date":"2025-10-02T17:05:52","date_gmt":"2025-10-02T21:05:52","guid":{"rendered":"https:\/\/mendomedical.ca\/product\/go-bags-pochettes-orales-frostberry\/"},"modified":"2026-04-17T11:33:46","modified_gmt":"2026-04-17T15:33:46","slug":"go-bags-pochettes-orales-frostberry","status":"publish","type":"product","link":"https:\/\/mendomedical.ca\/fr\/produit\/go-bags-pochettes-orales-frostberry\/","title":{"rendered":"Go Bags - Pochettes orales Frostberry"},"content":{"rendered":"","protected":false},"excerpt":{"rendered":"<div class=\"ExternalClass72BB340B47CD403EB93B8225A3D1F607\">\n<h3>Go Bags - Pochettes orales Frostberry de Six One Charlie<\/h3>\n<p>Faites l&rsquo;exp\u00e9rience d&rsquo;une consommation de cannabis discr\u00e8te et sans fum\u00e9e avec les sachets oraux Frostberry de Six One Charlie Go Bags. Chaque bo\u00eete contient 10 sachets oraux \u00e0 action ultra-rapide, chaque sachet \u00e9tant infus\u00e9 de 10 mg d&rsquo;extrait de THC \u00e0 spectre complet de premi\u00e8re qualit\u00e9. Con\u00e7us pour \u00eatre transportables et pratiques, ces sachets innovants offrent une exp\u00e9rience contr\u00f4l\u00e9e du cannabis qui s&rsquo;int\u00e8gre parfaitement \u00e0 votre routine quotidienne. Il suffit de placer un sachet entre la gencive et la l\u00e8vre pour une absorption rapide, dont les effets peuvent durer jusqu&rsquo;\u00e0 une heure. La conception r\u00e9utilisable vous permet d&rsquo;enlever et de r\u00e9appliquer les sachets selon vos besoins, ce qui vous donne un contr\u00f4le total sur votre exp\u00e9rience de dosage.<\/p>\n<h4>Caract\u00e9ristiques principales<\/h4>\n<ul>\n<li>10mg THC par sachet avec 10 sachets par bo\u00eete pour un dosage constant et mesur\u00e9<\/li>\n<li>Extrait de cannabis \u00e0 spectre complet \u00e0 action ultra-rapide pour une apparition rapide des effets<\/li>\n<li>Sans fum\u00e9e et discret - id\u00e9al pour une utilisation en d\u00e9placement sans combustion ni vapeur<\/li>\n<li>Sachets r\u00e9utilisables qui peuvent \u00eatre enlev\u00e9s et r\u00e9appliqu\u00e9s pour un contr\u00f4le personnalis\u00e9 du dosage<\/li>\n<li>Emballage \u00e9l\u00e9gant et durable, facile \u00e0 jeter dans n&rsquo;importe quelle poubelle.<\/li>\n<\/ul>\n<h4>Profil d&rsquo;ar\u00f4me<\/h4>\n<p>L&rsquo;ar\u00f4me Frostberry offre une exp\u00e9rience rafra\u00eechissante de baies qui masque le go\u00fbt du cannabis tout en procurant une agr\u00e9able sensation orale. Chaque sachet est soigneusement formul\u00e9 pour offrir une saveur douce et agr\u00e9able tout au long de l&rsquo;utilisation, rehauss\u00e9e de notes menthol\u00e9es rafra\u00eechissantes pour un final vif et revigorant.<\/p>\n<h4>Pourquoi choisir les sachets buccaux ?<\/h4>\n<p>Les sachets oraux offrent aux consommateurs de cannabis m\u00e9dical une alternative sans fum\u00e9e qui permet un dosage pr\u00e9cis et une apparition rapide des effets. Ces sachets discrets sont id\u00e9aux pour ceux qui recherchent des effets calmants sans avoir besoin d&rsquo;inhaler, ce qui les rend particuli\u00e8rement adapt\u00e9s aux utilisateurs ayant une sensibilit\u00e9 respiratoire ou \u00e0 ceux qui ont besoin d&rsquo;un m\u00e9dicament tout au long de la journ\u00e9e dans divers contextes.<\/p>\n<h4>Exp\u00e9dition dans tout le Canada<\/h4>\n<p>Les sacs Go Bags - Frostberry Oral Pouches sont exp\u00e9di\u00e9s rapidement au Canada par Mendo Medical. Nous offrons la livraison gratuite pour les commandes de plus de 150 $. Ces pochettes sont con\u00e7ues pour \u00eatre stables pendant le transport, ce qui garantit que votre produit arrive dans des conditions optimales.<\/p>\n<h4>Avantages et couverture pour les anciens combattants<\/h4>\n<p>Les sacs Go Bags - Frostberry Oral Pouches sont admissibles \u00e0 la couverture d&rsquo;ACC (Anciens Combattants Canada) et \u00e0 la facturation directe par l&rsquo;entremise de la Croix Bleue, ce qui signifie que les anciens combattants admissibles n&rsquo;ont pas \u00e0 d\u00e9bourser d&rsquo;argent. Si vous n&rsquo;avez pas encore de carte m\u00e9dicale, vous pouvez <a href=\"https:\/\/mendomedical.ca\/fr\/carte-medicale\/\">obtenir votre carte m\u00e9dicale gratuite rapidement et facilement<\/a> pour acc\u00e9der \u00e0 ces avantages.<\/p>\n<h4>Ingr\u00e9dients<\/h4>\n<p>Cellulose microcristalline, eau distill\u00e9e, fibres v\u00e9g\u00e9tales, bicarbonate de sodium, huile de menthe poivr\u00e9e, r\u00e9frig\u00e9rant WS-23, huile de Mentha piperita, menthone, propyl\u00e8ne glycol, menthol, huile de coco MCT, extrait de cannabis.<\/p>\n<\/div>\n","protected":false},"featured_media":264321,"comment_status":"open","ping_status":"closed","template":"","meta":{"_acf_changed":false,"site-sidebar-layout":"default","site-content-layout":"","ast-site-content-layout":"default","site-content-style":"default","site-sidebar-style":"default","ast-global-header-display":"","ast-banner-title-visibility":"","ast-main-header-display":"","ast-hfb-above-header-display":"","ast-hfb-below-header-display":"","ast-hfb-mobile-header-display":"","site-post-title":"","ast-breadcrumbs-content":"","ast-featured-img":"","footer-sml-layout":"","ast-disable-related-posts":"","theme-transparent-header-meta":"default","adv-header-id-meta":"","stick-header-meta":"","header-above-stick-meta":"","header-main-stick-meta":"","header-below-stick-meta":"","astra-migrate-meta-layouts":"set","ast-page-background-enabled":"default","ast-page-background-meta":{"desktop":{"background-color":"var(--ast-global-color-4)","background-image":"","background-repeat":"repeat","background-position":"center center","background-size":"auto","background-attachment":"scroll","background-type":"","background-media":"","overlay-type":"","overlay-color":"","overlay-opacity":"","overlay-gradient":""},"tablet":{"background-color":"","background-image":"","background-repeat":"repeat","background-position":"center center","background-size":"auto","background-attachment":"scroll","background-type":"","background-media":"","overlay-type":"","overlay-color":"","overlay-opacity":"","overlay-gradient":""},"mobile":{"background-color":"","background-image":"","background-repeat":"repeat","background-position":"center center","background-size":"auto","background-attachment":"scroll","background-type":"","background-media":"","overlay-type":"","overlay-color":"","overlay-opacity":"","overlay-gradient":""}},"ast-content-background-meta":{"desktop":{"background-color":"var(--ast-global-color-5)","background-image":"","background-repeat":"repeat","background-position":"center center","background-size":"auto","background-attachment":"scroll","background-type":"","background-media":"","overlay-type":"","overlay-color":"","overlay-opacity":"","overlay-gradient":""},"tablet":{"background-color":"var(--ast-global-color-5)","background-image":"","background-repeat":"repeat","background-position":"center center","background-size":"auto","background-attachment":"scroll","background-type":"","background-media":"","overlay-type":"","overlay-color":"","overlay-opacity":"","overlay-gradient":""},"mobile":{"background-color":"var(--ast-global-color-5)","background-image":"","background-repeat":"repeat","background-position":"center center","background-size":"auto","background-attachment":"scroll","background-type":"","background-media":"","overlay-type":"","overlay-color":"","overlay-opacity":"","overlay-gradient":""}}},"product_brand":[],"product_cat":[1135,4801,1128],"product_tag":[],"product_format_filter":[],"class_list":{"0":"post-288747","1":"product","2":"type-product","3":"status-publish","4":"has-post-thumbnail","6":"product_cat-sans-sucre","7":"product_cat-six-one-charlie-fr","8":"product_cat-comestibles","9":"pa_flavours-frostberry-fr","10":"pa_intensity-thc-moyen","11":"pa_marques-six-one-charlie-fr","12":"pa_origin-ontario-fr","13":"pa_type-de-plante-thc-fr","14":"desktop-align-left","15":"tablet-align-left","16":"mobile-align-left","18":"first","19":"instock","20":"taxable","21":"shipping-taxable","22":"purchasable","23":"product-type-simple"},"group_of_quantity":0,"min_quantity":0,"max_quantity":"","exclude_order_quantity_value_rules":"no","exclude_category_quantity_rules":"no","combine_variations":"no","acf":[],"_links":{"self":[{"href":"https:\/\/mendomedical.ca\/fr\/wp-json\/wp\/v2\/product\/288747","targetHints":{"allow":["GET"]}}],"collection":[{"href":"https:\/\/mendomedical.ca\/fr\/wp-json\/wp\/v2\/product"}],"about":[{"href":"https:\/\/mendomedical.ca\/fr\/wp-json\/wp\/v2\/types\/product"}],"replies":[{"embeddable":true,"href":"https:\/\/mendomedical.ca\/fr\/wp-json\/wp\/v2\/comments?post=288747"}],"wp:featuredmedia":[{"embeddable":true,"href":"https:\/\/mendomedical.ca\/fr\/wp-json\/wp\/v2\/media\/264321"}],"wp:attachment":[{"href":"https:\/\/mendomedical.ca\/fr\/wp-json\/wp\/v2\/media?parent=288747"}],"wp:term":[{"taxonomy":"product_brand","embeddable":true,"href":"https:\/\/mendomedical.ca\/fr\/wp-json\/wp\/v2\/product_brand?post=288747"},{"taxonomy":"product_cat","embeddable":true,"href":"https:\/\/mendomedical.ca\/fr\/wp-json\/wp\/v2\/product_cat?post=288747"},{"taxonomy":"product_tag","embeddable":true,"href":"https:\/\/mendomedical.ca\/fr\/wp-json\/wp\/v2\/product_tag?post=288747"},{"taxonomy":"product_format_filter","embeddable":true,"href":"https:\/\/mendomedical.ca\/fr\/wp-json\/wp\/v2\/product_format_filter?post=288747"}],"curies":[{"name":"wp","href":"https:\/\/api.w.org\/{rel}","templated":true}]}}