{"id":288745,"date":"2025-10-04T20:15:59","date_gmt":"2025-10-05T00:15:59","guid":{"rendered":"https:\/\/mendomedical.ca\/?post_type=product&#038;p=288745"},"modified":"2026-04-22T13:39:34","modified_gmt":"2026-04-22T17:39:34","slug":"bazookas-14g-fr","status":"publish","type":"product","link":"https:\/\/mendomedical.ca\/fr\/produit\/bazookas-14g-fr\/","title":{"rendered":"Bazookas"},"content":{"rendered":"","protected":false},"excerpt":{"rendered":"<div class=\"ExternalClassD59C8D69F70E4C19BA3C9E3F6B1E1BA7\">\n<h3>Bazookas par Ostara M\u00e9dical<\/h3>\n<h4>Terp\u00e8nes totaux : 4,19 %.<\/h4>\n<p>D\u00e9couvrez les effets puissants de Bazookas, une vari\u00e9t\u00e9 premium \u00e0 dominance indica \u00e9labor\u00e9e par Ostara M\u00e9dical. Cette fleur exceptionnelle combine les g\u00e9n\u00e9tiques Bubblegum Biscotti et Grape Gasoline pour offrir une exp\u00e9rience th\u00e9rapeutique puissante. Avec un taux impressionnant de 4 \u00e0 5 % de terp\u00e8nes totaux et des cocottes denses et couvertes de trichomes, Bazookas offre aux patients de cannabis m\u00e9dical une option robuste pour g\u00e9rer divers sympt\u00f4mes tout en apportant une clart\u00e9 mentale et un soulagement euphorique.<\/p>\n<h3>Caract\u00e9ristiques principales<\/h3>\n<ul>\n<li>Souche \u00e0 dominance indica \u00e0 teneur \u00e9lev\u00e9e en THC avec 4 \u00e0 5 % de terp\u00e8nes totaux pour des effets th\u00e9rapeutiques renforc\u00e9s.<\/li>\n<li>Des cocottes denses, recouvertes de trichomes, qui t\u00e9moignent d&rsquo;une qualit\u00e9 et d&rsquo;une puissance de premier ordre.<\/li>\n<li>Croisement g\u00e9n\u00e9tique unique de Bubblegum Biscotti x Grape Gasoline<\/li>\n<li>L&rsquo;euphorie initiale est suivie d&rsquo;effets calmants et stimulants et d&rsquo;une clart\u00e9 mentale.<\/li>\n<li>Peut contribuer \u00e0 la gestion de la douleur, \u00e0 l&rsquo;am\u00e9lioration de l&rsquo;humeur et \u00e0 l&rsquo;am\u00e9lioration de la qualit\u00e9 du sommeil.<\/li>\n<\/ul>\n<h3>Profil aromatique et terp\u00e9nique<\/h3>\n<p>Le Bazookas offre une exp\u00e9rience sensorielle complexe qui commence par un ar\u00f4me robuste de terre qui \u00e9volue pour r\u00e9v\u00e9ler des notes pro\u00e9minentes d&rsquo;essence et d&rsquo;agrumes. Lors de l&rsquo;inhalation, le palais est trait\u00e9 avec des saveurs dominantes d&rsquo;agrumes et de citron qui compl\u00e8tent parfaitement ses nuances gazeuses. Le profil terp\u00e9nique diversifi\u00e9 de la vari\u00e9t\u00e9 comprend du limon\u00e8ne, du caryophyll\u00e8ne et de l&rsquo;humul\u00e8ne, contribuant \u00e0 la fois \u00e0 son caract\u00e8re distinctif et \u00e0 ses bienfaits th\u00e9rapeutiques potentiels.<\/p>\n<h3>Pourquoi choisir la fleur<\/h3>\n<p>La fleur de cannabis m\u00e9dical offre aux patients un contr\u00f4le pr\u00e9cis du dosage et une apparition imm\u00e9diate des effets, ce qui la rend id\u00e9ale pour g\u00e9rer les sympt\u00f4mes aigus. Les produits \u00e0 base de fleurs enti\u00e8res comme les Bazookas fournissent le spectre complet des cannabino\u00efdes et des terp\u00e8nes, soutenant l&rsquo;effet d&rsquo;entourage pour un potentiel th\u00e9rapeutique accru.<\/p>\n<h3>Exp\u00e9dition dans tout le Canada<\/h3>\n<p>Bazookas exp\u00e9die rapidement \u00e0 travers le Canada avec une livraison gratuite pour les commandes de plus de 150$. Nous nous assurons que votre cannabis m\u00e9dical arrive rapidement et discr\u00e8tement pour vous aider dans votre d\u00e9marche de bien-\u00eatre.<\/p>\n<h3>Avantages et couverture pour les anciens combattants<\/h3>\n<p>Bazookas est admissible \u00e0 la couverture d&rsquo;ACC (Anciens Combattants Canada) avec facturation directe par l&rsquo;entremise de la Croix Bleue, ce qui signifie que les anciens combattants admissibles n&rsquo;ont pas \u00e0 d\u00e9bourser d&rsquo;argent. Si vous n&rsquo;avez pas encore d&rsquo;ordonnance de cannabis m\u00e9dical, obtenez votre carte m\u00e9dicale gratuite rapidement et facilement sur <a href=\"https:\/\/mendomedical.ca\/fr\/carte-medicale\/\">https:\/\/mendomedical.ca\/medical-card\/.<\/a><\/p>\n<\/div>\n","protected":false},"featured_media":265339,"comment_status":"closed","ping_status":"closed","template":"","meta":{"_acf_changed":false,"site-sidebar-layout":"default","site-content-layout":"","ast-site-content-layout":"default","site-content-style":"default","site-sidebar-style":"default","ast-global-header-display":"","ast-banner-title-visibility":"","ast-main-header-display":"","ast-hfb-above-header-display":"","ast-hfb-below-header-display":"","ast-hfb-mobile-header-display":"","site-post-title":"","ast-breadcrumbs-content":"","ast-featured-img":"","footer-sml-layout":"","ast-disable-related-posts":"","theme-transparent-header-meta":"default","adv-header-id-meta":"","stick-header-meta":"","header-above-stick-meta":"","header-main-stick-meta":"","header-below-stick-meta":"","astra-migrate-meta-layouts":"set","ast-page-background-enabled":"default","ast-page-background-meta":{"desktop":{"background-color":"var(--ast-global-color-4)","background-image":"","background-repeat":"repeat","background-position":"center center","background-size":"auto","background-attachment":"scroll","background-type":"","background-media":"","overlay-type":"","overlay-color":"","overlay-opacity":"","overlay-gradient":""},"tablet":{"background-color":"","background-image":"","background-repeat":"repeat","background-position":"center center","background-size":"auto","background-attachment":"scroll","background-type":"","background-media":"","overlay-type":"","overlay-color":"","overlay-opacity":"","overlay-gradient":""},"mobile":{"background-color":"","background-image":"","background-repeat":"repeat","background-position":"center center","background-size":"auto","background-attachment":"scroll","background-type":"","background-media":"","overlay-type":"","overlay-color":"","overlay-opacity":"","overlay-gradient":""}},"ast-content-background-meta":{"desktop":{"background-color":"var(--ast-global-color-5)","background-image":"","background-repeat":"repeat","background-position":"center center","background-size":"auto","background-attachment":"scroll","background-type":"","background-media":"","overlay-type":"","overlay-color":"","overlay-opacity":"","overlay-gradient":""},"tablet":{"background-color":"var(--ast-global-color-5)","background-image":"","background-repeat":"repeat","background-position":"center center","background-size":"auto","background-attachment":"scroll","background-type":"","background-media":"","overlay-type":"","overlay-color":"","overlay-opacity":"","overlay-gradient":""},"mobile":{"background-color":"var(--ast-global-color-5)","background-image":"","background-repeat":"repeat","background-position":"center center","background-size":"auto","background-attachment":"scroll","background-type":"","background-media":"","overlay-type":"","overlay-color":"","overlay-opacity":"","overlay-gradient":""}}},"product_brand":[],"product_cat":[1137],"product_tag":[2515],"product_format_filter":[6407],"class_list":{"0":"post-288745","1":"product","2":"type-product","3":"status-publish","4":"has-post-thumbnail","6":"product_cat-fleur","7":"product_tag-ostara-medical-fr","8":"pa_flavours-agrume","9":"pa_flavours-citron","10":"pa_flavours-gazeux","11":"pa_intensity-thc-eleve","12":"pa_marques-ostara-medical-fr","13":"pa_origin-quebec-fr","14":"pa_packaging-date-04-15-2026","15":"pa_prix-par-gramme-9-28","16":"pa_profil-terpene-caryophyllene","17":"pa_profil-terpene-humulene-fr","18":"pa_profil-terpene-limonene-fr","19":"pa_profil-terpene-linalol-fr","20":"pa_profil-terpene-ocimene-fr","21":"pa_profil-terpene-pinene-fr","22":"pa_type-de-plante-indica-fr","23":"product_format_filter-14g","24":"desktop-align-left","25":"tablet-align-left","26":"mobile-align-left","28":"first","29":"instock","30":"taxable","31":"shipping-taxable","32":"purchasable","33":"product-type-simple"},"group_of_quantity":0,"min_quantity":0,"max_quantity":"","exclude_order_quantity_value_rules":"no","exclude_category_quantity_rules":"no","combine_variations":"no","acf":[],"_links":{"self":[{"href":"https:\/\/mendomedical.ca\/fr\/wp-json\/wp\/v2\/product\/288745","targetHints":{"allow":["GET"]}}],"collection":[{"href":"https:\/\/mendomedical.ca\/fr\/wp-json\/wp\/v2\/product"}],"about":[{"href":"https:\/\/mendomedical.ca\/fr\/wp-json\/wp\/v2\/types\/product"}],"replies":[{"embeddable":true,"href":"https:\/\/mendomedical.ca\/fr\/wp-json\/wp\/v2\/comments?post=288745"}],"wp:featuredmedia":[{"embeddable":true,"href":"https:\/\/mendomedical.ca\/fr\/wp-json\/wp\/v2\/media\/265339"}],"wp:attachment":[{"href":"https:\/\/mendomedical.ca\/fr\/wp-json\/wp\/v2\/media?parent=288745"}],"wp:term":[{"taxonomy":"product_brand","embeddable":true,"href":"https:\/\/mendomedical.ca\/fr\/wp-json\/wp\/v2\/product_brand?post=288745"},{"taxonomy":"product_cat","embeddable":true,"href":"https:\/\/mendomedical.ca\/fr\/wp-json\/wp\/v2\/product_cat?post=288745"},{"taxonomy":"product_tag","embeddable":true,"href":"https:\/\/mendomedical.ca\/fr\/wp-json\/wp\/v2\/product_tag?post=288745"},{"taxonomy":"product_format_filter","embeddable":true,"href":"https:\/\/mendomedical.ca\/fr\/wp-json\/wp\/v2\/product_format_filter?post=288745"}],"curies":[{"name":"wp","href":"https:\/\/api.w.org\/{rel}","templated":true}]}}