{"id":288051,"date":"2025-10-02T23:30:58","date_gmt":"2025-10-03T03:30:58","guid":{"rendered":"https:\/\/mendomedical.ca\/product\/roll-call-hybrid-strawberry-kiwi-lemonade-gummies-10x-multi-pack\/"},"modified":"2026-04-14T09:51:23","modified_gmt":"2026-04-14T13:51:23","slug":"roll-call-hybrid-strawberry-kiwi-lemonade-gummies-10x-multi-pack","status":"publish","type":"product","link":"https:\/\/mendomedical.ca\/fr\/produit\/roll-call-hybrid-strawberry-kiwi-lemonade-gummies-10x-multi-pack\/","title":{"rendered":"Roll Call - Hybrid Strawberry Kiwi Lemonade Gummies 10x Multi Pack"},"content":{"rendered":"","protected":false},"excerpt":{"rendered":"<div class=\"ExternalClass296D173EC6824A40B7C1AA24377A0085\">\n<h3>Roll Call - Hybrid Strawberry Kiwi Lemonade Gummies 10x Multi Pack by Six One Charlie<\/h3>\n<p>Faites l&rsquo;exp\u00e9rience des edibles de cannabis fabriqu\u00e9s avec authenticit\u00e9 et intention. Les Roll Call Strawberry Kiwi Lemonade Gummies de Six One Charlie sont con\u00e7us pour les utilisateurs m\u00e9dicaux qui appr\u00e9cient la transparence, la qualit\u00e9 et les effets fid\u00e8les \u00e0 la plante. Contrairement aux edibles conventionnels \u00e0 base de distillat, ces gommes artisanales sont infus\u00e9es avec 10mg de Rosine vivante sans solvant, sp\u00e9cifique \u00e0 la souche, extraite de Strawberry Cough - un hybride c\u00e9l\u00e8bre connu pour ses effets stimulants et concentr\u00e9s. Chaque gomme offre une exp\u00e9rience \u00e0 spectre complet avec une saveur naturellement vibrante de limonade de fraise et de kiwi, sans aucun additif artificiel.   <\/p>\n<h4>Caract\u00e9ristiques principales<\/h4>\n<ul>\n<li>Infus\u00e9 avec du Live Rosin de la toux de fraise \u00e0 spectre complet pour des effets authentiques et sp\u00e9cifiques \u00e0 la souche.<\/li>\n<li>L&rsquo;extraction sans solvant pr\u00e9serve les profils complets des cannabino\u00efdes et des terp\u00e8nes.<\/li>\n<li>Fabriqu\u00e9 avec de vrais ar\u00f4mes de fruits, sans colorants, ar\u00f4mes ou conservateurs artificiels.<\/li>\n<li>Profil hybride \u00e9quilibr\u00e9 offrant une clart\u00e9 stimulante avec une douce aisance corporelle.<\/li>\n<li>10mg de THC par paquet pour un dosage contr\u00f4l\u00e9 et coh\u00e9rent<\/li>\n<\/ul>\n<h4>Profil d&rsquo;ar\u00f4me et de souche<\/h4>\n<p>Ces gommes ont un go\u00fbt vif et rafra\u00eechissant de limonade \u00e0 la fraise et au kiwi, d\u00e9riv\u00e9 d&rsquo;ingr\u00e9dients naturels \u00e0 base de fruits. Infus\u00e9s avec de la Rosine vivante provenant de la souche Strawberry Cough, les gommes peuvent produire des effets stimulants, concentr\u00e9s et sociables, id\u00e9aux pour une utilisation en journ\u00e9e, des t\u00e2ches cr\u00e9atives ou des contextes sociaux. Le spectre complet de Rosin garantit une exp\u00e9rience plus nuanc\u00e9e que les produits \u00e0 base d&rsquo;un seul cannabino\u00efde, offrant ce que beaucoup appellent l&rsquo;effet d&rsquo;entourage.  <\/p>\n<h4>Pourquoi choisir les plantes comestibles ?<\/h4>\n<p>Les produits comestibles comme ces gommes offrent une option discr\u00e8te et sans fum\u00e9e pour les consommateurs de cannabis m\u00e9dical. Avec un dosage pr\u00e9cis et des effets plus durables que l&rsquo;inhalation, ils peuvent aider \u00e0 g\u00e9rer le stress, les baisses de moral, l&rsquo;anxi\u00e9t\u00e9 ou la fatigue mentale tout au long de la journ\u00e9e. L&rsquo;utilisation de Live Rosin sp\u00e9cifique \u00e0 la souche offre un profil de cannabino\u00efdes et de terp\u00e8nes plus riche, ce qui peut favoriser un soulagement plus cibl\u00e9.  <\/p>\n<h4>Exp\u00e9dition dans tout le Canada<\/h4>\n<p>Roll Call - Hybrid Strawberry Kiwi Lemonade Gummies 10x Multi Pack est exp\u00e9di\u00e9 rapidement \u00e0 travers le Canada. Nous offrons la livraison gratuite pour les commandes de plus de 150 $. Veuillez noter que les produits contenant de la g\u00e9latine peuvent fondre pendant l&rsquo;exp\u00e9dition durant les mois d&rsquo;\u00e9t\u00e9. Nous vous recommandons de tenir compte de ce probl\u00e8me potentiel lorsque vous passez votre commande.    Malheureusement, nous ne pouvons pas offrir de remboursement ou de remplacement pour les produits qui fondent pendant le transport. Nous vous remercions de votre compr\u00e9hension.<\/p>\n<h4>Avantages et couverture pour les anciens combattants<\/h4>\n<p>Roll Call - Hybrid Strawberry Kiwi Lemonade Gummies 10x Multi Pack est admissible \u00e0 la couverture d&rsquo;ACC (Anciens Combattants Canada) et \u00e0 la facturation directe par l&rsquo;entremise de la Croix Bleue, ce qui signifie que les anciens combattants admissibles n&rsquo;ont rien \u00e0 d\u00e9bourser. Si vous n&rsquo;avez pas encore de carte m\u00e9dicale, vous pouvez <a href=\"https:\/\/mendomedical.ca\/fr\/carte-medicale\/\">l&rsquo;obtenir rapidement et facilement ici.<\/a> <\/p>\n<h4>Ingr\u00e9dients<\/h4>\n<p>Sucres (sucre, sirop de tapioca), eau, acide citrique, pectine, ar\u00f4me naturel, citrate de sodium, colorant naturel (jus de l\u00e9gumes), huile de graines de chanvre, l\u00e9cithine de tournesol, Live Rosin. Peut contenir : Lait, soja, \u0153uf, bl\u00e9. <\/p>\n<\/div>\n","protected":false},"featured_media":288067,"comment_status":"open","ping_status":"closed","template":"","meta":{"_acf_changed":false,"site-sidebar-layout":"default","site-content-layout":"","ast-site-content-layout":"default","site-content-style":"default","site-sidebar-style":"default","ast-global-header-display":"","ast-banner-title-visibility":"","ast-main-header-display":"","ast-hfb-above-header-display":"","ast-hfb-below-header-display":"","ast-hfb-mobile-header-display":"","site-post-title":"","ast-breadcrumbs-content":"","ast-featured-img":"","footer-sml-layout":"","ast-disable-related-posts":"","theme-transparent-header-meta":"default","adv-header-id-meta":"","stick-header-meta":"","header-above-stick-meta":"","header-main-stick-meta":"","header-below-stick-meta":"","astra-migrate-meta-layouts":"set","ast-page-background-enabled":"default","ast-page-background-meta":{"desktop":{"background-color":"var(--ast-global-color-4)","background-image":"","background-repeat":"repeat","background-position":"center center","background-size":"auto","background-attachment":"scroll","background-type":"","background-media":"","overlay-type":"","overlay-color":"","overlay-opacity":"","overlay-gradient":""},"tablet":{"background-color":"","background-image":"","background-repeat":"repeat","background-position":"center center","background-size":"auto","background-attachment":"scroll","background-type":"","background-media":"","overlay-type":"","overlay-color":"","overlay-opacity":"","overlay-gradient":""},"mobile":{"background-color":"","background-image":"","background-repeat":"repeat","background-position":"center center","background-size":"auto","background-attachment":"scroll","background-type":"","background-media":"","overlay-type":"","overlay-color":"","overlay-opacity":"","overlay-gradient":""}},"ast-content-background-meta":{"desktop":{"background-color":"var(--ast-global-color-5)","background-image":"","background-repeat":"repeat","background-position":"center center","background-size":"auto","background-attachment":"scroll","background-type":"","background-media":"","overlay-type":"","overlay-color":"","overlay-opacity":"","overlay-gradient":""},"tablet":{"background-color":"var(--ast-global-color-5)","background-image":"","background-repeat":"repeat","background-position":"center center","background-size":"auto","background-attachment":"scroll","background-type":"","background-media":"","overlay-type":"","overlay-color":"","overlay-opacity":"","overlay-gradient":""},"mobile":{"background-color":"var(--ast-global-color-5)","background-image":"","background-repeat":"repeat","background-position":"center center","background-size":"auto","background-attachment":"scroll","background-type":"","background-media":"","overlay-type":"","overlay-color":"","overlay-opacity":"","overlay-gradient":""}}},"product_brand":[],"product_cat":[3825,1132,1133,1511,1128],"product_tag":[],"product_format_filter":[],"class_list":{"0":"post-288051","1":"product","2":"type-product","3":"status-publish","4":"has-post-thumbnail","6":"product_cat-cbd-minors-3-fr","7":"product_cat-bonbons","8":"product_cat-thc-eleve","9":"product_cat-full-spectrum-fr","10":"product_cat-comestibles","11":"pa_flavours-strawberry-kiwi-fr","12":"pa_intensity-thc-eleve","13":"pa_marques-six-one-charlie-fr","14":"pa_origin-ontario-fr","15":"pa_type-de-plante-hybride-fr","16":"pa_type-de-plante-thc-fr","17":"desktop-align-left","18":"tablet-align-left","19":"mobile-align-left","21":"first","22":"instock","23":"taxable","24":"shipping-taxable","25":"purchasable","26":"product-type-simple"},"group_of_quantity":0,"min_quantity":0,"max_quantity":"","exclude_order_quantity_value_rules":"no","exclude_category_quantity_rules":"no","combine_variations":"no","acf":[],"_links":{"self":[{"href":"https:\/\/mendomedical.ca\/fr\/wp-json\/wp\/v2\/product\/288051","targetHints":{"allow":["GET"]}}],"collection":[{"href":"https:\/\/mendomedical.ca\/fr\/wp-json\/wp\/v2\/product"}],"about":[{"href":"https:\/\/mendomedical.ca\/fr\/wp-json\/wp\/v2\/types\/product"}],"replies":[{"embeddable":true,"href":"https:\/\/mendomedical.ca\/fr\/wp-json\/wp\/v2\/comments?post=288051"}],"wp:featuredmedia":[{"embeddable":true,"href":"https:\/\/mendomedical.ca\/fr\/wp-json\/wp\/v2\/media\/288067"}],"wp:attachment":[{"href":"https:\/\/mendomedical.ca\/fr\/wp-json\/wp\/v2\/media?parent=288051"}],"wp:term":[{"taxonomy":"product_brand","embeddable":true,"href":"https:\/\/mendomedical.ca\/fr\/wp-json\/wp\/v2\/product_brand?post=288051"},{"taxonomy":"product_cat","embeddable":true,"href":"https:\/\/mendomedical.ca\/fr\/wp-json\/wp\/v2\/product_cat?post=288051"},{"taxonomy":"product_tag","embeddable":true,"href":"https:\/\/mendomedical.ca\/fr\/wp-json\/wp\/v2\/product_tag?post=288051"},{"taxonomy":"product_format_filter","embeddable":true,"href":"https:\/\/mendomedical.ca\/fr\/wp-json\/wp\/v2\/product_format_filter?post=288051"}],"curies":[{"name":"wp","href":"https:\/\/api.w.org\/{rel}","templated":true}]}}