{"id":288048,"date":"2025-10-02T22:30:59","date_gmt":"2025-10-03T02:30:59","guid":{"rendered":"https:\/\/mendomedical.ca\/product\/at-ease-berries-cream-cbd-gummies-30x-multi-pack\/"},"modified":"2026-04-14T15:42:24","modified_gmt":"2026-04-14T19:42:24","slug":"at-ease-berries-cream-cbd-gummies-30x-multi-pack","status":"publish","type":"product","link":"https:\/\/mendomedical.ca\/fr\/produit\/at-ease-berries-cream-cbd-gummies-30x-multi-pack\/","title":{"rendered":"At Ease - Berries &amp; Cream CBD Gummies 30x Multi Pack"},"content":{"rendered":"","protected":false},"excerpt":{"rendered":"<div class=\"ExternalClass8D5FF456FFF44920B72D07262563B60F\">\n<h3>At Ease - Berries &amp; Cream CBD Gummies 30x Multi Pack by Six One Charlie<\/h3>\n<p>D\u00e9couvrez une approche pratique du bien-\u00eatre par le CBD avec At Ease - Berries &amp; Cream CBD Gummies de Six One Charlie. Ce multi-pack de 30 unit\u00e9s fournit du CBD non-psychoactif dans un d\u00e9licieux format aromatis\u00e9 aux baies. Chaque gomme contient 50 mg de CBD de qualit\u00e9 sup\u00e9rieure, offrant aux patients du cannabis m\u00e9dical une option fiable et lucide pour incorporer le cannabidiol dans leur routine quotidienne de bien-\u00eatre. Le profil de saveur baies et cr\u00e8me fait de ces edibles une alternative agr\u00e9able aux formats traditionnels de CBD, tandis que la formule \u00e0 base de pectine s&rsquo;adapte \u00e0 diverses pr\u00e9f\u00e9rences di\u00e9t\u00e9tiques.   <\/p>\n<h4>Caract\u00e9ristiques principales et points forts du produit<\/h4>\n<ul>\n<li>50 mg de CBD par gomme pour un dosage pr\u00e9cis et coh\u00e9rent tout au long du paquet.<\/li>\n<li>Formule non psychoactive con\u00e7ue pour favoriser la relaxation et le bien-\u00eatre g\u00e9n\u00e9ral sans effets intoxicants.<\/li>\n<li>Gr\u00e2ce \u00e0 leurs effets potentiels sur la t\u00eate, ces gommes conviennent aussi bien \u00e0 la journ\u00e9e qu&rsquo;au soir.<\/li>\n<li>Formule \u00e0 base de pectine \u00e9labor\u00e9e avec des ingr\u00e9dients naturels, notamment du jus de l\u00e9gumes pour la coloration et de l&rsquo;huile de graines de chanvre.<\/li>\n<li>D\u00e9licieuse saveur de baies et de cr\u00e8me qui masque le go\u00fbt naturel du chanvre pour une exp\u00e9rience de consommation agr\u00e9able.<\/li>\n<\/ul>\n<h4>Profil d&rsquo;ar\u00f4me<\/h4>\n<p>Les gommes au CBD At Ease ont un go\u00fbt de baies et de cr\u00e8me soigneusement \u00e9quilibr\u00e9, qui associe une douceur fruit\u00e9e \u00e0 une finition douce et cr\u00e9meuse. Les ar\u00f4mes naturels compl\u00e8tent efficacement l&rsquo;extrait de CBD tout en masquant le go\u00fbt du chanvre, cr\u00e9ant ainsi une exp\u00e9rience comestible agr\u00e9able qui fait de votre routine de bien-\u00eatre quelque chose que vous attendez avec impatience. Les notes de baies donnent un go\u00fbt familier et agr\u00e9able qui pla\u00eet aux utilisateurs de CBD, qu&rsquo;ils soient nouveaux ou exp\u00e9riment\u00e9s.  <\/p>\n<h4>Pourquoi choisir les produits comestibles au CBD ?<\/h4>\n<p>Les edibles au CBD offrent aux patients qui consomment du cannabis m\u00e9dical une m\u00e9thode de consommation discr\u00e8te, pratique et pr\u00e9cis\u00e9ment dos\u00e9e. Ces gommes offrent les bienfaits potentiels du cannabidiol sans effets psychoactifs, ce qui les rend id\u00e9ales pour les patients qui recherchent un soutien tout au long de la journ\u00e9e tout en conservant leur clart\u00e9 et leur concentration. Les effets durables des edibles peuvent contribuer \u00e0 un soulagement constant, tandis que le dosage pr\u00e9mesur\u00e9 \u00e9limine les conjectures.  <\/p>\n<h4>Exp\u00e9dition dans tout le Canada<\/h4>\n<p>At Ease - Berries &amp; Cream CBD Gummies 30x Multi Pack est exp\u00e9di\u00e9 rapidement au Canada par Mendo Medical. Profitez de la livraison gratuite pour les commandes de plus de 150 $. Veuillez noter que les produits contenant de la g\u00e9latine peuvent fondre pendant l&rsquo;exp\u00e9dition durant les mois d&rsquo;\u00e9t\u00e9. Nous vous recommandons de tenir compte de ce probl\u00e8me potentiel lorsque vous passez votre commande.    Malheureusement, nous ne pouvons pas offrir de remboursement ou de remplacement pour les produits qui fondent pendant le transport. Nous vous remercions de votre compr\u00e9hension.<\/p>\n<h4>Avantages et couverture pour les anciens combattants<\/h4>\n<p>At Ease - Berries &amp; Cream CBD Gummies 30x Multi Pack est admissible \u00e0 la couverture d&rsquo;ACC (Anciens Combattants Canada). Les anciens combattants admissibles peuvent obtenir ces gommes de CBD par facturation directe avec la Croix Bleue, ce qui signifie qu&rsquo;ils n&rsquo;ont rien \u00e0 d\u00e9bourser. Si vous n&rsquo;avez pas encore de carte m\u00e9dicale, vous pouvez <a href=\"https:\/\/mendomedical.ca\/fr\/carte-medicale\/\">obtenir votre carte m\u00e9dicale gratuite rapidement et facilement<\/a> pour commencer \u00e0 acc\u00e9der aux avantages et \u00e0 la couverture auxquels vous avez droit.  <\/p>\n<h4>Ingr\u00e9dients<\/h4>\n<p>Sucres (sucre, sirop de tapioca), eau, acide citrique, pectine, ar\u00f4me naturel, citrate de sodium, colorant naturel (jus de l\u00e9gumes), huile de graines de chanvre, l\u00e9cithine de tournesol, extrait de cannabis. Peut contenir : Lait, soja, \u0153uf, bl\u00e9. <\/p>\n<\/div>\n","protected":false},"featured_media":288081,"comment_status":"open","ping_status":"closed","template":"","meta":{"_acf_changed":false,"site-sidebar-layout":"default","site-content-layout":"","ast-site-content-layout":"default","site-content-style":"default","site-sidebar-style":"default","ast-global-header-display":"","ast-banner-title-visibility":"","ast-main-header-display":"","ast-hfb-above-header-display":"","ast-hfb-below-header-display":"","ast-hfb-mobile-header-display":"","site-post-title":"","ast-breadcrumbs-content":"","ast-featured-img":"","footer-sml-layout":"","ast-disable-related-posts":"","theme-transparent-header-meta":"default","adv-header-id-meta":"","stick-header-meta":"","header-above-stick-meta":"","header-main-stick-meta":"","header-below-stick-meta":"","astra-migrate-meta-layouts":"set","ast-page-background-enabled":"default","ast-page-background-meta":{"desktop":{"background-color":"var(--ast-global-color-4)","background-image":"","background-repeat":"repeat","background-position":"center center","background-size":"auto","background-attachment":"scroll","background-type":"","background-media":"","overlay-type":"","overlay-color":"","overlay-opacity":"","overlay-gradient":""},"tablet":{"background-color":"","background-image":"","background-repeat":"repeat","background-position":"center center","background-size":"auto","background-attachment":"scroll","background-type":"","background-media":"","overlay-type":"","overlay-color":"","overlay-opacity":"","overlay-gradient":""},"mobile":{"background-color":"","background-image":"","background-repeat":"repeat","background-position":"center center","background-size":"auto","background-attachment":"scroll","background-type":"","background-media":"","overlay-type":"","overlay-color":"","overlay-opacity":"","overlay-gradient":""}},"ast-content-background-meta":{"desktop":{"background-color":"var(--ast-global-color-5)","background-image":"","background-repeat":"repeat","background-position":"center center","background-size":"auto","background-attachment":"scroll","background-type":"","background-media":"","overlay-type":"","overlay-color":"","overlay-opacity":"","overlay-gradient":""},"tablet":{"background-color":"var(--ast-global-color-5)","background-image":"","background-repeat":"repeat","background-position":"center center","background-size":"auto","background-attachment":"scroll","background-type":"","background-media":"","overlay-type":"","overlay-color":"","overlay-opacity":"","overlay-gradient":""},"mobile":{"background-color":"var(--ast-global-color-5)","background-image":"","background-repeat":"repeat","background-position":"center center","background-size":"auto","background-attachment":"scroll","background-type":"","background-media":"","overlay-type":"","overlay-color":"","overlay-opacity":"","overlay-gradient":""}}},"product_brand":[],"product_cat":[3825,1132,1696,1128],"product_tag":[],"product_format_filter":[],"class_list":{"0":"post-288048","1":"product","2":"type-product","3":"status-publish","4":"has-post-thumbnail","6":"product_cat-cbd-minors-3-fr","7":"product_cat-bonbons","8":"product_cat-sans-thc-fr","9":"product_cat-comestibles","10":"pa_flavours-baies","11":"pa_intensity-eleve-en-cbd","12":"pa_marques-six-one-charlie-fr","13":"pa_origin-ontario-fr","14":"pa_type-de-plante-cbd-fr","15":"desktop-align-left","16":"tablet-align-left","17":"mobile-align-left","19":"first","20":"instock","21":"taxable","22":"shipping-taxable","23":"purchasable","24":"product-type-simple"},"group_of_quantity":0,"min_quantity":0,"max_quantity":"","exclude_order_quantity_value_rules":"no","exclude_category_quantity_rules":"no","combine_variations":"no","acf":[],"_links":{"self":[{"href":"https:\/\/mendomedical.ca\/fr\/wp-json\/wp\/v2\/product\/288048","targetHints":{"allow":["GET"]}}],"collection":[{"href":"https:\/\/mendomedical.ca\/fr\/wp-json\/wp\/v2\/product"}],"about":[{"href":"https:\/\/mendomedical.ca\/fr\/wp-json\/wp\/v2\/types\/product"}],"replies":[{"embeddable":true,"href":"https:\/\/mendomedical.ca\/fr\/wp-json\/wp\/v2\/comments?post=288048"}],"wp:featuredmedia":[{"embeddable":true,"href":"https:\/\/mendomedical.ca\/fr\/wp-json\/wp\/v2\/media\/288081"}],"wp:attachment":[{"href":"https:\/\/mendomedical.ca\/fr\/wp-json\/wp\/v2\/media?parent=288048"}],"wp:term":[{"taxonomy":"product_brand","embeddable":true,"href":"https:\/\/mendomedical.ca\/fr\/wp-json\/wp\/v2\/product_brand?post=288048"},{"taxonomy":"product_cat","embeddable":true,"href":"https:\/\/mendomedical.ca\/fr\/wp-json\/wp\/v2\/product_cat?post=288048"},{"taxonomy":"product_tag","embeddable":true,"href":"https:\/\/mendomedical.ca\/fr\/wp-json\/wp\/v2\/product_tag?post=288048"},{"taxonomy":"product_format_filter","embeddable":true,"href":"https:\/\/mendomedical.ca\/fr\/wp-json\/wp\/v2\/product_format_filter?post=288048"}],"curies":[{"name":"wp","href":"https:\/\/api.w.org\/{rel}","templated":true}]}}