{"id":288047,"date":"2025-10-02T23:05:04","date_gmt":"2025-10-03T03:05:04","guid":{"rendered":"https:\/\/mendomedical.ca\/product\/at-ease-berries-cream-cbd-gummies-10x-multi-pack\/"},"modified":"2026-04-14T15:42:12","modified_gmt":"2026-04-14T19:42:12","slug":"at-ease-berries-cream-cbd-gummies-10x-multi-pack","status":"publish","type":"product","link":"https:\/\/mendomedical.ca\/fr\/produit\/at-ease-berries-cream-cbd-gummies-10x-multi-pack\/","title":{"rendered":"At Ease - Berries &amp; Cream CBD Gummies 10x Multi Pack"},"content":{"rendered":"","protected":false},"excerpt":{"rendered":"<div class=\"ExternalClassF9EB50B8FE43462CBCA6A4A08B30006D\">\n<h3>At Ease - Berries &amp; Cream CBD Gummies 10x Multi Pack by Six One Charlie<\/h3>\n<p>At Ease - Berries &amp; Cream CBD Gummies 10x Multi Pack de Six One Charlie offre une solution de bien-\u00eatre pratique et non-psychoactive pour les patients du cannabis m\u00e9dical qui recherchent les b\u00e9n\u00e9fices potentiels du CBD sans les effets du THC. Chaque multi-pack contient 10 paquets individuels, chaque paquet contenant deux d\u00e9licieuses gommes aromatis\u00e9es aux baies et \u00e0 la cr\u00e8me contenant 50 mg de CBD de premi\u00e8re qualit\u00e9 par pi\u00e8ce (500 mg au total par paquet). Ces gommes \u00e0 base de pectine procurent une sensation de lucidit\u00e9, ce qui les rend id\u00e9ales pour une utilisation en journ\u00e9e ou pour ceux qui d\u00e9couvrent les produits de bien-\u00eatre \u00e0 base de cannabis.  <\/p>\n<h4>Caract\u00e9ristiques principales et points forts du produit<\/h4>\n<ul>\n<li>Paquet de 10 gommes fournissant 500 mg de CBD au total sur 10 gommes individuelles (50 mg de CBD par gomme).<\/li>\n<li>Formule non psychoactive con\u00e7ue pour favoriser la relaxation et le bien-\u00eatre g\u00e9n\u00e9ral.<\/li>\n<li>D\u00e9licieuse saveur de baies et de cr\u00e8me qui masque le go\u00fbt naturel du chanvre.<\/li>\n<li>Formulation \u00e0 base de pectine adapt\u00e9e \u00e0 diverses pr\u00e9f\u00e9rences alimentaires<\/li>\n<li>Fabriqu\u00e9 \u00e0 partir d&rsquo;ingr\u00e9dients naturels, notamment du jus de l\u00e9gumes pour la coloration et de l&rsquo;huile de graines de chanvre.<\/li>\n<\/ul>\n<h4>Profil d&rsquo;ar\u00f4me<\/h4>\n<p>Ces gommes au CBD ont un go\u00fbt de baies et de cr\u00e8me soigneusement \u00e9labor\u00e9 qui offre une exp\u00e9rience agr\u00e9able et fruit\u00e9e \u00e0 chaque dose. Les ar\u00f4mes naturels de baies se marient harmonieusement avec les notes cr\u00e9meuses pour cr\u00e9er une exp\u00e9rience de consommation agr\u00e9able tout en masquant efficacement le go\u00fbt naturel du chanvre, faisant de votre routine quotidienne de bien-\u00eatre quelque chose que vous attendez avec impatience. <\/p>\n<h4>Pourquoi choisir les CBD Gummies ?<\/h4>\n<p>Les gommes de CBD offrent aux patients qui consomment du cannabis m\u00e9dical une m\u00e9thode discr\u00e8te, pr\u00e9cise et agr\u00e9able de consommation de CBD. Le format pr\u00e9-dos\u00e9 \u00e9limine les conjectures, tandis que la nature non-psychoactive du CBD fait que ces gommes peuvent \u00eatre consomm\u00e9es tout au long de la journ\u00e9e sans alt\u00e9ration des facult\u00e9s. Les gommes At Ease procurent une exp\u00e9rience lucide qui peut favoriser la relaxation et le bien-\u00eatre g\u00e9n\u00e9ral dans le cadre d&rsquo;un programme de sant\u00e9 complet.  <\/p>\n<h4>Exp\u00e9dition dans tout le Canada<\/h4>\n<p>At Ease - Berries &amp; Cream CBD Gummies 10x Multi Pack est exp\u00e9di\u00e9 rapidement \u00e0 travers le Canada, avec une livraison gratuite pour les commandes de plus de 150 $. Veuillez noter que les produits contenant de la pectine et des ingr\u00e9dients naturels peuvent \u00eatre affect\u00e9s par des temp\u00e9ratures extr\u00eames pendant l&rsquo;exp\u00e9dition, en particulier pendant les mois d&rsquo;\u00e9t\u00e9. Nous vous recommandons de tenir compte de ce probl\u00e8me potentiel lorsque vous passez votre commande. Malheureusement, nous ne pouvons pas offrir de remboursement ou de remplacement pour les produits qui sont endommag\u00e9s en raison de l&rsquo;exposition \u00e0 la temp\u00e9rature pendant le transport.    Nous vous remercions de votre compr\u00e9hension.<\/p>\n<h4>Avantages et couverture pour les anciens combattants<\/h4>\n<p>Le produit At Ease - Berries &amp; Cream CBD Gummies 10x Multi Pack est admissible \u00e0 la couverture d&rsquo;Anciens Combattants Canada (ACC) et \u00e0 la facturation directe par l&rsquo;entremise de la Croix Bleue, ce qui signifie que les anciens combattants admissibles peuvent avoir acc\u00e8s \u00e0 ce produit sans avoir \u00e0 d\u00e9bourser quoi que ce soit. Si vous n&rsquo;avez pas encore de carte de cannabis m\u00e9dical, vous pouvez <a href=\"https:\/\/mendomedical.ca\/fr\/carte-medicale\/\">obtenir votre carte m\u00e9dicale gratuite rapidement et facilement<\/a> pour commencer \u00e0 acc\u00e9der \u00e0 vos avantages. <\/p>\n<h4>Ingr\u00e9dients<\/h4>\n<p>Sucres (sucre, sirop de tapioca), eau, acide citrique, pectine, ar\u00f4me naturel, citrate de sodium, colorant naturel (jus de l\u00e9gumes), huile de graines de chanvre, l\u00e9cithine de tournesol, extrait de cannabis. Peut contenir : Lait, soja, \u0153uf, bl\u00e9. <\/p>\n<\/div>\n","protected":false},"featured_media":288075,"comment_status":"open","ping_status":"closed","template":"","meta":{"_acf_changed":false,"site-sidebar-layout":"default","site-content-layout":"","ast-site-content-layout":"default","site-content-style":"default","site-sidebar-style":"default","ast-global-header-display":"","ast-banner-title-visibility":"","ast-main-header-display":"","ast-hfb-above-header-display":"","ast-hfb-below-header-display":"","ast-hfb-mobile-header-display":"","site-post-title":"","ast-breadcrumbs-content":"","ast-featured-img":"","footer-sml-layout":"","ast-disable-related-posts":"","theme-transparent-header-meta":"default","adv-header-id-meta":"","stick-header-meta":"","header-above-stick-meta":"","header-main-stick-meta":"","header-below-stick-meta":"","astra-migrate-meta-layouts":"set","ast-page-background-enabled":"default","ast-page-background-meta":{"desktop":{"background-color":"var(--ast-global-color-4)","background-image":"","background-repeat":"repeat","background-position":"center center","background-size":"auto","background-attachment":"scroll","background-type":"","background-media":"","overlay-type":"","overlay-color":"","overlay-opacity":"","overlay-gradient":""},"tablet":{"background-color":"","background-image":"","background-repeat":"repeat","background-position":"center center","background-size":"auto","background-attachment":"scroll","background-type":"","background-media":"","overlay-type":"","overlay-color":"","overlay-opacity":"","overlay-gradient":""},"mobile":{"background-color":"","background-image":"","background-repeat":"repeat","background-position":"center center","background-size":"auto","background-attachment":"scroll","background-type":"","background-media":"","overlay-type":"","overlay-color":"","overlay-opacity":"","overlay-gradient":""}},"ast-content-background-meta":{"desktop":{"background-color":"var(--ast-global-color-5)","background-image":"","background-repeat":"repeat","background-position":"center center","background-size":"auto","background-attachment":"scroll","background-type":"","background-media":"","overlay-type":"","overlay-color":"","overlay-opacity":"","overlay-gradient":""},"tablet":{"background-color":"var(--ast-global-color-5)","background-image":"","background-repeat":"repeat","background-position":"center center","background-size":"auto","background-attachment":"scroll","background-type":"","background-media":"","overlay-type":"","overlay-color":"","overlay-opacity":"","overlay-gradient":""},"mobile":{"background-color":"var(--ast-global-color-5)","background-image":"","background-repeat":"repeat","background-position":"center center","background-size":"auto","background-attachment":"scroll","background-type":"","background-media":"","overlay-type":"","overlay-color":"","overlay-opacity":"","overlay-gradient":""}}},"product_brand":[],"product_cat":[3825,1132,1128],"product_tag":[],"product_format_filter":[],"class_list":{"0":"post-288047","1":"product","2":"type-product","3":"status-publish","4":"has-post-thumbnail","6":"product_cat-cbd-minors-3-fr","7":"product_cat-bonbons","8":"product_cat-comestibles","9":"pa_flavours-baies","10":"pa_intensity-cbd-moyen","11":"pa_marques-six-one-charlie-fr","12":"pa_origin-ontario-fr","13":"pa_type-de-plante-cbd-fr","14":"desktop-align-left","15":"tablet-align-left","16":"mobile-align-left","18":"first","19":"instock","20":"taxable","21":"shipping-taxable","22":"purchasable","23":"product-type-simple"},"group_of_quantity":0,"min_quantity":0,"max_quantity":"","exclude_order_quantity_value_rules":"no","exclude_category_quantity_rules":"no","combine_variations":"no","acf":[],"_links":{"self":[{"href":"https:\/\/mendomedical.ca\/fr\/wp-json\/wp\/v2\/product\/288047","targetHints":{"allow":["GET"]}}],"collection":[{"href":"https:\/\/mendomedical.ca\/fr\/wp-json\/wp\/v2\/product"}],"about":[{"href":"https:\/\/mendomedical.ca\/fr\/wp-json\/wp\/v2\/types\/product"}],"replies":[{"embeddable":true,"href":"https:\/\/mendomedical.ca\/fr\/wp-json\/wp\/v2\/comments?post=288047"}],"wp:featuredmedia":[{"embeddable":true,"href":"https:\/\/mendomedical.ca\/fr\/wp-json\/wp\/v2\/media\/288075"}],"wp:attachment":[{"href":"https:\/\/mendomedical.ca\/fr\/wp-json\/wp\/v2\/media?parent=288047"}],"wp:term":[{"taxonomy":"product_brand","embeddable":true,"href":"https:\/\/mendomedical.ca\/fr\/wp-json\/wp\/v2\/product_brand?post=288047"},{"taxonomy":"product_cat","embeddable":true,"href":"https:\/\/mendomedical.ca\/fr\/wp-json\/wp\/v2\/product_cat?post=288047"},{"taxonomy":"product_tag","embeddable":true,"href":"https:\/\/mendomedical.ca\/fr\/wp-json\/wp\/v2\/product_tag?post=288047"},{"taxonomy":"product_format_filter","embeddable":true,"href":"https:\/\/mendomedical.ca\/fr\/wp-json\/wp\/v2\/product_format_filter?post=288047"}],"curies":[{"name":"wp","href":"https:\/\/api.w.org\/{rel}","templated":true}]}}