{"id":288044,"date":"2025-10-02T22:40:04","date_gmt":"2025-10-03T02:40:04","guid":{"rendered":"https:\/\/mendomedical.ca\/product\/recon-focus-green-apple-cbdcbg-gummies-30x-multi-pack\/"},"modified":"2026-04-15T14:39:04","modified_gmt":"2026-04-15T18:39:04","slug":"recon-focus-green-apple-cbdcbg-gummies-30x-multi-pack","status":"publish","type":"product","link":"https:\/\/mendomedical.ca\/fr\/produit\/recon-focus-green-apple-cbdcbg-gummies-30x-multi-pack\/","title":{"rendered":"Recon Focus - Green Apple CBD+CBG Gummies 30x Multi Pack"},"content":{"rendered":"","protected":false},"excerpt":{"rendered":"<div class=\"ExternalClassCBD309194C8B4658B527B8D24056488A\">\n<h3>Recon Focus - Green Apple CBD+CBG Gummies 30x Multi Pack by Six One Charlie<\/h3>\n<p>Les gommes Recon Focus Green Apple CBD+CBG de Six One Charlie&rsquo;s offrent un m\u00e9lange de cannabino\u00efdes CBD et CBG soigneusement formul\u00e9 pour soutenir la clart\u00e9 mentale tout au long de la journ\u00e9e. Chaque gomme en forme de d\u00f4me, pr\u00e9cis\u00e9ment dos\u00e9e, offre un go\u00fbt rafra\u00eechissant de pomme verte tout en apportant les b\u00e9n\u00e9fices compl\u00e9mentaires de cette association de cannabino\u00efdes. La formule \u00e0 base de pectine permet \u00e0 ces gommes de convenir \u00e0 un mode de vie v\u00e9g\u00e9tarien, tandis que la coloration naturelle du curcuma et de la spiruline donne \u00e0 ces gommes leur aspect vert distinctif. Ce multi-pack de 30 unit\u00e9s vous assure un approvisionnement constant pour votre routine quotidienne de bien-\u00eatre dans un format pratique et discret.<\/p>\n<h4>Caract\u00e9ristiques principales<\/h4>\n<ul>\n<li>M\u00e9lange de cannabino\u00efdes CBD+CBG de premi\u00e8re qualit\u00e9 formul\u00e9 pour favoriser la clart\u00e9 de l&rsquo;esprit<\/li>\n<li>Formule v\u00e9g\u00e9tarienne \u00e0 base de pectine avec colorants naturels issus du curcuma et de la spiruline.<\/li>\n<li>Des gommes en forme de d\u00f4me, dos\u00e9es avec pr\u00e9cision, pour des effets constants et fiables<\/li>\n<li>Contient de l&rsquo;huile de graines de chanvre et de l&rsquo;extrait de cannabis pour un spectre complet de bienfaits.<\/li>\n<li>Emballage multiple pratique de 30 unit\u00e9s pour une utilisation quotidienne soutenue<\/li>\n<\/ul>\n<h4>Profil des ar\u00f4mes et des cannabino\u00efdes<\/h4>\n<p>Ces gommes vertes vibrantes pr\u00e9sentent un profil d&rsquo;ar\u00f4me authentique de pomme verte qui donne un go\u00fbt vif et rafra\u00eechissant \u00e0 chaque dose. Les ar\u00f4mes naturels de fruits sont compl\u00e9t\u00e9s par des notes terreuses subtiles provenant de l&rsquo;extrait de chanvre, cr\u00e9ant ainsi une exp\u00e9rience de consommation agr\u00e9able. La combinaison de cannabino\u00efdes CBD+CBG fonctionne en synergie, les deux compos\u00e9s offrant des propri\u00e9t\u00e9s distinctes qui peuvent favoriser un \u00e9tat de calme et de concentration id\u00e9al pour les routines de bien-\u00eatre quotidiennes.<\/p>\n<h4>Pourquoi choisir les gommes CBD+CBG ?<\/h4>\n<p>Les gommes CBD+CBG offrent aux consommateurs de cannabis m\u00e9dical une m\u00e9thode de consommation discr\u00e8te, pr\u00e9cis\u00e9ment dos\u00e9e et pratique, qui ne n\u00e9cessite aucun \u00e9quipement ou pr\u00e9paration suppl\u00e9mentaire. La combinaison de ces deux cannabino\u00efdes peut avoir des effets compl\u00e9mentaires, tandis que la nature durable des edibles les rend id\u00e9aux pour un soutien durable au bien-\u00eatre tout au long de la journ\u00e9e.<\/p>\n<h4>Exp\u00e9dition dans tout le Canada<\/h4>\n<p>Recon Focus - Green Apple CBD+CBG Gummies 30x Multi Pack est exp\u00e9di\u00e9 rapidement \u00e0 travers le Canada, avec une livraison gratuite pour les commandes de plus de 150 $. Veuillez noter que les produits gommeux peuvent fondre pendant l&rsquo;exp\u00e9dition au cours des mois d&rsquo;\u00e9t\u00e9 les plus chauds. Nous vous recommandons de tenir compte de ce probl\u00e8me potentiel lorsque vous passez votre commande. Malheureusement, nous ne pouvons pas offrir de remboursement ou de remplacement pour les produits qui fondent pendant le transport. Nous vous remercions de votre compr\u00e9hension.<\/p>\n<h4>Avantages et couverture pour les anciens combattants<\/h4>\n<p>Recon Focus - Green Apple CBD+CBG Gummies 30x Multi Pack est admissible \u00e0 la couverture d&rsquo;ACC (Anciens Combattants Canada) et \u00e0 la facturation directe par la Croix Bleue, ce qui signifie que les anciens combattants admissibles n&rsquo;ont rien \u00e0 d\u00e9bourser. Si vous n&rsquo;avez pas encore de carte de cannabis m\u00e9dical, vous pouvez <a href=\"https:\/\/mendomedical.ca\/fr\/carte-medicale\/\">obtenir votre carte m\u00e9dicale gratuite rapidement et facilement<\/a> pour acc\u00e9der \u00e0 ces avantages.<\/p>\n<h4>Ingr\u00e9dients<\/h4>\n<p>Sucres (sucre, sirop de tapioca), eau, acide citrique, ar\u00f4me naturel, pectine, citrate de sodium, colorant naturel (curcuma, extrait de spiruline), huile de graines de chanvre, l\u00e9cithine de tournesol, extrait de cannabis. Peut contenir : Lait, soja, \u0153uf, bl\u00e9.<\/p>\n<\/div>\n","protected":false},"featured_media":288311,"comment_status":"open","ping_status":"closed","template":"","meta":{"_acf_changed":false,"site-sidebar-layout":"default","site-content-layout":"","ast-site-content-layout":"default","site-content-style":"default","site-sidebar-style":"default","ast-global-header-display":"","ast-banner-title-visibility":"","ast-main-header-display":"","ast-hfb-above-header-display":"","ast-hfb-below-header-display":"","ast-hfb-mobile-header-display":"","site-post-title":"","ast-breadcrumbs-content":"","ast-featured-img":"","footer-sml-layout":"","ast-disable-related-posts":"","theme-transparent-header-meta":"default","adv-header-id-meta":"","stick-header-meta":"","header-above-stick-meta":"","header-main-stick-meta":"","header-below-stick-meta":"","astra-migrate-meta-layouts":"set","ast-page-background-enabled":"default","ast-page-background-meta":{"desktop":{"background-color":"var(--ast-global-color-4)","background-image":"","background-repeat":"repeat","background-position":"center center","background-size":"auto","background-attachment":"scroll","background-type":"","background-media":"","overlay-type":"","overlay-color":"","overlay-opacity":"","overlay-gradient":""},"tablet":{"background-color":"","background-image":"","background-repeat":"repeat","background-position":"center center","background-size":"auto","background-attachment":"scroll","background-type":"","background-media":"","overlay-type":"","overlay-color":"","overlay-opacity":"","overlay-gradient":""},"mobile":{"background-color":"","background-image":"","background-repeat":"repeat","background-position":"center center","background-size":"auto","background-attachment":"scroll","background-type":"","background-media":"","overlay-type":"","overlay-color":"","overlay-opacity":"","overlay-gradient":""}},"ast-content-background-meta":{"desktop":{"background-color":"var(--ast-global-color-5)","background-image":"","background-repeat":"repeat","background-position":"center center","background-size":"auto","background-attachment":"scroll","background-type":"","background-media":"","overlay-type":"","overlay-color":"","overlay-opacity":"","overlay-gradient":""},"tablet":{"background-color":"var(--ast-global-color-5)","background-image":"","background-repeat":"repeat","background-position":"center center","background-size":"auto","background-attachment":"scroll","background-type":"","background-media":"","overlay-type":"","overlay-color":"","overlay-opacity":"","overlay-gradient":""},"mobile":{"background-color":"var(--ast-global-color-5)","background-image":"","background-repeat":"repeat","background-position":"center center","background-size":"auto","background-attachment":"scroll","background-type":"","background-media":"","overlay-type":"","overlay-color":"","overlay-opacity":"","overlay-gradient":""}}},"product_brand":[],"product_cat":[3825,1132,1696,1128],"product_tag":[],"product_format_filter":[],"class_list":{"0":"post-288044","1":"product","2":"type-product","3":"status-publish","4":"has-post-thumbnail","6":"product_cat-cbd-minors-3-fr","7":"product_cat-bonbons","8":"product_cat-sans-thc-fr","9":"product_cat-comestibles","10":"pa_flavours-pomme-verte","11":"pa_intensity-cbg-eleve","12":"pa_intensity-eleve-en-cbd","13":"pa_marques-six-one-charlie-fr","14":"pa_origin-ontario-fr","15":"pa_type-de-plante-cbd-fr","16":"pa_type-de-plante-cbg-fr","17":"pa_type-de-plante-hybride-fr","18":"desktop-align-left","19":"tablet-align-left","20":"mobile-align-left","22":"first","23":"instock","24":"taxable","25":"shipping-taxable","26":"purchasable","27":"product-type-simple"},"group_of_quantity":0,"min_quantity":0,"max_quantity":"","exclude_order_quantity_value_rules":"no","exclude_category_quantity_rules":"no","combine_variations":"no","acf":[],"_links":{"self":[{"href":"https:\/\/mendomedical.ca\/fr\/wp-json\/wp\/v2\/product\/288044","targetHints":{"allow":["GET"]}}],"collection":[{"href":"https:\/\/mendomedical.ca\/fr\/wp-json\/wp\/v2\/product"}],"about":[{"href":"https:\/\/mendomedical.ca\/fr\/wp-json\/wp\/v2\/types\/product"}],"replies":[{"embeddable":true,"href":"https:\/\/mendomedical.ca\/fr\/wp-json\/wp\/v2\/comments?post=288044"}],"wp:featuredmedia":[{"embeddable":true,"href":"https:\/\/mendomedical.ca\/fr\/wp-json\/wp\/v2\/media\/288311"}],"wp:attachment":[{"href":"https:\/\/mendomedical.ca\/fr\/wp-json\/wp\/v2\/media?parent=288044"}],"wp:term":[{"taxonomy":"product_brand","embeddable":true,"href":"https:\/\/mendomedical.ca\/fr\/wp-json\/wp\/v2\/product_brand?post=288044"},{"taxonomy":"product_cat","embeddable":true,"href":"https:\/\/mendomedical.ca\/fr\/wp-json\/wp\/v2\/product_cat?post=288044"},{"taxonomy":"product_tag","embeddable":true,"href":"https:\/\/mendomedical.ca\/fr\/wp-json\/wp\/v2\/product_tag?post=288044"},{"taxonomy":"product_format_filter","embeddable":true,"href":"https:\/\/mendomedical.ca\/fr\/wp-json\/wp\/v2\/product_format_filter?post=288044"}],"curies":[{"name":"wp","href":"https:\/\/api.w.org\/{rel}","templated":true}]}}