{"id":288043,"date":"2025-10-02T23:15:22","date_gmt":"2025-10-03T03:15:22","guid":{"rendered":"https:\/\/mendomedical.ca\/product\/recon-focus-green-apple-cbdcbg-gummies-10x-multi-pack\/"},"modified":"2026-04-16T22:26:35","modified_gmt":"2026-04-17T02:26:35","slug":"recon-focus-green-apple-cbdcbg-gummies-10x-multi-pack","status":"publish","type":"product","link":"https:\/\/mendomedical.ca\/fr\/produit\/recon-focus-green-apple-cbdcbg-gummies-10x-multi-pack\/","title":{"rendered":"Recon Focus - Green Apple CBD+CBG Gummies 10x Multi Pack"},"content":{"rendered":"","protected":false},"excerpt":{"rendered":"<div class=\"ExternalClass80CFCE7845DB4983AB898B82E084CAEA\">\n<h3>Recon Focus - Green Apple CBD+CBG Gummies 10x Multi Pack by Six One Charlie<\/h3>\n<p>Les Recon Focus Green Apple CBD+CBG Gummies de Six One Charlie&rsquo;s sont un moyen pratique d&rsquo;incorporer les cannabino\u00efdes dans votre routine quotidienne de bien-\u00eatre. Ce multi-pack contient 10 unit\u00e9s de gommes pr\u00e9cis\u00e9ment dos\u00e9es qui combinent les cannabino\u00efdes CBD et CBG dans une saveur croustillante de pomme verte. La formule \u00e0 base de pectine contient des colorants naturels provenant du curcuma et de la spiruline, cr\u00e9ant des gommes en forme de d\u00f4me d&rsquo;un vert \u00e9clatant qui conviennent \u00e0 un mode de vie v\u00e9g\u00e9tarien. Chaque gomme est fabriqu\u00e9e avec de l&rsquo;huile de graines de chanvre et de l&rsquo;extrait de cannabis pour produire des effets constants dans un format discret et facile \u00e0 consommer.   <\/p>\n<h4>Caract\u00e9ristiques principales<\/h4>\n<ul>\n<li>M\u00e9lange de cannabino\u00efdes CBD+CBG con\u00e7u pour favoriser la clart\u00e9 de l&rsquo;esprit<\/li>\n<li>Ar\u00f4me naturel de pomme verte avec une formule \u00e0 base de pectine, adapt\u00e9e aux v\u00e9g\u00e9tariens<\/li>\n<li>Des gommes en forme de d\u00f4me, dos\u00e9es avec pr\u00e9cision, pour des exp\u00e9riences constantes et fiables<\/li>\n<li>Colorant naturel issu d&rsquo;extraits de curcuma et de spiruline<\/li>\n<li>Paquet pratique de 10 unit\u00e9s pour une utilisation prolong\u00e9e<\/li>\n<\/ul>\n<h4>Profil des ar\u00f4mes et des cannabino\u00efdes<\/h4>\n<p>Ces gommes vertes en forme de d\u00f4me offrent un authentique profil d&rsquo;ar\u00f4me de pomme verte avec un go\u00fbt croquant et rafra\u00eechissant. Les ar\u00f4mes naturels de fruits sont compl\u00e9t\u00e9s par des notes terreuses subtiles provenant de l&rsquo;extrait de chanvre. Le profil cannabino\u00efde pr\u00e9sente un m\u00e9lange synergique de CBD et de CBG, deux cannabino\u00efdes qui peuvent agir ensemble pour soutenir la clart\u00e9 mentale et la concentration tout au long de la journ\u00e9e.  <\/p>\n<h4>Pourquoi choisir les gommes CBD+CBG ?<\/h4>\n<p>Les gommes CBD+CBG offrent aux consommateurs de cannabis m\u00e9dical une option sans fum\u00e9e, pr\u00e9cis\u00e9ment dos\u00e9e et facile \u00e0 int\u00e9grer dans les habitudes quotidiennes. La combinaison des cannabino\u00efdes CBD et CBG peut offrir des effets compl\u00e9mentaires, tandis que le format comestible offre une m\u00e9thode de consommation discr\u00e8te avec des effets plus durables que les m\u00e9thodes d&rsquo;inhalation. <\/p>\n<h4>Exp\u00e9dition dans tout le Canada<\/h4>\n<p>Recon Focus - Green Apple CBD+CBG Gummies 10x Multi Pack est exp\u00e9di\u00e9 rapidement \u00e0 travers le Canada, avec une livraison gratuite pour les commandes de plus de 150 $. Veuillez noter que les produits contenant de la g\u00e9latine peuvent fondre pendant l&rsquo;exp\u00e9dition durant les mois d&rsquo;\u00e9t\u00e9. Nous vous recommandons de tenir compte de ce probl\u00e8me potentiel lorsque vous passez votre commande.   Malheureusement, nous ne pouvons pas offrir de remboursement ou de remplacement pour les produits qui fondent pendant le transport. Nous vous remercions de votre compr\u00e9hension.<\/p>\n<h4>Avantages et couverture pour les anciens combattants<\/h4>\n<p>Recon Focus - Green Apple CBD+CBG Gummies 10x Multi Pack est admissible \u00e0 la couverture d&rsquo;ACC (Anciens Combattants Canada) et \u00e0 la facturation directe par la Croix Bleue, ce qui signifie que les anciens combattants admissibles n&rsquo;ont rien \u00e0 d\u00e9bourser. Si vous n&rsquo;avez pas encore de carte m\u00e9dicale, vous pouvez <a href=\"https:\/\/mendomedical.ca\/fr\/carte-medicale\/\">obtenir votre carte m\u00e9dicale gratuite rapidement et facilement<\/a> pour acc\u00e9der \u00e0 ces avantages. <\/p>\n<h4>Ingr\u00e9dients<\/h4>\n<p>Sucres (sucre, sirop de tapioca), eau, acide citrique, ar\u00f4me naturel, pectine, citrate de sodium, colorant naturel (curcuma, extrait de spiruline), huile de graines de chanvre, l\u00e9cithine de tournesol, extrait de cannabis. Peut contenir : Lait, soja, \u0153uf, bl\u00e9. <\/p>\n<\/div>\n","protected":false},"featured_media":288309,"comment_status":"open","ping_status":"closed","template":"","meta":{"_acf_changed":false,"site-sidebar-layout":"default","site-content-layout":"","ast-site-content-layout":"default","site-content-style":"default","site-sidebar-style":"default","ast-global-header-display":"","ast-banner-title-visibility":"","ast-main-header-display":"","ast-hfb-above-header-display":"","ast-hfb-below-header-display":"","ast-hfb-mobile-header-display":"","site-post-title":"","ast-breadcrumbs-content":"","ast-featured-img":"","footer-sml-layout":"","ast-disable-related-posts":"","theme-transparent-header-meta":"default","adv-header-id-meta":"","stick-header-meta":"","header-above-stick-meta":"","header-main-stick-meta":"","header-below-stick-meta":"","astra-migrate-meta-layouts":"set","ast-page-background-enabled":"default","ast-page-background-meta":{"desktop":{"background-color":"var(--ast-global-color-4)","background-image":"","background-repeat":"repeat","background-position":"center center","background-size":"auto","background-attachment":"scroll","background-type":"","background-media":"","overlay-type":"","overlay-color":"","overlay-opacity":"","overlay-gradient":""},"tablet":{"background-color":"","background-image":"","background-repeat":"repeat","background-position":"center center","background-size":"auto","background-attachment":"scroll","background-type":"","background-media":"","overlay-type":"","overlay-color":"","overlay-opacity":"","overlay-gradient":""},"mobile":{"background-color":"","background-image":"","background-repeat":"repeat","background-position":"center center","background-size":"auto","background-attachment":"scroll","background-type":"","background-media":"","overlay-type":"","overlay-color":"","overlay-opacity":"","overlay-gradient":""}},"ast-content-background-meta":{"desktop":{"background-color":"var(--ast-global-color-5)","background-image":"","background-repeat":"repeat","background-position":"center center","background-size":"auto","background-attachment":"scroll","background-type":"","background-media":"","overlay-type":"","overlay-color":"","overlay-opacity":"","overlay-gradient":""},"tablet":{"background-color":"var(--ast-global-color-5)","background-image":"","background-repeat":"repeat","background-position":"center center","background-size":"auto","background-attachment":"scroll","background-type":"","background-media":"","overlay-type":"","overlay-color":"","overlay-opacity":"","overlay-gradient":""},"mobile":{"background-color":"var(--ast-global-color-5)","background-image":"","background-repeat":"repeat","background-position":"center center","background-size":"auto","background-attachment":"scroll","background-type":"","background-media":"","overlay-type":"","overlay-color":"","overlay-opacity":"","overlay-gradient":""}}},"product_brand":[],"product_cat":[3825,1132,1696,1511,1128],"product_tag":[],"product_format_filter":[],"class_list":{"0":"post-288043","1":"product","2":"type-product","3":"status-publish","4":"has-post-thumbnail","6":"product_cat-cbd-minors-3-fr","7":"product_cat-bonbons","8":"product_cat-sans-thc-fr","9":"product_cat-full-spectrum-fr","10":"product_cat-comestibles","11":"pa_flavours-pomme-verte","12":"pa_intensity-cbd-moyen","13":"pa_intensity-med-cbg-fr","14":"pa_marques-six-one-charlie-fr","15":"pa_origin-ontario-fr","16":"pa_type-de-plante-cbd-fr","17":"pa_type-de-plante-cbg-fr","18":"pa_type-de-plante-hybride-fr","19":"desktop-align-left","20":"tablet-align-left","21":"mobile-align-left","23":"first","24":"instock","25":"taxable","26":"shipping-taxable","27":"purchasable","28":"product-type-simple"},"group_of_quantity":0,"min_quantity":0,"max_quantity":"","exclude_order_quantity_value_rules":"no","exclude_category_quantity_rules":"no","combine_variations":"no","acf":[],"_links":{"self":[{"href":"https:\/\/mendomedical.ca\/fr\/wp-json\/wp\/v2\/product\/288043","targetHints":{"allow":["GET"]}}],"collection":[{"href":"https:\/\/mendomedical.ca\/fr\/wp-json\/wp\/v2\/product"}],"about":[{"href":"https:\/\/mendomedical.ca\/fr\/wp-json\/wp\/v2\/types\/product"}],"replies":[{"embeddable":true,"href":"https:\/\/mendomedical.ca\/fr\/wp-json\/wp\/v2\/comments?post=288043"}],"wp:featuredmedia":[{"embeddable":true,"href":"https:\/\/mendomedical.ca\/fr\/wp-json\/wp\/v2\/media\/288309"}],"wp:attachment":[{"href":"https:\/\/mendomedical.ca\/fr\/wp-json\/wp\/v2\/media?parent=288043"}],"wp:term":[{"taxonomy":"product_brand","embeddable":true,"href":"https:\/\/mendomedical.ca\/fr\/wp-json\/wp\/v2\/product_brand?post=288043"},{"taxonomy":"product_cat","embeddable":true,"href":"https:\/\/mendomedical.ca\/fr\/wp-json\/wp\/v2\/product_cat?post=288043"},{"taxonomy":"product_tag","embeddable":true,"href":"https:\/\/mendomedical.ca\/fr\/wp-json\/wp\/v2\/product_tag?post=288043"},{"taxonomy":"product_format_filter","embeddable":true,"href":"https:\/\/mendomedical.ca\/fr\/wp-json\/wp\/v2\/product_format_filter?post=288043"}],"curies":[{"name":"wp","href":"https:\/\/api.w.org\/{rel}","templated":true}]}}