{"id":287643,"date":"2025-10-02T23:00:15","date_gmt":"2025-10-03T03:00:15","guid":{"rendered":"https:\/\/mendomedical.ca\/product\/lights-out-indica-dreamberry-gummies-30-pack\/"},"modified":"2026-04-14T09:23:26","modified_gmt":"2026-04-14T13:23:26","slug":"lights-out-indica-live-rosin-dreamberry-gummies-30x-multi-pack","status":"publish","type":"product","link":"https:\/\/mendomedical.ca\/fr\/produit\/lights-out-indica-live-rosin-dreamberry-gummies-30x-multi-pack\/","title":{"rendered":"Lights Out - Indica Live Rosin Dreamberry Gummies 30x Multi Pack"},"content":{"rendered":"","protected":false},"excerpt":{"rendered":"<div class=\"ExternalClass02C759CD45054F418D673B186F1EEAE2\">\n<h3>Lights Out - Indica Live Rosin Dreamberry Gummies 30x Multi Pack by Six One Charlie<\/h3>\n<p>Les Lights Out Dreamberry Gummies offrent un soulagement de cannabis de premi\u00e8re qualit\u00e9 et sp\u00e9cifique \u00e0 une souche, gr\u00e2ce \u00e0 l&rsquo;engagement de Six One Charlie en faveur d&rsquo;un savoir-faire sans solvant. Chaque gomme contient une dose pr\u00e9cise de 10 mg de THC et de 50 mg de CBN, formul\u00e9e de mani\u00e8re experte \u00e0 l&rsquo;aide de 100% de Live Rosin du cultivar Forbidden Fruit. Ces edibles fabriqu\u00e9s en petite quantit\u00e9 pr\u00e9servent le profil complet des terp\u00e8nes et des cannabino\u00efdes sans distillat ni additifs artificiels, offrant aux utilisateurs m\u00e9dicaux une exp\u00e9rience authentique et compl\u00e8te du cannabis, con\u00e7ue pour la relaxation du soir et le repos r\u00e9parateur.<\/p>\n<h4>Caract\u00e9ristiques principales<\/h4>\n<ul>\n<li>Formulation sp\u00e9cifique \u00e0 la souche, avec le Live Rosin \u00e0 spectre complet de Forbidden Fruit pour des effets authentiques.<\/li>\n<li>Dosage pr\u00e9cis avec 10 mg de THC et 50 mg de CBN par gomme pour un soulagement constant et fiable.<\/li>\n<li>Fabriqu\u00e9 \u00e0 la main en petites quantit\u00e9s \u00e0 l&rsquo;aide de m\u00e9thodes holistiques et d&rsquo;ingr\u00e9dients naturels.<\/li>\n<li>L&rsquo;extraction sans solvant \u00e0 100 % pr\u00e9serve le profil complet des terp\u00e8nes et des cannabino\u00efdes.<\/li>\n<li>Sans distillat ni ar\u00f4mes artificiels pour une exp\u00e9rience de cannabis pure.<\/li>\n<\/ul>\n<h4>Profil des ar\u00f4mes et des cannabino\u00efdes<\/h4>\n<p>La saveur Dreamberry met en valeur les notes fruit\u00e9es naturelles du cultivar Forbidden Fruit, rehauss\u00e9es d&rsquo;ar\u00f4mes naturels soigneusement s\u00e9lectionn\u00e9s pour un go\u00fbt agr\u00e9able et riche en baies. Chaque gomme d\u00e9livre 10 mg de THC combin\u00e9s \u00e0 une teneur \u00e9lev\u00e9e de 50 mg de CBN, cr\u00e9ant un profil cannabino\u00efde particuli\u00e8rement adapt\u00e9 \u00e0 la consommation en soir\u00e9e. L&rsquo;exp\u00e9rience commence g\u00e9n\u00e9ralement par une l\u00e9g\u00e8re \u00e9l\u00e9vation et une clart\u00e9 avant de passer \u00e0 une relaxation profonde de tout le corps. Le taux \u00e9lev\u00e9 de CBN peut contribuer \u00e0 am\u00e9liorer la qualit\u00e9 du sommeil et aider \u00e0 g\u00e9rer l&rsquo;inconfort pendant les heures nocturnes.<\/p>\n<h4>Pourquoi choisir les Cannabis Gummies ?<\/h4>\n<p>Les gommes de cannabis offrent aux utilisateurs m\u00e9dicaux un format discret, pratique et pr\u00e9cis\u00e9ment dos\u00e9 pour une gestion coh\u00e9rente des sympt\u00f4mes. Leurs effets durables les rendent id\u00e9aux pour un soulagement soutenu tout au long de la nuit, tandis que leur format comestible familier garantit un dosage simple et pr\u00e9visible sans \u00e9quipement sp\u00e9cialis\u00e9.<\/p>\n<h4>Exp\u00e9dition dans tout le Canada<\/h4>\n<p>Lights Out - Indica Live Rosin Dreamberry Gummies 30x Multi Pack est exp\u00e9di\u00e9 rapidement \u00e0 travers le Canada avec la livraison gratuite pour les commandes de plus de 150 $. Veuillez noter que les produits contenant de la g\u00e9latine peuvent fondre pendant l&rsquo;exp\u00e9dition durant les mois d&rsquo;\u00e9t\u00e9. Nous vous recommandons de tenir compte de ce probl\u00e8me potentiel lorsque vous passez votre commande. Malheureusement, nous ne pouvons pas offrir de remboursement ou de remplacement pour les produits qui fondent pendant le transport. Nous vous remercions de votre compr\u00e9hension.<\/p>\n<h4>Avantages et couverture pour les anciens combattants<\/h4>\n<p>Lights Out - Indica Live Rosin Dreamberry Gummies 30x Multi Pack est admissible \u00e0 la couverture d&rsquo;ACC (Anciens Combattants Canada) et \u00e0 la facturation directe par l&rsquo;entremise de la Croix Bleue, sans aucun d\u00e9bours\u00e9. Si vous n&rsquo;avez pas encore de carte m\u00e9dicale, <a href=\"https:\/\/mendomedical.ca\/fr\/carte-medicale\/\">obtenez votre carte m\u00e9dicale gratuite rapidement et facilement<\/a> pour acc\u00e9der \u00e0 ces avantages.<\/p>\n<h4>Ingr\u00e9dients<\/h4>\n<p>Sucres (sucre, sirop de tapioca), eau, acide citrique, pectine, ar\u00f4me naturel, citrate de sodium, colorant naturel (jus de fruits et de l\u00e9gumes), huile de graines de chanvre, l\u00e9cithine de tournesol, Rosin vivante, extrait de cannabis.<\/p>\n<\/div>\n","protected":false},"featured_media":287637,"comment_status":"open","ping_status":"closed","template":"","meta":{"_acf_changed":false,"site-sidebar-layout":"default","site-content-layout":"","ast-site-content-layout":"default","site-content-style":"default","site-sidebar-style":"default","ast-global-header-display":"","ast-banner-title-visibility":"","ast-main-header-display":"","ast-hfb-above-header-display":"","ast-hfb-below-header-display":"","ast-hfb-mobile-header-display":"","site-post-title":"","ast-breadcrumbs-content":"","ast-featured-img":"","footer-sml-layout":"","ast-disable-related-posts":"","theme-transparent-header-meta":"default","adv-header-id-meta":"","stick-header-meta":"","header-above-stick-meta":"","header-main-stick-meta":"","header-below-stick-meta":"","astra-migrate-meta-layouts":"set","ast-page-background-enabled":"default","ast-page-background-meta":{"desktop":{"background-color":"var(--ast-global-color-4)","background-image":"","background-repeat":"repeat","background-position":"center center","background-size":"auto","background-attachment":"scroll","background-type":"","background-media":"","overlay-type":"","overlay-color":"","overlay-opacity":"","overlay-gradient":""},"tablet":{"background-color":"","background-image":"","background-repeat":"repeat","background-position":"center center","background-size":"auto","background-attachment":"scroll","background-type":"","background-media":"","overlay-type":"","overlay-color":"","overlay-opacity":"","overlay-gradient":""},"mobile":{"background-color":"","background-image":"","background-repeat":"repeat","background-position":"center center","background-size":"auto","background-attachment":"scroll","background-type":"","background-media":"","overlay-type":"","overlay-color":"","overlay-opacity":"","overlay-gradient":""}},"ast-content-background-meta":{"desktop":{"background-color":"var(--ast-global-color-5)","background-image":"","background-repeat":"repeat","background-position":"center center","background-size":"auto","background-attachment":"scroll","background-type":"","background-media":"","overlay-type":"","overlay-color":"","overlay-opacity":"","overlay-gradient":""},"tablet":{"background-color":"var(--ast-global-color-5)","background-image":"","background-repeat":"repeat","background-position":"center center","background-size":"auto","background-attachment":"scroll","background-type":"","background-media":"","overlay-type":"","overlay-color":"","overlay-opacity":"","overlay-gradient":""},"mobile":{"background-color":"var(--ast-global-color-5)","background-image":"","background-repeat":"repeat","background-position":"center center","background-size":"auto","background-attachment":"scroll","background-type":"","background-media":"","overlay-type":"","overlay-color":"","overlay-opacity":"","overlay-gradient":""}}},"product_brand":[],"product_cat":[3825,1132,1133,1511,1128],"product_tag":[],"product_format_filter":[],"class_list":{"0":"post-287643","1":"product","2":"type-product","3":"status-publish","4":"has-post-thumbnail","6":"product_cat-cbd-minors-3-fr","7":"product_cat-bonbons","8":"product_cat-thc-eleve","9":"product_cat-full-spectrum-fr","10":"product_cat-comestibles","11":"pa_flavours-dreamberry-fr","12":"pa_intensity-cbn-eleve","13":"pa_intensity-thc-eleve","14":"pa_marques-six-one-charlie-fr","15":"pa_origin-ontario-fr","16":"pa_type-de-plante-indica-fr","17":"pa_type-de-plante-thc-fr","18":"desktop-align-left","19":"tablet-align-left","20":"mobile-align-left","22":"first","23":"instock","24":"taxable","25":"shipping-taxable","26":"purchasable","27":"product-type-simple"},"group_of_quantity":0,"min_quantity":0,"max_quantity":"","exclude_order_quantity_value_rules":"no","exclude_category_quantity_rules":"no","combine_variations":"no","acf":[],"_links":{"self":[{"href":"https:\/\/mendomedical.ca\/fr\/wp-json\/wp\/v2\/product\/287643","targetHints":{"allow":["GET"]}}],"collection":[{"href":"https:\/\/mendomedical.ca\/fr\/wp-json\/wp\/v2\/product"}],"about":[{"href":"https:\/\/mendomedical.ca\/fr\/wp-json\/wp\/v2\/types\/product"}],"replies":[{"embeddable":true,"href":"https:\/\/mendomedical.ca\/fr\/wp-json\/wp\/v2\/comments?post=287643"}],"wp:featuredmedia":[{"embeddable":true,"href":"https:\/\/mendomedical.ca\/fr\/wp-json\/wp\/v2\/media\/287637"}],"wp:attachment":[{"href":"https:\/\/mendomedical.ca\/fr\/wp-json\/wp\/v2\/media?parent=287643"}],"wp:term":[{"taxonomy":"product_brand","embeddable":true,"href":"https:\/\/mendomedical.ca\/fr\/wp-json\/wp\/v2\/product_brand?post=287643"},{"taxonomy":"product_cat","embeddable":true,"href":"https:\/\/mendomedical.ca\/fr\/wp-json\/wp\/v2\/product_cat?post=287643"},{"taxonomy":"product_tag","embeddable":true,"href":"https:\/\/mendomedical.ca\/fr\/wp-json\/wp\/v2\/product_tag?post=287643"},{"taxonomy":"product_format_filter","embeddable":true,"href":"https:\/\/mendomedical.ca\/fr\/wp-json\/wp\/v2\/product_format_filter?post=287643"}],"curies":[{"name":"wp","href":"https:\/\/api.w.org\/{rel}","templated":true}]}}