{"id":287579,"date":"2025-10-02T23:10:45","date_gmt":"2025-10-03T03:10:45","guid":{"rendered":"https:\/\/mendomedical.ca\/product\/zero-dark-thirty-blue-raspb-cbdcbn-gummies-10-packs\/"},"modified":"2026-04-14T08:42:02","modified_gmt":"2026-04-14T12:42:02","slug":"zero-dark-thirty-blue-raspb-cbdcbn-gummies-10-packs","status":"publish","type":"product","link":"https:\/\/mendomedical.ca\/fr\/produit\/zero-dark-thirty-blue-raspb-cbdcbn-gummies-10-packs\/","title":{"rendered":"Zero Dark Thirty - Blue Raspberry CBD+CBN Gummies 10x Multi Pack"},"content":{"rendered":"","protected":false},"excerpt":{"rendered":"<div class=\"ExternalClass11E9EE2798D0414AB83D20E33628AAC7\">\n<h3>Zero Dark Thirty - Blue Raspberry CBD+CBN Gummies 10x Multi Pack by Six One Charlie<\/h3>\n<p>Les gommes Zero Dark Thirty Blue Raspberry CBD+CBN de Six One Charlie offrent une formule \u00e9quilibr\u00e9e \u00e0 deux cannabino\u00efdes con\u00e7ue pour favoriser la relaxation et les routines de bien-\u00eatre en soir\u00e9e. Chaque paquet contient 1 gomme en forme de d\u00f4me, \u00e0 base de pectine, au d\u00e9licieux go\u00fbt de framboise bleue, fournissant 30 mg de CBD et 30 mg de CBN par paquet, pour un total de 300 mg de CBD et de CBN. Fabriqu\u00e9s \u00e0 partir d&rsquo;extraits de cannabis de premi\u00e8re qualit\u00e9 et d&rsquo;ingr\u00e9dients naturels, ces gommes constituent une m\u00e9thode pratique et sans fum\u00e9e pour les patients qui consomment du cannabis m\u00e9dical et qui recherchent un apport r\u00e9gulier en cannabino\u00efdes.<\/p>\n<h4>Caract\u00e9ristiques principales<\/h4>\n<ul>\n<li>Formule \u00e0 double cannabino\u00efde avec CBD et CBN pour un potentiel th\u00e9rapeutique accru<\/li>\n<li>300mg CBD et 300mg CBN par paquet de 10 pour un dosage pr\u00e9cis et coh\u00e9rent<\/li>\n<li>Formulation \u00e0 base de pectine adapt\u00e9e \u00e0 diverses pr\u00e9f\u00e9rences alimentaires<\/li>\n<li>Ar\u00f4me naturel de framboise bleue qui masque le go\u00fbt du cannabis<\/li>\n<li>Les gommes en forme de d\u00f4me sont id\u00e9ales pour une consommation discr\u00e8te.<\/li>\n<\/ul>\n<h4>Profil d&rsquo;ar\u00f4me<\/h4>\n<p>Ces gommes bleues vibrantes offrent un go\u00fbt authentique de framboise bleue avec un profil sucr\u00e9 et l\u00e9g\u00e8rement acidul\u00e9. L&rsquo;ar\u00f4me naturel offre un fini net et rafra\u00eechissant tout en masquant efficacement tout ar\u00f4me de cannabis, faisant de votre consommation quotidienne de cannabino\u00efdes une exp\u00e9rience agr\u00e9able.<\/p>\n<h4>Pourquoi choisir les gommes CBD+CBN ?<\/h4>\n<p>Les gommes CBD+CBN offrent aux patients qui consomment du cannabis m\u00e9dical une alternative discr\u00e8te, sans fum\u00e9e, avec un dosage pr\u00e9cis et des effets pr\u00e9visibles. La combinaison du CBD et du CBN peut contribuer \u00e0 la relaxation et \u00e0 la qualit\u00e9 du sommeil, ce qui rend ce format particuli\u00e8rement adapt\u00e9 \u00e0 une utilisation en soir\u00e9e ou \u00e0 ceux qui recherchent un soutien naturel au bien-\u00eatre sans inhalation.<\/p>\n<h4>Exp\u00e9dition dans tout le Canada<\/h4>\n<p>Les gommes CBD+CBN Zero Dark Thirty Blue Raspberry sont exp\u00e9di\u00e9es rapidement \u00e0 travers le Canada, avec une livraison gratuite pour toutes les commandes de plus de 150 $. Veuillez noter que les produits contenant de la g\u00e9latine peuvent fondre pendant l&rsquo;exp\u00e9dition durant les mois d&rsquo;\u00e9t\u00e9. Nous vous recommandons de tenir compte de ce probl\u00e8me potentiel lorsque vous passez votre commande. Malheureusement, nous ne pouvons pas offrir de remboursement ou de remplacement pour les produits qui fondent pendant le transport. Nous vous remercions de votre compr\u00e9hension.<\/p>\n<h4>Avantages et couverture pour les anciens combattants<\/h4>\n<p>Les gommes Zero Dark Thirty Blue Raspberry CBD+CBN Gummies sont admissibles \u00e0 la couverture d&rsquo;ACC (Anciens Combattants Canada) avec facturation directe par l&rsquo;entremise de la Croix Bleue, ce qui signifie que les anciens combattants admissibles n&rsquo;ont pas \u00e0 d\u00e9bourser d&rsquo;argent. Si vous n&rsquo;avez pas encore votre carte m\u00e9dicale, vous pouvez <a href=\"https:\/\/mendomedical.ca\/fr\/carte-medicale\/\">l&rsquo;obtenir rapidement et facilement<\/a> pour acc\u00e9der \u00e0 ces avantages.<\/p>\n<h4>Ingr\u00e9dients<\/h4>\n<p>Sucres (sucre, sirop de tapioca), eau, acide citrique, ar\u00f4me naturel, pectine, citrate de sodium, indigotine, huile de graines de chanvre, l\u00e9cithine de tournesol, extrait de cannabis.<\/p>\n<\/div>\n","protected":false},"featured_media":287576,"comment_status":"open","ping_status":"closed","template":"","meta":{"_acf_changed":false,"site-sidebar-layout":"default","site-content-layout":"","ast-site-content-layout":"default","site-content-style":"default","site-sidebar-style":"default","ast-global-header-display":"","ast-banner-title-visibility":"","ast-main-header-display":"","ast-hfb-above-header-display":"","ast-hfb-below-header-display":"","ast-hfb-mobile-header-display":"","site-post-title":"","ast-breadcrumbs-content":"","ast-featured-img":"","footer-sml-layout":"","ast-disable-related-posts":"","theme-transparent-header-meta":"default","adv-header-id-meta":"","stick-header-meta":"","header-above-stick-meta":"","header-main-stick-meta":"","header-below-stick-meta":"","astra-migrate-meta-layouts":"set","ast-page-background-enabled":"default","ast-page-background-meta":{"desktop":{"background-color":"var(--ast-global-color-4)","background-image":"","background-repeat":"repeat","background-position":"center center","background-size":"auto","background-attachment":"scroll","background-type":"","background-media":"","overlay-type":"","overlay-color":"","overlay-opacity":"","overlay-gradient":""},"tablet":{"background-color":"","background-image":"","background-repeat":"repeat","background-position":"center center","background-size":"auto","background-attachment":"scroll","background-type":"","background-media":"","overlay-type":"","overlay-color":"","overlay-opacity":"","overlay-gradient":""},"mobile":{"background-color":"","background-image":"","background-repeat":"repeat","background-position":"center center","background-size":"auto","background-attachment":"scroll","background-type":"","background-media":"","overlay-type":"","overlay-color":"","overlay-opacity":"","overlay-gradient":""}},"ast-content-background-meta":{"desktop":{"background-color":"var(--ast-global-color-5)","background-image":"","background-repeat":"repeat","background-position":"center center","background-size":"auto","background-attachment":"scroll","background-type":"","background-media":"","overlay-type":"","overlay-color":"","overlay-opacity":"","overlay-gradient":""},"tablet":{"background-color":"var(--ast-global-color-5)","background-image":"","background-repeat":"repeat","background-position":"center center","background-size":"auto","background-attachment":"scroll","background-type":"","background-media":"","overlay-type":"","overlay-color":"","overlay-opacity":"","overlay-gradient":""},"mobile":{"background-color":"var(--ast-global-color-5)","background-image":"","background-repeat":"repeat","background-position":"center center","background-size":"auto","background-attachment":"scroll","background-type":"","background-media":"","overlay-type":"","overlay-color":"","overlay-opacity":"","overlay-gradient":""}}},"product_brand":[],"product_cat":[3825,1132,1696,1511,1128],"product_tag":[],"product_format_filter":[6366],"class_list":{"0":"post-287579","1":"product","2":"type-product","3":"status-publish","4":"has-post-thumbnail","6":"product_cat-cbd-minors-3-fr","7":"product_cat-bonbons","8":"product_cat-sans-thc-fr","9":"product_cat-full-spectrum-fr","10":"product_cat-comestibles","11":"pa_flavours-framboise-bleue-fr","12":"pa_flavours-fruite","13":"pa_intensity-cbn-eleve","14":"pa_intensity-eleve-en-cbd","15":"pa_marques-six-one-charlie-fr","16":"pa_origin-ontario-fr","17":"pa_type-de-plante-cbd-fr","18":"pa_type-de-plante-cbn-fr","19":"product_format_filter-1units","20":"desktop-align-left","21":"tablet-align-left","22":"mobile-align-left","24":"first","25":"instock","26":"taxable","27":"shipping-taxable","28":"purchasable","29":"product-type-simple"},"group_of_quantity":0,"min_quantity":0,"max_quantity":"","exclude_order_quantity_value_rules":"no","exclude_category_quantity_rules":"no","combine_variations":"no","acf":[],"_links":{"self":[{"href":"https:\/\/mendomedical.ca\/fr\/wp-json\/wp\/v2\/product\/287579","targetHints":{"allow":["GET"]}}],"collection":[{"href":"https:\/\/mendomedical.ca\/fr\/wp-json\/wp\/v2\/product"}],"about":[{"href":"https:\/\/mendomedical.ca\/fr\/wp-json\/wp\/v2\/types\/product"}],"replies":[{"embeddable":true,"href":"https:\/\/mendomedical.ca\/fr\/wp-json\/wp\/v2\/comments?post=287579"}],"wp:featuredmedia":[{"embeddable":true,"href":"https:\/\/mendomedical.ca\/fr\/wp-json\/wp\/v2\/media\/287576"}],"wp:attachment":[{"href":"https:\/\/mendomedical.ca\/fr\/wp-json\/wp\/v2\/media?parent=287579"}],"wp:term":[{"taxonomy":"product_brand","embeddable":true,"href":"https:\/\/mendomedical.ca\/fr\/wp-json\/wp\/v2\/product_brand?post=287579"},{"taxonomy":"product_cat","embeddable":true,"href":"https:\/\/mendomedical.ca\/fr\/wp-json\/wp\/v2\/product_cat?post=287579"},{"taxonomy":"product_tag","embeddable":true,"href":"https:\/\/mendomedical.ca\/fr\/wp-json\/wp\/v2\/product_tag?post=287579"},{"taxonomy":"product_format_filter","embeddable":true,"href":"https:\/\/mendomedical.ca\/fr\/wp-json\/wp\/v2\/product_format_filter?post=287579"}],"curies":[{"name":"wp","href":"https:\/\/api.w.org\/{rel}","templated":true}]}}