{"id":287158,"date":"2025-10-02T16:00:58","date_gmt":"2025-10-02T20:00:58","guid":{"rendered":"https:\/\/mendomedical.ca\/product\/earthqake-live-rosin-infused-pre-rolls\/"},"modified":"2026-04-14T11:27:45","modified_gmt":"2026-04-14T15:27:45","slug":"earthqake-live-rosin-infused-pre-rolls","status":"publish","type":"product","link":"https:\/\/mendomedical.ca\/fr\/produit\/earthqake-live-rosin-infused-pre-rolls\/","title":{"rendered":"Earthqake Live Rosin Infused Pr\u00e9-rolls"},"content":{"rendered":"","protected":false},"excerpt":{"rendered":"<div class=\"ExternalClassD6D34A15B63C462BA00C4B7405104CE5\"><span style=\"font-size: 1.5em; font-weight: bold;\">Earthqake Live Rosin Infused Pr\u00e9-rolls par The Goo !<\/span><\/div>\n<div class=\"ExternalClassD6D34A15B63C462BA00C4B7405104CE5\">\n<h3>Terp\u00e8nes totaux : 2,8%.<\/h3>\n<p>Le Goo ! Les Pr\u00e9-rolls infus\u00e9s \u00e0 la Live Rosin d&rsquo;EARTHQAKE combinent des fleurs d&rsquo;Oreoz Cookies et Ice Cream Cake soigneusement s\u00e9lectionn\u00e9es avec de la Live Rosin d&rsquo;EARTHQAKE 100% pure et sans solvant, fabriqu\u00e9e artisanalement en Alberta par Crop Circle Cannabis. Chaque paquet contient trois Pr\u00e9-rolls de 0,5g infus\u00e9s avec de la Live Rosin de premi\u00e8re qualit\u00e9, offrant une exp\u00e9rience de cannabis \u00e0 spectre complet avec 2,8% de terp\u00e8nes totaux. Sans ar\u00f4mes, additifs ou distillats ajout\u00e9s, ces Pr\u00e9-rolls infus\u00e9s offrent un profil riche et p\u00e2teux qui met en valeur l&rsquo;essence naturelle de la plante.<\/p>\n<h4>Caract\u00e9ristiques principales et points forts du produit<\/h4>\n<ul>\n<li>Trois Pr\u00e9-rolls de 0,5g infus\u00e9s de Live Rosin par paquet (format 3&#215;0,5g).<\/li>\n<li>Fabriqu\u00e9 avec des souches de biscuits Oreoz et de Ice Cream Cake pour une exp\u00e9rience de premier ordre.<\/li>\n<li>Infus\u00e9 avec de la Live Rosin 100 % pure, sans solvant, fabriqu\u00e9e en Alberta.<\/li>\n<li>Sans ar\u00f4mes, additifs ou distillats ajout\u00e9s - uniquement du cannabis pur \u00e0 spectre complet.<\/li>\n<li>2,8 % de Terp\u00e8nes totaux, avec un taux \u00e9lev\u00e9 de limon\u00e8ne et de caryophyll\u00e8ne.<\/li>\n<\/ul>\n<h4>Saveur, ar\u00f4me et profil cannabique<\/h4>\n<p>Les EARTHQAKE Live Rosin Infused Pr\u00e9-rolls offrent des saveurs cr\u00e9meuses et p\u00e2tissi\u00e8res, compl\u00e9t\u00e9es par des ar\u00f4mes sucr\u00e9s, terreux et p\u00e2teux. Le profil terp\u00e9nique pr\u00e9sente des niveaux \u00e9lev\u00e9s de limon\u00e8ne et de caryophyll\u00e8ne, contribuant \u00e0 l&rsquo;exp\u00e9rience aromatique distinctive. Avec des niveaux \u00e9lev\u00e9s de CBGA aux c\u00f4t\u00e9s des cannabino\u00efdes traditionnels, ces Pr\u00e9-rolls peuvent offrir des effets potentiels euphoriques et cr\u00e9atifs tout en conservant une sensation de l\u00e9g\u00e8ret\u00e9.<\/p>\n<h4>Pourquoi choisir les pr\u00e9-roul\u00e9s infus\u00e9s ?<\/h4>\n<p>Les Pr\u00e9-rolls infus\u00e9s offrent aux consommateurs de cannabis m\u00e9dical une option pratique et pr\u00e9-dos\u00e9e qui combine des fleurs de premi\u00e8re qualit\u00e9 avec des extraits de cannabis concentr\u00e9s pour une puissance accrue. La m\u00e9thode d&rsquo;infusion sans solvant \u00e0 base de Live Rosin pr\u00e9serve le spectre complet des cannabino\u00efdes et des terp\u00e8nes, offrant potentiellement une exp\u00e9rience th\u00e9rapeutique plus compl\u00e8te sans n\u00e9cessiter de pr\u00e9paration ou d&rsquo;\u00e9quipement suppl\u00e9mentaire.<\/p>\n<h4>Exp\u00e9dition dans tout le Canada<\/h4>\n<p>Earthqake Live Rosin Infused Pr\u00e9-rolls est exp\u00e9di\u00e9 rapidement \u00e0 travers le Canada par l&rsquo;entremise de Mendo Medical. Nous offrons la livraison gratuite pour toutes les commandes de plus de 150 $, ce qui rend pratique et abordable la r\u00e9ception de vos produits de cannabis m\u00e9dical directement \u00e0 votre porte.<\/p>\n<h4>Avantages et couverture pour les anciens combattants<\/h4>\n<p>Les Pr\u00e9-rolls infus\u00e9s de Live Rosin d&rsquo;Earthqake sont admissibles \u00e0 la couverture d&rsquo;ACC (Anciens Combattants Canada). Les anciens combattants qui remplissent les conditions requises peuvent b\u00e9n\u00e9ficier d&rsquo;une facturation directe par l&rsquo;interm\u00e9diaire de la Croix Bleue sans avoir \u00e0 d\u00e9bourser quoi que ce soit. Si vous n&rsquo;avez pas encore de carte de cannabis m\u00e9dical, vous pouvez <a href=\"https:\/\/mendomedical.ca\/fr\/carte-medicale\/\">obtenir votre carte m\u00e9dicale gratuite rapidement et facilement<\/a> pour commencer \u00e0 acc\u00e9der \u00e0 vos avantages.<\/p>\n<\/div>\n","protected":false},"featured_media":287150,"comment_status":"open","ping_status":"closed","template":"","meta":{"_acf_changed":false,"site-sidebar-layout":"default","site-content-layout":"","ast-site-content-layout":"default","site-content-style":"default","site-sidebar-style":"default","ast-global-header-display":"","ast-banner-title-visibility":"","ast-main-header-display":"","ast-hfb-above-header-display":"","ast-hfb-below-header-display":"","ast-hfb-mobile-header-display":"","site-post-title":"","ast-breadcrumbs-content":"","ast-featured-img":"","footer-sml-layout":"","ast-disable-related-posts":"","theme-transparent-header-meta":"default","adv-header-id-meta":"","stick-header-meta":"","header-above-stick-meta":"","header-main-stick-meta":"","header-below-stick-meta":"","astra-migrate-meta-layouts":"set","ast-page-background-enabled":"default","ast-page-background-meta":{"desktop":{"background-color":"var(--ast-global-color-4)","background-image":"","background-repeat":"repeat","background-position":"center center","background-size":"auto","background-attachment":"scroll","background-type":"","background-media":"","overlay-type":"","overlay-color":"","overlay-opacity":"","overlay-gradient":""},"tablet":{"background-color":"","background-image":"","background-repeat":"repeat","background-position":"center center","background-size":"auto","background-attachment":"scroll","background-type":"","background-media":"","overlay-type":"","overlay-color":"","overlay-opacity":"","overlay-gradient":""},"mobile":{"background-color":"","background-image":"","background-repeat":"repeat","background-position":"center center","background-size":"auto","background-attachment":"scroll","background-type":"","background-media":"","overlay-type":"","overlay-color":"","overlay-opacity":"","overlay-gradient":""}},"ast-content-background-meta":{"desktop":{"background-color":"var(--ast-global-color-5)","background-image":"","background-repeat":"repeat","background-position":"center center","background-size":"auto","background-attachment":"scroll","background-type":"","background-media":"","overlay-type":"","overlay-color":"","overlay-opacity":"","overlay-gradient":""},"tablet":{"background-color":"var(--ast-global-color-5)","background-image":"","background-repeat":"repeat","background-position":"center center","background-size":"auto","background-attachment":"scroll","background-type":"","background-media":"","overlay-type":"","overlay-color":"","overlay-opacity":"","overlay-gradient":""},"mobile":{"background-color":"var(--ast-global-color-5)","background-image":"","background-repeat":"repeat","background-position":"center center","background-size":"auto","background-attachment":"scroll","background-type":"","background-media":"","overlay-type":"","overlay-color":"","overlay-opacity":"","overlay-gradient":""}}},"product_brand":[],"product_cat":[1147,1144],"product_tag":[],"product_format_filter":[6374],"class_list":{"0":"post-287158","1":"product","2":"type-product","3":"status-publish","4":"has-post-thumbnail","6":"product_cat-pre-roules-infuses","7":"product_cat-pre-roules","8":"pa_flavours-cremeux","9":"pa_flavours-pastry-fr","10":"pa_intensity-low-thcv-fr","11":"pa_intensity-thc-eleve","12":"pa_intensity-low-cbg-fr","13":"pa_marques-the-goo-fr","14":"pa_origin-alberta-fr","15":"pa_type-de-plante-hybride-fr","16":"product_format_filter-0-5g","17":"desktop-align-left","18":"tablet-align-left","19":"mobile-align-left","21":"first","22":"instock","23":"taxable","24":"shipping-taxable","25":"purchasable","26":"product-type-simple"},"group_of_quantity":0,"min_quantity":0,"max_quantity":"","exclude_order_quantity_value_rules":"no","exclude_category_quantity_rules":"no","combine_variations":"no","acf":[],"_links":{"self":[{"href":"https:\/\/mendomedical.ca\/fr\/wp-json\/wp\/v2\/product\/287158","targetHints":{"allow":["GET"]}}],"collection":[{"href":"https:\/\/mendomedical.ca\/fr\/wp-json\/wp\/v2\/product"}],"about":[{"href":"https:\/\/mendomedical.ca\/fr\/wp-json\/wp\/v2\/types\/product"}],"replies":[{"embeddable":true,"href":"https:\/\/mendomedical.ca\/fr\/wp-json\/wp\/v2\/comments?post=287158"}],"wp:featuredmedia":[{"embeddable":true,"href":"https:\/\/mendomedical.ca\/fr\/wp-json\/wp\/v2\/media\/287150"}],"wp:attachment":[{"href":"https:\/\/mendomedical.ca\/fr\/wp-json\/wp\/v2\/media?parent=287158"}],"wp:term":[{"taxonomy":"product_brand","embeddable":true,"href":"https:\/\/mendomedical.ca\/fr\/wp-json\/wp\/v2\/product_brand?post=287158"},{"taxonomy":"product_cat","embeddable":true,"href":"https:\/\/mendomedical.ca\/fr\/wp-json\/wp\/v2\/product_cat?post=287158"},{"taxonomy":"product_tag","embeddable":true,"href":"https:\/\/mendomedical.ca\/fr\/wp-json\/wp\/v2\/product_tag?post=287158"},{"taxonomy":"product_format_filter","embeddable":true,"href":"https:\/\/mendomedical.ca\/fr\/wp-json\/wp\/v2\/product_format_filter?post=287158"}],"curies":[{"name":"wp","href":"https:\/\/api.w.org\/{rel}","templated":true}]}}