{"id":284890,"date":"2025-09-26T01:00:45","date_gmt":"2025-09-26T05:00:45","guid":{"rendered":"https:\/\/mendomedical.ca\/product\/real-fruit-pamplemousse-111-thccbgcbc-gummies-multipack\/"},"modified":"2026-04-08T10:33:57","modified_gmt":"2026-04-08T14:33:57","slug":"real-fruit-pamplemousse-111-thccbgcbc-gummies-multipack","status":"publish","type":"product","link":"https:\/\/mendomedical.ca\/fr\/produit\/real-fruit-pamplemousse-111-thccbgcbc-gummies-multipack\/","title":{"rendered":"Vrai fruit g\u00e9lifi\u00e9s au Pamplemousse 1:1:1 THC:CBG:CBC G\u00e9lifi\u00e9s Multipack"},"content":{"rendered":"","protected":false},"excerpt":{"rendered":"<div class=\"ExternalClass4B4FC46406854E1AB027454297D6038E\"><span style=\"font-size: 1.5em; font-weight: bold;\">WYLD Vrai fruit g\u00e9lifi\u00e9s au Pamplemousse 1:1:1 THC:CBG:CBC G\u00e9lifi\u00e9s Multipack<\/span><\/div>\n<div class=\"ExternalClass4B4FC46406854E1AB027454297D6038E\">\n<p>Les Vrai fruit g\u00e9lifi\u00e9s au Pamplemousse 1:1:1 THC:CBG:CBC G\u00e9lifi\u00e9s Multipack offrent une exp\u00e9rience cannabino\u00efde unique et \u00e9quilibr\u00e9e avec des ratios \u00e9gaux de THC, CBG et CBC. Ce multipack contient 10 gommes, chacune pr\u00e9cis\u00e9ment dos\u00e9e \u00e0 10mg de THC, 10mg de CBG, et 10mg de CBC (100mg au total par cannabino\u00efde par pack). Fabriqu\u00e9s avec du vrai jus de pamplemousse et enrichis d&rsquo;un m\u00e9lange de terp\u00e8nes soigneusement s\u00e9lectionn\u00e9, ces gommes inspir\u00e9es de la sativa sont con\u00e7ues pour offrir une exp\u00e9rience stimulante et concentr\u00e9e. Fabriqu\u00e9s selon des pratiques durables et conditionn\u00e9s dans des sachets enti\u00e8rement compostables, les gommes WYLD associent la responsabilit\u00e9 environnementale \u00e0 une qualit\u00e9 constante et \u00e0 un go\u00fbt exceptionnel.<\/p>\n<h4>Caract\u00e9ristiques principales<\/h4>\n<ul>\n<li>Rapport \u00e9quilibr\u00e9 1:1:1 de 10 mg de THC, 10 mg de CBG et 10 mg de CBC par gomme pour un profil cannabino\u00efde complet.<\/li>\n<li>Enrichi en terp\u00e8nes, dont le limon\u00e8ne, le valenc\u00e8ne, le b\u00eata-caryophyll\u00e8ne, l&rsquo;alpha-pin\u00e8ne et le b\u00eata-pin\u00e8ne, pour des effets \u00e9nerg\u00e9tiques et stimulants potentiels.<\/li>\n<li>Formul\u00e9 avec de la l\u00e9cithine de tournesol pour am\u00e9liorer la biodisponibilit\u00e9 et acc\u00e9l\u00e9rer le temps d&rsquo;action.<\/li>\n<li>Thermostable jusqu&rsquo;\u00e0 55\u00b0C avec une texture ferme qui ne colle pas aux dents, assurant l&rsquo;int\u00e9grit\u00e9 du produit et la facilit\u00e9 de consommation.<\/li>\n<li>Fabriqu\u00e9 avec du vrai jus de pamplemousse concentr\u00e9 et des ar\u00f4mes naturels dans un emballage enti\u00e8rement compostable.<\/li>\n<\/ul>\n<h4>Saveur, ar\u00f4me et profil cannabique<\/h4>\n<p>Ces gommes se caract\u00e9risent par une saveur de pamplemousse piquante et acidul\u00e9e, \u00e9quilibr\u00e9e par une finale sucr\u00e9e, cr\u00e9ant une exp\u00e9rience d&rsquo;agrume rafra\u00eechissante. Le profil aromatique est \u00e0 l&rsquo;avenant, avec des notes de pamplemousse vives et acidul\u00e9es, compl\u00e9t\u00e9es par des nuances sucr\u00e9es. La formulation \u00e9quilibr\u00e9e 1:1:1 des cannabino\u00efdes combine les propri\u00e9t\u00e9s psychoactives du THC avec le CBG et le CBC, deux cannabino\u00efdes non intoxicants qui peuvent agir en synergie gr\u00e2ce \u00e0 l&rsquo;effet d&rsquo;entourage. Le m\u00e9lange de terp\u00e8nes comprend du limon\u00e8ne et du valenc\u00e8ne pour les notes d&rsquo;agrumes, du b\u00eata-caryophyll\u00e8ne pour les propri\u00e9t\u00e9s anti-inflammatoires potentielles, ainsi que de l&rsquo;alpha-pin\u00e8ne et du b\u00eata-pin\u00e8ne pour leurs caract\u00e9ristiques v\u00e9g\u00e9tales distinctives, qui contribuent tous au profil \u00e9nergique et concentr\u00e9 des gommes.<\/p>\n<h4>Pourquoi choisir les plantes comestibles ?<\/h4>\n<p>Les produits comestibles \u00e0 base de cannabis tels que les gommes offrent aux utilisateurs m\u00e9dicaux une m\u00e9thode de consommation discr\u00e8te, sans fum\u00e9e, avec des effets plus durables que l&rsquo;inhalation. Le dosage pr\u00e9cis dans chaque gomme permet des exp\u00e9riences coh\u00e9rentes et pr\u00e9visibles, ce qui facilite la recherche et le maintien d&rsquo;une dose th\u00e9rapeutique efficace. Les gommes \u00e0 m\u00e2cher conviennent particuli\u00e8rement aux personnes qui recherchent un soulagement durable tout au long de la journ\u00e9e, sans avoir \u00e0 r\u00e9p\u00e9ter les doses.<\/p>\n<h4>Exp\u00e9dition dans tout le Canada<\/h4>\n<p>Les gommes WYLD Vrai fruit g\u00e9lifi\u00e9s au Pamplemousse 1:1:1 THC:CBG:CBC G\u00e9lifi\u00e9s Multipack sont exp\u00e9di\u00e9es rapidement dans tout le Canada, et la livraison est gratuite pour les commandes de plus de 150 $. Veuillez noter que les produits contenant de la g\u00e9latine peuvent fondre pendant l&rsquo;exp\u00e9dition durant les mois d&rsquo;\u00e9t\u00e9. Nous vous recommandons de tenir compte de ce probl\u00e8me potentiel lorsque vous passez votre commande. Malheureusement, nous ne pouvons pas offrir de remboursement ou de remplacement pour les produits qui fondent pendant le transport. Nous vous remercions de votre compr\u00e9hension.<\/p>\n<h4>Avantages et couverture pour les anciens combattants<\/h4>\n<p>Les WYLD Vrai fruit g\u00e9lifi\u00e9s au Pamplemousse 1:1:1 THC:CBG:CBC G\u00e9lifi\u00e9s Multipack sont admissibles \u00e0 la couverture d&rsquo;Anciens Combattants Canada (ACC) et \u00e0 la facturation directe par l&rsquo;entremise de la Croix Bleue, ce qui signifie que les anciens combattants admissibles n&rsquo;ont pas \u00e0 d\u00e9bourser d&rsquo;argent. Si vous n&rsquo;avez pas encore de carte de cannabis m\u00e9dical, vous pouvez <a href=\"https:\/\/mendomedical.ca\/fr\/carte-medicale\/\">obtenir votre carte m\u00e9dicale gratuite rapidement et facilement<\/a> pour acc\u00e9der \u00e0 ces avantages et commencer votre traitement.<\/p>\n<h4>Ingr\u00e9dients<\/h4>\n<p>Sucres (sucre, sirop de tapioca, concentr\u00e9 de jus de pamplemousse), eau, g\u00e9latine, acide citrique, huile de coco, ar\u00f4me naturel, pectine (pectine, citrate de sodium), extrait de cannabis, acide malique, l\u00e9cithine de tournesol, terp\u00e8nes (limon\u00e8ne, valenc\u00e8ne, alpha-pin\u00e8ne, b\u00eata-caryophyll\u00e8ne, b\u00eata-pin\u00e8ne).<\/p>\n<\/div>\n","protected":false},"featured_media":284888,"comment_status":"open","ping_status":"closed","template":"","meta":{"_acf_changed":false,"site-sidebar-layout":"default","site-content-layout":"","ast-site-content-layout":"default","site-content-style":"default","site-sidebar-style":"default","ast-global-header-display":"","ast-banner-title-visibility":"","ast-main-header-display":"","ast-hfb-above-header-display":"","ast-hfb-below-header-display":"","ast-hfb-mobile-header-display":"","site-post-title":"","ast-breadcrumbs-content":"","ast-featured-img":"","footer-sml-layout":"","ast-disable-related-posts":"","theme-transparent-header-meta":"default","adv-header-id-meta":"","stick-header-meta":"","header-above-stick-meta":"","header-main-stick-meta":"","header-below-stick-meta":"","astra-migrate-meta-layouts":"set","ast-page-background-enabled":"default","ast-page-background-meta":{"desktop":{"background-color":"var(--ast-global-color-4)","background-image":"","background-repeat":"repeat","background-position":"center center","background-size":"auto","background-attachment":"scroll","background-type":"","background-media":"","overlay-type":"","overlay-color":"","overlay-opacity":"","overlay-gradient":""},"tablet":{"background-color":"","background-image":"","background-repeat":"repeat","background-position":"center center","background-size":"auto","background-attachment":"scroll","background-type":"","background-media":"","overlay-type":"","overlay-color":"","overlay-opacity":"","overlay-gradient":""},"mobile":{"background-color":"","background-image":"","background-repeat":"repeat","background-position":"center center","background-size":"auto","background-attachment":"scroll","background-type":"","background-media":"","overlay-type":"","overlay-color":"","overlay-opacity":"","overlay-gradient":""}},"ast-content-background-meta":{"desktop":{"background-color":"var(--ast-global-color-5)","background-image":"","background-repeat":"repeat","background-position":"center center","background-size":"auto","background-attachment":"scroll","background-type":"","background-media":"","overlay-type":"","overlay-color":"","overlay-opacity":"","overlay-gradient":""},"tablet":{"background-color":"var(--ast-global-color-5)","background-image":"","background-repeat":"repeat","background-position":"center center","background-size":"auto","background-attachment":"scroll","background-type":"","background-media":"","overlay-type":"","overlay-color":"","overlay-opacity":"","overlay-gradient":""},"mobile":{"background-color":"var(--ast-global-color-5)","background-image":"","background-repeat":"repeat","background-position":"center center","background-size":"auto","background-attachment":"scroll","background-type":"","background-media":"","overlay-type":"","overlay-color":"","overlay-opacity":"","overlay-gradient":""}}},"product_brand":[],"product_cat":[3825,1132,1133,1511,1128],"product_tag":[],"product_format_filter":[],"class_list":{"0":"post-284890","1":"product","2":"type-product","3":"status-publish","4":"has-post-thumbnail","6":"product_cat-cbd-minors-3-fr","7":"product_cat-bonbons","8":"product_cat-thc-eleve","9":"product_cat-full-spectrum-fr","10":"product_cat-comestibles","11":"pa_flavours-agrume","12":"pa_flavours-fruite","13":"pa_flavours-doux","14":"pa_intensity-cbg-eleve","15":"pa_intensity-thc-eleve","16":"pa_intensity-high-cbc","17":"pa_marques-wyld-fr","18":"pa_origin-colombie-britannique-fr","19":"pa_profil-terpene-limonene-fr","20":"pa_profil-terpene-pinene-fr","21":"pa_type-de-plante-sativa-fr","22":"desktop-align-left","23":"tablet-align-left","24":"mobile-align-left","26":"first","27":"instock","28":"taxable","29":"shipping-taxable","30":"purchasable","31":"product-type-simple"},"group_of_quantity":0,"min_quantity":0,"max_quantity":"","exclude_order_quantity_value_rules":"no","exclude_category_quantity_rules":"no","combine_variations":"no","acf":[],"_links":{"self":[{"href":"https:\/\/mendomedical.ca\/fr\/wp-json\/wp\/v2\/product\/284890","targetHints":{"allow":["GET"]}}],"collection":[{"href":"https:\/\/mendomedical.ca\/fr\/wp-json\/wp\/v2\/product"}],"about":[{"href":"https:\/\/mendomedical.ca\/fr\/wp-json\/wp\/v2\/types\/product"}],"replies":[{"embeddable":true,"href":"https:\/\/mendomedical.ca\/fr\/wp-json\/wp\/v2\/comments?post=284890"}],"wp:featuredmedia":[{"embeddable":true,"href":"https:\/\/mendomedical.ca\/fr\/wp-json\/wp\/v2\/media\/284888"}],"wp:attachment":[{"href":"https:\/\/mendomedical.ca\/fr\/wp-json\/wp\/v2\/media?parent=284890"}],"wp:term":[{"taxonomy":"product_brand","embeddable":true,"href":"https:\/\/mendomedical.ca\/fr\/wp-json\/wp\/v2\/product_brand?post=284890"},{"taxonomy":"product_cat","embeddable":true,"href":"https:\/\/mendomedical.ca\/fr\/wp-json\/wp\/v2\/product_cat?post=284890"},{"taxonomy":"product_tag","embeddable":true,"href":"https:\/\/mendomedical.ca\/fr\/wp-json\/wp\/v2\/product_tag?post=284890"},{"taxonomy":"product_format_filter","embeddable":true,"href":"https:\/\/mendomedical.ca\/fr\/wp-json\/wp\/v2\/product_format_filter?post=284890"}],"curies":[{"name":"wp","href":"https:\/\/api.w.org\/{rel}","templated":true}]}}