{"id":284665,"date":"2025-09-26T16:00:52","date_gmt":"2025-09-26T20:00:52","guid":{"rendered":"https:\/\/mendomedical.ca\/product\/lemon-berry-live-rosin-rosine-vivante-de-baies-de-citron\/"},"modified":"2026-04-21T19:26:12","modified_gmt":"2026-04-21T23:26:12","slug":"lemon-berry-live-rosin-fr","status":"publish","type":"product","link":"https:\/\/mendomedical.ca\/fr\/produit\/lemon-berry-live-rosin-fr\/","title":{"rendered":"Lemon Berry Live Rosin (Rosine vivante de baies de citron)"},"content":{"rendered":"","protected":false},"excerpt":{"rendered":"<div class=\"ExternalClass5690D0DE582A4DB1BA45B88EC65D20C6\">\n<h3>Lemon Berry Live Rosin de 1Above<\/h3>\n<h3>Terp\u00e8nes totaux : 8,12 %.<\/h3>\n<p>Faites l&rsquo;exp\u00e9rience d&rsquo;une qualit\u00e9 sup\u00e9rieure et d&rsquo;une saveur exceptionnelle avec le Live Rosin Lemon Berry de 1Above. Ce concentr\u00e9 de 1 g met en valeur la vari\u00e9t\u00e9 vibrante Lemonberry gr\u00e2ce \u00e0 une extraction congel\u00e9e de haute qualit\u00e9 de la plante enti\u00e8re. Fabriqu\u00e9 en petits lots limit\u00e9s pour garantir une puret\u00e9 et une puissance optimales, chaque gramme est soigneusement emball\u00e9 \u00e0 la main dans un bocal en verre \u00e0 l&rsquo;\u00e9preuve des UV et des enfants, qui maintient un joint herm\u00e9tique pour pr\u00e9server l&rsquo;int\u00e9grit\u00e9 et le profil terp\u00e9nique de la rosine.  <\/p>\n<h4>Caract\u00e9ristiques principales et points forts du produit<\/h4>\n<ul>\n<li>73u Live Rosin extrait de plantes enti\u00e8res fra\u00eechement congel\u00e9es pour une saveur et une puissance sup\u00e9rieures.<\/li>\n<li>Vari\u00e9t\u00e9 vibrante de Lemonberry offrant des notes piquantes d&rsquo;agrumes avec des nuances sucr\u00e9es et confitur\u00e9es de baies.<\/li>\n<li>La production en petites s\u00e9ries garantit un contr\u00f4le de la qualit\u00e9 et une coh\u00e9rence exceptionnels.<\/li>\n<li>Conditionn\u00e9 \u00e0 la main dans des bocaux en verre \u00e9tanches aux UV pour pr\u00e9server la fra\u00eecheur et l&rsquo;int\u00e9grit\u00e9 des terp\u00e8nes.<\/li>\n<li>Les effets potentiels comprennent l&rsquo;euphorie, l&rsquo;\u00e9nergie ascendante, une meilleure concentration et une stimulation de la t\u00eate id\u00e9ale pour une utilisation en journ\u00e9e.<\/li>\n<\/ul>\n<h4>Saveur, ar\u00f4me et profil des terp\u00e8nes<\/h4>\n<p>La vari\u00e9t\u00e9 Lemonberry offre une exp\u00e9rience sensorielle vibrante avec des notes piquantes d&rsquo;\u00e9corce de citron compl\u00e9t\u00e9es par des notes sucr\u00e9es et confitur\u00e9es de baies. Ce profil terp\u00e9nique soigneusement \u00e9labor\u00e9 offre une vapeur douce et savoureuse avec des agrumes pro\u00e9minents \u00e0 l&rsquo;inhalation et une finale persistante de baies. Le bouquet aromatique combine le citron piquant avec des accents de baies fruit\u00e9es, cr\u00e9ant une exp\u00e9rience olfactive revigorante et agr\u00e9able. Les utilisateurs peuvent ressentir un \u00e9tat mental clair et optimis\u00e9 associ\u00e9 \u00e0 une douce relaxation corporelle, ce qui en fait un produit bien adapt\u00e9 \u00e0 une utilisation diurne sans s\u00e9dation excessive.   <\/p>\n<h4>Pourquoi choisir les concentr\u00e9s ?<\/h4>\n<p>Les concentr\u00e9s de cannabis comme le Live Rosin offrent aux utilisateurs m\u00e9dicaux une m\u00e9thode de consommation puissante, efficace et savoureuse. Le processus d&rsquo;extraction pr\u00e9serve le spectre complet des cannabino\u00efdes et des terp\u00e8nes de la plante, ce qui peut am\u00e9liorer les b\u00e9n\u00e9fices th\u00e9rapeutiques. Les concentr\u00e9s permettent un dosage pr\u00e9cis et une apparition rapide des effets, ce qui en fait un excellent choix pour les patients qui recherchent un soulagement cibl\u00e9 avec une consommation minimale de produit.  <\/p>\n<h4>Exp\u00e9dition dans tout le Canada<\/h4>\n<p>Lemon Berry Live Rosin est exp\u00e9di\u00e9 rapidement \u00e0 travers le Canada par Mendo Medical. Nous offrons une livraison gratuite pour toutes les commandes de plus de 150 $, assurant un acc\u00e8s pratique et abordable \u00e0 vos produits de cannabis m\u00e9dical. Les commandes sont trait\u00e9es rapidement et emball\u00e9es discr\u00e8tement pour votre confidentialit\u00e9 et votre tranquillit\u00e9 d&rsquo;esprit.  <\/p>\n<h4>Avantages et couverture pour les anciens combattants<\/h4>\n<p>Lemon Berry Live Rosin est admissible \u00e0 la couverture d&rsquo;ACC (Anciens Combattants Canada) et \u00e0 la facturation directe par l&rsquo;entremise de la Croix Bleue, ce qui signifie qu&rsquo;il n&rsquo;y a aucun d\u00e9bours\u00e9 pour les anciens combattants admissibles. Si vous n&rsquo;avez pas encore de carte de cannabis m\u00e9dical, vous pouvez <a href=\"https:\/\/mendomedical.ca\/fr\/carte-medicale\/\">obtenir votre carte m\u00e9dicale gratuite rapidement et facilement<\/a> pour acc\u00e9der \u00e0 ces avantages et commencer votre traitement. <\/p>\n<h4>Ingr\u00e9dients<\/h4>\n<p>Live Rosin<\/p>\n<\/div>\n","protected":false},"featured_media":284664,"comment_status":"open","ping_status":"closed","template":"","meta":{"_acf_changed":false,"site-sidebar-layout":"default","site-content-layout":"","ast-site-content-layout":"default","site-content-style":"default","site-sidebar-style":"default","ast-global-header-display":"","ast-banner-title-visibility":"","ast-main-header-display":"","ast-hfb-above-header-display":"","ast-hfb-below-header-display":"","ast-hfb-mobile-header-display":"","site-post-title":"","ast-breadcrumbs-content":"","ast-featured-img":"","footer-sml-layout":"","ast-disable-related-posts":"","theme-transparent-header-meta":"default","adv-header-id-meta":"","stick-header-meta":"","header-above-stick-meta":"","header-main-stick-meta":"","header-below-stick-meta":"","astra-migrate-meta-layouts":"set","ast-page-background-enabled":"default","ast-page-background-meta":{"desktop":{"background-color":"var(--ast-global-color-4)","background-image":"","background-repeat":"repeat","background-position":"center center","background-size":"auto","background-attachment":"scroll","background-type":"","background-media":"","overlay-type":"","overlay-color":"","overlay-opacity":"","overlay-gradient":""},"tablet":{"background-color":"","background-image":"","background-repeat":"repeat","background-position":"center center","background-size":"auto","background-attachment":"scroll","background-type":"","background-media":"","overlay-type":"","overlay-color":"","overlay-opacity":"","overlay-gradient":""},"mobile":{"background-color":"","background-image":"","background-repeat":"repeat","background-position":"center center","background-size":"auto","background-attachment":"scroll","background-type":"","background-media":"","overlay-type":"","overlay-color":"","overlay-opacity":"","overlay-gradient":""}},"ast-content-background-meta":{"desktop":{"background-color":"var(--ast-global-color-5)","background-image":"","background-repeat":"repeat","background-position":"center center","background-size":"auto","background-attachment":"scroll","background-type":"","background-media":"","overlay-type":"","overlay-color":"","overlay-opacity":"","overlay-gradient":""},"tablet":{"background-color":"var(--ast-global-color-5)","background-image":"","background-repeat":"repeat","background-position":"center center","background-size":"auto","background-attachment":"scroll","background-type":"","background-media":"","overlay-type":"","overlay-color":"","overlay-opacity":"","overlay-gradient":""},"mobile":{"background-color":"var(--ast-global-color-5)","background-image":"","background-repeat":"repeat","background-position":"center center","background-size":"auto","background-attachment":"scroll","background-type":"","background-media":"","overlay-type":"","overlay-color":"","overlay-opacity":"","overlay-gradient":""}}},"product_brand":[],"product_cat":[1125,1118,1119],"product_tag":[],"product_format_filter":[6369],"class_list":{"0":"post-284665","1":"product","2":"type-product","3":"status-publish","4":"has-post-thumbnail","6":"product_cat-rosin-vivante","7":"product_cat-concentres","8":"product_cat-tout-sans-solvant","9":"pa_flavours-agrume","10":"pa_flavours-baies","11":"pa_flavours-fruite","12":"pa_intensity-low-thcv-fr","13":"pa_intensity-thc-eleve","14":"pa_intensity-low-cbg-fr","15":"pa_marques-1above-fr","16":"pa_origin-ontario-fr","17":"pa_profil-terpene-caryophyllene","18":"pa_profil-terpene-farnesene-fr","19":"pa_profil-terpene-guaiol-fr","20":"pa_profil-terpene-limonene-fr","21":"pa_profil-terpene-linalol-fr","22":"pa_profil-terpene-myrcene","23":"pa_profil-terpene-pinene-fr","24":"pa_profil-terpene-terpineol-fr","25":"pa_type-de-plante-hybride-fr","26":"product_format_filter-1g","27":"desktop-align-left","28":"tablet-align-left","29":"mobile-align-left","31":"first","32":"outofstock","33":"taxable","34":"shipping-taxable","35":"purchasable","36":"product-type-simple"},"group_of_quantity":0,"min_quantity":0,"max_quantity":"","exclude_order_quantity_value_rules":"no","exclude_category_quantity_rules":"no","combine_variations":"no","acf":[],"_links":{"self":[{"href":"https:\/\/mendomedical.ca\/fr\/wp-json\/wp\/v2\/product\/284665","targetHints":{"allow":["GET"]}}],"collection":[{"href":"https:\/\/mendomedical.ca\/fr\/wp-json\/wp\/v2\/product"}],"about":[{"href":"https:\/\/mendomedical.ca\/fr\/wp-json\/wp\/v2\/types\/product"}],"replies":[{"embeddable":true,"href":"https:\/\/mendomedical.ca\/fr\/wp-json\/wp\/v2\/comments?post=284665"}],"wp:featuredmedia":[{"embeddable":true,"href":"https:\/\/mendomedical.ca\/fr\/wp-json\/wp\/v2\/media\/284664"}],"wp:attachment":[{"href":"https:\/\/mendomedical.ca\/fr\/wp-json\/wp\/v2\/media?parent=284665"}],"wp:term":[{"taxonomy":"product_brand","embeddable":true,"href":"https:\/\/mendomedical.ca\/fr\/wp-json\/wp\/v2\/product_brand?post=284665"},{"taxonomy":"product_cat","embeddable":true,"href":"https:\/\/mendomedical.ca\/fr\/wp-json\/wp\/v2\/product_cat?post=284665"},{"taxonomy":"product_tag","embeddable":true,"href":"https:\/\/mendomedical.ca\/fr\/wp-json\/wp\/v2\/product_tag?post=284665"},{"taxonomy":"product_format_filter","embeddable":true,"href":"https:\/\/mendomedical.ca\/fr\/wp-json\/wp\/v2\/product_format_filter?post=284665"}],"curies":[{"name":"wp","href":"https:\/\/api.w.org\/{rel}","templated":true}]}}