{"id":284147,"date":"2025-09-26T18:50:24","date_gmt":"2025-09-26T22:50:24","guid":{"rendered":"https:\/\/mendomedical.ca\/product\/horchata-mauve\/"},"modified":"2026-04-04T21:06:55","modified_gmt":"2026-04-05T01:06:55","slug":"purple-horchata","status":"publish","type":"product","link":"https:\/\/mendomedical.ca\/fr\/produit\/purple-horchata\/","title":{"rendered":"Purple Horchata"},"content":{"rendered":"","protected":false},"excerpt":{"rendered":"<div class=\"ExternalClass7C001937C3F74F859B75E52A638A69B5\">\n<h3>Purple Horchata de Smoke Ops<\/h3>\n<h3>Terp\u00e8nes totaux : 2,2%.<\/h3>\n<p>Purple Horchata est une fleur de cannabis \u00e0 haute teneur en THC issue du croisement g\u00e9n\u00e9tique entre Jet Fuel Gelato et Mochi Gelato. Ce format de 7g offre aux patients du cannabis m\u00e9dical un cultivar \u00e0 la saveur d&rsquo;agrumes avec un profil terp\u00e9nique complexe comprenant du limon\u00e8ne, du linalol, du caryophyll\u00e8ne et du myrc\u00e8ne. Cultiv\u00e9e et s\u00e9ch\u00e9e dans des conditions contr\u00f4l\u00e9es, la Purple Horchata offre une teneur en cannabino\u00efdes constante et une int\u00e9grit\u00e9 terp\u00e9nique pr\u00e9serv\u00e9e pour chaque lot. Avec 24,8 % de THC, cette vari\u00e9t\u00e9 \u00e9quilibr\u00e9e offre aux utilisateurs m\u00e9dicaux une option puissante pour l&rsquo;usage th\u00e9rapeutique du cannabis.<\/p>\n<h4>Caract\u00e9ristiques principales et points forts du produit<\/h4>\n<ul>\n<li>Haut en CBD (24,8 %) et CBD (moins de 0,1 %)<\/li>\n<li>Croisement hybride de la g\u00e9n\u00e9tique Jet Fuel Gelato X Mochi Gelato<\/li>\n<li>Profil terp\u00e9nique dominant comprenant le limon\u00e8ne, le linalol, le caryophyll\u00e8ne et le myrc\u00e8ne.<\/li>\n<li>Ar\u00f4me d&rsquo;agrumes avec des notes florales et herbac\u00e9es<\/li>\n<li>Cultiv\u00e9 et s\u00e9ch\u00e9 dans des conditions contr\u00f4l\u00e9es pour une qualit\u00e9 constante et la pr\u00e9servation des cannabino\u00efdes.<\/li>\n<\/ul>\n<h4>Saveurs, ar\u00f4mes et profil des terp\u00e8nes<\/h4>\n<p>La Purple Horchata exprime un ar\u00f4me \u00e0 dominante d&rsquo;agrumes compl\u00e9t\u00e9 par des notes florales et herbac\u00e9es, cr\u00e9ant ainsi une exp\u00e9rience sensorielle complexe. Le profil aromatique refl\u00e8te ce caract\u00e8re aromatique, avec des tons d&rsquo;agrumes prononc\u00e9s et de subtiles notes herbac\u00e9es. Le profil terp\u00e9nique est domin\u00e9 par le limon\u00e8ne, qui contribue au caract\u00e8re d&rsquo;agrume, tandis que le linalol apporte des notes florales. Le caryophyll\u00e8ne apporte des \u00e9l\u00e9ments poivr\u00e9s et \u00e9pic\u00e9s, et le myrc\u00e8ne compl\u00e8te le profil avec des qualit\u00e9s terreuses et v\u00e9g\u00e9tales. Cette composition en terp\u00e8nes peut contribuer aux effets d\u00e9tendus et \u00e9quilibr\u00e9s de la vari\u00e9t\u00e9, ce qui la rend adapt\u00e9e \u00e0 diff\u00e9rents moments de la journ\u00e9e, en fonction de la tol\u00e9rance individuelle et des besoins th\u00e9rapeutiques.<\/p>\n<h4>Pourquoi choisir les fleurs de cannabis<\/h4>\n<p>La fleur de cannabis reste un choix privil\u00e9gi\u00e9 pour les utilisateurs m\u00e9dicaux qui recherchent des effets imm\u00e9diats et un contr\u00f4le pr\u00e9cis du dosage par inhalation. Les formats de fleurs permettent aux patients de s\u00e9lectionner des cultivars sp\u00e9cifiques en fonction de leurs profils de terp\u00e8nes et de cannabino\u00efdes, ce qui permet des exp\u00e9riences th\u00e9rapeutiques personnalis\u00e9es. Le format de 7g de Purple Horchata offre aux utilisateurs m\u00e9dicaux une option \u00e9conomique avec suffisamment de produit pour \u00e9valuer l&rsquo;efficacit\u00e9 sur plusieurs sessions.<\/p>\n<h4>Exp\u00e9dition dans tout le Canada<\/h4>\n<p>Purple Horchata est exp\u00e9di\u00e9 rapidement \u00e0 travers le Canada gr\u00e2ce au service de livraison national de Mendo Medical. Nous offrons une livraison gratuite pour toutes les commandes de plus de 150 $, ce qui permet aux patients qui consomment du cannabis m\u00e9dical de recevoir leurs produits th\u00e9rapeutiques \u00e0 un prix abordable et en toute discr\u00e9tion. Les commandes sont trait\u00e9es rapidement et emball\u00e9es de fa\u00e7on s\u00e9curitaire afin de maintenir la qualit\u00e9 du produit pendant le transport.<\/p>\n<h4>Avantages et couverture pour les anciens combattants<\/h4>\n<p>Purple Horchata est admissible \u00e0 la couverture d&rsquo;Anciens Combattants Canada (ACC). Les v\u00e9t\u00e9rans \u00e9ligibles peuvent acc\u00e9der \u00e0 ce produit par le biais d&rsquo;une facturation directe avec la Croix Bleue, \u00e9liminant ainsi les d\u00e9penses personnelles. Si vous \u00eates un ancien combattant et que vous n&rsquo;avez pas encore de carte de cannabis m\u00e9dical, vous pouvez obtenir votre <a href=\"https:\/\/mendomedical.ca\/fr\/carte-medicale\/\">carte m\u00e9dicale gratuite rapidement et facilement<\/a> gr\u00e2ce au processus simplifi\u00e9 de Mendo Medical, ce qui vous permettra d&rsquo;acc\u00e9der aux avantages auxquels vous avez droit et aux produits th\u00e9rapeutiques \u00e0 base de cannabis.<\/p>\n<\/div>\n","protected":false},"featured_media":284150,"comment_status":"open","ping_status":"closed","template":"","meta":{"_acf_changed":false,"site-sidebar-layout":"default","site-content-layout":"","ast-site-content-layout":"default","site-content-style":"default","site-sidebar-style":"default","ast-global-header-display":"","ast-banner-title-visibility":"","ast-main-header-display":"","ast-hfb-above-header-display":"","ast-hfb-below-header-display":"","ast-hfb-mobile-header-display":"","site-post-title":"","ast-breadcrumbs-content":"","ast-featured-img":"","footer-sml-layout":"","ast-disable-related-posts":"","theme-transparent-header-meta":"default","adv-header-id-meta":"","stick-header-meta":"","header-above-stick-meta":"","header-main-stick-meta":"","header-below-stick-meta":"","astra-migrate-meta-layouts":"set","ast-page-background-enabled":"default","ast-page-background-meta":{"desktop":{"background-color":"var(--ast-global-color-4)","background-image":"","background-repeat":"repeat","background-position":"center center","background-size":"auto","background-attachment":"scroll","background-type":"","background-media":"","overlay-type":"","overlay-color":"","overlay-opacity":"","overlay-gradient":""},"tablet":{"background-color":"","background-image":"","background-repeat":"repeat","background-position":"center center","background-size":"auto","background-attachment":"scroll","background-type":"","background-media":"","overlay-type":"","overlay-color":"","overlay-opacity":"","overlay-gradient":""},"mobile":{"background-color":"","background-image":"","background-repeat":"repeat","background-position":"center center","background-size":"auto","background-attachment":"scroll","background-type":"","background-media":"","overlay-type":"","overlay-color":"","overlay-opacity":"","overlay-gradient":""}},"ast-content-background-meta":{"desktop":{"background-color":"var(--ast-global-color-5)","background-image":"","background-repeat":"repeat","background-position":"center center","background-size":"auto","background-attachment":"scroll","background-type":"","background-media":"","overlay-type":"","overlay-color":"","overlay-opacity":"","overlay-gradient":""},"tablet":{"background-color":"var(--ast-global-color-5)","background-image":"","background-repeat":"repeat","background-position":"center center","background-size":"auto","background-attachment":"scroll","background-type":"","background-media":"","overlay-type":"","overlay-color":"","overlay-opacity":"","overlay-gradient":""},"mobile":{"background-color":"var(--ast-global-color-5)","background-image":"","background-repeat":"repeat","background-position":"center center","background-size":"auto","background-attachment":"scroll","background-type":"","background-media":"","overlay-type":"","overlay-color":"","overlay-opacity":"","overlay-gradient":""}}},"product_brand":[],"product_cat":[1137],"product_tag":[],"product_format_filter":[6373],"class_list":{"0":"post-284147","1":"product","2":"type-product","3":"status-publish","4":"has-post-thumbnail","6":"product_cat-fleur","7":"pa_flavours-agrume","8":"pa_flavours-a-base-de-plantes","9":"pa_intensity-thc-eleve","10":"pa_marques-operations-fumigenes","11":"pa_origin-quebec-fr","12":"pa_packaging-date-03-06-2026","13":"pa_profil-terpene-caryophyllene","14":"pa_profil-terpene-limonene-fr","15":"pa_profil-terpene-linalol-fr","16":"pa_profil-terpene-myrcene","17":"pa_profil-terpene-pinene-fr","18":"pa_type-de-plante-hybride-fr","19":"product_format_filter-7g","20":"desktop-align-left","21":"tablet-align-left","22":"mobile-align-left","24":"first","25":"instock","26":"taxable","27":"shipping-taxable","28":"purchasable","29":"product-type-simple"},"group_of_quantity":0,"min_quantity":0,"max_quantity":"","exclude_order_quantity_value_rules":"no","exclude_category_quantity_rules":"no","combine_variations":"no","acf":[],"_links":{"self":[{"href":"https:\/\/mendomedical.ca\/fr\/wp-json\/wp\/v2\/product\/284147","targetHints":{"allow":["GET"]}}],"collection":[{"href":"https:\/\/mendomedical.ca\/fr\/wp-json\/wp\/v2\/product"}],"about":[{"href":"https:\/\/mendomedical.ca\/fr\/wp-json\/wp\/v2\/types\/product"}],"replies":[{"embeddable":true,"href":"https:\/\/mendomedical.ca\/fr\/wp-json\/wp\/v2\/comments?post=284147"}],"wp:featuredmedia":[{"embeddable":true,"href":"https:\/\/mendomedical.ca\/fr\/wp-json\/wp\/v2\/media\/284150"}],"wp:attachment":[{"href":"https:\/\/mendomedical.ca\/fr\/wp-json\/wp\/v2\/media?parent=284147"}],"wp:term":[{"taxonomy":"product_brand","embeddable":true,"href":"https:\/\/mendomedical.ca\/fr\/wp-json\/wp\/v2\/product_brand?post=284147"},{"taxonomy":"product_cat","embeddable":true,"href":"https:\/\/mendomedical.ca\/fr\/wp-json\/wp\/v2\/product_cat?post=284147"},{"taxonomy":"product_tag","embeddable":true,"href":"https:\/\/mendomedical.ca\/fr\/wp-json\/wp\/v2\/product_tag?post=284147"},{"taxonomy":"product_format_filter","embeddable":true,"href":"https:\/\/mendomedical.ca\/fr\/wp-json\/wp\/v2\/product_format_filter?post=284147"}],"curies":[{"name":"wp","href":"https:\/\/api.w.org\/{rel}","templated":true}]}}