{"id":284146,"date":"2025-09-26T18:55:01","date_gmt":"2025-09-26T22:55:01","guid":{"rendered":"https:\/\/mendomedical.ca\/product\/bombe-de-papaye\/"},"modified":"2026-04-07T10:29:37","modified_gmt":"2026-04-07T14:29:37","slug":"papaya-bomb-2","status":"publish","type":"product","link":"https:\/\/mendomedical.ca\/fr\/produit\/papaya-bomb-2\/","title":{"rendered":"Papaya Bomb"},"content":{"rendered":"","protected":false},"excerpt":{"rendered":"<div class=\"ExternalClass5924707C84BC496FA297A3668DC89777\">\n<h3>Papaya Bomb par Smoke Ops<\/h3>\n<h3>Terp\u00e8nes totaux : 2,5%.<\/h3>\n<p>Papaya Bomb est une fleur de cannabis de qualit\u00e9 sup\u00e9rieure propos\u00e9e par Smoke Ops, combinant les g\u00e9n\u00e9tiques de Papaya et de THC Bomb pour offrir une exp\u00e9rience puissante et riche en terp\u00e8nes. Avec des niveaux de THC allant de 27 \u00e0 29%, ce cultivar est con\u00e7u pour les utilisateurs exp\u00e9riment\u00e9s de cannabis m\u00e9dical qui recherchent une puissance constante et un profil aromatique complexe. Chaque format de 7 grammes est cultiv\u00e9 et s\u00e9ch\u00e9 dans des conditions contr\u00f4l\u00e9es afin de pr\u00e9server l&rsquo;int\u00e9grit\u00e9 des cannabino\u00efdes et l&rsquo;expression des terp\u00e8nes, garantissant ainsi la qualit\u00e9 et la reproductibilit\u00e9 de chaque lot.<\/p>\n<h4>Caract\u00e9ristiques principales<\/h4>\n<ul>\n<li>Haute teneur en CBD (27-29%) et CBD inf\u00e9rieur \u00e0 0,1% pour un potentiel th\u00e9rapeutique puissant.<\/li>\n<li>Profil terp\u00e9nique domin\u00e9 par le myrc\u00e8ne et soutenu par le caryophyll\u00e8ne, le limon\u00e8ne et le farn\u00e9s\u00e8ne.<\/li>\n<li>Notes d&rsquo;herbes et de terre avec des nuances subtiles d&rsquo;agrumes.<\/li>\n<li>Peut favoriser les sentiments d&rsquo;euphorie, d&rsquo;\u00e9l\u00e9vation et de relaxation.<\/li>\n<li>Disponible dans un format pratique de 7 grammes pour une utilisation m\u00e9dicale r\u00e9guli\u00e8re.<\/li>\n<\/ul>\n<h4>Saveurs, ar\u00f4mes, cannabino\u00efdes et terp\u00e8nes<\/h4>\n<p>Papaya Bomb pr\u00e9sente un profil aromatique orient\u00e9 vers la terre, avec une profondeur d&rsquo;herbes et une l\u00e9g\u00e8re note d&rsquo;agrumes, cr\u00e9ant une exp\u00e9rience sensorielle enracin\u00e9e. Le profil aromatique refl\u00e8te l&rsquo;ar\u00f4me, avec des notes herbac\u00e9es et terreuses pro\u00e9minentes qui plaisent \u00e0 ceux qui appr\u00e9cient les caract\u00e9ristiques naturelles et botaniques de leur cannabis.<\/p>\n<p>Le profil des cannabino\u00efdes est men\u00e9 par une forte concentration de THC de 27 \u00e0 29 %, tandis que le CBD reste inf\u00e9rieur \u00e0 0,1 %. La Papaya Bomb est donc particuli\u00e8rement adapt\u00e9e aux utilisateurs m\u00e9dicaux qui recherchent des effets psychoactifs puissants et les avantages th\u00e9rapeutiques potentiels associ\u00e9s aux vari\u00e9t\u00e9s \u00e0 forte teneur en THC.<\/p>\n<p>La composition terp\u00e9nique est ancr\u00e9e par le myrc\u00e8ne, connu pour ses propri\u00e9t\u00e9s potentiellement s\u00e9datives, compl\u00e9t\u00e9 par le caryophyll\u00e8ne, qui peut offrir un soutien anti-inflammatoire. Le limon\u00e8ne apporte des notes subtiles d&rsquo;agrumes tout en \u00e9levant potentiellement l&rsquo;humeur, et le farn\u00e9s\u00e8ne compl\u00e8te le profil avec une complexit\u00e9 aromatique suppl\u00e9mentaire. Ce m\u00e9lange de terp\u00e8nes peut agir en synergie avec les cannabino\u00efdes pour produire des effets euphoriques, stimulants et relaxants.<\/p>\n<h4>Pourquoi choisir les fleurs de cannabis ?<\/h4>\n<p>La fleur de cannabis reste un choix privil\u00e9gi\u00e9 pour de nombreux utilisateurs m\u00e9dicaux en raison de sa polyvalence et de l&rsquo;apparition rapide de ses effets. La fleur permet un contr\u00f4le pr\u00e9cis du dosage et peut \u00eatre consomm\u00e9e de diff\u00e9rentes mani\u00e8res en fonction des pr\u00e9f\u00e9rences individuelles et des besoins m\u00e9dicaux. Les cultivars \u00e0 forte teneur en THC, comme la Papaya Bomb, peuvent aider \u00e0 soulager divers sympt\u00f4mes tout en offrant les avantages du spectre complet des cannabino\u00efdes naturels et du profil terp\u00e9nique de la plante.<\/p>\n<h4>Exp\u00e9dition dans tout le Canada<\/h4>\n<p>Papaya Bomb est exp\u00e9di\u00e9 rapidement \u00e0 travers le Canada gr\u00e2ce au r\u00e9seau de livraison fiable de Mendo Medical. Nous offrons une livraison gratuite pour toutes les commandes de plus de 150 $, ce qui rend l&rsquo;acc\u00e8s \u00e0 votre cannabis m\u00e9dical pratique et abordable. Les commandes sont emball\u00e9es discr\u00e8tement et suivies afin d&rsquo;assurer leur arriv\u00e9e en toute s\u00e9curit\u00e9 \u00e0 votre porte, o\u00f9 que vous soyez dans le pays.<\/p>\n<h4>Avantages et couverture pour les anciens combattants<\/h4>\n<p>Papaya Bomb est admissible \u00e0 la couverture des programmes d&rsquo;Anciens Combattants Canada (ACC). Les anciens combattants admissibles peuvent acc\u00e9der \u00e0 ce produit par facturation directe avec la Croix Bleue, ce qui \u00e9limine les d\u00e9penses personnelles et simplifie le processus de remboursement. Si vous n&rsquo;avez pas encore de carte de cannabis m\u00e9dical, vous pouvez <a href=\"https:\/\/mendomedical.ca\/fr\/carte-medicale\/\">obtenir votre carte m\u00e9dicale gratuite rapidement et facilement<\/a> pour commencer \u00e0 acc\u00e9der aux avantages auxquels vous avez droit et aux produits th\u00e9rapeutiques \u00e0 base de cannabis.<\/p>\n<\/div>\n","protected":false},"featured_media":284156,"comment_status":"open","ping_status":"closed","template":"","meta":{"_acf_changed":false,"site-sidebar-layout":"default","site-content-layout":"","ast-site-content-layout":"default","site-content-style":"default","site-sidebar-style":"default","ast-global-header-display":"","ast-banner-title-visibility":"","ast-main-header-display":"","ast-hfb-above-header-display":"","ast-hfb-below-header-display":"","ast-hfb-mobile-header-display":"","site-post-title":"","ast-breadcrumbs-content":"","ast-featured-img":"","footer-sml-layout":"","ast-disable-related-posts":"","theme-transparent-header-meta":"default","adv-header-id-meta":"","stick-header-meta":"","header-above-stick-meta":"","header-main-stick-meta":"","header-below-stick-meta":"","astra-migrate-meta-layouts":"set","ast-page-background-enabled":"default","ast-page-background-meta":{"desktop":{"background-color":"var(--ast-global-color-4)","background-image":"","background-repeat":"repeat","background-position":"center center","background-size":"auto","background-attachment":"scroll","background-type":"","background-media":"","overlay-type":"","overlay-color":"","overlay-opacity":"","overlay-gradient":""},"tablet":{"background-color":"","background-image":"","background-repeat":"repeat","background-position":"center center","background-size":"auto","background-attachment":"scroll","background-type":"","background-media":"","overlay-type":"","overlay-color":"","overlay-opacity":"","overlay-gradient":""},"mobile":{"background-color":"","background-image":"","background-repeat":"repeat","background-position":"center center","background-size":"auto","background-attachment":"scroll","background-type":"","background-media":"","overlay-type":"","overlay-color":"","overlay-opacity":"","overlay-gradient":""}},"ast-content-background-meta":{"desktop":{"background-color":"var(--ast-global-color-5)","background-image":"","background-repeat":"repeat","background-position":"center center","background-size":"auto","background-attachment":"scroll","background-type":"","background-media":"","overlay-type":"","overlay-color":"","overlay-opacity":"","overlay-gradient":""},"tablet":{"background-color":"var(--ast-global-color-5)","background-image":"","background-repeat":"repeat","background-position":"center center","background-size":"auto","background-attachment":"scroll","background-type":"","background-media":"","overlay-type":"","overlay-color":"","overlay-opacity":"","overlay-gradient":""},"mobile":{"background-color":"var(--ast-global-color-5)","background-image":"","background-repeat":"repeat","background-position":"center center","background-size":"auto","background-attachment":"scroll","background-type":"","background-media":"","overlay-type":"","overlay-color":"","overlay-opacity":"","overlay-gradient":""}}},"product_brand":[],"product_cat":[1137],"product_tag":[],"product_format_filter":[6373],"class_list":{"0":"post-284146","1":"product","2":"type-product","3":"status-publish","4":"has-post-thumbnail","6":"product_cat-fleur","7":"pa_flavours-a-base-de-plantes","8":"pa_flavours-terreux","9":"pa_intensity-thc-eleve","10":"pa_marques-operations-fumigenes","11":"pa_origin-quebec-fr","12":"pa_packaging-date-03-06-2026","13":"pa_profil-terpene-caryophyllene","14":"pa_profil-terpene-farnesene-fr","15":"pa_profil-terpene-limonene-fr","16":"pa_profil-terpene-myrcene","17":"pa_type-de-plante-hybride-fr","18":"product_format_filter-7g","19":"desktop-align-left","20":"tablet-align-left","21":"mobile-align-left","23":"first","24":"instock","25":"taxable","26":"shipping-taxable","27":"purchasable","28":"product-type-simple"},"group_of_quantity":0,"min_quantity":0,"max_quantity":"","exclude_order_quantity_value_rules":"no","exclude_category_quantity_rules":"no","combine_variations":"no","acf":[],"_links":{"self":[{"href":"https:\/\/mendomedical.ca\/fr\/wp-json\/wp\/v2\/product\/284146","targetHints":{"allow":["GET"]}}],"collection":[{"href":"https:\/\/mendomedical.ca\/fr\/wp-json\/wp\/v2\/product"}],"about":[{"href":"https:\/\/mendomedical.ca\/fr\/wp-json\/wp\/v2\/types\/product"}],"replies":[{"embeddable":true,"href":"https:\/\/mendomedical.ca\/fr\/wp-json\/wp\/v2\/comments?post=284146"}],"wp:featuredmedia":[{"embeddable":true,"href":"https:\/\/mendomedical.ca\/fr\/wp-json\/wp\/v2\/media\/284156"}],"wp:attachment":[{"href":"https:\/\/mendomedical.ca\/fr\/wp-json\/wp\/v2\/media?parent=284146"}],"wp:term":[{"taxonomy":"product_brand","embeddable":true,"href":"https:\/\/mendomedical.ca\/fr\/wp-json\/wp\/v2\/product_brand?post=284146"},{"taxonomy":"product_cat","embeddable":true,"href":"https:\/\/mendomedical.ca\/fr\/wp-json\/wp\/v2\/product_cat?post=284146"},{"taxonomy":"product_tag","embeddable":true,"href":"https:\/\/mendomedical.ca\/fr\/wp-json\/wp\/v2\/product_tag?post=284146"},{"taxonomy":"product_format_filter","embeddable":true,"href":"https:\/\/mendomedical.ca\/fr\/wp-json\/wp\/v2\/product_format_filter?post=284146"}],"curies":[{"name":"wp","href":"https:\/\/api.w.org\/{rel}","templated":true}]}}