{"id":283500,"date":"2025-09-24T02:50:30","date_gmt":"2025-09-24T06:50:30","guid":{"rendered":"https:\/\/mendomedical.ca\/product\/real-fruit-raspberry-sativa-gummies-multipack\/"},"modified":"2026-03-25T11:40:06","modified_gmt":"2026-03-25T15:40:06","slug":"vrai-fruit-gelifies-a-la-framboise-sativa-gelifies-multipack","status":"publish","type":"product","link":"https:\/\/mendomedical.ca\/fr\/produit\/vrai-fruit-gelifies-a-la-framboise-sativa-gelifies-multipack\/","title":{"rendered":"Vrai fruit g\u00e9lifi\u00e9s \u00e0 la Framboise Sativa G\u00e9lifi\u00e9s Multipack"},"content":{"rendered":"","protected":false},"excerpt":{"rendered":"<div class=\"ExternalClass8BC6A53C2FFA4420B8C2AE85220AA667\">\n<h3>WYLD - Vrai fruit g\u00e9lifi\u00e9s \u00e0 la Framboise Sativa G\u00e9lifi\u00e9s Multipack<\/h3>\n<p>Les gommes WYLD Raspberry Sativa Enhanced THC offrent une exp\u00e9rience de cannabis \u00e9nergisante, \u00e9labor\u00e9e \u00e0 partir de vrais fruits et de terp\u00e8nes botaniques. Chaque paquet contient 10 gommes avec 10 mg de THC par pi\u00e8ce, soit un total de 100 mg de THC par paquet. Formul\u00e9s par des scientifiques de l&rsquo;alimentation pour assurer une constance et un go\u00fbt exceptionnel, ces gommes contiennent un m\u00e9lange de terp\u00e8nes soigneusement s\u00e9lectionn\u00e9s pour produire des effets \u00e9nergiques et stimulants. Fabriqu\u00e9s selon des pratiques durables et conditionn\u00e9s dans des sachets enti\u00e8rement compostables, les WYLD gummies offrent une option comestible de premi\u00e8re qualit\u00e9 aux patients de cannabis m\u00e9dical \u00e0 la recherche d&rsquo;une exp\u00e9rience sativa fiable et d\u00e9licieuse.<\/p>\n<h4>Caract\u00e9ristiques principales<\/h4>\n<ul>\n<li>10mg THC par gomme, 100mg THC au total par multipack de 10 pi\u00e8ces dos\u00e9es individuellement.<\/li>\n<li>Enrichi en terp\u00e8nes botaniques, dont le limon\u00e8ne, le valenc\u00e8ne, le b\u00eata-caryophyll\u00e8ne, l&rsquo;alpha-pin\u00e8ne et le b\u00eata-pin\u00e8ne, pour des effets \u00e9nergiques et stimulants.<\/li>\n<li>Fabriqu\u00e9 avec de v\u00e9ritables framboises, des ar\u00f4mes naturels et de la l\u00e9cithine de tournesol pour une meilleure biodisponibilit\u00e9 et une action plus rapide.<\/li>\n<li>Thermostable jusqu&rsquo;\u00e0 55\u00b0C avec une texture ferme qui ne colle pas aux dents<\/li>\n<li>Produit de mani\u00e8re durable et emball\u00e9 dans des sachets enti\u00e8rement compostables<\/li>\n<\/ul>\n<h4>Saveur, ar\u00f4me et profil des terp\u00e8nes<\/h4>\n<p>Ces gommes offrent une saveur de framboise vive, l\u00e9g\u00e8rement acidul\u00e9e et sucr\u00e9e qui reste fid\u00e8le au vrai fruit. Le go\u00fbt authentique provient d&rsquo;un concentr\u00e9 de jus de framboise et d&rsquo;un ar\u00f4me naturel, cr\u00e9ant une exp\u00e9rience comestible fruit\u00e9e et sucr\u00e9e. Le profil terp\u00e9nique comprend du limon\u00e8ne, du valenc\u00e8ne, du b\u00eata-caryophyll\u00e8ne, de l&rsquo;alpha-pin\u00e8ne et du b\u00eata-pin\u00e8ne, qui agissent en synergie avec les 10 mg de THC par gomme pour soutenir les effets de la sativa. Cette combinaison de terp\u00e8nes est associ\u00e9e \u00e0 des exp\u00e9riences stimulantes et \u00e9nergiques, ce qui rend ces gommes adapt\u00e9es \u00e0 une utilisation diurne ou lorsque les patients ont besoin d&rsquo;un coup de pouce suppl\u00e9mentaire pour se motiver.<\/p>\n<h4>Pourquoi choisir les plantes comestibles ?<\/h4>\n<p>Les edibles de cannabis comme les gommes offrent aux patients m\u00e9dicaux une m\u00e9thode de consommation sans fum\u00e9e avec des effets plus durables que l&rsquo;inhalation. Ils permettent un dosage pr\u00e9cis et pr\u00e9-mesur\u00e9 qui facilite la gestion coh\u00e9rente de votre th\u00e9rapie au cannabis. Les edibles sont discrets, portables et id\u00e9aux pour les patients qui ont besoin d&rsquo;un soulagement durable tout au long de la journ\u00e9e ou qui pr\u00e9f\u00e8rent ne pas fumer ou vaper.<\/p>\n<h4>Exp\u00e9dition dans tout le Canada<\/h4>\n<p>WYLD Vrai fruit g\u00e9lifi\u00e9s \u00e0 la Framboise Sativa G\u00e9lifi\u00e9s Multipack est exp\u00e9di\u00e9 rapidement \u00e0 travers le Canada, avec une livraison gratuite pour les commandes de plus de 150 $. Veuillez noter que les produits contenant de la g\u00e9latine peuvent fondre pendant l&rsquo;exp\u00e9dition durant les mois d&rsquo;\u00e9t\u00e9. Nous vous recommandons de tenir compte de ce probl\u00e8me potentiel lorsque vous passez votre commande. Malheureusement, nous ne pouvons pas offrir de remboursement ou de remplacement pour les produits qui fondent pendant le transport. Nous vous remercions de votre compr\u00e9hension.<\/p>\n<h4>Avantages et couverture pour les anciens combattants<\/h4>\n<p>WYLD Vrai fruit g\u00e9lifi\u00e9s \u00e0 la Framboise Sativa G\u00e9lifi\u00e9s Multipack est admissible \u00e0 la couverture d&rsquo;ACC (Anciens Combattants Canada) et \u00e0 la facturation directe par l&rsquo;entremise de la Croix Bleue, ce qui signifie que les anciens combattants admissibles n&rsquo;ont pas \u00e0 d\u00e9bourser d&rsquo;argent. Si vous n&rsquo;avez pas encore de carte de cannabis m\u00e9dical, vous pouvez <a href=\"https:\/\/mendomedical.ca\/fr\/carte-medicale\/\">obtenir votre carte m\u00e9dicale gratuite rapidement et facilement<\/a> pour acc\u00e9der \u00e0 vos avantages et commencer \u00e0 commander d\u00e8s aujourd&rsquo;hui.<\/p>\n<h4>Ingr\u00e9dients<\/h4>\n<p>Sucres (sucre, sirop de tapioca, concentr\u00e9 de jus de framboise), eau, g\u00e9latine, ar\u00f4me naturel, huile de coco, acide malique, acide citrique, pectine (pectine, citrate de sodium), extrait de cannabis, l\u00e9cithine de tournesol, terp\u00e8nes (limon\u00e8ne, valenc\u00e8ne, alpha-pin\u00e8ne, b\u00eata-caryophyll\u00e8ne, b\u00eata-pin\u00e8ne).<\/p>\n<\/div>\n","protected":false},"featured_media":282461,"comment_status":"open","ping_status":"closed","template":"","meta":{"_acf_changed":false,"site-sidebar-layout":"default","site-content-layout":"","ast-site-content-layout":"default","site-content-style":"default","site-sidebar-style":"default","ast-global-header-display":"","ast-banner-title-visibility":"","ast-main-header-display":"","ast-hfb-above-header-display":"","ast-hfb-below-header-display":"","ast-hfb-mobile-header-display":"","site-post-title":"","ast-breadcrumbs-content":"","ast-featured-img":"","footer-sml-layout":"","ast-disable-related-posts":"","theme-transparent-header-meta":"default","adv-header-id-meta":"","stick-header-meta":"","header-above-stick-meta":"","header-main-stick-meta":"","header-below-stick-meta":"","astra-migrate-meta-layouts":"set","ast-page-background-enabled":"default","ast-page-background-meta":{"desktop":{"background-color":"var(--ast-global-color-4)","background-image":"","background-repeat":"repeat","background-position":"center center","background-size":"auto","background-attachment":"scroll","background-type":"","background-media":"","overlay-type":"","overlay-color":"","overlay-opacity":"","overlay-gradient":""},"tablet":{"background-color":"","background-image":"","background-repeat":"repeat","background-position":"center center","background-size":"auto","background-attachment":"scroll","background-type":"","background-media":"","overlay-type":"","overlay-color":"","overlay-opacity":"","overlay-gradient":""},"mobile":{"background-color":"","background-image":"","background-repeat":"repeat","background-position":"center center","background-size":"auto","background-attachment":"scroll","background-type":"","background-media":"","overlay-type":"","overlay-color":"","overlay-opacity":"","overlay-gradient":""}},"ast-content-background-meta":{"desktop":{"background-color":"var(--ast-global-color-5)","background-image":"","background-repeat":"repeat","background-position":"center center","background-size":"auto","background-attachment":"scroll","background-type":"","background-media":"","overlay-type":"","overlay-color":"","overlay-opacity":"","overlay-gradient":""},"tablet":{"background-color":"var(--ast-global-color-5)","background-image":"","background-repeat":"repeat","background-position":"center center","background-size":"auto","background-attachment":"scroll","background-type":"","background-media":"","overlay-type":"","overlay-color":"","overlay-opacity":"","overlay-gradient":""},"mobile":{"background-color":"var(--ast-global-color-5)","background-image":"","background-repeat":"repeat","background-position":"center center","background-size":"auto","background-attachment":"scroll","background-type":"","background-media":"","overlay-type":"","overlay-color":"","overlay-opacity":"","overlay-gradient":""}}},"product_brand":[],"product_cat":[1132,1133,1128],"product_tag":[],"product_format_filter":[],"class_list":{"0":"post-283500","1":"product","2":"type-product","3":"status-publish","4":"has-post-thumbnail","6":"product_cat-bonbons","7":"product_cat-thc-eleve","8":"product_cat-comestibles","9":"pa_flavours-fruite","10":"pa_flavours-doux","11":"pa_intensity-thc-eleve","12":"pa_marques-wyld-fr","13":"pa_origin-colombie-britannique-fr","14":"pa_type-de-plante-thc-fr","15":"desktop-align-left","16":"tablet-align-left","17":"mobile-align-left","19":"first","20":"outofstock","21":"taxable","22":"shipping-taxable","23":"purchasable","24":"product-type-simple"},"group_of_quantity":0,"min_quantity":0,"max_quantity":"","exclude_order_quantity_value_rules":"no","exclude_category_quantity_rules":"no","combine_variations":"no","acf":[],"_links":{"self":[{"href":"https:\/\/mendomedical.ca\/fr\/wp-json\/wp\/v2\/product\/283500","targetHints":{"allow":["GET"]}}],"collection":[{"href":"https:\/\/mendomedical.ca\/fr\/wp-json\/wp\/v2\/product"}],"about":[{"href":"https:\/\/mendomedical.ca\/fr\/wp-json\/wp\/v2\/types\/product"}],"replies":[{"embeddable":true,"href":"https:\/\/mendomedical.ca\/fr\/wp-json\/wp\/v2\/comments?post=283500"}],"wp:featuredmedia":[{"embeddable":true,"href":"https:\/\/mendomedical.ca\/fr\/wp-json\/wp\/v2\/media\/282461"}],"wp:attachment":[{"href":"https:\/\/mendomedical.ca\/fr\/wp-json\/wp\/v2\/media?parent=283500"}],"wp:term":[{"taxonomy":"product_brand","embeddable":true,"href":"https:\/\/mendomedical.ca\/fr\/wp-json\/wp\/v2\/product_brand?post=283500"},{"taxonomy":"product_cat","embeddable":true,"href":"https:\/\/mendomedical.ca\/fr\/wp-json\/wp\/v2\/product_cat?post=283500"},{"taxonomy":"product_tag","embeddable":true,"href":"https:\/\/mendomedical.ca\/fr\/wp-json\/wp\/v2\/product_tag?post=283500"},{"taxonomy":"product_format_filter","embeddable":true,"href":"https:\/\/mendomedical.ca\/fr\/wp-json\/wp\/v2\/product_format_filter?post=283500"}],"curies":[{"name":"wp","href":"https:\/\/api.w.org\/{rel}","templated":true}]}}