{"id":282351,"date":"2025-09-24T03:05:36","date_gmt":"2025-09-24T07:05:36","guid":{"rendered":"https:\/\/mendomedical.ca\/?post_type=product&#038;p=282351"},"modified":"2026-04-16T10:07:53","modified_gmt":"2026-04-16T14:07:53","slug":"vrai-fruit-gelifies-a-la-peche-sure-et-mangue-31-cbgthc-sativa-gelifies-multipack","status":"publish","type":"product","link":"https:\/\/mendomedical.ca\/fr\/produit\/vrai-fruit-gelifies-a-la-peche-sure-et-mangue-31-cbgthc-sativa-gelifies-multipack\/","title":{"rendered":"Real Fruit Sour Peach Mango 3:1 CBG:THC Sativa Gummies Multipack"},"content":{"rendered":"","protected":false},"excerpt":{"rendered":"<div class=\"ExternalClass6D0F9E8292E94568BDF859D4D9D809A8\">\n<h3>WYLD Real Fruit Sour Peach Mango 3:1 CBG:THC Sativa Gummies Multipack<\/h3>\n<p>Les Real Fruit Sour Peach Mango Gummies de WYLD offrent un rapport CBG:THC unique de 3:1, con\u00e7u pour les consommateurs de cannabis m\u00e9dical \u00e0 la recherche d&rsquo;une exp\u00e9rience \u00e9nergisante et stimulante. Chaque gomme contient 30 mg de CBG et 10 mg de THC, offrant un profil restaurateur \u00e0 dominante CBG qui peut soutenir les routines de bien-\u00eatre pendant la journ\u00e9e. Fabriqu\u00e9s avec du vrai jus de fruit, des terp\u00e8nes botaniques et des ar\u00f4mes naturels, ces gommes enrichies \u00e0 la sativa offrent un dosage r\u00e9gulier dans un sachet compostable et emball\u00e9 de mani\u00e8re durable. Formul\u00e9s par des scientifiques de l&rsquo;alimentation pour un go\u00fbt et une biodisponibilit\u00e9 optimaux, les gommes WYLD sont thermostables jusqu&rsquo;\u00e0 55\u00b0C et pr\u00e9sentent une texture ferme qui ne collera pas \u00e0 vos dents.   <\/p>\n<h4>Caract\u00e9ristiques principales et points forts du produit<\/h4>\n<ul>\n<li>Rapport CBG:THC de 3:1 avec 30 mg de CBG et 10 mg de THC par gomme (300 mg de CBG et 100 mg de THC par paquet de 10).<\/li>\n<li>Formule am\u00e9lior\u00e9e par la sativa, contenant du limon\u00e8ne, du valenc\u00e8ne, du b\u00eata-caryophyll\u00e8ne, de l&rsquo;alpha-pin\u00e8ne et du b\u00eata-pin\u00e8ne terp\u00e8nes pour des effets \u00e9nergiques et stimulants.<\/li>\n<li>Fabriqu\u00e9 \u00e0 partir de v\u00e9ritables jus de p\u00eache et de mangue concentr\u00e9s, d&rsquo;ar\u00f4mes naturels et de terp\u00e8nes botaniques pour un go\u00fbt authentique.<\/li>\n<li>Enrichi en l\u00e9cithine de tournesol pour am\u00e9liorer la biodisponibilit\u00e9 et le temps d&rsquo;action.<\/li>\n<li>Thermostable jusqu&rsquo;\u00e0 55\u00b0C avec une texture ferme ; emball\u00e9 dans un sachet compostable, respectueux de l&rsquo;environnement.<\/li>\n<\/ul>\n<h4>Saveur, ar\u00f4me et profil cannabique<\/h4>\n<p>Ces gommes offrent une exp\u00e9rience sensorielle d\u00e9licieuse qui commence par un go\u00fbt initial aigre et acidul\u00e9, suivi de notes sucr\u00e9es de p\u00eache et de mangue qui persistent en bouche. Le profil de saveur combine une douceur fruit\u00e9e avec un coup de fouet aigre satisfaisant, faisant de chaque dose une partie agr\u00e9able de votre routine de bien-\u00eatre. <\/p>\n<p>Le profil cannabino\u00efde pr\u00e9sente une formulation \u00e0 dominance CBG (30mg CBG par gomme) associ\u00e9e \u00e0 10mg THC, cr\u00e9ant un rapport 3:1 qui peut soutenir la concentration et l&rsquo;\u00e9nergie sans effets psychoactifs excessifs. Le m\u00e9lange de terp\u00e8nes comprend du limon\u00e8ne, du valenc\u00e8ne, du b\u00eata-caryophyll\u00e8ne et de l&rsquo;alpha-pin\u00e8ne, soigneusement s\u00e9lectionn\u00e9s pour compl\u00e9ter l&rsquo;exp\u00e9rience inspir\u00e9e de la sativa et contribuer potentiellement aux effets \u00e9nergiques et stimulants associ\u00e9s \u00e0 ce produit. <\/p>\n<h4>Pourquoi choisir les plantes comestibles ?<\/h4>\n<p>Les produits comestibles \u00e0 base de cannabis tels que les gommes WYLD offrent aux utilisateurs m\u00e9dicaux un dosage pr\u00e9cis et discret avec des effets plus durables que les m\u00e9thodes d&rsquo;inhalation. Le profil de lib\u00e9ration prolong\u00e9e peut \u00eatre particuli\u00e8rement b\u00e9n\u00e9fique pour les utilisateurs qui cherchent \u00e0 g\u00e9rer leurs sympt\u00f4mes tout au long de la journ\u00e9e. L&rsquo;inclusion de l\u00e9cithine de tournesol dans ces gommes peut contribuer \u00e0 am\u00e9liorer l&rsquo;absorption, tandis que le dosage pr\u00e9cis permet des exp\u00e9riences coh\u00e9rentes et pr\u00e9visibles qui soutiennent les protocoles de traitement individualis\u00e9s.  <\/p>\n<h4>Exp\u00e9dition dans tout le Canada<\/h4>\n<p>Les gommes de sativa WYLD Real Fruit Sour Peach Mango 3:1 CBG:THC sont exp\u00e9di\u00e9es rapidement au Canada par Mendo Medical, avec une livraison gratuite pour les commandes de plus de 150 $. Veuillez noter que les produits contenant de la g\u00e9latine peuvent fondre pendant l&rsquo;exp\u00e9dition durant les mois d&rsquo;\u00e9t\u00e9. Nous vous recommandons de tenir compte de ce probl\u00e8me potentiel lorsque vous passez votre commande.   Malheureusement, nous ne pouvons pas offrir de remboursement ou de remplacement pour les produits qui fondent pendant le transport. Nous vous remercions de votre compr\u00e9hension.<\/p>\n<h4>Avantages et couverture pour les anciens combattants<\/h4>\n<p>Les gommes WYLD Real Fruit Sour Peach Mango 3:1 CBG:THC Sativa sont admissibles \u00e0 la couverture d&rsquo;Anciens Combattants Canada (ACC) et \u00e0 la facturation directe par l&rsquo;entremise de la Croix Bleue, ce qui signifie que les anciens combattants admissibles n&rsquo;ont pas \u00e0 d\u00e9bourser d&rsquo;argent. Si vous n&rsquo;avez pas encore de carte de cannabis m\u00e9dical, vous pouvez <a href=\"https:\/\/mendomedical.ca\/fr\/carte-medicale\/\">obtenir votre carte m\u00e9dicale gratuite rapidement et facilement<\/a> pour acc\u00e9der \u00e0 ces avantages et commencer votre traitement. <\/p>\n<h4>Ingr\u00e9dients<\/h4>\n<p>Sucres (sucre, sirop de tapioca, concentr\u00e9 de jus de p\u00eache, concentr\u00e9 de jus de mangue), eau, g\u00e9latine, acide malique, ar\u00f4me naturel, extrait de cannabis, huile de coco, acide citrique, pectine (pectine, citrate de sodium), l\u00e9cithine de tournesol, terp\u00e8nes (limon\u00e8ne, valenc\u00e8ne, alpha-pin\u00e8ne, b\u00eata-caryophyll\u00e8ne, b\u00eata-pin\u00e8ne).<\/p>\n<\/div>\n","protected":false},"featured_media":282459,"comment_status":"open","ping_status":"closed","template":"","meta":{"_acf_changed":false,"site-sidebar-layout":"default","site-content-layout":"","ast-site-content-layout":"default","site-content-style":"default","site-sidebar-style":"default","ast-global-header-display":"","ast-banner-title-visibility":"","ast-main-header-display":"","ast-hfb-above-header-display":"","ast-hfb-below-header-display":"","ast-hfb-mobile-header-display":"","site-post-title":"","ast-breadcrumbs-content":"","ast-featured-img":"","footer-sml-layout":"","ast-disable-related-posts":"","theme-transparent-header-meta":"default","adv-header-id-meta":"","stick-header-meta":"","header-above-stick-meta":"","header-main-stick-meta":"","header-below-stick-meta":"","astra-migrate-meta-layouts":"set","ast-page-background-enabled":"default","ast-page-background-meta":{"desktop":{"background-color":"var(--ast-global-color-4)","background-image":"","background-repeat":"repeat","background-position":"center center","background-size":"auto","background-attachment":"scroll","background-type":"","background-media":"","overlay-type":"","overlay-color":"","overlay-opacity":"","overlay-gradient":""},"tablet":{"background-color":"","background-image":"","background-repeat":"repeat","background-position":"center center","background-size":"auto","background-attachment":"scroll","background-type":"","background-media":"","overlay-type":"","overlay-color":"","overlay-opacity":"","overlay-gradient":""},"mobile":{"background-color":"","background-image":"","background-repeat":"repeat","background-position":"center center","background-size":"auto","background-attachment":"scroll","background-type":"","background-media":"","overlay-type":"","overlay-color":"","overlay-opacity":"","overlay-gradient":""}},"ast-content-background-meta":{"desktop":{"background-color":"var(--ast-global-color-5)","background-image":"","background-repeat":"repeat","background-position":"center center","background-size":"auto","background-attachment":"scroll","background-type":"","background-media":"","overlay-type":"","overlay-color":"","overlay-opacity":"","overlay-gradient":""},"tablet":{"background-color":"var(--ast-global-color-5)","background-image":"","background-repeat":"repeat","background-position":"center center","background-size":"auto","background-attachment":"scroll","background-type":"","background-media":"","overlay-type":"","overlay-color":"","overlay-opacity":"","overlay-gradient":""},"mobile":{"background-color":"var(--ast-global-color-5)","background-image":"","background-repeat":"repeat","background-position":"center center","background-size":"auto","background-attachment":"scroll","background-type":"","background-media":"","overlay-type":"","overlay-color":"","overlay-opacity":"","overlay-gradient":""}}},"product_brand":[],"product_cat":[3825,1132,1133,1128],"product_tag":[],"product_format_filter":[],"class_list":{"0":"post-282351","1":"product","2":"type-product","3":"status-publish","4":"has-post-thumbnail","6":"product_cat-cbd-minors-3-fr","7":"product_cat-bonbons","8":"product_cat-thc-eleve","9":"product_cat-comestibles","10":"pa_flavours-aigre","11":"pa_flavours-fruite","12":"pa_flavours-doux","13":"pa_intensity-cbg-eleve","14":"pa_intensity-thc-eleve","15":"pa_marques-wyld-fr","16":"pa_origin-colombie-britannique-fr","17":"pa_type-de-plante-cbg-fr","18":"pa_type-de-plante-thc-fr","19":"desktop-align-left","20":"tablet-align-left","21":"mobile-align-left","23":"first","24":"outofstock","25":"taxable","26":"shipping-taxable","27":"purchasable","28":"product-type-simple"},"group_of_quantity":0,"min_quantity":0,"max_quantity":"","exclude_order_quantity_value_rules":"no","exclude_category_quantity_rules":"no","combine_variations":"no","acf":[],"_links":{"self":[{"href":"https:\/\/mendomedical.ca\/fr\/wp-json\/wp\/v2\/product\/282351","targetHints":{"allow":["GET"]}}],"collection":[{"href":"https:\/\/mendomedical.ca\/fr\/wp-json\/wp\/v2\/product"}],"about":[{"href":"https:\/\/mendomedical.ca\/fr\/wp-json\/wp\/v2\/types\/product"}],"replies":[{"embeddable":true,"href":"https:\/\/mendomedical.ca\/fr\/wp-json\/wp\/v2\/comments?post=282351"}],"wp:featuredmedia":[{"embeddable":true,"href":"https:\/\/mendomedical.ca\/fr\/wp-json\/wp\/v2\/media\/282459"}],"wp:attachment":[{"href":"https:\/\/mendomedical.ca\/fr\/wp-json\/wp\/v2\/media?parent=282351"}],"wp:term":[{"taxonomy":"product_brand","embeddable":true,"href":"https:\/\/mendomedical.ca\/fr\/wp-json\/wp\/v2\/product_brand?post=282351"},{"taxonomy":"product_cat","embeddable":true,"href":"https:\/\/mendomedical.ca\/fr\/wp-json\/wp\/v2\/product_cat?post=282351"},{"taxonomy":"product_tag","embeddable":true,"href":"https:\/\/mendomedical.ca\/fr\/wp-json\/wp\/v2\/product_tag?post=282351"},{"taxonomy":"product_format_filter","embeddable":true,"href":"https:\/\/mendomedical.ca\/fr\/wp-json\/wp\/v2\/product_format_filter?post=282351"}],"curies":[{"name":"wp","href":"https:\/\/api.w.org\/{rel}","templated":true}]}}