{"id":282345,"date":"2025-09-22T14:43:37","date_gmt":"2025-09-22T18:43:37","guid":{"rendered":"https:\/\/mendomedical.ca\/?post_type=product&#038;p=282345"},"modified":"2026-03-29T21:52:17","modified_gmt":"2026-03-30T01:52:17","slug":"yellow-guava-live-rosin","status":"publish","type":"product","link":"https:\/\/mendomedical.ca\/fr\/produit\/yellow-guava-live-rosin\/","title":{"rendered":"Yellow Guava Live Rosin"},"content":{"rendered":"","protected":false},"excerpt":{"rendered":"<div class=\"ExternalClass4CFE8A18CC874CD6B66242D1D0BB9AB4\">\n<h3>Yellow Guava Live Rosin 1 g par Unlicensed Producer<\/h3>\n<h3>Terp\u00e8nes totaux : 6,88%.<\/h3>\n<p>Yellow Guava Live Rosin offre aux patients de cannabis m\u00e9dical une exp\u00e9rience de concentr\u00e9 sans solvant de premi\u00e8re qualit\u00e9. Ce format de 1 gramme pr\u00e9sente un croisement unique d&rsquo;Amarelo et de Gassy Taffy (Pheno #6), offrant un profil d&rsquo;effet \u00e9quilibr\u00e9 avec un impressionnant 6,88% de terp\u00e8nes totaux. Fabriqu\u00e9 \u00e0 partir d&rsquo;une extraction \u00e0 100% de Live Hash Rosin sans solvant, ce concentr\u00e9 pr\u00e9serve les cannabino\u00efdes et les terp\u00e8nes naturels de la plante sans utiliser de solvants chimiques, ce qui en fait un excellent choix pour les patients \u00e0 la recherche de puret\u00e9 et de puissance.  <\/p>\n<h4>Caract\u00e9ristiques principales et points forts du produit<\/h4>\n<ul>\n<li>M\u00e9thode d&rsquo;extraction de la rosine de haschisch vivant 100% sans solvant de premi\u00e8re qualit\u00e9<\/li>\n<li>Teneur \u00e9lev\u00e9e en terp\u00e8nes (6,88 %) pour une saveur et un ar\u00f4me renforc\u00e9s<\/li>\n<li>Profil d&rsquo;effet \u00e9quilibr\u00e9 combinant clart\u00e9 mentale et relaxation physique<\/li>\n<li>G\u00e9n\u00e9tique unique : Amarelo x Gassy Taffy Pheno #6<\/li>\n<li>Format pratique de 1 gramme, id\u00e9al pour une utilisation m\u00e9dicale r\u00e9guli\u00e8re<\/li>\n<\/ul>\n<h4>Saveur, ar\u00f4me et profil des terp\u00e8nes<\/h4>\n<p>Yellow Guava Live Rosin offre une exp\u00e9rience sensorielle complexe caract\u00e9ris\u00e9e par des notes fruit\u00e9es et tropicales, compl\u00e9t\u00e9es par des notes gazeuses et diesel et de subtils accents de pin. Le profil aromatique se caract\u00e9rise par des notes sucr\u00e9es et gazeuses pro\u00e9minentes qui refl\u00e8tent l&rsquo;h\u00e9ritage unique de la vari\u00e9t\u00e9. Ce concentr\u00e9 est riche en trois terp\u00e8nes principaux : le limon\u00e8ne, qui apporte des notes d&rsquo;agrumes, le linalol, qui offre des caract\u00e9ristiques florales, et le caryophyll\u00e8ne, qui apporte des \u00e9l\u00e9ments \u00e9pic\u00e9s et poivr\u00e9s. Ce profil terp\u00e9nique diversifi\u00e9 agit en synergie avec les cannabino\u00efdes pour produire les effets \u00e9quilibr\u00e9s caract\u00e9ristiques de la vari\u00e9t\u00e9, que les patients d\u00e9crivent comme entra\u00eenants, relaxants, apaisants et picotants.   <\/p>\n<h4>Pourquoi choisir les concentr\u00e9s ?<\/h4>\n<p>Les concentr\u00e9s de cannabis tels que Yellow Guava Live Rosin offrent aux patients m\u00e9dicaux une option puissante, \u00e0 action rapide, avec des capacit\u00e9s de dosage pr\u00e9cises. La m\u00e9thode d&rsquo;extraction sans solvant garantit la puret\u00e9 tout en pr\u00e9servant le profil terp\u00e9nique naturel de la plante, ce qui peut renforcer les bienfaits th\u00e9rapeutiques gr\u00e2ce \u00e0 l&rsquo;effet d&rsquo;entourage. Les concentr\u00e9s permettent de g\u00e9rer efficacement les sympt\u00f4mes avec de plus petites quantit\u00e9s, ce qui en fait un choix rentable pour les patients qui ont besoin d&rsquo;un soulagement constant tout au long de la journ\u00e9e.  <\/p>\n<h4>Exp\u00e9dition dans tout le Canada<\/h4>\n<p>Yellow Guava Live Rosin 1 g est exp\u00e9di\u00e9 rapidement \u00e0 travers le Canada par Mendo Medical. Nous offrons la livraison gratuite pour toutes les commandes de plus de 150$, assurant un acc\u00e8s pratique \u00e0 vos produits de cannabis m\u00e9dical, peu importe o\u00f9 vous vous trouvez. Les commandes sont emball\u00e9es discr\u00e8tement et exp\u00e9di\u00e9es rapidement pour r\u00e9pondre \u00e0 vos besoins de bien-\u00eatre.  <\/p>\n<h4>Avantages et couverture pour les anciens combattants<\/h4>\n<p>Le produit Yellow Guava Live Rosin 1 g est admissible au remboursement par Anciens Combattants Canada (ACC). Les anciens combattants admissibles peuvent avoir acc\u00e8s \u00e0 ce produit gr\u00e2ce \u00e0 la facturation directe de la Croix Bleue, ce qui signifie qu&rsquo;ils n&rsquo;ont pas \u00e0 d\u00e9bourser d&rsquo;argent. Si vous n&rsquo;avez pas encore votre carte de cannabis m\u00e9dical, vous pouvez l&rsquo;obtenir rapidement et facilement gr\u00e2ce au <a href=\"https:\/\/mendomedical.ca\/fr\/carte-medicale\/\">processus de demande simplifi\u00e9 de Mendo Medical<\/a>, ce qui vous permettra d&rsquo;acc\u00e9der sans d\u00e9lai aux avantages auxquels vous avez droit.  <\/p>\n<h4>Ingr\u00e9dients<\/h4>\n<p>100% sans solvant Live Hash Rosin<\/p>\n<p>\u00ab\u00a0`<\/p>\n<\/div>\n","protected":false},"featured_media":281466,"comment_status":"open","ping_status":"closed","template":"","meta":{"_acf_changed":false,"site-sidebar-layout":"default","site-content-layout":"","ast-site-content-layout":"default","site-content-style":"default","site-sidebar-style":"default","ast-global-header-display":"","ast-banner-title-visibility":"","ast-main-header-display":"","ast-hfb-above-header-display":"","ast-hfb-below-header-display":"","ast-hfb-mobile-header-display":"","site-post-title":"","ast-breadcrumbs-content":"","ast-featured-img":"","footer-sml-layout":"","ast-disable-related-posts":"","theme-transparent-header-meta":"default","adv-header-id-meta":"","stick-header-meta":"","header-above-stick-meta":"","header-main-stick-meta":"","header-below-stick-meta":"","astra-migrate-meta-layouts":"set","ast-page-background-enabled":"default","ast-page-background-meta":{"desktop":{"background-color":"var(--ast-global-color-4)","background-image":"","background-repeat":"repeat","background-position":"center center","background-size":"auto","background-attachment":"scroll","background-type":"","background-media":"","overlay-type":"","overlay-color":"","overlay-opacity":"","overlay-gradient":""},"tablet":{"background-color":"","background-image":"","background-repeat":"repeat","background-position":"center center","background-size":"auto","background-attachment":"scroll","background-type":"","background-media":"","overlay-type":"","overlay-color":"","overlay-opacity":"","overlay-gradient":""},"mobile":{"background-color":"","background-image":"","background-repeat":"repeat","background-position":"center center","background-size":"auto","background-attachment":"scroll","background-type":"","background-media":"","overlay-type":"","overlay-color":"","overlay-opacity":"","overlay-gradient":""}},"ast-content-background-meta":{"desktop":{"background-color":"var(--ast-global-color-5)","background-image":"","background-repeat":"repeat","background-position":"center center","background-size":"auto","background-attachment":"scroll","background-type":"","background-media":"","overlay-type":"","overlay-color":"","overlay-opacity":"","overlay-gradient":""},"tablet":{"background-color":"var(--ast-global-color-5)","background-image":"","background-repeat":"repeat","background-position":"center center","background-size":"auto","background-attachment":"scroll","background-type":"","background-media":"","overlay-type":"","overlay-color":"","overlay-opacity":"","overlay-gradient":""},"mobile":{"background-color":"var(--ast-global-color-5)","background-image":"","background-repeat":"repeat","background-position":"center center","background-size":"auto","background-attachment":"scroll","background-type":"","background-media":"","overlay-type":"","overlay-color":"","overlay-opacity":"","overlay-gradient":""}}},"product_brand":[],"product_cat":[1125,1118,1119],"product_tag":[],"product_format_filter":[6369],"class_list":{"0":"post-282345","1":"product","2":"type-product","3":"status-publish","4":"has-post-thumbnail","6":"product_cat-rosin-vivante","7":"product_cat-concentres","8":"product_cat-tout-sans-solvant","9":"pa_flavours-fruite","10":"pa_flavours-gazole-diesel","11":"pa_flavours-pin","12":"pa_intensity-thc-eleve","13":"pa_intensity-low-cbg-fr","14":"pa_marques-unlicensed-producer-fr","15":"pa_origin-manitoba-fr","16":"pa_type-de-plante-hybride-fr","17":"pa_type-de-plante-thc-fr","18":"product_format_filter-1g","19":"desktop-align-left","20":"tablet-align-left","21":"mobile-align-left","23":"first","24":"outofstock","25":"taxable","26":"shipping-taxable","27":"purchasable","28":"product-type-simple"},"group_of_quantity":0,"min_quantity":0,"max_quantity":"","exclude_order_quantity_value_rules":"no","exclude_category_quantity_rules":"no","combine_variations":"no","acf":[],"_links":{"self":[{"href":"https:\/\/mendomedical.ca\/fr\/wp-json\/wp\/v2\/product\/282345","targetHints":{"allow":["GET"]}}],"collection":[{"href":"https:\/\/mendomedical.ca\/fr\/wp-json\/wp\/v2\/product"}],"about":[{"href":"https:\/\/mendomedical.ca\/fr\/wp-json\/wp\/v2\/types\/product"}],"replies":[{"embeddable":true,"href":"https:\/\/mendomedical.ca\/fr\/wp-json\/wp\/v2\/comments?post=282345"}],"wp:featuredmedia":[{"embeddable":true,"href":"https:\/\/mendomedical.ca\/fr\/wp-json\/wp\/v2\/media\/281466"}],"wp:attachment":[{"href":"https:\/\/mendomedical.ca\/fr\/wp-json\/wp\/v2\/media?parent=282345"}],"wp:term":[{"taxonomy":"product_brand","embeddable":true,"href":"https:\/\/mendomedical.ca\/fr\/wp-json\/wp\/v2\/product_brand?post=282345"},{"taxonomy":"product_cat","embeddable":true,"href":"https:\/\/mendomedical.ca\/fr\/wp-json\/wp\/v2\/product_cat?post=282345"},{"taxonomy":"product_tag","embeddable":true,"href":"https:\/\/mendomedical.ca\/fr\/wp-json\/wp\/v2\/product_tag?post=282345"},{"taxonomy":"product_format_filter","embeddable":true,"href":"https:\/\/mendomedical.ca\/fr\/wp-json\/wp\/v2\/product_format_filter?post=282345"}],"curies":[{"name":"wp","href":"https:\/\/api.w.org\/{rel}","templated":true}]}}