{"id":282344,"date":"2025-09-24T02:55:50","date_gmt":"2025-09-24T06:55:50","guid":{"rendered":"https:\/\/mendomedical.ca\/?post_type=product&#038;p=282344"},"modified":"2026-03-25T11:41:57","modified_gmt":"2026-03-25T15:41:57","slug":"vrai-fruit-gelifies-a-la-mure-indica-gelifies-multipack","status":"publish","type":"product","link":"https:\/\/mendomedical.ca\/fr\/produit\/vrai-fruit-gelifies-a-la-mure-indica-gelifies-multipack\/","title":{"rendered":"Vrai fruit g\u00e9lifi\u00e9s \u00e0 la M\u00fbre Indica G\u00e9lifi\u00e9s Multipack"},"content":{"rendered":"","protected":false},"excerpt":{"rendered":"<div class=\"ExternalClass5C2800BE055F43AEAEFFA16A98FBD751\">\n<h3>Vrai fruit g\u00e9lifi\u00e9s \u00e0 la M\u00fbre Indica G\u00e9lifi\u00e9s Multipack by WYLD<\/h3>\n<p>Les Vrai fruit g\u00e9lifi\u00e9s \u00e0 la M\u00fbre Indica G\u00e9lifi\u00e9s Multipack offrent une exp\u00e9rience comestible de premi\u00e8re qualit\u00e9, \u00e9labor\u00e9e \u00e0 partir de vrais fruits et rehauss\u00e9e d&rsquo;un m\u00e9lange de terp\u00e8nes soigneusement s\u00e9lectionn\u00e9. Chaque multipack contient 10 gommes avec 10mg de THC par pi\u00e8ce, pour un total de 100mg de THC par paquet. Formul\u00e9s par des scientifiques de l&rsquo;alimentation et fabriqu\u00e9s \u00e0 partir d&rsquo;ingr\u00e9dients naturels, ces gommes enrichies \u00e0 l&rsquo;indica combinent la saveur riche et authentique de la m\u00fbre avec des terp\u00e8nes botaniques pour favoriser la relaxation et l&rsquo;euphorie. Conditionn\u00e9s dans des sachets enti\u00e8rement compostables, les WYLD t\u00e9moignent d&rsquo;un engagement en faveur du d\u00e9veloppement durable, sans compromis sur la qualit\u00e9 ou la coh\u00e9rence.<\/p>\n<h4>Caract\u00e9ristiques principales et points forts du produit<\/h4>\n<ul>\n<li>10 gommes par multipack, chacune contenant 10mg de THC pour un dosage pr\u00e9cis (100mg de THC au total)<\/li>\n<li>Enrichi en terp\u00e8nes soutenant l&rsquo;indice : myrc\u00e8ne, linalol, b\u00eata-caryophyll\u00e8ne et terpin\u00e9ol.<\/li>\n<li>Fabriqu\u00e9 \u00e0 partir de concentr\u00e9 de jus de m\u00fbre, d&rsquo;ar\u00f4mes naturels et de l\u00e9cithine de tournesol pour une meilleure biodisponibilit\u00e9.<\/li>\n<li>Thermostable jusqu&rsquo;\u00e0 55\u00b0C avec une texture ferme qui ne colle pas aux dents<\/li>\n<li>Emballage \u00e9cologique dans des sachets enti\u00e8rement compostables<\/li>\n<\/ul>\n<h4>Saveur, ar\u00f4me et profil cannabique<\/h4>\n<p>Ces gommes offrent une saveur de m\u00fbre riche et ronde, fid\u00e8le au fruit, avec des notes sucr\u00e9es et de baies. Le profil de saveur est compl\u00e9t\u00e9 par un m\u00e9lange de terp\u00e8nes soigneusement s\u00e9lectionn\u00e9, comprenant du linalol, du myrc\u00e8ne, du b\u00eata-caryophyll\u00e8ne et du terpin\u00e9ol - des compos\u00e9s traditionnellement associ\u00e9s \u00e0 des effets relaxants et calmants. Avec 10 mg de THC par gomme, les utilisateurs peuvent s&rsquo;attendre \u00e0 des sensations potentielles d&rsquo;euphorie et de d\u00e9tente qui s&rsquo;alignent sur les exp\u00e9riences \u00e0 dominance indica. L&rsquo;inclusion de l\u00e9cithine de tournesol am\u00e9liore le temps d&rsquo;action et la biodisponibilit\u00e9 des cannabino\u00efdes, favorisant une exp\u00e9rience plus coh\u00e9rente et pr\u00e9visible.<\/p>\n<h4>Pourquoi choisir les plantes comestibles ?<\/h4>\n<p>Les produits comestibles comme les Vrai fruit g\u00e9lifi\u00e9s \u00e0 la M\u00fbre Indica G\u00e9lifi\u00e9s Multipack offrent aux consommateurs de cannabis m\u00e9dical une m\u00e9thode de consommation discr\u00e8te, sans fum\u00e9e, avec des effets plus durables que l&rsquo;inhalation. Le dosage pr\u00e9cis de 10 mg par gomme permet un meilleur contr\u00f4le et une plus grande coh\u00e9rence, ce qui facilite la recherche d&rsquo;une dose efficace. Pour ceux qui recherchent un soutien \u00e0 la relaxation, au sommeil ou \u00e0 la gestion de l&rsquo;inconfort, les edibles \u00e0 base d&rsquo;indica peuvent apporter un soulagement durable tout au long de la journ\u00e9e ou de la soir\u00e9e.<\/p>\n<h4>Exp\u00e9dition dans tout le Canada<\/h4>\n<p>Vrai fruit g\u00e9lifi\u00e9s \u00e0 la M\u00fbre Indica G\u00e9lifi\u00e9s Multipack est exp\u00e9di\u00e9 rapidement \u00e0 travers le Canada, avec une livraison gratuite pour les commandes de plus de 150 $. Veuillez noter que les produits contenant de la g\u00e9latine peuvent fondre pendant l&rsquo;exp\u00e9dition durant les mois d&rsquo;\u00e9t\u00e9. Nous vous recommandons de tenir compte de ce probl\u00e8me potentiel lorsque vous passez votre commande. Malheureusement, nous ne pouvons pas offrir de remboursement ou de remplacement pour les produits qui fondent pendant le transport. Nous vous remercions de votre compr\u00e9hension.<\/p>\n<h4>Avantages et couverture pour les anciens combattants<\/h4>\n<p>Vrai fruit g\u00e9lifi\u00e9s \u00e0 la M\u00fbre Indica G\u00e9lifi\u00e9s Multipack est admissible \u00e0 la couverture d&rsquo;ACC (Anciens Combattants Canada) et \u00e0 la facturation directe par la Croix Bleue, ce qui signifie que les anciens combattants admissibles n&rsquo;ont rien \u00e0 d\u00e9bourser. Si vous n&rsquo;avez pas encore de carte de cannabis m\u00e9dical, vous pouvez en obtenir une rapidement et facilement gr\u00e2ce au <a href=\"https:\/\/mendomedical.ca\/fr\/carte-medicale\/\">processus de demande simplifi\u00e9 de Mendo Medical.<\/a><\/p>\n<h4>Ingr\u00e9dients<\/h4>\n<p>Sucres (sucre, sirop de tapioca, concentr\u00e9 de jus de m\u00fbre), eau, g\u00e9latine, ar\u00f4me naturel, huile de coco, acide citrique, acide malique, pectine (pectine, citrate de sodium), extrait de cannabis, l\u00e9cithine de tournesol, terp\u00e8nes (linalol, myrc\u00e8ne, b\u00eata-caryophyll\u00e8ne, terpin\u00e9ol).<\/p>\n<\/div>\n","protected":false},"featured_media":282449,"comment_status":"open","ping_status":"closed","template":"","meta":{"_acf_changed":false,"site-sidebar-layout":"default","site-content-layout":"","ast-site-content-layout":"default","site-content-style":"default","site-sidebar-style":"default","ast-global-header-display":"","ast-banner-title-visibility":"","ast-main-header-display":"","ast-hfb-above-header-display":"","ast-hfb-below-header-display":"","ast-hfb-mobile-header-display":"","site-post-title":"","ast-breadcrumbs-content":"","ast-featured-img":"","footer-sml-layout":"","ast-disable-related-posts":"","theme-transparent-header-meta":"default","adv-header-id-meta":"","stick-header-meta":"","header-above-stick-meta":"","header-main-stick-meta":"","header-below-stick-meta":"","astra-migrate-meta-layouts":"set","ast-page-background-enabled":"default","ast-page-background-meta":{"desktop":{"background-color":"var(--ast-global-color-4)","background-image":"","background-repeat":"repeat","background-position":"center center","background-size":"auto","background-attachment":"scroll","background-type":"","background-media":"","overlay-type":"","overlay-color":"","overlay-opacity":"","overlay-gradient":""},"tablet":{"background-color":"","background-image":"","background-repeat":"repeat","background-position":"center center","background-size":"auto","background-attachment":"scroll","background-type":"","background-media":"","overlay-type":"","overlay-color":"","overlay-opacity":"","overlay-gradient":""},"mobile":{"background-color":"","background-image":"","background-repeat":"repeat","background-position":"center center","background-size":"auto","background-attachment":"scroll","background-type":"","background-media":"","overlay-type":"","overlay-color":"","overlay-opacity":"","overlay-gradient":""}},"ast-content-background-meta":{"desktop":{"background-color":"var(--ast-global-color-5)","background-image":"","background-repeat":"repeat","background-position":"center center","background-size":"auto","background-attachment":"scroll","background-type":"","background-media":"","overlay-type":"","overlay-color":"","overlay-opacity":"","overlay-gradient":""},"tablet":{"background-color":"var(--ast-global-color-5)","background-image":"","background-repeat":"repeat","background-position":"center center","background-size":"auto","background-attachment":"scroll","background-type":"","background-media":"","overlay-type":"","overlay-color":"","overlay-opacity":"","overlay-gradient":""},"mobile":{"background-color":"var(--ast-global-color-5)","background-image":"","background-repeat":"repeat","background-position":"center center","background-size":"auto","background-attachment":"scroll","background-type":"","background-media":"","overlay-type":"","overlay-color":"","overlay-opacity":"","overlay-gradient":""}}},"product_brand":[],"product_cat":[1132,1133,1128],"product_tag":[],"product_format_filter":[],"class_list":{"0":"post-282344","1":"product","2":"type-product","3":"status-publish","4":"has-post-thumbnail","6":"product_cat-bonbons","7":"product_cat-thc-eleve","8":"product_cat-comestibles","9":"pa_flavours-baies","10":"pa_flavours-fruite","11":"pa_flavours-doux","12":"pa_intensity-thc-eleve","13":"pa_marques-wyld-fr","14":"pa_origin-colombie-britannique-fr","15":"pa_type-de-plante-thc-fr","16":"desktop-align-left","17":"tablet-align-left","18":"mobile-align-left","20":"first","21":"outofstock","22":"taxable","23":"shipping-taxable","24":"purchasable","25":"product-type-simple"},"group_of_quantity":0,"min_quantity":0,"max_quantity":"","exclude_order_quantity_value_rules":"no","exclude_category_quantity_rules":"no","combine_variations":"no","acf":[],"_links":{"self":[{"href":"https:\/\/mendomedical.ca\/fr\/wp-json\/wp\/v2\/product\/282344","targetHints":{"allow":["GET"]}}],"collection":[{"href":"https:\/\/mendomedical.ca\/fr\/wp-json\/wp\/v2\/product"}],"about":[{"href":"https:\/\/mendomedical.ca\/fr\/wp-json\/wp\/v2\/types\/product"}],"replies":[{"embeddable":true,"href":"https:\/\/mendomedical.ca\/fr\/wp-json\/wp\/v2\/comments?post=282344"}],"wp:featuredmedia":[{"embeddable":true,"href":"https:\/\/mendomedical.ca\/fr\/wp-json\/wp\/v2\/media\/282449"}],"wp:attachment":[{"href":"https:\/\/mendomedical.ca\/fr\/wp-json\/wp\/v2\/media?parent=282344"}],"wp:term":[{"taxonomy":"product_brand","embeddable":true,"href":"https:\/\/mendomedical.ca\/fr\/wp-json\/wp\/v2\/product_brand?post=282344"},{"taxonomy":"product_cat","embeddable":true,"href":"https:\/\/mendomedical.ca\/fr\/wp-json\/wp\/v2\/product_cat?post=282344"},{"taxonomy":"product_tag","embeddable":true,"href":"https:\/\/mendomedical.ca\/fr\/wp-json\/wp\/v2\/product_tag?post=282344"},{"taxonomy":"product_format_filter","embeddable":true,"href":"https:\/\/mendomedical.ca\/fr\/wp-json\/wp\/v2\/product_format_filter?post=282344"}],"curies":[{"name":"wp","href":"https:\/\/api.w.org\/{rel}","templated":true}]}}