{"id":281136,"date":"2025-09-22T14:30:32","date_gmt":"2025-09-22T18:30:32","guid":{"rendered":"https:\/\/mendomedical.ca\/?post_type=product&#038;p=281136"},"modified":"2026-04-16T16:05:11","modified_gmt":"2026-04-16T20:05:11","slug":"cap-junky-temple-ball","status":"publish","type":"product","link":"https:\/\/mendomedical.ca\/fr\/produit\/cap-junky-temple-ball\/","title":{"rendered":"Cap Junky Temple Ball"},"content":{"rendered":"","protected":false},"excerpt":{"rendered":"<div class=\"ExternalClass3F2868B6320C4DCDB03BE6BB5C35DD91\">\n<h3>Cap Junky Temple Ball by Curado - Boule de t\u00eate \u00e0 spectre complet de premi\u00e8re qualit\u00e9 Hash<\/h3>\n<h3>Terp\u00e8nes totaux : 2,37%.<\/h3>\n<p>Cap Junky Temple Ball de Curado est un v\u00e9ritable hasch \u00e0 spectre complet fabriqu\u00e9 avec pr\u00e9cision et soin. Ce concentr\u00e9 de 1,5 g est fabriqu\u00e9 \u00e0 partir de la souche hybride Cap Junky, un croisement distinctif d&rsquo;Alien Cookies et de Kush Mints #11. Connue pour son profil funky et bruyant, la Cap Junky offre un nez vif et gazeux, compl\u00e9t\u00e9 par des fruits sucr\u00e9s et un c\u00f4t\u00e9 l\u00e9g\u00e8rement aigre qui s&rsquo;ouvre vraiment lorsqu&rsquo;on la casse. La fum\u00e9e est douce mais stratifi\u00e9e, offrant une exp\u00e9rience bien \u00e9quilibr\u00e9e et cors\u00e9e qui reste fid\u00e8le au cultivar original. Facile \u00e0 travailler et ind\u00e9niablement expressif, ce concentr\u00e9 montre ce qu&rsquo;un mat\u00e9riel de d\u00e9part de qualit\u00e9 et un processus d&rsquo;extraction m\u00e9ticuleux peuvent permettre d&rsquo;obtenir.    <\/p>\n<h4>Caract\u00e9ristiques principales<\/h4>\n<ul>\n<li>Haschisch en boule de temple \u00e0 spectre complet fabriqu\u00e9 selon les m\u00e9thodes traditionnelles du Curado<\/li>\n<li>Souche hybride d\u00e9riv\u00e9e de Alien Cookies et Kush Mints #11<\/li>\n<li>Contient un m\u00e9lange de THC, de b\u00eata-linalol, de b\u00eata-caryophyll\u00e8ne et de (-)-alpha-bisabolol.<\/li>\n<li>Profil aromatique riche avec des notes d&rsquo;agrumes, de cr\u00e8me, de gazole, d&rsquo;herbes et de sucre.<\/li>\n<li>Peut favoriser des effets euphoriques, stimulants, d\u00e9tendus, concentr\u00e9s, cr\u00e9atifs et lourds.<\/li>\n<\/ul>\n<h4>Saveurs, ar\u00f4mes et profil des terp\u00e8nes<\/h4>\n<p>Cap Junky Temple Ball offre une exp\u00e9rience aromatique complexe avec des notes de gaz et de diesel au premier plan, \u00e9quilibr\u00e9es par de la menthe douce, de la terre cr\u00e9meuse, un zeste d&rsquo;agrume subtil et un final poivr\u00e9 \u00e0 base d&rsquo;herbes. Le profil des saveurs suit le m\u00eame chemin, offrant des notes d&rsquo;agrumes, de cr\u00e8me, d&rsquo;essence\/diesel, d&rsquo;herbes et de douceur qui \u00e9voluent \u00e0 chaque inhalation. Ce concentr\u00e9 contient un m\u00e9lange de cannabino\u00efdes (THC) et un m\u00e9lange de terp\u00e8nes (b\u00eata-linalol, b\u00eata-caryophyll\u00e8ne et (-)-alpha-bisabolol), qui contribuent \u00e0 son caract\u00e8re distinctif et \u00e0 ses propri\u00e9t\u00e9s th\u00e9rapeutiques potentielles.  <\/p>\n<h4>Pourquoi choisir les concentr\u00e9s ?<\/h4>\n<p>Les concentr\u00e9s comme le Cap Junky Temple Ball offrent aux consommateurs de cannabis m\u00e9dical une m\u00e9thode d&rsquo;administration puissante et efficace avec un effet rapide. Le haschisch \u00e0 spectre complet pr\u00e9serve la gamme compl\u00e8te des cannabino\u00efdes et des terp\u00e8nes de la mati\u00e8re premi\u00e8re, ce qui peut favoriser une exp\u00e9rience th\u00e9rapeutique plus compl\u00e8te. Les concentr\u00e9s permettent un dosage pr\u00e9cis et sont id\u00e9aux pour ceux qui recherchent des effets plus puissants ou un soulagement sans avoir recours \u00e0 la combustion du mat\u00e9riel v\u00e9g\u00e9tal.  <\/p>\n<h4>Exp\u00e9dition dans tout le Canada<\/h4>\n<p>Cap Junky Temple Ball de Curado est exp\u00e9di\u00e9 rapidement au Canada par Mendo Medical. Nous offrons la livraison gratuite pour toutes les commandes de plus de 150 $, ce qui rend facile et abordable l&rsquo;acc\u00e8s \u00e0 des concentr\u00e9s de cannabis m\u00e9dical de premi\u00e8re qualit\u00e9, peu importe o\u00f9 vous vous trouvez dans le pays. <\/p>\n<h4>Avantages et couverture pour les anciens combattants<\/h4>\n<p>Cap Junky Temple Ball est admissible \u00e0 la couverture d&rsquo;ACC (Anciens Combattants Canada) et \u00e0 la facturation directe par l&rsquo;entremise de la Croix Bleue, ce qui signifie que les anciens combattants admissibles n&rsquo;ont pas \u00e0 d\u00e9bourser d&rsquo;argent. Si vous n&rsquo;avez pas encore de carte m\u00e9dicale, vous pouvez <a href=\"https:\/\/mendomedical.ca\/fr\/carte-medicale\/\">obtenir votre carte m\u00e9dicale gratuite rapidement et facilement<\/a> pour acc\u00e9der \u00e0 ces avantages et commencer votre parcours de cannabis m\u00e9dical avec Mendo Medical. <\/p>\n<\/div>\n","protected":false},"featured_media":281725,"comment_status":"open","ping_status":"closed","template":"","meta":{"_acf_changed":false,"site-sidebar-layout":"default","site-content-layout":"","ast-site-content-layout":"default","site-content-style":"default","site-sidebar-style":"default","ast-global-header-display":"","ast-banner-title-visibility":"","ast-main-header-display":"","ast-hfb-above-header-display":"","ast-hfb-below-header-display":"","ast-hfb-mobile-header-display":"","site-post-title":"","ast-breadcrumbs-content":"","ast-featured-img":"","footer-sml-layout":"","ast-disable-related-posts":"","theme-transparent-header-meta":"default","adv-header-id-meta":"","stick-header-meta":"","header-above-stick-meta":"","header-main-stick-meta":"","header-below-stick-meta":"","astra-migrate-meta-layouts":"set","ast-page-background-enabled":"default","ast-page-background-meta":{"desktop":{"background-color":"var(--ast-global-color-4)","background-image":"","background-repeat":"repeat","background-position":"center center","background-size":"auto","background-attachment":"scroll","background-type":"","background-media":"","overlay-type":"","overlay-color":"","overlay-opacity":"","overlay-gradient":""},"tablet":{"background-color":"","background-image":"","background-repeat":"repeat","background-position":"center center","background-size":"auto","background-attachment":"scroll","background-type":"","background-media":"","overlay-type":"","overlay-color":"","overlay-opacity":"","overlay-gradient":""},"mobile":{"background-color":"","background-image":"","background-repeat":"repeat","background-position":"center center","background-size":"auto","background-attachment":"scroll","background-type":"","background-media":"","overlay-type":"","overlay-color":"","overlay-opacity":"","overlay-gradient":""}},"ast-content-background-meta":{"desktop":{"background-color":"var(--ast-global-color-5)","background-image":"","background-repeat":"repeat","background-position":"center center","background-size":"auto","background-attachment":"scroll","background-type":"","background-media":"","overlay-type":"","overlay-color":"","overlay-opacity":"","overlay-gradient":""},"tablet":{"background-color":"var(--ast-global-color-5)","background-image":"","background-repeat":"repeat","background-position":"center center","background-size":"auto","background-attachment":"scroll","background-type":"","background-media":"","overlay-type":"","overlay-color":"","overlay-opacity":"","overlay-gradient":""},"mobile":{"background-color":"var(--ast-global-color-5)","background-image":"","background-repeat":"repeat","background-position":"center center","background-size":"auto","background-attachment":"scroll","background-type":"","background-media":"","overlay-type":"","overlay-color":"","overlay-opacity":"","overlay-gradient":""}}},"product_brand":[],"product_cat":[1121,1118,1119],"product_tag":[],"product_format_filter":[6448],"class_list":{"0":"post-281136","1":"product","2":"type-product","3":"status-publish","4":"has-post-thumbnail","6":"product_cat-haschisch","7":"product_cat-concentres","8":"product_cat-tout-sans-solvant","9":"pa_flavours-agrume","10":"pa_flavours-cremeux","11":"pa_flavours-gazole-diesel","12":"pa_flavours-a-base-de-plantes","13":"pa_flavours-doux","14":"pa_intensity-thc-eleve","15":"pa_marques-curado-fr","16":"pa_origin-quebec-fr","17":"pa_type-de-plante-hybride-fr","18":"pa_type-de-plante-thc-fr","19":"product_format_filter-1-5g","20":"desktop-align-left","21":"tablet-align-left","22":"mobile-align-left","24":"first","25":"instock","26":"taxable","27":"shipping-taxable","28":"purchasable","29":"product-type-simple"},"group_of_quantity":0,"min_quantity":0,"max_quantity":"","exclude_order_quantity_value_rules":"no","exclude_category_quantity_rules":"no","combine_variations":"no","acf":[],"_links":{"self":[{"href":"https:\/\/mendomedical.ca\/fr\/wp-json\/wp\/v2\/product\/281136","targetHints":{"allow":["GET"]}}],"collection":[{"href":"https:\/\/mendomedical.ca\/fr\/wp-json\/wp\/v2\/product"}],"about":[{"href":"https:\/\/mendomedical.ca\/fr\/wp-json\/wp\/v2\/types\/product"}],"replies":[{"embeddable":true,"href":"https:\/\/mendomedical.ca\/fr\/wp-json\/wp\/v2\/comments?post=281136"}],"wp:featuredmedia":[{"embeddable":true,"href":"https:\/\/mendomedical.ca\/fr\/wp-json\/wp\/v2\/media\/281725"}],"wp:attachment":[{"href":"https:\/\/mendomedical.ca\/fr\/wp-json\/wp\/v2\/media?parent=281136"}],"wp:term":[{"taxonomy":"product_brand","embeddable":true,"href":"https:\/\/mendomedical.ca\/fr\/wp-json\/wp\/v2\/product_brand?post=281136"},{"taxonomy":"product_cat","embeddable":true,"href":"https:\/\/mendomedical.ca\/fr\/wp-json\/wp\/v2\/product_cat?post=281136"},{"taxonomy":"product_tag","embeddable":true,"href":"https:\/\/mendomedical.ca\/fr\/wp-json\/wp\/v2\/product_tag?post=281136"},{"taxonomy":"product_format_filter","embeddable":true,"href":"https:\/\/mendomedical.ca\/fr\/wp-json\/wp\/v2\/product_format_filter?post=281136"}],"curies":[{"name":"wp","href":"https:\/\/api.w.org\/{rel}","templated":true}]}}