{"id":281134,"date":"2025-09-24T12:30:56","date_gmt":"2025-09-24T16:30:56","guid":{"rendered":"https:\/\/mendomedical.ca\/?post_type=product&#038;p=281134"},"modified":"2026-04-24T10:17:47","modified_gmt":"2026-04-24T14:17:47","slug":"hash-cannon-three-blue-kings","status":"publish","type":"product","link":"https:\/\/mendomedical.ca\/fr\/produit\/hash-cannon-three-blue-kings\/","title":{"rendered":"Hash Cannon Three Blue Kings"},"content":{"rendered":"","protected":false},"excerpt":{"rendered":"<div class=\"ExternalClassCBEC8702DD634CEAA8CBCF776BADF08F\">\n<h3>Hash Cannon Three Blue Kings par CANNONFIRE<\/h3>\n<h3>Terp\u00e8nes totaux : 4,69%.<\/h3>\n<p>Le Hash Cannon Three Blue Kings offre une exp\u00e9rience de vape sans solvant de premi\u00e8re qualit\u00e9 dans un format pratique de 0,5g. Fabriqu\u00e9e \u00e0 partir de 100 % de rosine de haschisch extraite \u00e0 l&rsquo;eau glac\u00e9e, cette vape hybride ne contient aucun agent de remplissage, distillat ou terp\u00e8nes ajout\u00e9s. N\u00e9e de la fusion g\u00e9n\u00e9tique de la Blueberry, de la Headband et de la Sour Diesel, la Three Blue Kings offre une exp\u00e9rience de cannabis \u00e0 spectre complet qui pr\u00e9serve le caract\u00e8re et la complexit\u00e9 authentiques de la vari\u00e9t\u00e9. Le processus d&rsquo;extraction m\u00e9ticuleux de CANNONFIRE garantit que chaque tirage capture l&rsquo;essence dense et riche en trichomes de ce cultivar exceptionnel.<\/p>\n<h4>Caract\u00e9ristiques principales<\/h4>\n<ul>\n<li>Rosine de haschisch 100 % sans solvant, sans agent de remplissage, sans distillat et sans terp\u00e8nes ajout\u00e9s.<\/li>\n<li>Souche hybride combinant les g\u00e9n\u00e9tiques Blueberry, Headband et Sour Diesel.<\/li>\n<li>Peut favoriser des effets euphoriques, stimulants et concentr\u00e9s, ainsi que des sensations cr\u00e9atives et d\u00e9tendues.<\/li>\n<li>Contient des terp\u00e8nes alpha-Pin\u00e8ne, Camph\u00e8ne et Sabin\u00e8ne avec une teneur \u00e9quilibr\u00e9e en THC et CBD.<\/li>\n<li>Format pratique de 0,5 g, id\u00e9al pour la consommation de cannabis m\u00e9dical en d\u00e9placement<\/li>\n<\/ul>\n<h4>Saveur, ar\u00f4me et profil des terp\u00e8nes<\/h4>\n<p>Three Blue Kings offre une exp\u00e9rience sensorielle riche, caract\u00e9ris\u00e9e par des couches de myrtilles m\u00fbres et de baies sucr\u00e9es, compl\u00e9t\u00e9es par des zestes d&rsquo;agrumes frais. Le profil aromatique associe des notes fruit\u00e9es et de baies \u00e0 des notes de pin et \u00e0 de subtiles nuances de gasoil. Les nuances aromatiques comprennent des notes terreuses et bois\u00e9es avec du pin r\u00e9sineux et un d\u00e9licat diesel \u00e9pic\u00e9 en fin de bouche. Le m\u00e9lange terp\u00e9nique d&rsquo;alpha-pin\u00e8ne, de camph\u00e8ne et de sabin\u00e8ne contribue au caract\u00e8re distinctif de la souche tout en soutenant l&rsquo;effet d&rsquo;entourage. Cette rosine de haschisch \u00e0 spectre complet capture la complexit\u00e9 douce et audacieuse qui fait de la Three Blue Kings un hybride exceptionnel.<\/p>\n<h4>Pourquoi choisir Vapes ?<\/h4>\n<p>Les vapes offrent aux consommateurs de cannabis m\u00e9dical un dosage pr\u00e9cis, une apparition rapide des effets et une consommation discr\u00e8te sans combustion. Les vapes \u00e0 base de rosin de haschisch comme les Three Blue Kings offrent une exp\u00e9rience plus propre et \u00e0 spectre complet qui peut soutenir divers objectifs de bien-\u00eatre tout en pr\u00e9servant les profils naturels de terp\u00e8nes et de cannabino\u00efdes de la plante.<\/p>\n<h4>Exp\u00e9dition dans tout le Canada<\/h4>\n<p>Hash Cannon Three Blue Kings est exp\u00e9di\u00e9 rapidement \u00e0 travers le Canada par Mendo Medical. Profitez de la livraison gratuite pour les commandes de plus de 150 $, ce qui garantit que votre vape de rosin de haschisch de premi\u00e8re qualit\u00e9 arrive rapidement et \u00e0 un prix abordable, peu importe o\u00f9 vous vous trouvez dans le pays.<\/p>\n<h4>Avantages et couverture pour les anciens combattants<\/h4>\n<p>Hash Cannon Three Blue Kings est admissible \u00e0 la couverture d&rsquo;ACC (Anciens Combattants Canada) et \u00e0 la facturation directe par l&rsquo;entremise de la Croix Bleue, ce qui signifie que les anciens combattants admissibles n&rsquo;ont rien \u00e0 d\u00e9bourser. Si vous n&rsquo;avez pas encore de carte de cannabis m\u00e9dical, vous pouvez <a href=\"https:\/\/mendomedical.ca\/fr\/carte-medicale\/\">obtenir votre carte m\u00e9dicale gratuite rapidement et facilement<\/a> pour acc\u00e9der \u00e0 vos avantages et commencer votre voyage vers le bien-\u00eatre.<\/p>\n<\/div>\n","protected":false},"featured_media":281731,"comment_status":"open","ping_status":"closed","template":"","meta":{"_acf_changed":false,"site-sidebar-layout":"default","site-content-layout":"","ast-site-content-layout":"default","site-content-style":"default","site-sidebar-style":"default","ast-global-header-display":"","ast-banner-title-visibility":"","ast-main-header-display":"","ast-hfb-above-header-display":"","ast-hfb-below-header-display":"","ast-hfb-mobile-header-display":"","site-post-title":"","ast-breadcrumbs-content":"","ast-featured-img":"","footer-sml-layout":"","ast-disable-related-posts":"","theme-transparent-header-meta":"default","adv-header-id-meta":"","stick-header-meta":"","header-above-stick-meta":"","header-main-stick-meta":"","header-below-stick-meta":"","astra-migrate-meta-layouts":"set","ast-page-background-enabled":"default","ast-page-background-meta":{"desktop":{"background-color":"var(--ast-global-color-4)","background-image":"","background-repeat":"repeat","background-position":"center center","background-size":"auto","background-attachment":"scroll","background-type":"","background-media":"","overlay-type":"","overlay-color":"","overlay-opacity":"","overlay-gradient":""},"tablet":{"background-color":"","background-image":"","background-repeat":"repeat","background-position":"center center","background-size":"auto","background-attachment":"scroll","background-type":"","background-media":"","overlay-type":"","overlay-color":"","overlay-opacity":"","overlay-gradient":""},"mobile":{"background-color":"","background-image":"","background-repeat":"repeat","background-position":"center center","background-size":"auto","background-attachment":"scroll","background-type":"","background-media":"","overlay-type":"","overlay-color":"","overlay-opacity":"","overlay-gradient":""}},"ast-content-background-meta":{"desktop":{"background-color":"var(--ast-global-color-5)","background-image":"","background-repeat":"repeat","background-position":"center center","background-size":"auto","background-attachment":"scroll","background-type":"","background-media":"","overlay-type":"","overlay-color":"","overlay-opacity":"","overlay-gradient":""},"tablet":{"background-color":"var(--ast-global-color-5)","background-image":"","background-repeat":"repeat","background-position":"center center","background-size":"auto","background-attachment":"scroll","background-type":"","background-media":"","overlay-type":"","overlay-color":"","overlay-opacity":"","overlay-gradient":""},"mobile":{"background-color":"var(--ast-global-color-5)","background-image":"","background-repeat":"repeat","background-position":"center center","background-size":"auto","background-attachment":"scroll","background-type":"","background-media":"","overlay-type":"","overlay-color":"","overlay-opacity":"","overlay-gradient":""}}},"product_brand":[],"product_cat":[1164,1159,1161],"product_tag":[],"product_format_filter":[6374],"class_list":{"0":"post-281134","1":"product","2":"type-product","3":"status-publish","4":"has-post-thumbnail","6":"product_cat-cured-et-rosin-vivante-fr","7":"product_cat-vapoteuses","8":"product_cat-tout-en-un","9":"pa_flavours-agrume","10":"pa_flavours-baies","11":"pa_flavours-fruite","12":"pa_flavours-gazole-diesel","13":"pa_flavours-pin","14":"pa_flavours-doux","15":"pa_intensity-thc-eleve","16":"pa_marques-cannonfire-fr","17":"pa_origin-quebec-fr","18":"pa_type-de-plante-hybride-fr","19":"pa_type-de-plante-thc-fr","20":"product_format_filter-0-5g","21":"desktop-align-left","22":"tablet-align-left","23":"mobile-align-left","25":"first","26":"outofstock","27":"taxable","28":"shipping-taxable","29":"purchasable","30":"product-type-simple"},"group_of_quantity":0,"min_quantity":0,"max_quantity":"","exclude_order_quantity_value_rules":"no","exclude_category_quantity_rules":"no","combine_variations":"no","acf":[],"_links":{"self":[{"href":"https:\/\/mendomedical.ca\/fr\/wp-json\/wp\/v2\/product\/281134","targetHints":{"allow":["GET"]}}],"collection":[{"href":"https:\/\/mendomedical.ca\/fr\/wp-json\/wp\/v2\/product"}],"about":[{"href":"https:\/\/mendomedical.ca\/fr\/wp-json\/wp\/v2\/types\/product"}],"replies":[{"embeddable":true,"href":"https:\/\/mendomedical.ca\/fr\/wp-json\/wp\/v2\/comments?post=281134"}],"wp:featuredmedia":[{"embeddable":true,"href":"https:\/\/mendomedical.ca\/fr\/wp-json\/wp\/v2\/media\/281731"}],"wp:attachment":[{"href":"https:\/\/mendomedical.ca\/fr\/wp-json\/wp\/v2\/media?parent=281134"}],"wp:term":[{"taxonomy":"product_brand","embeddable":true,"href":"https:\/\/mendomedical.ca\/fr\/wp-json\/wp\/v2\/product_brand?post=281134"},{"taxonomy":"product_cat","embeddable":true,"href":"https:\/\/mendomedical.ca\/fr\/wp-json\/wp\/v2\/product_cat?post=281134"},{"taxonomy":"product_tag","embeddable":true,"href":"https:\/\/mendomedical.ca\/fr\/wp-json\/wp\/v2\/product_tag?post=281134"},{"taxonomy":"product_format_filter","embeddable":true,"href":"https:\/\/mendomedical.ca\/fr\/wp-json\/wp\/v2\/product_format_filter?post=281134"}],"curies":[{"name":"wp","href":"https:\/\/api.w.org\/{rel}","templated":true}]}}