{"id":281133,"date":"2025-09-22T16:00:56","date_gmt":"2025-09-22T20:00:56","guid":{"rendered":"https:\/\/mendomedical.ca\/?post_type=product&#038;p=281133"},"modified":"2026-04-04T21:06:55","modified_gmt":"2026-04-05T01:06:55","slug":"black-cherry-punch-hash-cannon","status":"publish","type":"product","link":"https:\/\/mendomedical.ca\/fr\/produit\/black-cherry-punch-hash-cannon\/","title":{"rendered":"Black Cherry Punch Hash Cannon"},"content":{"rendered":"","protected":false},"excerpt":{"rendered":"<div class=\"ExternalClass8FEB98330A654A13A902ECF233718C77\">\n<h3>Black Cherry Punch Hash Cannon - CANNONFIRE<\/h3>\n<h3>Terp\u00e8nes totaux : 4,55%.<\/h3>\n<p>D\u00e9couvrez la richesse du spectre complet de CANNONFIRE&rsquo;s Hash Cannon Black Cherry Punch, une vape tout-en-un de 0,5 g de haschisch rosin de premi\u00e8re qualit\u00e9, fabriqu\u00e9e enti\u00e8rement sans solvants. Ce concentr\u00e9 m\u00e9ticuleusement produit est d\u00e9riv\u00e9 du hasch extrait \u00e0 l&rsquo;eau glac\u00e9e et ne contient aucun agent de remplissage, distillat ou terp\u00e8nes ajout\u00e9s. N\u00e9 du croisement de Black Cherry Pie et de Purple Punch, Black Cherry Punch offre un profil audacieux et fruit\u00e9 avec des nuances terreuses, offrant aux consommateurs de cannabis m\u00e9dical une expression douce et authentique de cette vari\u00e9t\u00e9 hybride bien-aim\u00e9e.<\/p>\n<h4>Caract\u00e9ristiques principales<\/h4>\n<ul>\n<li>Rosine de haschisch 100% sans solvant, extraite \u00e0 l&rsquo;aide de m\u00e9thodes \u00e0 l&rsquo;eau glac\u00e9e, sans aucun agent de remplissage ni distillat.<\/li>\n<li>Souche hybride combinant les g\u00e9n\u00e9tiques Black Cherry Pie et Purple Punch<\/li>\n<li>Profil de saveur riche avec des notes de baies, fruit\u00e9es, herbac\u00e9es et sucr\u00e9es.<\/li>\n<li>Les effets potentiels comprennent des sensations d&rsquo;euphorie, d&rsquo;exaltation, de d\u00e9tente et de calme.<\/li>\n<li>Format pratique de 0,5g tout-en-un pour un dosage pr\u00e9cis et la portabilit\u00e9<\/li>\n<\/ul>\n<h4>Saveur, ar\u00f4me et profil cannabique<\/h4>\n<p>Black Cherry Punch Hash Cannon All-In-One Vape ravit les sens avec des couches de cerises noires m\u00fbres et de baies sombres, compl\u00e9t\u00e9es par des notes sucr\u00e9es de bonbons au raisin, de l\u00e9gers accents floraux et un final terreux doux. Le profil de saveur refl\u00e8te l&rsquo;ar\u00f4me avec des caract\u00e9ristiques prononc\u00e9es de baies, de fruits, d&rsquo;herbes et de sucreries qui cr\u00e9ent une exp\u00e9rience bien \u00e9quilibr\u00e9e.<\/p>\n<p>Cette rosine de haschisch pr\u00e9sente un m\u00e9lange \u00e9quilibr\u00e9 de THC et de CBD, rehauss\u00e9 par un m\u00e9lange de terp\u00e8nes comprenant de l&rsquo;alpha-Pin\u00e8ne, du Camph\u00e8ne et du Sabin\u00e8ne. Ces compos\u00e9s naturels agissent ensemble pour produire les effets et la complexit\u00e9 aromatique propres \u00e0 la vari\u00e9t\u00e9.<\/p>\n<h4>Pourquoi choisir All-In-One Vapes ?<\/h4>\n<p>Les vapes tout-en-un offrent aux consommateurs de cannabis m\u00e9dical une m\u00e9thode d&rsquo;administration discr\u00e8te, pratique et rapide avec des capacit\u00e9s de dosage pr\u00e9cises. La rosine de haschisch sans solvant contenue dans Hash Cannon Black Cherry Punch offre une exp\u00e9rience \u00e0 spectre complet qui peut aider \u00e0 soutenir la relaxation et l&rsquo;\u00e9l\u00e9vation de l&rsquo;humeur tout en conservant les caract\u00e9ristiques authentiques de la souche. Les vapes \u00e9liminent la combustion, offrant une alternative plus douce pour ceux qui recherchent les bienfaits th\u00e9rapeutiques du cannabis.<\/p>\n<h4>Exp\u00e9dition dans tout le Canada<\/h4>\n<p>Black Cherry Punch Hash Cannon est exp\u00e9di\u00e9 rapidement \u00e0 travers le Canada par Mendo Medical. Nous offrons la livraison gratuite pour toutes les commandes de plus de 150 $, assurant que vos produits de cannabis m\u00e9dical arrivent rapidement et \u00e0 un prix abordable, peu importe o\u00f9 vous vous trouvez dans le pays.<\/p>\n<h4>Avantages et couverture pour les anciens combattants<\/h4>\n<p>Black Cherry Punch Hash Cannon est admissible \u00e0 la couverture d&rsquo;ACC (Anciens Combattants Canada) et \u00e0 la facturation directe par l&rsquo;entremise de la Croix Bleue, ce qui signifie que les anciens combattants admissibles n&rsquo;ont pas \u00e0 d\u00e9bourser d&rsquo;argent. Si vous n&rsquo;avez pas encore de carte de cannabis m\u00e9dical, vous pouvez <a href=\"https:\/\/mendomedical.ca\/fr\/carte-medicale\/\">obtenir votre carte m\u00e9dicale gratuite rapidement et facilement<\/a> pour acc\u00e9der \u00e0 ces avantages et commencer votre traitement.<\/p>\n<\/div>\n","protected":false},"featured_media":281731,"comment_status":"open","ping_status":"closed","template":"","meta":{"_acf_changed":false,"site-sidebar-layout":"default","site-content-layout":"","ast-site-content-layout":"default","site-content-style":"default","site-sidebar-style":"default","ast-global-header-display":"","ast-banner-title-visibility":"","ast-main-header-display":"","ast-hfb-above-header-display":"","ast-hfb-below-header-display":"","ast-hfb-mobile-header-display":"","site-post-title":"","ast-breadcrumbs-content":"","ast-featured-img":"","footer-sml-layout":"","ast-disable-related-posts":"","theme-transparent-header-meta":"default","adv-header-id-meta":"","stick-header-meta":"","header-above-stick-meta":"","header-main-stick-meta":"","header-below-stick-meta":"","astra-migrate-meta-layouts":"set","ast-page-background-enabled":"default","ast-page-background-meta":{"desktop":{"background-color":"var(--ast-global-color-4)","background-image":"","background-repeat":"repeat","background-position":"center center","background-size":"auto","background-attachment":"scroll","background-type":"","background-media":"","overlay-type":"","overlay-color":"","overlay-opacity":"","overlay-gradient":""},"tablet":{"background-color":"","background-image":"","background-repeat":"repeat","background-position":"center center","background-size":"auto","background-attachment":"scroll","background-type":"","background-media":"","overlay-type":"","overlay-color":"","overlay-opacity":"","overlay-gradient":""},"mobile":{"background-color":"","background-image":"","background-repeat":"repeat","background-position":"center center","background-size":"auto","background-attachment":"scroll","background-type":"","background-media":"","overlay-type":"","overlay-color":"","overlay-opacity":"","overlay-gradient":""}},"ast-content-background-meta":{"desktop":{"background-color":"var(--ast-global-color-5)","background-image":"","background-repeat":"repeat","background-position":"center center","background-size":"auto","background-attachment":"scroll","background-type":"","background-media":"","overlay-type":"","overlay-color":"","overlay-opacity":"","overlay-gradient":""},"tablet":{"background-color":"var(--ast-global-color-5)","background-image":"","background-repeat":"repeat","background-position":"center center","background-size":"auto","background-attachment":"scroll","background-type":"","background-media":"","overlay-type":"","overlay-color":"","overlay-opacity":"","overlay-gradient":""},"mobile":{"background-color":"var(--ast-global-color-5)","background-image":"","background-repeat":"repeat","background-position":"center center","background-size":"auto","background-attachment":"scroll","background-type":"","background-media":"","overlay-type":"","overlay-color":"","overlay-opacity":"","overlay-gradient":""}}},"product_brand":[],"product_cat":[1159,1161],"product_tag":[],"product_format_filter":[6374],"class_list":{"0":"post-281133","1":"product","2":"type-product","3":"status-publish","4":"has-post-thumbnail","6":"product_cat-vapoteuses","7":"product_cat-tout-en-un","8":"pa_flavours-baies","9":"pa_flavours-fruite","10":"pa_flavours-a-base-de-plantes","11":"pa_flavours-doux","12":"pa_intensity-thc-eleve","13":"pa_marques-cannonfire-fr","14":"pa_origin-quebec-fr","15":"pa_type-de-plante-hybride-fr","16":"pa_type-de-plante-thc-fr","17":"product_format_filter-0-5g","18":"desktop-align-left","19":"tablet-align-left","20":"mobile-align-left","22":"first","23":"instock","24":"taxable","25":"shipping-taxable","26":"purchasable","27":"product-type-simple"},"group_of_quantity":0,"min_quantity":0,"max_quantity":"","exclude_order_quantity_value_rules":"no","exclude_category_quantity_rules":"no","combine_variations":"no","acf":[],"_links":{"self":[{"href":"https:\/\/mendomedical.ca\/fr\/wp-json\/wp\/v2\/product\/281133","targetHints":{"allow":["GET"]}}],"collection":[{"href":"https:\/\/mendomedical.ca\/fr\/wp-json\/wp\/v2\/product"}],"about":[{"href":"https:\/\/mendomedical.ca\/fr\/wp-json\/wp\/v2\/types\/product"}],"replies":[{"embeddable":true,"href":"https:\/\/mendomedical.ca\/fr\/wp-json\/wp\/v2\/comments?post=281133"}],"wp:featuredmedia":[{"embeddable":true,"href":"https:\/\/mendomedical.ca\/fr\/wp-json\/wp\/v2\/media\/281731"}],"wp:attachment":[{"href":"https:\/\/mendomedical.ca\/fr\/wp-json\/wp\/v2\/media?parent=281133"}],"wp:term":[{"taxonomy":"product_brand","embeddable":true,"href":"https:\/\/mendomedical.ca\/fr\/wp-json\/wp\/v2\/product_brand?post=281133"},{"taxonomy":"product_cat","embeddable":true,"href":"https:\/\/mendomedical.ca\/fr\/wp-json\/wp\/v2\/product_cat?post=281133"},{"taxonomy":"product_tag","embeddable":true,"href":"https:\/\/mendomedical.ca\/fr\/wp-json\/wp\/v2\/product_tag?post=281133"},{"taxonomy":"product_format_filter","embeddable":true,"href":"https:\/\/mendomedical.ca\/fr\/wp-json\/wp\/v2\/product_format_filter?post=281133"}],"curies":[{"name":"wp","href":"https:\/\/api.w.org\/{rel}","templated":true}]}}