{"id":280893,"date":"2025-09-20T19:29:13","date_gmt":"2025-09-20T23:29:13","guid":{"rendered":"https:\/\/mendomedical.ca\/product\/slurricane-pure-live-resin-all-in-one-resine-vivante-pure-tout-en-un\/"},"modified":"2026-04-29T10:51:59","modified_gmt":"2026-04-29T14:51:59","slug":"slurricane-slurricane-resine-vivante-pure-tout-en-un","status":"publish","type":"product","link":"https:\/\/mendomedical.ca\/fr\/produit\/slurricane-slurricane-resine-vivante-pure-tout-en-un\/","title":{"rendered":"Slurricane Pure Live Resin All-In-One (R\u00e9sine vivante pure tout-en-un)"},"content":{"rendered":"","protected":false},"excerpt":{"rendered":"<div class=\"ExternalClass294F94B0F7134CE3B84D209E3A7E1CCA\">\n<h3>Slurricane Pure Live Resin AIO by Lune Rise Farms<br \/>\nTerp\u00e8nes totaux : 13-14%.<\/h3>\n<p>Le Slurricane Pure Live Resin AIO de Lune Rise Farms vous offre une exp\u00e9rience de vapotage de premi\u00e8re qualit\u00e9 avec 100 % de r\u00e9sine pure et vivante extraite de fleurs enti\u00e8res de cannabis cultiv\u00e9es au soleil. Cette vape tout-en-un de 1g pr\u00e9sente la vari\u00e9t\u00e9 Slurricane, fra\u00eechement congel\u00e9e imm\u00e9diatement apr\u00e8s la r\u00e9colte pour pr\u00e9server son profil complet de cannabino\u00efdes et de terp\u00e8nes. Sans coupure, remplissage ou additif de saveur, cette vape offre une repr\u00e9sentation authentique des qualit\u00e9s naturelles de la souche, procurant des effets potentiels stimulants et \u00e9nergiques, ainsi qu&rsquo;un fini doux et vif.  <\/p>\n<h4>Caract\u00e9ristiques principales<\/h4>\n<ul>\n<li>Dispositif de vaporisation tout-en-un de 1 g rempli d&rsquo;extrait de r\u00e9sine vivante pure<\/li>\n<li>Fabriqu\u00e9 \u00e0 partir de fleurs enti\u00e8res Slurricane cultiv\u00e9es au soleil et fra\u00eechement congel\u00e9es.<\/li>\n<li>100% de r\u00e9sine vivante pure, sans coupures, ni charges, ni ar\u00f4mes artificiels.<\/li>\n<li>Effets potentiels \u00e9nergisants et stimulants<\/li>\n<li>Format pratique, pr\u00eat \u00e0 l&#8217;emploi, sans chargement ni assemblage n\u00e9cessaire<\/li>\n<\/ul>\n<h4>Saveur, ar\u00f4me et profil des terp\u00e8nes<\/h4>\n<p>La Slurricane Pure Live Resin AIO pr\u00e9sente un profil d&rsquo;ar\u00f4me complexe avec des notes sucr\u00e9es compl\u00e9t\u00e9es par de subtiles notes florales et de houblon. L&rsquo;ar\u00f4me offre une combinaison distinctive de caract\u00e9ristiques florales et de houblon avec des notes d&rsquo;herbe sauvage sucr\u00e9e, cr\u00e9ant un fini doux, vif et propre \u00e0 chaque tirage. <\/p>\n<p>Cette vape est riche en terp\u00e8nes, les cinq principaux \u00e9tant : Trans-Caryophyll\u00e8ne, Limon\u00e8ne, Alpha-Humul\u00e8ne, Farnes\u00e8ne et B\u00eata-Myrc\u00e8ne. Ce profil terp\u00e9nique diversifi\u00e9 contribue \u00e0 l&rsquo;exp\u00e9rience sensorielle unique de la vari\u00e9t\u00e9 et \u00e0 ses effets potentiels. <\/p>\n<h4>Pourquoi choisir Vapes ?<\/h4>\n<p>Les vapes offrent aux consommateurs de cannabis m\u00e9dical un contr\u00f4le pr\u00e9cis du dosage et une apparition rapide des effets, ce qui en fait un excellent choix pour ceux qui recherchent un soulagement imm\u00e9diat. Le format discret et portable des dispositifs de vaporisation permet une utilisation pratique tout au long de la journ\u00e9e, tandis que la m\u00e9thode d&rsquo;extraction de r\u00e9sine vivante pure pr\u00e9serve tout le spectre des compos\u00e9s b\u00e9n\u00e9fiques pr\u00e9sents dans la plante de cannabis fra\u00eeche. <\/p>\n<h4>Exp\u00e9dition dans tout le Canada<\/h4>\n<p>Le Slurricane Pure Live Resin AIO est exp\u00e9di\u00e9 rapidement \u00e0 travers le Canada par Mendo Medical. Nous offrons une livraison gratuite pour toutes les commandes de plus de 150 $, ce qui garantit que vos produits de cannabis de qualit\u00e9 sup\u00e9rieure arrivent \u00e0 votre porte en toute s\u00e9curit\u00e9 et de mani\u00e8re efficace. <\/p>\n<h4>Avantages et couverture pour les anciens combattants<\/h4>\n<p>Le Slurricane Pure Live Resin AIO est admissible \u00e0 la couverture d&rsquo;Anciens Combattants Canada (ACC) et \u00e0 la facturation directe par la Croix Bleue, ce qui signifie que les anciens combattants admissibles peuvent avoir acc\u00e8s \u00e0 ce produit sans avoir \u00e0 d\u00e9bourser quoi que ce soit. Si vous n&rsquo;avez pas encore de carte de cannabis m\u00e9dical, vous pouvez l&rsquo;obtenir rapidement et facilement chez <a href=\"https:\/\/mendomedical.ca\/fr\/carte-medicale\/\">Mendo Medical.<\/a> <\/p>\n<h4>Ingr\u00e9dients<\/h4>\n<p>Extrait de cannabis<\/p>\n<\/div>\n","protected":false},"featured_media":280933,"comment_status":"open","ping_status":"closed","template":"","meta":{"_acf_changed":false,"site-sidebar-layout":"default","site-content-layout":"","ast-site-content-layout":"default","site-content-style":"default","site-sidebar-style":"default","ast-global-header-display":"","ast-banner-title-visibility":"","ast-main-header-display":"","ast-hfb-above-header-display":"","ast-hfb-below-header-display":"","ast-hfb-mobile-header-display":"","site-post-title":"","ast-breadcrumbs-content":"","ast-featured-img":"","footer-sml-layout":"","ast-disable-related-posts":"","theme-transparent-header-meta":"default","adv-header-id-meta":"","stick-header-meta":"","header-above-stick-meta":"","header-main-stick-meta":"","header-below-stick-meta":"","astra-migrate-meta-layouts":"set","ast-page-background-enabled":"default","ast-page-background-meta":{"desktop":{"background-color":"var(--ast-global-color-4)","background-image":"","background-repeat":"repeat","background-position":"center center","background-size":"auto","background-attachment":"scroll","background-type":"","background-media":"","overlay-type":"","overlay-color":"","overlay-opacity":"","overlay-gradient":""},"tablet":{"background-color":"","background-image":"","background-repeat":"repeat","background-position":"center center","background-size":"auto","background-attachment":"scroll","background-type":"","background-media":"","overlay-type":"","overlay-color":"","overlay-opacity":"","overlay-gradient":""},"mobile":{"background-color":"","background-image":"","background-repeat":"repeat","background-position":"center center","background-size":"auto","background-attachment":"scroll","background-type":"","background-media":"","overlay-type":"","overlay-color":"","overlay-opacity":"","overlay-gradient":""}},"ast-content-background-meta":{"desktop":{"background-color":"var(--ast-global-color-5)","background-image":"","background-repeat":"repeat","background-position":"center center","background-size":"auto","background-attachment":"scroll","background-type":"","background-media":"","overlay-type":"","overlay-color":"","overlay-opacity":"","overlay-gradient":""},"tablet":{"background-color":"var(--ast-global-color-5)","background-image":"","background-repeat":"repeat","background-position":"center center","background-size":"auto","background-attachment":"scroll","background-type":"","background-media":"","overlay-type":"","overlay-color":"","overlay-opacity":"","overlay-gradient":""},"mobile":{"background-color":"var(--ast-global-color-5)","background-image":"","background-repeat":"repeat","background-position":"center center","background-size":"auto","background-attachment":"scroll","background-type":"","background-media":"","overlay-type":"","overlay-color":"","overlay-opacity":"","overlay-gradient":""}}},"product_brand":[],"product_cat":[1163,1159,1161],"product_tag":[],"product_format_filter":[6369],"class_list":{"0":"post-280893","1":"product","2":"type-product","3":"status-publish","4":"has-post-thumbnail","6":"product_cat-cured-et-resine-vivante-fr","7":"product_cat-vapoteuses","8":"product_cat-tout-en-un","9":"pa_flavours-floral-et-houblonne","10":"pa_flavours-doux","11":"pa_intensity-thc-eleve","12":"pa_marques-ferme-lune-rise-fr","13":"pa_origin-ontario-fr","14":"pa_type-de-plante-thc-fr","15":"product_format_filter-1g","16":"desktop-align-left","17":"tablet-align-left","18":"mobile-align-left","20":"first","21":"instock","22":"taxable","23":"shipping-taxable","24":"purchasable","25":"product-type-simple"},"group_of_quantity":0,"min_quantity":0,"max_quantity":"","exclude_order_quantity_value_rules":"no","exclude_category_quantity_rules":"no","combine_variations":"no","acf":[],"_links":{"self":[{"href":"https:\/\/mendomedical.ca\/fr\/wp-json\/wp\/v2\/product\/280893","targetHints":{"allow":["GET"]}}],"collection":[{"href":"https:\/\/mendomedical.ca\/fr\/wp-json\/wp\/v2\/product"}],"about":[{"href":"https:\/\/mendomedical.ca\/fr\/wp-json\/wp\/v2\/types\/product"}],"replies":[{"embeddable":true,"href":"https:\/\/mendomedical.ca\/fr\/wp-json\/wp\/v2\/comments?post=280893"}],"wp:featuredmedia":[{"embeddable":true,"href":"https:\/\/mendomedical.ca\/fr\/wp-json\/wp\/v2\/media\/280933"}],"wp:attachment":[{"href":"https:\/\/mendomedical.ca\/fr\/wp-json\/wp\/v2\/media?parent=280893"}],"wp:term":[{"taxonomy":"product_brand","embeddable":true,"href":"https:\/\/mendomedical.ca\/fr\/wp-json\/wp\/v2\/product_brand?post=280893"},{"taxonomy":"product_cat","embeddable":true,"href":"https:\/\/mendomedical.ca\/fr\/wp-json\/wp\/v2\/product_cat?post=280893"},{"taxonomy":"product_tag","embeddable":true,"href":"https:\/\/mendomedical.ca\/fr\/wp-json\/wp\/v2\/product_tag?post=280893"},{"taxonomy":"product_format_filter","embeddable":true,"href":"https:\/\/mendomedical.ca\/fr\/wp-json\/wp\/v2\/product_format_filter?post=280893"}],"curies":[{"name":"wp","href":"https:\/\/api.w.org\/{rel}","templated":true}]}}