{"id":280882,"date":"2025-09-22T14:00:52","date_gmt":"2025-09-22T18:00:52","guid":{"rendered":"https:\/\/mendomedical.ca\/product\/nnorthen-light-live-resin\/"},"modified":"2026-04-14T19:53:53","modified_gmt":"2026-04-14T23:53:53","slug":"northen-light-live-resin","status":"publish","type":"product","link":"https:\/\/mendomedical.ca\/fr\/produit\/northen-light-live-resin\/","title":{"rendered":"Northen Light Live Resin"},"content":{"rendered":"","protected":false},"excerpt":{"rendered":"<div class=\"ExternalClass8E4EBF3303A443A59F9796809CD34F82\">\n<h3>Jarre en r\u00e9sine pour les aurores bor\u00e9ales par Jonny Chronic<\/h3>\n<h3>Terp\u00e8nes totaux : 11,4%.<\/h3>\n<p>Northern Lights Live Resin de Jonny Chronic est un concentr\u00e9 \u00e0 dominance indica qui met en valeur l&rsquo;h\u00e9ritage classique du cannabis gr\u00e2ce \u00e0 des techniques d&rsquo;extraction modernes. Fabriqu\u00e9 \u00e0 partir de fleurs s\u00e9ch\u00e9es de Northern Lights - une vari\u00e9t\u00e9 l\u00e9gendaire issue de g\u00e9n\u00e9tiques afghanes \u00d7 tha\u00eflandaises - ce pot de r\u00e9sine vivante de 1 g est trait\u00e9 dans une colonne de butane en circuit ferm\u00e9 afin de pr\u00e9server la puissance tout en offrant une teneur exceptionnelle en terp\u00e8nes. Avec des niveaux \u00e9lev\u00e9s de THC et un minimum de CBD, ce concentr\u00e9 offre le profil raffin\u00e9 et ancien qui a fait de Northern Lights un incontournable de la communaut\u00e9 du cannabis depuis des d\u00e9cennies.  <\/p>\n<h4>Caract\u00e9ristiques principales<\/h4>\n<ul>\n<li>R\u00e9sine vivante \u00e0 dominance indica avec une teneur \u00e9lev\u00e9e en THC et une teneur minimale en CBD.<\/li>\n<li>Fabriqu\u00e9 \u00e0 partir de la fleur Northern Lights, issue d&rsquo;une g\u00e9n\u00e9tique landrace afghane \u00d7 tha\u00eflandaise.<\/li>\n<li>L&rsquo;extraction au butane en circuit ferm\u00e9 pr\u00e9serve la puissance et la richesse des terp\u00e8nes.<\/li>\n<li>Format 1g id\u00e9al pour les utilisateurs exp\u00e9riment\u00e9s de concentr\u00e9s<\/li>\n<li>Conserver dans un endroit frais et sec et garder en position verticale lorsqu&rsquo;il n&rsquo;est pas utilis\u00e9.<\/li>\n<\/ul>\n<h4>Saveur, ar\u00f4me et profil des terp\u00e8nes<\/h4>\n<p>La Northern Lights Live Resin pr\u00e9sente un m\u00e9lange sophistiqu\u00e9 d&rsquo;ar\u00f4mes d&rsquo;herbes, de pin et d&rsquo;\u00e9pices qui refl\u00e8tent son h\u00e9ritage landrace. L&rsquo;ar\u00f4me pr\u00e9sente des notes de terre, de pin et d&rsquo;\u00e9pices qui cr\u00e9ent une exp\u00e9rience classique du cannabis. Ce concentr\u00e9 est riche en trois terp\u00e8nes importants : le caryophyll\u00e8ne, qui apporte des notes poivr\u00e9es et \u00e9pic\u00e9es ; le limon\u00e8ne, qui ajoute de subtiles nuances d&rsquo;agrumes ; et le pin\u00e8ne, qui renforce les caract\u00e9ristiques de pin et de for\u00eat. Ensemble, ces terp\u00e8nes peuvent soutenir des effets potentiels, notamment l&rsquo;euphorie, la relaxation, le calme et les sensations oniriques, progressant vers des qualit\u00e9s lourdes et s\u00e9datives typiques des concentr\u00e9s \u00e0 dominance indica.   <\/p>\n<h4>Pourquoi choisir les concentr\u00e9s ?<\/h4>\n<p>Les concentr\u00e9s de cannabis offrent aux utilisateurs m\u00e9dicaux une m\u00e9thode d&rsquo;administration puissante et efficace avec un effet rapide. Pour ceux qui recherchent des effets th\u00e9rapeutiques plus puissants ou qui ont besoin de doses plus \u00e9lev\u00e9es de cannabino\u00efdes, les concentr\u00e9s comme la r\u00e9sine vivante offrent une puissance maximale dans un volume minimal. Le profil terp\u00e9nique pr\u00e9serv\u00e9 peut contribuer \u00e0 renforcer l&rsquo;effet d&rsquo;entourage, ce qui peut am\u00e9liorer les b\u00e9n\u00e9fices th\u00e9rapeutiques tout en permettant un contr\u00f4le pr\u00e9cis du dosage.  <\/p>\n<h4>Exp\u00e9dition dans tout le Canada<\/h4>\n<p>Northern Lights Live Resin Jar est exp\u00e9di\u00e9 rapidement au Canada par Mendo Medical. Nous offrons la livraison gratuite pour toutes les commandes de plus de 150 $, ce qui rend pratique et abordable l&rsquo;acc\u00e8s \u00e0 des concentr\u00e9s de cannabis m\u00e9dical de qualit\u00e9 dans tout le pays. Les commandes sont emball\u00e9es discr\u00e8tement et exp\u00e9di\u00e9es rapidement pour s&rsquo;assurer que vos produits arrivent dans un \u00e9tat optimal.  <\/p>\n<h4>Avantages et couverture pour les anciens combattants<\/h4>\n<p>Northern Lights Live Resin Jar est admissible \u00e0 la couverture d&rsquo;ACC (Anciens Combattants Canada). Si vous \u00eates un ancien combattant b\u00e9n\u00e9ficiant d&rsquo;une couverture pour le cannabis m\u00e9dical, vous pouvez acc\u00e9der \u00e0 ce produit par le biais d&rsquo;une facturation directe avec la Croix Bleue, sans avoir \u00e0 d\u00e9bourser quoi que ce soit. Si vous n&rsquo;avez pas encore de carte de cannabis m\u00e9dical, vous pouvez l&rsquo;obtenir rapidement et facilement gr\u00e2ce au <a href=\"https:\/\/mendomedical.ca\/fr\/carte-medicale\/\">processus de demande simplifi\u00e9 de Mendo Medical<\/a>, ce qui vous permettra d&rsquo;acc\u00e9der sans d\u00e9lai aux avantages auxquels vous avez droit.  <\/p>\n<\/div>\n","protected":false},"featured_media":280043,"comment_status":"open","ping_status":"closed","template":"","meta":{"_acf_changed":false,"site-sidebar-layout":"default","site-content-layout":"","ast-site-content-layout":"default","site-content-style":"default","site-sidebar-style":"default","ast-global-header-display":"","ast-banner-title-visibility":"","ast-main-header-display":"","ast-hfb-above-header-display":"","ast-hfb-below-header-display":"","ast-hfb-mobile-header-display":"","site-post-title":"","ast-breadcrumbs-content":"","ast-featured-img":"","footer-sml-layout":"","ast-disable-related-posts":"","theme-transparent-header-meta":"default","adv-header-id-meta":"","stick-header-meta":"","header-above-stick-meta":"","header-main-stick-meta":"","header-below-stick-meta":"","astra-migrate-meta-layouts":"set","ast-page-background-enabled":"default","ast-page-background-meta":{"desktop":{"background-color":"var(--ast-global-color-4)","background-image":"","background-repeat":"repeat","background-position":"center center","background-size":"auto","background-attachment":"scroll","background-type":"","background-media":"","overlay-type":"","overlay-color":"","overlay-opacity":"","overlay-gradient":""},"tablet":{"background-color":"","background-image":"","background-repeat":"repeat","background-position":"center center","background-size":"auto","background-attachment":"scroll","background-type":"","background-media":"","overlay-type":"","overlay-color":"","overlay-opacity":"","overlay-gradient":""},"mobile":{"background-color":"","background-image":"","background-repeat":"repeat","background-position":"center center","background-size":"auto","background-attachment":"scroll","background-type":"","background-media":"","overlay-type":"","overlay-color":"","overlay-opacity":"","overlay-gradient":""}},"ast-content-background-meta":{"desktop":{"background-color":"var(--ast-global-color-5)","background-image":"","background-repeat":"repeat","background-position":"center center","background-size":"auto","background-attachment":"scroll","background-type":"","background-media":"","overlay-type":"","overlay-color":"","overlay-opacity":"","overlay-gradient":""},"tablet":{"background-color":"var(--ast-global-color-5)","background-image":"","background-repeat":"repeat","background-position":"center center","background-size":"auto","background-attachment":"scroll","background-type":"","background-media":"","overlay-type":"","overlay-color":"","overlay-opacity":"","overlay-gradient":""},"mobile":{"background-color":"var(--ast-global-color-5)","background-image":"","background-repeat":"repeat","background-position":"center center","background-size":"auto","background-attachment":"scroll","background-type":"","background-media":"","overlay-type":"","overlay-color":"","overlay-opacity":"","overlay-gradient":""}}},"product_brand":[],"product_cat":[1124,1118],"product_tag":[],"product_format_filter":[6369],"class_list":{"0":"post-280882","1":"product","2":"type-product","3":"status-publish","4":"has-post-thumbnail","6":"product_cat-resine-vivante","7":"product_cat-concentres","8":"pa_flavours-pimenter","9":"pa_flavours-a-base-de-plantes","10":"pa_flavours-pin","11":"pa_intensity-thc-eleve","12":"pa_marques-jonny-chronic-fr","13":"pa_origin-ontario-fr","14":"pa_packaging-date-02-13-2026","15":"pa_type-de-plante-thc-fr","16":"product_format_filter-1g","17":"desktop-align-left","18":"tablet-align-left","19":"mobile-align-left","21":"first","22":"instock","23":"taxable","24":"shipping-taxable","25":"purchasable","26":"product-type-simple"},"group_of_quantity":0,"min_quantity":0,"max_quantity":"","exclude_order_quantity_value_rules":"no","exclude_category_quantity_rules":"no","combine_variations":"no","acf":[],"_links":{"self":[{"href":"https:\/\/mendomedical.ca\/fr\/wp-json\/wp\/v2\/product\/280882","targetHints":{"allow":["GET"]}}],"collection":[{"href":"https:\/\/mendomedical.ca\/fr\/wp-json\/wp\/v2\/product"}],"about":[{"href":"https:\/\/mendomedical.ca\/fr\/wp-json\/wp\/v2\/types\/product"}],"replies":[{"embeddable":true,"href":"https:\/\/mendomedical.ca\/fr\/wp-json\/wp\/v2\/comments?post=280882"}],"wp:featuredmedia":[{"embeddable":true,"href":"https:\/\/mendomedical.ca\/fr\/wp-json\/wp\/v2\/media\/280043"}],"wp:attachment":[{"href":"https:\/\/mendomedical.ca\/fr\/wp-json\/wp\/v2\/media?parent=280882"}],"wp:term":[{"taxonomy":"product_brand","embeddable":true,"href":"https:\/\/mendomedical.ca\/fr\/wp-json\/wp\/v2\/product_brand?post=280882"},{"taxonomy":"product_cat","embeddable":true,"href":"https:\/\/mendomedical.ca\/fr\/wp-json\/wp\/v2\/product_cat?post=280882"},{"taxonomy":"product_tag","embeddable":true,"href":"https:\/\/mendomedical.ca\/fr\/wp-json\/wp\/v2\/product_tag?post=280882"},{"taxonomy":"product_format_filter","embeddable":true,"href":"https:\/\/mendomedical.ca\/fr\/wp-json\/wp\/v2\/product_format_filter?post=280882"}],"curies":[{"name":"wp","href":"https:\/\/api.w.org\/{rel}","templated":true}]}}