{"id":279610,"date":"2025-09-17T19:10:38","date_gmt":"2025-09-17T23:10:38","guid":{"rendered":"https:\/\/mendomedical.ca\/product\/venom-og-liquid-diamonds-vape-tout-en-un\/"},"modified":"2026-03-12T09:15:22","modified_gmt":"2026-03-12T13:15:22","slug":"venom-og-liquid-diamonds-vape-tout-en-un","status":"publish","type":"product","link":"https:\/\/mendomedical.ca\/fr\/produit\/venom-og-liquid-diamonds-vape-tout-en-un\/","title":{"rendered":"Venom OG Liquid Diamonds Vape tout-en-un"},"content":{"rendered":"","protected":false},"excerpt":{"rendered":"<div class=\"ExternalClass3DF0744D2A8F4BFFBE43CC4AEFDBF0D1\">\n<h3>Venom OG Liquid Diamonds Vape tout-en-un par The Loud Plug<\/h3>\n<h3>Terp\u00e8nes totaux : 8,55%.<\/h3>\n<p>Le Venom OG Liquid Diamonds All-In-One Vape de The Loud Plug offre une puissance et une commodit\u00e9 exceptionnelles dans un dispositif jetable de 1g pr\u00eat \u00e0 l&#8217;emploi. Formul\u00e9e avec des diamants THCA de haute puret\u00e9 d\u00e9riv\u00e9s du croisement Venom OG \u00d7 Garlic Breath, cette vape tout-en-un offre un profil cannabino\u00efde concentr\u00e9 avec un THC total atteignant jusqu&rsquo;\u00e0 96%. Am\u00e9lior\u00e9 avec des terp\u00e8nes botaniques pour pr\u00e9server le caract\u00e8re savoureux et \u00e9nergique caract\u00e9ristique du cultivar, cet appareil ne n\u00e9cessite pas de batterie externe ou de chargement - il suffit de l&rsquo;ouvrir et de le savourer. Id\u00e9al pour les consommateurs exp\u00e9riment\u00e9s de cannabis m\u00e9dical qui recherchent des effets puissants et s\u00e9datifs dans un format discret et portable.<\/p>\n<h4>Caract\u00e9ristiques principales<\/h4>\n<ul>\n<li>Diamants liquides THCA de haute puret\u00e9 avec un taux de THC total allant jusqu&rsquo;\u00e0 96%.<\/li>\n<li>1g de vape jetable tout-en-un - pas de charge ou de batterie externe n\u00e9cessaire<\/li>\n<li>Terp\u00e8nes totaux : 8,55 % pour une saveur et un ar\u00f4me renforc\u00e9s<\/li>\n<li>La g\u00e9n\u00e9tique Venom OG \u00d7 Garlic Breath produit des effets relaxants, calmes et s\u00e9datifs.<\/li>\n<li>Conception pratique, pr\u00eate \u00e0 l&#8217;emploi, avec une vaporisation homog\u00e8ne tout au long du processus<\/li>\n<\/ul>\n<h4>Saveur, ar\u00f4me et profil cannabique<\/h4>\n<p>Cette vape pr\u00e9sente un profil audacieux et complexe qui reste fid\u00e8le \u00e0 la lign\u00e9e Venom OG. Attendez-vous \u00e0 des notes piquantes de diesel et de gaz \u00e0 l&rsquo;inhalation, compl\u00e9t\u00e9es par des nuances d&rsquo;ail savoureuses et des \u00e9pices terreuses. L&rsquo;ar\u00f4me est tr\u00e8s \u00e9nergivore avec une finale douce, tandis que le profil de saveur \u00e9quilibre les caract\u00e9ristiques d&rsquo;herbes, de diesel et d&rsquo;\u00e9pices. Avec un taux de THC total atteignant 96 % et un taux de terp\u00e8nes totaux de 8,55 %, cette formulation offre \u00e0 la fois une puissance et une exp\u00e9rience sensorielle riche qui refl\u00e8te le caract\u00e8re distinct de la fleur d&rsquo;origine.<\/p>\n<h4>Pourquoi choisir Vapes ?<\/h4>\n<p>Les vapes sont un choix populaire parmi les consommateurs de cannabis m\u00e9dical en raison de leur action rapide, de leur dosage pr\u00e9cis et de leur nature discr\u00e8te. Le Venom OG Liquid Diamonds All-In-One Vape offre une puissance et une commodit\u00e9 exceptionnelles, ce qui le rend particuli\u00e8rement adapt\u00e9 aux utilisateurs qui recherchent des effets puissants et s\u00e9datifs pour favoriser la relaxation et le calme. Le format tout-en-un \u00e9limine le besoin d&rsquo;\u00e9quipement suppl\u00e9mentaire, fournissant une solution simple et portable pour les utilisateurs exp\u00e9riment\u00e9s.<\/p>\n<h4>Exp\u00e9dition dans tout le Canada<\/h4>\n<p>Le Venom OG Liquid Diamonds All-In-One Vape est exp\u00e9di\u00e9 rapidement \u00e0 travers le Canada, avec une livraison gratuite pour les commandes de plus de 150 $. Profitez d&rsquo;une livraison rapide et fiable directement \u00e0 votre porte, en vous assurant d&rsquo;avoir acc\u00e8s \u00e0 des produits de cannabis m\u00e9dical de premi\u00e8re qualit\u00e9, o\u00f9 que vous soyez dans le pays.<\/p>\n<h4>Avantages et couverture pour les anciens combattants<\/h4>\n<p>La vaporisation tout-en-un Venom OG Liquid Diamonds est admissible \u00e0 la couverture d&rsquo;Anciens Combattants Canada (ACC) et \u00e0 la facturation directe par l&rsquo;entremise de la Croix Bleue, ce qui signifie que les anciens combattants admissibles n&rsquo;ont pas \u00e0 d\u00e9bourser d&rsquo;argent. Si vous n&rsquo;avez pas encore de carte de cannabis m\u00e9dical, vous pouvez <a href=\"https:\/\/mendomedical.ca\/fr\/carte-medicale\/\">l&rsquo;obtenir rapidement et facilement ici<\/a> pour commencer \u00e0 acc\u00e9der \u00e0 vos avantages et \u00e0 vos options de couverture.<\/p>\n<h4>Ingr\u00e9dients<\/h4>\n<p>Extrait de cannabis, terp\u00e8nes botaniques<\/p>\n<\/div>\n","protected":false},"featured_media":279609,"comment_status":"open","ping_status":"closed","template":"","meta":{"_acf_changed":false,"site-sidebar-layout":"default","site-content-layout":"","ast-site-content-layout":"default","site-content-style":"default","site-sidebar-style":"default","ast-global-header-display":"","ast-banner-title-visibility":"","ast-main-header-display":"","ast-hfb-above-header-display":"","ast-hfb-below-header-display":"","ast-hfb-mobile-header-display":"","site-post-title":"","ast-breadcrumbs-content":"","ast-featured-img":"","footer-sml-layout":"","ast-disable-related-posts":"","theme-transparent-header-meta":"default","adv-header-id-meta":"","stick-header-meta":"","header-above-stick-meta":"","header-main-stick-meta":"","header-below-stick-meta":"","astra-migrate-meta-layouts":"set","ast-page-background-enabled":"default","ast-page-background-meta":{"desktop":{"background-color":"var(--ast-global-color-4)","background-image":"","background-repeat":"repeat","background-position":"center center","background-size":"auto","background-attachment":"scroll","background-type":"","background-media":"","overlay-type":"","overlay-color":"","overlay-opacity":"","overlay-gradient":""},"tablet":{"background-color":"","background-image":"","background-repeat":"repeat","background-position":"center center","background-size":"auto","background-attachment":"scroll","background-type":"","background-media":"","overlay-type":"","overlay-color":"","overlay-opacity":"","overlay-gradient":""},"mobile":{"background-color":"","background-image":"","background-repeat":"repeat","background-position":"center center","background-size":"auto","background-attachment":"scroll","background-type":"","background-media":"","overlay-type":"","overlay-color":"","overlay-opacity":"","overlay-gradient":""}},"ast-content-background-meta":{"desktop":{"background-color":"var(--ast-global-color-5)","background-image":"","background-repeat":"repeat","background-position":"center center","background-size":"auto","background-attachment":"scroll","background-type":"","background-media":"","overlay-type":"","overlay-color":"","overlay-opacity":"","overlay-gradient":""},"tablet":{"background-color":"var(--ast-global-color-5)","background-image":"","background-repeat":"repeat","background-position":"center center","background-size":"auto","background-attachment":"scroll","background-type":"","background-media":"","overlay-type":"","overlay-color":"","overlay-opacity":"","overlay-gradient":""},"mobile":{"background-color":"var(--ast-global-color-5)","background-image":"","background-repeat":"repeat","background-position":"center center","background-size":"auto","background-attachment":"scroll","background-type":"","background-media":"","overlay-type":"","overlay-color":"","overlay-opacity":"","overlay-gradient":""}}},"product_brand":[],"product_cat":[1159,1161],"product_tag":[],"product_format_filter":[6369],"class_list":{"0":"post-279610","1":"product","2":"type-product","3":"status-publish","4":"has-post-thumbnail","6":"product_cat-vapoteuses","7":"product_cat-tout-en-un","8":"pa_flavours-pimenter","9":"pa_flavours-gazole-diesel","10":"pa_flavours-a-base-de-plantes","11":"pa_intensity-thc-eleve","12":"pa_marques-le-bouchon-bruyant","13":"pa_origin-ontario-fr","14":"pa_profil-terpene-limonene-fr","15":"pa_profil-terpene-myrcene","16":"pa_type-de-plante-hybride-indica-fr","17":"product_format_filter-1g","18":"desktop-align-left","19":"tablet-align-left","20":"mobile-align-left","22":"first","23":"outofstock","24":"taxable","25":"shipping-taxable","26":"purchasable","27":"product-type-simple"},"group_of_quantity":0,"min_quantity":0,"max_quantity":"","exclude_order_quantity_value_rules":"no","exclude_category_quantity_rules":"no","combine_variations":"no","acf":[],"_links":{"self":[{"href":"https:\/\/mendomedical.ca\/fr\/wp-json\/wp\/v2\/product\/279610","targetHints":{"allow":["GET"]}}],"collection":[{"href":"https:\/\/mendomedical.ca\/fr\/wp-json\/wp\/v2\/product"}],"about":[{"href":"https:\/\/mendomedical.ca\/fr\/wp-json\/wp\/v2\/types\/product"}],"replies":[{"embeddable":true,"href":"https:\/\/mendomedical.ca\/fr\/wp-json\/wp\/v2\/comments?post=279610"}],"wp:featuredmedia":[{"embeddable":true,"href":"https:\/\/mendomedical.ca\/fr\/wp-json\/wp\/v2\/media\/279609"}],"wp:attachment":[{"href":"https:\/\/mendomedical.ca\/fr\/wp-json\/wp\/v2\/media?parent=279610"}],"wp:term":[{"taxonomy":"product_brand","embeddable":true,"href":"https:\/\/mendomedical.ca\/fr\/wp-json\/wp\/v2\/product_brand?post=279610"},{"taxonomy":"product_cat","embeddable":true,"href":"https:\/\/mendomedical.ca\/fr\/wp-json\/wp\/v2\/product_cat?post=279610"},{"taxonomy":"product_tag","embeddable":true,"href":"https:\/\/mendomedical.ca\/fr\/wp-json\/wp\/v2\/product_tag?post=279610"},{"taxonomy":"product_format_filter","embeddable":true,"href":"https:\/\/mendomedical.ca\/fr\/wp-json\/wp\/v2\/product_format_filter?post=279610"}],"curies":[{"name":"wp","href":"https:\/\/api.w.org\/{rel}","templated":true}]}}