{"id":279595,"date":"2025-09-17T15:05:11","date_gmt":"2025-09-17T19:05:11","guid":{"rendered":"https:\/\/mendomedical.ca\/product\/jellysickle-live-rosin\/"},"modified":"2026-02-24T13:25:33","modified_gmt":"2026-02-24T18:25:33","slug":"jellysickle-live-rosin","status":"publish","type":"product","link":"https:\/\/mendomedical.ca\/fr\/produit\/jellysickle-live-rosin\/","title":{"rendered":"Jellysickle Live Rosin"},"content":{"rendered":"","protected":false},"excerpt":{"rendered":"<div class=\"ExternalClass142F8545597A4B6F86C10F74DF6AC17F\">\n<h3>Jellysickle Live Rosin by Polar - 1g Solventless Concentrate<\/h3>\n<h3>Terp\u00e8nes totaux : 7,21%.<\/h3>\n<p>Jellysickle Live Hash Rosin de Polar offre une exp\u00e9rience de concentr\u00e9 sans solvant de premi\u00e8re qualit\u00e9, \u00e9labor\u00e9e \u00e0 partir de cannabis Jellysickle fra\u00eechement congel\u00e9, un croisement entre Jelly Breath et The Popsicle. Ce concentr\u00e9 de 1 g est produit par extraction \u00e0 l&rsquo;eau glac\u00e9e pour isoler les trichomes, qui sont ensuite press\u00e9s m\u00e9caniquement en Live Rosin - un processus qui pr\u00e9serve le spectre complet des cannabino\u00efdes et des terp\u00e8nes de la plante sans aucun solvant ni additif. Avec 63,2 % de THC et une impressionnante teneur en terp\u00e8nes totaux de 7,21 %, ce lot pr\u00e9sente des caract\u00e9ristiques vibrantes et fruit\u00e9es, id\u00e9ales pour les patients de cannabis m\u00e9dical qui recherchent puissance et puret\u00e9 dans leurs concentr\u00e9s.<\/p>\n<h4>Caract\u00e9ristiques principales et points forts du produit<\/h4>\n<ul>\n<li>Extraction sans solvant : Extraction \u00e0 l&rsquo;eau glac\u00e9e et pression m\u00e9canique pour une puret\u00e9 maximale.<\/li>\n<li>Puissance \u00e9lev\u00e9e : 63,2 % de THC total pour une gestion efficace des sympt\u00f4mes<\/li>\n<li>Profil terp\u00e9nique riche : 7,21 % de Terp\u00e8nes totaux pour une saveur robuste et des effets d&rsquo;entourage potentiels.<\/li>\n<li>Concentr\u00e9 \u00e0 spectre complet : Pr\u00e9serve le profil complet des cannabino\u00efdes et des terp\u00e8nes du Jellysickle fra\u00eechement congel\u00e9.<\/li>\n<li>Formule propre : Exempt de solvants, d&rsquo;additifs et d&rsquo;ingr\u00e9dients artificiels.<\/li>\n<\/ul>\n<h4>Saveurs, ar\u00f4mes et profil des terp\u00e8nes<\/h4>\n<p>Jellysickle Live Rosin pr\u00e9sente un profil aromatique brillant et complexe combinant des notes d&rsquo;agrumes, de fruits tropicaux sucr\u00e9s, de pin subtil et d&rsquo;\u00e9pices douces \u00e0 base de plantes. La palette de saveurs refl\u00e8te ces qualit\u00e9s aromatiques avec des caract\u00e9ristiques d&rsquo;agrumes, d&rsquo;\u00e9pices et de sucreries pro\u00e9minentes qui cr\u00e9ent une exp\u00e9rience de dabbing satisfaisante.<\/p>\n<p>Le profil terp\u00e9nique est domin\u00e9 par le limon\u00e8ne, le caryophyll\u00e8ne, l&rsquo;ocim\u00e8ne, le farn\u00e9s\u00e8ne, l&rsquo;humul\u00e8ne et le pin\u00e8ne, une combinaison qui contribue aux effets stimulants, euphorisants et cr\u00e9atifs de ce concentr\u00e9. Les utilisateurs m\u00e9dicaux rapportent souvent qu&rsquo;ils se sentent \u00e9nergiques mais \u00e9quilibr\u00e9s, ce qui rend ce concentr\u00e9 appropri\u00e9 pour une utilisation diurne lorsque le soulagement des sympt\u00f4mes est n\u00e9cessaire sans s\u00e9dation excessive.<\/p>\n<h4>Pourquoi choisir les concentr\u00e9s ?<\/h4>\n<p>Les concentr\u00e9s de cannabis tels que Jellysickle Live Hash Rosin offrent aux patients m\u00e9dicaux une m\u00e9thode d&rsquo;administration tr\u00e8s efficace avec une apparition rapide des effets. Les concentrations \u00e9lev\u00e9es en cannabino\u00efdes et en terp\u00e8nes permettent un dosage pr\u00e9cis et peuvent contribuer \u00e0 soulager divers sympt\u00f4mes tout en n\u00e9cessitant des quantit\u00e9s moindres par rapport \u00e0 la fleur s\u00e9ch\u00e9e. Le hash rosin sans solvant est particuli\u00e8rement appr\u00e9ci\u00e9 par les utilisateurs m\u00e9dicaux qui recherchent la forme la plus pure de concentr\u00e9 disponible.<\/p>\n<h4>Exp\u00e9dition dans tout le Canada<\/h4>\n<p>Jellysickle Live Rosin est exp\u00e9di\u00e9 rapidement \u00e0 travers le Canada par l&rsquo;interm\u00e9diaire de Mendo Medical. Nous offrons une livraison gratuite pour toutes les commandes de plus de 150 $, assurant un acc\u00e8s pratique \u00e0 vos produits de cannabis m\u00e9dical, peu importe o\u00f9 vous vous trouvez dans le pays. Les commandes sont emball\u00e9es discr\u00e8tement et exp\u00e9di\u00e9es avec soin pour maintenir la qualit\u00e9 du produit pendant le transport.<\/p>\n<h4>Avantages et couverture pour les anciens combattants<\/h4>\n<p>Jellysickle Live Rosin est admissible \u00e0 la couverture d&rsquo;Anciens Combattants Canada (ACC) et peut \u00eatre factur\u00e9 directement par la Croix Bleue, ce qui signifie qu&rsquo;il n&rsquo;y a pas de frais \u00e0 d\u00e9bourser pour les anciens combattants admissibles. Si vous n&rsquo;avez pas encore votre carte de cannabis m\u00e9dical, vous pouvez l&rsquo;obtenir rapidement et facilement gr\u00e2ce au <a href=\"https:\/\/mendomedical.ca\/fr\/carte-medicale\/\">processus d&rsquo;enregistrement simplifi\u00e9 de Mendo Medical<\/a>, ce qui vous permettra d&rsquo;acc\u00e9der aux avantages et \u00e0 la couverture que vous m\u00e9ritez.<\/p>\n<\/div>\n","protected":false},"featured_media":279594,"comment_status":"open","ping_status":"closed","template":"","meta":{"_acf_changed":false,"site-sidebar-layout":"default","site-content-layout":"","ast-site-content-layout":"default","site-content-style":"default","site-sidebar-style":"default","ast-global-header-display":"","ast-banner-title-visibility":"","ast-main-header-display":"","ast-hfb-above-header-display":"","ast-hfb-below-header-display":"","ast-hfb-mobile-header-display":"","site-post-title":"","ast-breadcrumbs-content":"","ast-featured-img":"","footer-sml-layout":"","ast-disable-related-posts":"","theme-transparent-header-meta":"default","adv-header-id-meta":"","stick-header-meta":"","header-above-stick-meta":"","header-main-stick-meta":"","header-below-stick-meta":"","astra-migrate-meta-layouts":"set","ast-page-background-enabled":"default","ast-page-background-meta":{"desktop":{"background-color":"var(--ast-global-color-4)","background-image":"","background-repeat":"repeat","background-position":"center center","background-size":"auto","background-attachment":"scroll","background-type":"","background-media":"","overlay-type":"","overlay-color":"","overlay-opacity":"","overlay-gradient":""},"tablet":{"background-color":"","background-image":"","background-repeat":"repeat","background-position":"center center","background-size":"auto","background-attachment":"scroll","background-type":"","background-media":"","overlay-type":"","overlay-color":"","overlay-opacity":"","overlay-gradient":""},"mobile":{"background-color":"","background-image":"","background-repeat":"repeat","background-position":"center center","background-size":"auto","background-attachment":"scroll","background-type":"","background-media":"","overlay-type":"","overlay-color":"","overlay-opacity":"","overlay-gradient":""}},"ast-content-background-meta":{"desktop":{"background-color":"var(--ast-global-color-5)","background-image":"","background-repeat":"repeat","background-position":"center center","background-size":"auto","background-attachment":"scroll","background-type":"","background-media":"","overlay-type":"","overlay-color":"","overlay-opacity":"","overlay-gradient":""},"tablet":{"background-color":"var(--ast-global-color-5)","background-image":"","background-repeat":"repeat","background-position":"center center","background-size":"auto","background-attachment":"scroll","background-type":"","background-media":"","overlay-type":"","overlay-color":"","overlay-opacity":"","overlay-gradient":""},"mobile":{"background-color":"var(--ast-global-color-5)","background-image":"","background-repeat":"repeat","background-position":"center center","background-size":"auto","background-attachment":"scroll","background-type":"","background-media":"","overlay-type":"","overlay-color":"","overlay-opacity":"","overlay-gradient":""}}},"product_brand":[],"product_cat":[1125,1118,1119],"product_tag":[],"product_format_filter":[6369],"class_list":{"0":"post-279595","1":"product","2":"type-product","3":"status-publish","4":"has-post-thumbnail","6":"product_cat-rosin-vivante","7":"product_cat-concentres","8":"product_cat-tout-sans-solvant","9":"pa_flavours-agrume","10":"pa_flavours-pimenter","11":"pa_flavours-doux","12":"pa_intensity-thc-eleve","13":"pa_marques-polaire","14":"pa_origin-quebec-fr","15":"pa_profil-terpene-caryophyllene","16":"pa_profil-terpene-farnesene-fr","17":"pa_profil-terpene-humulene-fr","18":"pa_profil-terpene-limonene-fr","19":"pa_profil-terpene-ocimene-fr","20":"pa_profil-terpene-pinene-fr","21":"pa_type-de-plante-hybride-fr","22":"product_format_filter-1g","23":"desktop-align-left","24":"tablet-align-left","25":"mobile-align-left","27":"first","28":"instock","29":"taxable","30":"shipping-taxable","31":"purchasable","32":"product-type-simple"},"group_of_quantity":0,"min_quantity":0,"max_quantity":"","exclude_order_quantity_value_rules":"no","exclude_category_quantity_rules":"no","combine_variations":"no","acf":[],"_links":{"self":[{"href":"https:\/\/mendomedical.ca\/fr\/wp-json\/wp\/v2\/product\/279595","targetHints":{"allow":["GET"]}}],"collection":[{"href":"https:\/\/mendomedical.ca\/fr\/wp-json\/wp\/v2\/product"}],"about":[{"href":"https:\/\/mendomedical.ca\/fr\/wp-json\/wp\/v2\/types\/product"}],"replies":[{"embeddable":true,"href":"https:\/\/mendomedical.ca\/fr\/wp-json\/wp\/v2\/comments?post=279595"}],"wp:featuredmedia":[{"embeddable":true,"href":"https:\/\/mendomedical.ca\/fr\/wp-json\/wp\/v2\/media\/279594"}],"wp:attachment":[{"href":"https:\/\/mendomedical.ca\/fr\/wp-json\/wp\/v2\/media?parent=279595"}],"wp:term":[{"taxonomy":"product_brand","embeddable":true,"href":"https:\/\/mendomedical.ca\/fr\/wp-json\/wp\/v2\/product_brand?post=279595"},{"taxonomy":"product_cat","embeddable":true,"href":"https:\/\/mendomedical.ca\/fr\/wp-json\/wp\/v2\/product_cat?post=279595"},{"taxonomy":"product_tag","embeddable":true,"href":"https:\/\/mendomedical.ca\/fr\/wp-json\/wp\/v2\/product_tag?post=279595"},{"taxonomy":"product_format_filter","embeddable":true,"href":"https:\/\/mendomedical.ca\/fr\/wp-json\/wp\/v2\/product_format_filter?post=279595"}],"curies":[{"name":"wp","href":"https:\/\/api.w.org\/{rel}","templated":true}]}}