{"id":279592,"date":"2025-09-17T18:25:41","date_gmt":"2025-09-17T22:25:41","guid":{"rendered":"https:\/\/mendomedical.ca\/product\/black-label-vape-cart\/"},"modified":"2026-04-16T04:50:57","modified_gmt":"2026-04-16T08:50:57","slug":"black-label-vape-cart","status":"publish","type":"product","link":"https:\/\/mendomedical.ca\/fr\/produit\/black-label-vape-cart\/","title":{"rendered":"Black Label Vape Cart"},"content":{"rendered":"","protected":false},"excerpt":{"rendered":"<div class=\"ExternalClassD3DFAF636BC1439C87836A363C37EB5F\">\n<h3>Black Label Vape Cart par The Republic<\/h3>\n<h3>Terp\u00e8nes totaux 5,98%.<\/h3>\n<p>La cartouche de vape Black Label de The Republic offre une puissance de premier ordre et une saveur robuste pour les consommateurs de cannabis m\u00e9dical exigeants. Avec des niveaux de THC atteignant 88%, cette cartouche de 1,2g fait partie de la collection de concentr\u00e9s la plus puissante de The Republic, r\u00e9serv\u00e9e exclusivement \u00e0 ses produits les plus puissants. Avec un profil d&rsquo;ar\u00f4me d&rsquo;agrumes doux et gazeux et un mat\u00e9riel de haute performance, la Black Label offre des tirages doux et cors\u00e9s avec une production de vapeur constante pour une exp\u00e9rience fiable \u00e0 chaque fois.<\/p>\n<h4>Caract\u00e9ristiques principales<\/h4>\n<ul>\n<li>Jusqu&rsquo;\u00e0 88% de THC total pour une puissance maximale<\/li>\n<li>Cartouche de 1,2 g avec 5,98 % de terp\u00e8nes totaux pour une saveur renforc\u00e9e.<\/li>\n<li>Agrumes doux, gazole et ar\u00f4mes de terre<\/li>\n<li>Le mat\u00e9riel \u00e0 filetage 510 haute performance pour des tirages fluides et constants<\/li>\n<li>Peut favoriser la relaxation et l&rsquo;apaisement des tensions<\/li>\n<\/ul>\n<h4>Saveur, ar\u00f4me et profil cannabique<\/h4>\n<p>La Vape Cart Black Label offre une exp\u00e9rience sensorielle complexe avec des notes d&rsquo;agrumes sucr\u00e9es en t\u00eate, compl\u00e9t\u00e9es par des nuances de carburant et un caract\u00e8re terreux et gazeux. La fin de bouche cors\u00e9e offre une sensation d&rsquo;ivresse incomparable \u00e0 chaque inhalation. Am\u00e9lior\u00e9e par des terp\u00e8nes botaniques \u00e0 une concentration totale de 5,98 %, cette vape offre une expression terp\u00e9nique robuste aux c\u00f4t\u00e9s de son impressionnante teneur en THC pouvant atteindre 88 %. Les notes d&rsquo;agrumes, de diesel gazeux et de saveur sucr\u00e9e se combinent pour cr\u00e9er un profil audacieux qui pla\u00eet aux utilisateurs exp\u00e9riment\u00e9s \u00e0 la recherche de saveur et de puissance.<\/p>\n<h4>Pourquoi choisir les cartouches de vaporisation ?<\/h4>\n<p>Les cartouches de vaporisation offrent aux consommateurs de cannabis m\u00e9dical un dosage pr\u00e9cis, une consommation discr\u00e8te et une apparition rapide des effets. La vapeur sans fum\u00e9e est plus douce pour le syst\u00e8me respiratoire que les m\u00e9thodes traditionnelles, tandis que la conception pratique du filetage 510 assure la compatibilit\u00e9 avec la plupart des batteries standard. Pour ceux qui g\u00e8rent des sympt\u00f4mes tout au long de la journ\u00e9e, les vapes constituent une m\u00e9thode d&rsquo;administration portable et efficace, qui ne n\u00e9cessite qu&rsquo;une pr\u00e9paration minimale.<\/p>\n<h4>Exp\u00e9dition dans tout le Canada<\/h4>\n<p>Le Black Label Vape Cart est exp\u00e9di\u00e9 rapidement dans tout le Canada par l&rsquo;interm\u00e9diaire de Mendo Medical. Profitez de la livraison gratuite pour toutes les commandes de plus de 150 $, en apportant des produits de cannabis m\u00e9dical de premi\u00e8re qualit\u00e9 directement \u00e0 votre porte avec un service de livraison fiable et discret.<\/p>\n<h4>Avantages et couverture pour les anciens combattants<\/h4>\n<p>Le Black Label Vape Cart est admissible \u00e0 la couverture d&rsquo;Anciens Combattants Canada (ACC) et se qualifie pour la facturation directe par l&rsquo;entremise de la Croix Bleue, ce qui signifie qu&rsquo;il n&rsquo;y a pas de frais \u00e0 d\u00e9bourser pour les anciens combattants admissibles. Si vous n&rsquo;avez pas encore de carte de cannabis m\u00e9dical, vous pouvez <a href=\"https:\/\/mendomedical.ca\/fr\/carte-medicale\/\">obtenir votre carte m\u00e9dicale gratuite rapidement et facilement<\/a> pour acc\u00e9der \u00e0 ces avantages et commencer votre traitement.<\/p>\n<h4>Ingr\u00e9dients<\/h4>\n<p>Extrait de cannabis, terp\u00e8nes botaniques<\/p>\n<\/div>\n","protected":false},"featured_media":279591,"comment_status":"open","ping_status":"closed","template":"","meta":{"_acf_changed":false,"site-sidebar-layout":"default","site-content-layout":"","ast-site-content-layout":"default","site-content-style":"default","site-sidebar-style":"default","ast-global-header-display":"","ast-banner-title-visibility":"","ast-main-header-display":"","ast-hfb-above-header-display":"","ast-hfb-below-header-display":"","ast-hfb-mobile-header-display":"","site-post-title":"","ast-breadcrumbs-content":"","ast-featured-img":"","footer-sml-layout":"","ast-disable-related-posts":"","theme-transparent-header-meta":"default","adv-header-id-meta":"","stick-header-meta":"","header-above-stick-meta":"","header-main-stick-meta":"","header-below-stick-meta":"","astra-migrate-meta-layouts":"set","ast-page-background-enabled":"default","ast-page-background-meta":{"desktop":{"background-color":"var(--ast-global-color-4)","background-image":"","background-repeat":"repeat","background-position":"center center","background-size":"auto","background-attachment":"scroll","background-type":"","background-media":"","overlay-type":"","overlay-color":"","overlay-opacity":"","overlay-gradient":""},"tablet":{"background-color":"","background-image":"","background-repeat":"repeat","background-position":"center center","background-size":"auto","background-attachment":"scroll","background-type":"","background-media":"","overlay-type":"","overlay-color":"","overlay-opacity":"","overlay-gradient":""},"mobile":{"background-color":"","background-image":"","background-repeat":"repeat","background-position":"center center","background-size":"auto","background-attachment":"scroll","background-type":"","background-media":"","overlay-type":"","overlay-color":"","overlay-opacity":"","overlay-gradient":""}},"ast-content-background-meta":{"desktop":{"background-color":"var(--ast-global-color-5)","background-image":"","background-repeat":"repeat","background-position":"center center","background-size":"auto","background-attachment":"scroll","background-type":"","background-media":"","overlay-type":"","overlay-color":"","overlay-opacity":"","overlay-gradient":""},"tablet":{"background-color":"var(--ast-global-color-5)","background-image":"","background-repeat":"repeat","background-position":"center center","background-size":"auto","background-attachment":"scroll","background-type":"","background-media":"","overlay-type":"","overlay-color":"","overlay-opacity":"","overlay-gradient":""},"mobile":{"background-color":"var(--ast-global-color-5)","background-image":"","background-repeat":"repeat","background-position":"center center","background-size":"auto","background-attachment":"scroll","background-type":"","background-media":"","overlay-type":"","overlay-color":"","overlay-opacity":"","overlay-gradient":""}}},"product_brand":[],"product_cat":[1160,1159],"product_tag":[],"product_format_filter":[6439],"class_list":{"0":"post-279592","1":"product","2":"type-product","3":"status-publish","4":"has-post-thumbnail","6":"product_cat-cart-fil-510","7":"product_cat-vapoteuses","8":"pa_flavours-agrume","9":"pa_flavours-gazole-diesel","10":"pa_flavours-doux","11":"pa_intensity-thc-eleve","12":"pa_marques-la-republique","13":"pa_origin-ontario-fr","14":"pa_profil-terpene-caryophyllene","15":"pa_profil-terpene-farnesene-fr","16":"pa_profil-terpene-limonene-fr","17":"pa_type-de-plante-hybride-fr","18":"product_format_filter-1-2g","19":"desktop-align-left","20":"tablet-align-left","21":"mobile-align-left","23":"first","24":"instock","25":"taxable","26":"shipping-taxable","27":"purchasable","28":"product-type-simple"},"group_of_quantity":0,"min_quantity":0,"max_quantity":"","exclude_order_quantity_value_rules":"no","exclude_category_quantity_rules":"no","combine_variations":"no","acf":[],"_links":{"self":[{"href":"https:\/\/mendomedical.ca\/fr\/wp-json\/wp\/v2\/product\/279592","targetHints":{"allow":["GET"]}}],"collection":[{"href":"https:\/\/mendomedical.ca\/fr\/wp-json\/wp\/v2\/product"}],"about":[{"href":"https:\/\/mendomedical.ca\/fr\/wp-json\/wp\/v2\/types\/product"}],"replies":[{"embeddable":true,"href":"https:\/\/mendomedical.ca\/fr\/wp-json\/wp\/v2\/comments?post=279592"}],"wp:featuredmedia":[{"embeddable":true,"href":"https:\/\/mendomedical.ca\/fr\/wp-json\/wp\/v2\/media\/279591"}],"wp:attachment":[{"href":"https:\/\/mendomedical.ca\/fr\/wp-json\/wp\/v2\/media?parent=279592"}],"wp:term":[{"taxonomy":"product_brand","embeddable":true,"href":"https:\/\/mendomedical.ca\/fr\/wp-json\/wp\/v2\/product_brand?post=279592"},{"taxonomy":"product_cat","embeddable":true,"href":"https:\/\/mendomedical.ca\/fr\/wp-json\/wp\/v2\/product_cat?post=279592"},{"taxonomy":"product_tag","embeddable":true,"href":"https:\/\/mendomedical.ca\/fr\/wp-json\/wp\/v2\/product_tag?post=279592"},{"taxonomy":"product_format_filter","embeddable":true,"href":"https:\/\/mendomedical.ca\/fr\/wp-json\/wp\/v2\/product_format_filter?post=279592"}],"curies":[{"name":"wp","href":"https:\/\/api.w.org\/{rel}","templated":true}]}}