{"id":279586,"date":"2025-09-17T14:05:14","date_gmt":"2025-09-17T18:05:14","guid":{"rendered":"https:\/\/mendomedical.ca\/product\/la-inferno-shatter\/"},"modified":"2026-03-15T12:37:53","modified_gmt":"2026-03-15T16:37:53","slug":"la-inferno-shatter","status":"publish","type":"product","link":"https:\/\/mendomedical.ca\/fr\/produit\/la-inferno-shatter\/","title":{"rendered":"LA Inferno Shatter"},"content":{"rendered":"","protected":false},"excerpt":{"rendered":"<div class=\"ExternalClass3810EAD46C414BAB8C6201BE9B3DC528\">\n<div class=\"ExternalClassEB1225313B2E492D90EA66E270B313D1\"><span style=\"font-size: 1.5em; font-weight: bold;\">LA Inferno Shatter par The Loud Plug<\/span><\/div>\n<div class=\"ExternalClassEB1225313B2E492D90EA66E270B313D1\">\n<h3>Terp\u00e8nes totaux 5,82%.<\/h3>\n<p>LA Inferno Shatter est un concentr\u00e9 de cannabis de premi\u00e8re qualit\u00e9 con\u00e7u pour les patients exp\u00e9riment\u00e9s du cannabis m\u00e9dical \u00e0 la recherche d&rsquo;un soulagement puissant et fiable. Produit par The Loud Plug, ce shatter de 1 gramme est issu d&rsquo;un croisement entre les vari\u00e9t\u00e9s Oreoz et Devil Driver, offrant jusqu&rsquo;\u00e0 91% de THC total dans un format stable, semblable \u00e0 celui d&rsquo;un verre. Gr\u00e2ce \u00e0 des m\u00e9thodes d&rsquo;extraction pr\u00e9cises, ce concentr\u00e9 pr\u00e9serve un riche profil terp\u00e9nique (5,82 % de terp\u00e8nes totaux) tout en conservant une force cannabino\u00efde exceptionnelle. Avec son profil de saveur complexe et ses effets calmants et s\u00e9datifs, LA Inferno Shatter offre une exp\u00e9rience th\u00e9rapeutique concentr\u00e9e pour les patients qui ont besoin d&rsquo;un soulagement tr\u00e8s puissant.<\/p>\n<h4>Caract\u00e9ristiques principales et points forts du produit<\/h4>\n<ul>\n<li>Concentr\u00e9 tr\u00e8s puissant contenant jusqu&rsquo;\u00e0 91 % de THC total pour les patients exp\u00e9riment\u00e9s<\/li>\n<li>G\u00e9n\u00e9tique de la vari\u00e9t\u00e9 premium Oreoz x Devil Driver offrant des effets calmants et s\u00e9datifs.<\/li>\n<li>Riche teneur en terp\u00e8nes (5,82% de terp\u00e8nes totaux) pr\u00e9servant toute la complexit\u00e9 aromatique.<\/li>\n<li>Format stable, semblable \u00e0 celui du verre, garantissant un dosage r\u00e9gulier et une facilit\u00e9 d&rsquo;utilisation.<\/li>\n<li>Profil de saveur complexe, avec une douceur cr\u00e9meuse, des \u00e9pices et des notes terreuses.<\/li>\n<\/ul>\n<h4>Saveurs, ar\u00f4mes et profil cannabique<\/h4>\n<p>LA Inferno Shatter pr\u00e9sente un profil sensoriel sophistiqu\u00e9 qui s\u00e9duit les patients exigeants en mati\u00e8re de cannabis m\u00e9dical. La palette de saveurs combine une douceur cr\u00e9meuse avec des notes subtiles d&rsquo;\u00e9pices, cr\u00e9ant une exp\u00e9rience de consommation douce et agr\u00e9able. Le profil aromatique pr\u00e9sente des notes sucr\u00e9es et cr\u00e9meuses pro\u00e9minentes, compl\u00e9t\u00e9es par des nuances terreuses et des notes de chocolat noir et de vanille. De l\u00e9gers accents d&rsquo;herbes et de pin compl\u00e8tent la complexit\u00e9 aromatique, tandis que des \u00e9pices subtiles ajoutent de la profondeur \u00e0 l&rsquo;exp\u00e9rience sensorielle globale.<\/p>\n<p>Avec jusqu&rsquo;\u00e0 91 % de THC total et une robuste teneur en terp\u00e8nes totaux de 5,82 %, LA Inferno Shatter offre un puissant potentiel th\u00e9rapeutique. La forte concentration en cannabino\u00efdes rend ce concentr\u00e9 adapt\u00e9 aux patients ayant des niveaux de tol\u00e9rance plus \u00e9lev\u00e9s ou \u00e0 ceux qui ont besoin d&rsquo;une gestion plus forte des sympt\u00f4mes. Le profil terp\u00e9nique pr\u00e9serv\u00e9 agit en synergie avec les cannabino\u00efdes pour produire un effet d&rsquo;entourage, ce qui peut renforcer les bienfaits th\u00e9rapeutiques de ce concentr\u00e9.<\/p>\n<h4>Pourquoi choisir les concentr\u00e9s ?<\/h4>\n<p>Les concentr\u00e9s de cannabis comme LA Inferno Shatter offrent aux patients m\u00e9dicaux un contr\u00f4le pr\u00e9cis du dosage et un soulagement rapide dans un format discret et efficace. La puissance \u00e9lev\u00e9e permet aux patients de consommer moins de produit tout en obtenant les effets th\u00e9rapeutiques souhait\u00e9s, ce qui fait des concentr\u00e9s un choix \u00e9conomique pour ceux qui ont besoin d&rsquo;une gestion coh\u00e9rente et forte des sympt\u00f4mes. Les concentr\u00e9s sont id\u00e9aux pour les patients exp\u00e9riment\u00e9s qui recherchent un soulagement imm\u00e9diat sans le temps de consommation prolong\u00e9 requis par d&rsquo;autres formats.<\/p>\n<h4>Exp\u00e9dition dans tout le Canada<\/h4>\n<p>LA Inferno Shatter est disponible pour une livraison rapide \u00e0 travers le Canada par l&rsquo;entremise de Mendo Medical. Nous sommes heureux d&rsquo;offrir la livraison gratuite pour toutes les commandes de plus de 150 $, assurant ainsi un acc\u00e8s pratique \u00e0 vos produits de cannabis m\u00e9dical. Les commandes sont trait\u00e9es rapidement et exp\u00e9di\u00e9es discr\u00e8tement afin de pr\u00e9server votre vie priv\u00e9e tout en veillant \u00e0 ce que vos concentr\u00e9s arrivent en toute s\u00e9curit\u00e9 \u00e0 votre porte.<\/p>\n<h4>Avantages et couverture pour les anciens combattants<\/h4>\n<p>LA Inferno Shatter est admissible \u00e0 la couverture d&rsquo;Anciens Combattants Canada (ACC) et est accessible par facturation directe par l&rsquo;entremise de la Croix Bleue, ce qui signifie que les anciens combattants admissibles n&rsquo;ont pas \u00e0 d\u00e9bourser d&rsquo;argent. Si vous n&rsquo;avez pas encore de carte de cannabis m\u00e9dical, vous pouvez obtenir votre <a href=\"https:\/\/mendomedical.ca\/fr\/carte-medicale\/\">carte m\u00e9dicale gratuite rapidement et facilement<\/a> pour acc\u00e9der \u00e0 vos avantages et commencer votre traitement en toute confiance.<\/p>\n<h4>Ingr\u00e9dients<\/h4>\n<p>Extrait de cannabis<\/p>\n<\/div>\n<\/div>\n","protected":false},"featured_media":279585,"comment_status":"open","ping_status":"closed","template":"","meta":{"_acf_changed":false,"site-sidebar-layout":"default","site-content-layout":"","ast-site-content-layout":"default","site-content-style":"default","site-sidebar-style":"default","ast-global-header-display":"","ast-banner-title-visibility":"","ast-main-header-display":"","ast-hfb-above-header-display":"","ast-hfb-below-header-display":"","ast-hfb-mobile-header-display":"","site-post-title":"","ast-breadcrumbs-content":"","ast-featured-img":"","footer-sml-layout":"","ast-disable-related-posts":"","theme-transparent-header-meta":"default","adv-header-id-meta":"","stick-header-meta":"","header-above-stick-meta":"","header-main-stick-meta":"","header-below-stick-meta":"","astra-migrate-meta-layouts":"set","ast-page-background-enabled":"default","ast-page-background-meta":{"desktop":{"background-color":"var(--ast-global-color-4)","background-image":"","background-repeat":"repeat","background-position":"center center","background-size":"auto","background-attachment":"scroll","background-type":"","background-media":"","overlay-type":"","overlay-color":"","overlay-opacity":"","overlay-gradient":""},"tablet":{"background-color":"","background-image":"","background-repeat":"repeat","background-position":"center center","background-size":"auto","background-attachment":"scroll","background-type":"","background-media":"","overlay-type":"","overlay-color":"","overlay-opacity":"","overlay-gradient":""},"mobile":{"background-color":"","background-image":"","background-repeat":"repeat","background-position":"center center","background-size":"auto","background-attachment":"scroll","background-type":"","background-media":"","overlay-type":"","overlay-color":"","overlay-opacity":"","overlay-gradient":""}},"ast-content-background-meta":{"desktop":{"background-color":"var(--ast-global-color-5)","background-image":"","background-repeat":"repeat","background-position":"center center","background-size":"auto","background-attachment":"scroll","background-type":"","background-media":"","overlay-type":"","overlay-color":"","overlay-opacity":"","overlay-gradient":""},"tablet":{"background-color":"var(--ast-global-color-5)","background-image":"","background-repeat":"repeat","background-position":"center center","background-size":"auto","background-attachment":"scroll","background-type":"","background-media":"","overlay-type":"","overlay-color":"","overlay-opacity":"","overlay-gradient":""},"mobile":{"background-color":"var(--ast-global-color-5)","background-image":"","background-repeat":"repeat","background-position":"center center","background-size":"auto","background-attachment":"scroll","background-type":"","background-media":"","overlay-type":"","overlay-color":"","overlay-opacity":"","overlay-gradient":""}}},"product_brand":[],"product_cat":[1127,1118],"product_tag":[],"product_format_filter":[6369],"class_list":{"0":"post-279586","1":"product","2":"type-product","3":"status-publish","4":"has-post-thumbnail","6":"product_cat-shatter-fr","7":"product_cat-concentres","8":"pa_flavours-cremeux","9":"pa_flavours-pimenter","10":"pa_flavours-doux","11":"pa_intensity-thc-eleve","12":"pa_marques-le-bouchon-bruyant","13":"pa_origin-ontario-fr","14":"pa_profil-terpene-caryophyllene","15":"pa_profil-terpene-farnesene-fr","16":"pa_profil-terpene-limonene-fr","17":"pa_type-de-plante-thc-fr","18":"product_format_filter-1g","19":"desktop-align-left","20":"tablet-align-left","21":"mobile-align-left","23":"first","24":"outofstock","25":"taxable","26":"shipping-taxable","27":"purchasable","28":"product-type-simple"},"group_of_quantity":0,"min_quantity":0,"max_quantity":"","exclude_order_quantity_value_rules":"no","exclude_category_quantity_rules":"no","combine_variations":"no","acf":[],"_links":{"self":[{"href":"https:\/\/mendomedical.ca\/fr\/wp-json\/wp\/v2\/product\/279586","targetHints":{"allow":["GET"]}}],"collection":[{"href":"https:\/\/mendomedical.ca\/fr\/wp-json\/wp\/v2\/product"}],"about":[{"href":"https:\/\/mendomedical.ca\/fr\/wp-json\/wp\/v2\/types\/product"}],"replies":[{"embeddable":true,"href":"https:\/\/mendomedical.ca\/fr\/wp-json\/wp\/v2\/comments?post=279586"}],"wp:featuredmedia":[{"embeddable":true,"href":"https:\/\/mendomedical.ca\/fr\/wp-json\/wp\/v2\/media\/279585"}],"wp:attachment":[{"href":"https:\/\/mendomedical.ca\/fr\/wp-json\/wp\/v2\/media?parent=279586"}],"wp:term":[{"taxonomy":"product_brand","embeddable":true,"href":"https:\/\/mendomedical.ca\/fr\/wp-json\/wp\/v2\/product_brand?post=279586"},{"taxonomy":"product_cat","embeddable":true,"href":"https:\/\/mendomedical.ca\/fr\/wp-json\/wp\/v2\/product_cat?post=279586"},{"taxonomy":"product_tag","embeddable":true,"href":"https:\/\/mendomedical.ca\/fr\/wp-json\/wp\/v2\/product_tag?post=279586"},{"taxonomy":"product_format_filter","embeddable":true,"href":"https:\/\/mendomedical.ca\/fr\/wp-json\/wp\/v2\/product_format_filter?post=279586"}],"curies":[{"name":"wp","href":"https:\/\/api.w.org\/{rel}","templated":true}]}}