{"id":279583,"date":"2025-09-17T14:30:31","date_gmt":"2025-09-17T18:30:31","guid":{"rendered":"https:\/\/mendomedical.ca\/product\/bubble-hash-a-la-cerise-noire\/"},"modified":"2026-04-05T15:17:03","modified_gmt":"2026-04-05T19:17:03","slug":"black-cherry-punch-bubble-hash","status":"publish","type":"product","link":"https:\/\/mendomedical.ca\/fr\/produit\/black-cherry-punch-bubble-hash\/","title":{"rendered":"Black Cherry Punch Bubble hash"},"content":{"rendered":"","protected":false},"excerpt":{"rendered":"<div class=\"ExternalClass982D130046754FF584698540DA7A59C7\">\n<h3>Black Cherry Punch Bubble hash par The Loud Plug<\/h3>\n<h3>Terp\u00e8nes totaux : 2,66%.<\/h3>\n<p>Black Cherry Punch Bubble Hash est un concentr\u00e9 \u00e0 spectre complet, sans solvant, \u00e9labor\u00e9 par des m\u00e9thodes traditionnelles d&rsquo;extraction \u00e0 l&rsquo;eau glac\u00e9e. Ce format de 1,5 g d\u00e9livre jusqu&rsquo;\u00e0 66 % de THC et 2,66 % de Terp\u00e8nes totaux, pr\u00e9servant le profil cannabino\u00efde et terp\u00e9nique naturel de la souche sans solvants chimiques. Le processus d&rsquo;extraction \u00e0 l&rsquo;eau glac\u00e9e s\u00e9pare et recueille les trichomes tout en pr\u00e9servant l&rsquo;int\u00e9grit\u00e9 des compos\u00e9s de la plante, ce qui donne un concentr\u00e9 puissant, riche en terp\u00e8nes, adapt\u00e9 \u00e0 la vaporisation ou \u00e0 l&rsquo;am\u00e9lioration des sessions \u00e0 base de fleurs.<\/p>\n<h4>Caract\u00e9ristiques principales<\/h4>\n<ul>\n<li>L&rsquo;extraction \u00e0 l&rsquo;eau glac\u00e9e sans solvant pr\u00e9serve les profils naturels des cannabino\u00efdes et des terp\u00e8nes.<\/li>\n<li>Jusqu&rsquo;\u00e0 66 % de THC et 2,66 % de terp\u00e8nes totaux pour une puissance \u00e9lev\u00e9e.<\/li>\n<li>Le format de 1,5 g permet d&rsquo;obtenir un concentr\u00e9 polyvalent pour de multiples m\u00e9thodes de consommation.<\/li>\n<li>Le profil \u00e0 spectre complet conserve les propri\u00e9t\u00e9s caract\u00e9ristiques de la vari\u00e9t\u00e9 Black Cherry Punch.<\/li>\n<li>La technique traditionnelle de bubble hash repose sur des pratiques d&rsquo;extraction \u00e9prouv\u00e9es.<\/li>\n<\/ul>\n<h4>Saveur, ar\u00f4me et profil cannabique<\/h4>\n<p>Le Black Cherry Punch Bubble Hash pr\u00e9sente un profil sensoriel complexe domin\u00e9 par des notes sucr\u00e9es de cerise noire compl\u00e9t\u00e9es par des nuances subtiles de baies. Le profil de saveur offre un m\u00e9lange harmonieux de baies, d&rsquo;herbes et de caract\u00e9ristiques sucr\u00e9es, tandis que l&rsquo;ar\u00f4me r\u00e9v\u00e8le une profondeur terreuse avec un l\u00e9ger final d&rsquo;herbes. Ce concentr\u00e9 contient jusqu&rsquo;\u00e0 66 % de THC total et 2,66 % de Terp\u00e8nes totaux, ce qui contribue \u00e0 son potentiel d&rsquo;effets relaxants, calmes et s\u00e9datifs qui peuvent favoriser la consommation en soir\u00e9e et les p\u00e9riodes de repos.<\/p>\n<h4>Pourquoi choisir les concentr\u00e9s ?<\/h4>\n<p>Les concentr\u00e9s comme le bubble hash offrent aux consommateurs de cannabis m\u00e9dical une option tr\u00e8s puissante dans un format compact, permettant un dosage pr\u00e9cis et des m\u00e9thodes de consommation polyvalentes. Les techniques d&rsquo;extraction sans solvant pr\u00e9servent les compos\u00e9s naturels de la plante, offrant aux patients un produit propre, riche en terp\u00e8nes, qui fournit des niveaux \u00e9lev\u00e9s de cannabino\u00efdes pour ceux qui ont besoin d&rsquo;options th\u00e9rapeutiques plus puissantes.<\/p>\n<h4>Exp\u00e9dition dans tout le Canada<\/h4>\n<p>Black Cherry Punch Bubble Hash est exp\u00e9di\u00e9 rapidement \u00e0 travers le Canada, avec la livraison gratuite disponible pour toutes les commandes de plus de 150 $. Faites l&rsquo;exp\u00e9rience d&rsquo;une livraison rapide et fiable de vos concentr\u00e9s de cannabis m\u00e9dical directement \u00e0 votre porte, peu importe o\u00f9 vous vous trouvez au pays.<\/p>\n<h4>Avantages et couverture pour les anciens combattants<\/h4>\n<p>Black Cherry Punch Bubble Hash est admissible \u00e0 la couverture d&rsquo;Anciens Combattants Canada (ACC) et \u00e0 la facturation directe par l&rsquo;entremise de la Croix Bleue, ce qui signifie qu&rsquo;aucun d\u00e9bours\u00e9 n&rsquo;est n\u00e9cessaire pour les anciens combattants admissibles. Si vous n&rsquo;avez pas encore votre carte de cannabis m\u00e9dical, vous pouvez obtenir votre <a href=\"https:\/\/mendomedical.ca\/fr\/carte-medicale\/\">carte m\u00e9dicale gratuite rapidement et facilement<\/a> pour acc\u00e9der \u00e0 ces avantages et commencer votre traitement.<\/p>\n<h4>Ingr\u00e9dients<\/h4>\n<p>Extrait de cannabis<\/p>\n<\/div>\n","protected":false},"featured_media":281021,"comment_status":"open","ping_status":"closed","template":"","meta":{"_acf_changed":false,"site-sidebar-layout":"default","site-content-layout":"","ast-site-content-layout":"default","site-content-style":"default","site-sidebar-style":"default","ast-global-header-display":"","ast-banner-title-visibility":"","ast-main-header-display":"","ast-hfb-above-header-display":"","ast-hfb-below-header-display":"","ast-hfb-mobile-header-display":"","site-post-title":"","ast-breadcrumbs-content":"","ast-featured-img":"","footer-sml-layout":"","ast-disable-related-posts":"","theme-transparent-header-meta":"default","adv-header-id-meta":"","stick-header-meta":"","header-above-stick-meta":"","header-main-stick-meta":"","header-below-stick-meta":"","astra-migrate-meta-layouts":"set","ast-page-background-enabled":"default","ast-page-background-meta":{"desktop":{"background-color":"var(--ast-global-color-4)","background-image":"","background-repeat":"repeat","background-position":"center center","background-size":"auto","background-attachment":"scroll","background-type":"","background-media":"","overlay-type":"","overlay-color":"","overlay-opacity":"","overlay-gradient":""},"tablet":{"background-color":"","background-image":"","background-repeat":"repeat","background-position":"center center","background-size":"auto","background-attachment":"scroll","background-type":"","background-media":"","overlay-type":"","overlay-color":"","overlay-opacity":"","overlay-gradient":""},"mobile":{"background-color":"","background-image":"","background-repeat":"repeat","background-position":"center center","background-size":"auto","background-attachment":"scroll","background-type":"","background-media":"","overlay-type":"","overlay-color":"","overlay-opacity":"","overlay-gradient":""}},"ast-content-background-meta":{"desktop":{"background-color":"var(--ast-global-color-5)","background-image":"","background-repeat":"repeat","background-position":"center center","background-size":"auto","background-attachment":"scroll","background-type":"","background-media":"","overlay-type":"","overlay-color":"","overlay-opacity":"","overlay-gradient":""},"tablet":{"background-color":"var(--ast-global-color-5)","background-image":"","background-repeat":"repeat","background-position":"center center","background-size":"auto","background-attachment":"scroll","background-type":"","background-media":"","overlay-type":"","overlay-color":"","overlay-opacity":"","overlay-gradient":""},"mobile":{"background-color":"var(--ast-global-color-5)","background-image":"","background-repeat":"repeat","background-position":"center center","background-size":"auto","background-attachment":"scroll","background-type":"","background-media":"","overlay-type":"","overlay-color":"","overlay-opacity":"","overlay-gradient":""}}},"product_brand":[],"product_cat":[1121,1118,1119],"product_tag":[],"product_format_filter":[6448],"class_list":{"0":"post-279583","1":"product","2":"type-product","3":"status-publish","4":"has-post-thumbnail","6":"product_cat-haschisch","7":"product_cat-concentres","8":"product_cat-tout-sans-solvant","9":"pa_flavours-baies","10":"pa_flavours-a-base-de-plantes","11":"pa_flavours-doux","12":"pa_intensity-thc-eleve","13":"pa_marques-le-bouchon-bruyant","14":"pa_origin-ontario-fr","15":"pa_type-de-plante-hybride-fr","16":"product_format_filter-1-5g","17":"desktop-align-left","18":"tablet-align-left","19":"mobile-align-left","21":"first","22":"instock","23":"taxable","24":"shipping-taxable","25":"purchasable","26":"product-type-simple"},"group_of_quantity":0,"min_quantity":0,"max_quantity":"","exclude_order_quantity_value_rules":"no","exclude_category_quantity_rules":"no","combine_variations":"no","acf":[],"_links":{"self":[{"href":"https:\/\/mendomedical.ca\/fr\/wp-json\/wp\/v2\/product\/279583","targetHints":{"allow":["GET"]}}],"collection":[{"href":"https:\/\/mendomedical.ca\/fr\/wp-json\/wp\/v2\/product"}],"about":[{"href":"https:\/\/mendomedical.ca\/fr\/wp-json\/wp\/v2\/types\/product"}],"replies":[{"embeddable":true,"href":"https:\/\/mendomedical.ca\/fr\/wp-json\/wp\/v2\/comments?post=279583"}],"wp:featuredmedia":[{"embeddable":true,"href":"https:\/\/mendomedical.ca\/fr\/wp-json\/wp\/v2\/media\/281021"}],"wp:attachment":[{"href":"https:\/\/mendomedical.ca\/fr\/wp-json\/wp\/v2\/media?parent=279583"}],"wp:term":[{"taxonomy":"product_brand","embeddable":true,"href":"https:\/\/mendomedical.ca\/fr\/wp-json\/wp\/v2\/product_brand?post=279583"},{"taxonomy":"product_cat","embeddable":true,"href":"https:\/\/mendomedical.ca\/fr\/wp-json\/wp\/v2\/product_cat?post=279583"},{"taxonomy":"product_tag","embeddable":true,"href":"https:\/\/mendomedical.ca\/fr\/wp-json\/wp\/v2\/product_tag?post=279583"},{"taxonomy":"product_format_filter","embeddable":true,"href":"https:\/\/mendomedical.ca\/fr\/wp-json\/wp\/v2\/product_format_filter?post=279583"}],"curies":[{"name":"wp","href":"https:\/\/api.w.org\/{rel}","templated":true}]}}