{"id":279554,"date":"2025-09-17T18:35:38","date_gmt":"2025-09-17T22:35:38","guid":{"rendered":"https:\/\/mendomedical.ca\/product\/venom-og-live-resin-cart\/"},"modified":"2026-03-29T21:18:40","modified_gmt":"2026-03-30T01:18:40","slug":"venom-og-live-resin-cart","status":"publish","type":"product","link":"https:\/\/mendomedical.ca\/fr\/produit\/venom-og-live-resin-cart\/","title":{"rendered":"Venom OG Live Resin Cart"},"content":{"rendered":"","protected":false},"excerpt":{"rendered":"<div class=\"ExternalClass3676E8C51D1349C4ACF83CDB0E3FF618\">\n<h3>Venom OG Live Resin Cart par The Loud Plug<\/h3>\n<h3>Terp\u00e8nes totaux : 6,85%.<\/h3>\n<p>La cartouche 510 Venom OG Live Resin de The Loud Plug fournit un extrait de cannabis \u00e0 spectre complet dans un format pratique de 1g. Fabriqu\u00e9e \u00e0 partir de fleurs fra\u00eechement congel\u00e9es en utilisant des m\u00e9thodes d&rsquo;extraction de r\u00e9sine vivante, cette cartouche pr\u00e9serve le profil naturel des terp\u00e8nes et des cannabino\u00efdes de la souche Venom OG X Garlic Breath. Avec son profil de saveur gazeux, herbac\u00e9 et \u00e9pic\u00e9 distinctif, cette vape \u00e0 dominance indica offre aux patients de cannabis m\u00e9dical une option d&rsquo;inhalation discr\u00e8te et portable compatible avec les batteries standard \u00e0 filetage 510.<\/p>\n<h4>Caract\u00e9ristiques principales<\/h4>\n<ul>\n<li>Cartouche de r\u00e9sine vivante de 1g extraite de fleurs fra\u00eechement congel\u00e9es de Venom OG X Garlic Breath<\/li>\n<li>Terp\u00e8nes totaux : 6,85 % pour une saveur et un ar\u00f4me renforc\u00e9s.<\/li>\n<li>Extraction \u00e0 spectre complet pr\u00e9servant les profils naturels de cannabino\u00efdes et de terp\u00e8nes<\/li>\n<li>Compatible avec les batteries de vape standard \u00e0 filetage 510 pour une plus grande facilit\u00e9 d&rsquo;utilisation.<\/li>\n<li>Peut favoriser la relaxation, le calme et l&rsquo;\u00e9quilibre.<\/li>\n<\/ul>\n<h4>Saveur, ar\u00f4me et profil des terp\u00e8nes<\/h4>\n<p>La Venom OG Live Resin Cart pr\u00e9sente un profil aromatique audacieux, caract\u00e9ris\u00e9 par des notes de diesel gazeux, des nuances d&rsquo;herbes et des \u00e9pices distinctives. L&rsquo;ar\u00f4me pr\u00e9sente un diesel piquant au premier plan, compl\u00e9t\u00e9 par de l&rsquo;ail savoureux et des \u00e9pices terreuses avec de subtiles notes d&rsquo;herbes qui se terminent par un caract\u00e8re doux et \u00e9nergique. Cette expression riche en terp\u00e8nes, avec 6,85 % de terp\u00e8nes totaux, refl\u00e8te la lign\u00e9e OG et Garlic Breath du cultivar, offrant une repr\u00e9sentation authentique des caract\u00e9ristiques naturelles de la vari\u00e9t\u00e9.<\/p>\n<h4>Pourquoi choisir les cartouches de vaporisation ?<\/h4>\n<p>Les cartouches de vaporisation offrent aux patients qui consomment du cannabis m\u00e9dical une m\u00e9thode de consommation discr\u00e8te, pratique et pr\u00e9cise. Le format 510-thread permet une portabilit\u00e9 et une facilit\u00e9 d&rsquo;utilisation sans avoir besoin de pr\u00e9parer la fleur, ce qui en fait une solution id\u00e9ale pour le soulagement en d\u00e9placement. Les cartouches de r\u00e9sine vivante comme la Venom OG pr\u00e9servent le spectre complet des compos\u00e9s de la plante, offrant potentiellement des avantages th\u00e9rapeutiques accrus gr\u00e2ce \u00e0 l&rsquo;effet d&rsquo;entourage.<\/p>\n<h4>Exp\u00e9dition dans tout le Canada<\/h4>\n<p>Le Venom OG Live Resin Cart est exp\u00e9di\u00e9 rapidement au Canada par Mendo Medical. Profitez de la livraison gratuite pour les commandes de plus de 150 $. Faites l&rsquo;exp\u00e9rience d&rsquo;une livraison rapide et fiable de vos produits de cannabis m\u00e9dical directement \u00e0 votre porte.<\/p>\n<h4>Avantages et couverture pour les anciens combattants<\/h4>\n<p>Le Venom OG Live Resin Cart est admissible \u00e0 la couverture d&rsquo;Anciens Combattants Canada (ACC) et \u00e0 la facturation directe par la Croix Bleue, ce qui signifie que les anciens combattants admissibles n&rsquo;ont pas \u00e0 d\u00e9bourser d&rsquo;argent. Si vous n&rsquo;avez pas encore de carte de cannabis m\u00e9dical, vous pouvez <a href=\"https:\/\/mendomedical.ca\/fr\/carte-medicale\/\">obtenir votre carte m\u00e9dicale gratuite rapidement et facilement<\/a> pour acc\u00e9der \u00e0 ces avantages et commencer votre traitement.<\/p>\n<h4>Ingr\u00e9dients<\/h4>\n<p>Extrait de cannabis<\/p>\n<\/div>\n","protected":false},"featured_media":279552,"comment_status":"open","ping_status":"closed","template":"","meta":{"_acf_changed":false,"site-sidebar-layout":"default","site-content-layout":"","ast-site-content-layout":"default","site-content-style":"default","site-sidebar-style":"default","ast-global-header-display":"","ast-banner-title-visibility":"","ast-main-header-display":"","ast-hfb-above-header-display":"","ast-hfb-below-header-display":"","ast-hfb-mobile-header-display":"","site-post-title":"","ast-breadcrumbs-content":"","ast-featured-img":"","footer-sml-layout":"","ast-disable-related-posts":"","theme-transparent-header-meta":"default","adv-header-id-meta":"","stick-header-meta":"","header-above-stick-meta":"","header-main-stick-meta":"","header-below-stick-meta":"","astra-migrate-meta-layouts":"set","ast-page-background-enabled":"default","ast-page-background-meta":{"desktop":{"background-color":"var(--ast-global-color-4)","background-image":"","background-repeat":"repeat","background-position":"center center","background-size":"auto","background-attachment":"scroll","background-type":"","background-media":"","overlay-type":"","overlay-color":"","overlay-opacity":"","overlay-gradient":""},"tablet":{"background-color":"","background-image":"","background-repeat":"repeat","background-position":"center center","background-size":"auto","background-attachment":"scroll","background-type":"","background-media":"","overlay-type":"","overlay-color":"","overlay-opacity":"","overlay-gradient":""},"mobile":{"background-color":"","background-image":"","background-repeat":"repeat","background-position":"center center","background-size":"auto","background-attachment":"scroll","background-type":"","background-media":"","overlay-type":"","overlay-color":"","overlay-opacity":"","overlay-gradient":""}},"ast-content-background-meta":{"desktop":{"background-color":"var(--ast-global-color-5)","background-image":"","background-repeat":"repeat","background-position":"center center","background-size":"auto","background-attachment":"scroll","background-type":"","background-media":"","overlay-type":"","overlay-color":"","overlay-opacity":"","overlay-gradient":""},"tablet":{"background-color":"var(--ast-global-color-5)","background-image":"","background-repeat":"repeat","background-position":"center center","background-size":"auto","background-attachment":"scroll","background-type":"","background-media":"","overlay-type":"","overlay-color":"","overlay-opacity":"","overlay-gradient":""},"mobile":{"background-color":"var(--ast-global-color-5)","background-image":"","background-repeat":"repeat","background-position":"center center","background-size":"auto","background-attachment":"scroll","background-type":"","background-media":"","overlay-type":"","overlay-color":"","overlay-opacity":"","overlay-gradient":""}}},"product_brand":[],"product_cat":[1160,1163,1159],"product_tag":[],"product_format_filter":[6369],"class_list":{"0":"post-279554","1":"product","2":"type-product","3":"status-publish","4":"has-post-thumbnail","6":"product_cat-cart-fil-510","7":"product_cat-cured-et-resine-vivante-fr","8":"product_cat-vapoteuses","9":"pa_flavours-pimenter","10":"pa_flavours-gazole-diesel","11":"pa_flavours-a-base-de-plantes","12":"pa_intensity-thc-eleve","13":"pa_marques-le-bouchon-bruyant","14":"pa_origin-ontario-fr","15":"pa_profil-terpene-caryophyllene","16":"pa_profil-terpene-limonene-fr","17":"pa_profil-terpene-myrcene","18":"pa_type-de-plante-hybride-indica-fr","19":"product_format_filter-1g","20":"desktop-align-left","21":"tablet-align-left","22":"mobile-align-left","24":"first","25":"outofstock","26":"taxable","27":"shipping-taxable","28":"purchasable","29":"product-type-simple"},"group_of_quantity":0,"min_quantity":0,"max_quantity":"","exclude_order_quantity_value_rules":"no","exclude_category_quantity_rules":"no","combine_variations":"no","acf":[],"_links":{"self":[{"href":"https:\/\/mendomedical.ca\/fr\/wp-json\/wp\/v2\/product\/279554","targetHints":{"allow":["GET"]}}],"collection":[{"href":"https:\/\/mendomedical.ca\/fr\/wp-json\/wp\/v2\/product"}],"about":[{"href":"https:\/\/mendomedical.ca\/fr\/wp-json\/wp\/v2\/types\/product"}],"replies":[{"embeddable":true,"href":"https:\/\/mendomedical.ca\/fr\/wp-json\/wp\/v2\/comments?post=279554"}],"wp:featuredmedia":[{"embeddable":true,"href":"https:\/\/mendomedical.ca\/fr\/wp-json\/wp\/v2\/media\/279552"}],"wp:attachment":[{"href":"https:\/\/mendomedical.ca\/fr\/wp-json\/wp\/v2\/media?parent=279554"}],"wp:term":[{"taxonomy":"product_brand","embeddable":true,"href":"https:\/\/mendomedical.ca\/fr\/wp-json\/wp\/v2\/product_brand?post=279554"},{"taxonomy":"product_cat","embeddable":true,"href":"https:\/\/mendomedical.ca\/fr\/wp-json\/wp\/v2\/product_cat?post=279554"},{"taxonomy":"product_tag","embeddable":true,"href":"https:\/\/mendomedical.ca\/fr\/wp-json\/wp\/v2\/product_tag?post=279554"},{"taxonomy":"product_format_filter","embeddable":true,"href":"https:\/\/mendomedical.ca\/fr\/wp-json\/wp\/v2\/product_format_filter?post=279554"}],"curies":[{"name":"wp","href":"https:\/\/api.w.org\/{rel}","templated":true}]}}