{"id":279301,"date":"2025-09-17T15:46:26","date_gmt":"2025-09-17T19:46:26","guid":{"rendered":"https:\/\/mendomedical.ca\/product\/gelato-au-citron\/"},"modified":"2026-03-12T21:03:12","modified_gmt":"2026-03-13T01:03:12","slug":"lemon-gelato","status":"publish","type":"product","link":"https:\/\/mendomedical.ca\/fr\/produit\/lemon-gelato\/","title":{"rendered":"Lemon Gelato"},"content":{"rendered":"","protected":false},"excerpt":{"rendered":"<div class=\"ExternalClass031D3EECB1084CB1AC2BD0DCB3EAD43B\"><span style=\"font-size: 1.5em; font-weight: bold;\">Lemon Gelato par The Loud Plug<\/span><\/div>\n<div class=\"ExternalClass031D3EECB1084CB1AC2BD0DCB3EAD43B\">\n<h3>Terp\u00e8nes totaux : 2,79%.<\/h3>\n<p>Lemon Gelato est une fleur vibrante \u00e0 dominante sativa qui offre une exp\u00e9rience d&rsquo;agrumes rafra\u00eechissante d\u00e8s l&rsquo;instant o\u00f9 vous ouvrez le pot. Ce format de 7 g combine les g\u00e9n\u00e9tiques de Tropicana CKS et de Lemon Tree, ce qui donne un cultivar qui pr\u00e9sente des cocottes d&rsquo;un vert \u00e9clatant, recouvertes de trichomes et dot\u00e9es d&rsquo;un attrait exceptionnel pour le sac. Avec son profil terp\u00e9nique stimulant et sa puissante teneur en THC allant de 270 \u00e0 330 mg\/g, Lemon Gelato offre aux patients de cannabis m\u00e9dical une option \u00e9quilibr\u00e9e pour un usage diurne, tout en conservant une finition douce et satisfaisante.<\/p>\n<h4>Caract\u00e9ristiques principales et points forts du produit<\/h4>\n<ul>\n<li>Fleur \u00e0 dominante sativa combinant les g\u00e9n\u00e9tiques Tropicana CKS x Lemon Tree<\/li>\n<li>La teneur en THC varie entre 270 et 330 mg\/g avec 2,79 % de Terp\u00e8nes totaux.<\/li>\n<li>Les terp\u00e8nes dominants sont le D-Limon\u00e8ne, le Trans-Caryophyll\u00e8ne et le B\u00eata-Myrc\u00e8ne.<\/li>\n<li>Cocottes denses, vertes et brillantes, fortement recouvertes de trichomes pour un attrait visuel sup\u00e9rieur.<\/li>\n<li>Disponible en format pratique de 7g pour les patients qui consomment du cannabis \u00e0 des fins m\u00e9dicales<\/li>\n<\/ul>\n<h4>Saveur, ar\u00f4me et profil des terp\u00e8nes<\/h4>\n<p>Le Lemon Gelato pr\u00e9sente un profil sensoriel complexe qui commence par de fortes notes de zeste de citron, compl\u00e9t\u00e9es par des ar\u00f4mes sucr\u00e9s de bonbons aux agrumes et une note cr\u00e9meuse de gelato. Une l\u00e9g\u00e8re \u00e9pice v\u00e9g\u00e9tale compl\u00e8te l&rsquo;exp\u00e9rience, cr\u00e9ant des couches d&rsquo;agrumes, d&rsquo;herbes et de caract\u00e9ristiques sucr\u00e9es. L&rsquo;ar\u00f4me porte bien son nom, avec une douceur citronn\u00e9e pro\u00e9minente et une subtile \u00e9pice acidul\u00e9e qui ajoute de la dimension \u00e0 chaque session.<\/p>\n<p>Le profil terp\u00e9nique est domin\u00e9 par le D-Limonene, qui contribue au caract\u00e8re prononc\u00e9 des agrumes, tandis que le Trans-Caryophyllene et le Beta-Myrcene ajoutent de la profondeur et de l&rsquo;\u00e9quilibre. Cette combinaison peut avoir des effets stimulants, relaxants, calmes et apaisants, ce qui la rend appropri\u00e9e pour les patients qui recherchent un soulagement diurne sans s\u00e9dation excessive.<\/p>\n<h4>Pourquoi choisir les fleurs de cannabis s\u00e9ch\u00e9es ?<\/h4>\n<p>La fleur de cannabis s\u00e9ch\u00e9e reste un choix polyvalent pour les patients m\u00e9dicaux, offrant un contr\u00f4le pr\u00e9cis du dosage, des effets imm\u00e9diats et la possibilit\u00e9 d&rsquo;exp\u00e9rimenter le spectre complet des cannabino\u00efdes et des terp\u00e8nes. La fleur permet aux patients de s\u00e9lectionner des vari\u00e9t\u00e9s sp\u00e9cifiques qui correspondent \u00e0 leurs besoins th\u00e9rapeutiques, offrant une flexibilit\u00e9 dans les m\u00e9thodes de consommation et les d\u00e9lais d&rsquo;apparition qui s&rsquo;adaptent aux plans de traitement individuels.<\/p>\n<h4>Exp\u00e9dition dans tout le Canada<\/h4>\n<p>Lemon Gelato par The Loud Plug est exp\u00e9di\u00e9 rapidement \u00e0 travers le Canada par Mendo Medical. Nous offrons une livraison gratuite pour toutes les commandes de plus de 150 $, ce qui permet aux patients de cannabis m\u00e9dical d&rsquo;avoir acc\u00e8s \u00e0 leurs produits prescrits de fa\u00e7on pratique et abordable, peu importe l&rsquo;endroit o\u00f9 ils se trouvent.<\/p>\n<h4>Avantages et couverture pour les anciens combattants<\/h4>\n<p>Lemon Gelato est admissible \u00e0 la couverture d&rsquo;Anciens Combattants Canada (ACC) et peut \u00eatre factur\u00e9 directement par la Croix Bleue, ce qui signifie que les anciens combattants admissibles n&rsquo;ont pas \u00e0 d\u00e9bourser d&rsquo;argent. Si vous n&rsquo;avez pas encore votre carte de cannabis m\u00e9dical, vous pouvez l&rsquo;obtenir rapidement et facilement gr\u00e2ce \u00e0 notre <a href=\"https:\/\/mendomedical.ca\/fr\/carte-medicale\/\">processus de demande simplifi\u00e9<\/a>, ce qui vous permettra d&rsquo;acc\u00e9der aux avantages d&rsquo;ACC et de commencer votre traitement sans d\u00e9lai.<\/p>\n<h4>Ingr\u00e9dients<\/h4>\n<p>Fleur de cannabis s\u00e9ch\u00e9e<\/p>\n<\/div>\n","protected":false},"featured_media":279522,"comment_status":"open","ping_status":"closed","template":"","meta":{"_acf_changed":false,"site-sidebar-layout":"default","site-content-layout":"","ast-site-content-layout":"default","site-content-style":"default","site-sidebar-style":"default","ast-global-header-display":"","ast-banner-title-visibility":"","ast-main-header-display":"","ast-hfb-above-header-display":"","ast-hfb-below-header-display":"","ast-hfb-mobile-header-display":"","site-post-title":"","ast-breadcrumbs-content":"","ast-featured-img":"","footer-sml-layout":"","ast-disable-related-posts":"","theme-transparent-header-meta":"default","adv-header-id-meta":"","stick-header-meta":"","header-above-stick-meta":"","header-main-stick-meta":"","header-below-stick-meta":"","astra-migrate-meta-layouts":"set","ast-page-background-enabled":"default","ast-page-background-meta":{"desktop":{"background-color":"var(--ast-global-color-4)","background-image":"","background-repeat":"repeat","background-position":"center center","background-size":"auto","background-attachment":"scroll","background-type":"","background-media":"","overlay-type":"","overlay-color":"","overlay-opacity":"","overlay-gradient":""},"tablet":{"background-color":"","background-image":"","background-repeat":"repeat","background-position":"center center","background-size":"auto","background-attachment":"scroll","background-type":"","background-media":"","overlay-type":"","overlay-color":"","overlay-opacity":"","overlay-gradient":""},"mobile":{"background-color":"","background-image":"","background-repeat":"repeat","background-position":"center center","background-size":"auto","background-attachment":"scroll","background-type":"","background-media":"","overlay-type":"","overlay-color":"","overlay-opacity":"","overlay-gradient":""}},"ast-content-background-meta":{"desktop":{"background-color":"var(--ast-global-color-5)","background-image":"","background-repeat":"repeat","background-position":"center center","background-size":"auto","background-attachment":"scroll","background-type":"","background-media":"","overlay-type":"","overlay-color":"","overlay-opacity":"","overlay-gradient":""},"tablet":{"background-color":"var(--ast-global-color-5)","background-image":"","background-repeat":"repeat","background-position":"center center","background-size":"auto","background-attachment":"scroll","background-type":"","background-media":"","overlay-type":"","overlay-color":"","overlay-opacity":"","overlay-gradient":""},"mobile":{"background-color":"var(--ast-global-color-5)","background-image":"","background-repeat":"repeat","background-position":"center center","background-size":"auto","background-attachment":"scroll","background-type":"","background-media":"","overlay-type":"","overlay-color":"","overlay-opacity":"","overlay-gradient":""}}},"product_brand":[],"product_cat":[1137],"product_tag":[],"product_format_filter":[6373],"class_list":{"0":"post-279301","1":"product","2":"type-product","3":"status-publish","4":"has-post-thumbnail","6":"product_cat-fleur","7":"pa_flavours-agrume","8":"pa_flavours-a-base-de-plantes","9":"pa_flavours-doux","10":"pa_intensity-thc-eleve","11":"pa_marques-le-bouchon-bruyant","12":"pa_origin-ontario-fr","13":"pa_packaging-date-01-28-2026","14":"pa_profil-terpene-caryophyllene","15":"pa_profil-terpene-limonene-fr","16":"pa_profil-terpene-myrcene","17":"pa_type-de-plante-hybride-sativa-fr","18":"product_format_filter-7g","19":"desktop-align-left","20":"tablet-align-left","21":"mobile-align-left","23":"first","24":"outofstock","25":"taxable","26":"shipping-taxable","27":"purchasable","28":"product-type-simple"},"group_of_quantity":0,"min_quantity":0,"max_quantity":"","exclude_order_quantity_value_rules":"no","exclude_category_quantity_rules":"no","combine_variations":"no","acf":[],"_links":{"self":[{"href":"https:\/\/mendomedical.ca\/fr\/wp-json\/wp\/v2\/product\/279301","targetHints":{"allow":["GET"]}}],"collection":[{"href":"https:\/\/mendomedical.ca\/fr\/wp-json\/wp\/v2\/product"}],"about":[{"href":"https:\/\/mendomedical.ca\/fr\/wp-json\/wp\/v2\/types\/product"}],"replies":[{"embeddable":true,"href":"https:\/\/mendomedical.ca\/fr\/wp-json\/wp\/v2\/comments?post=279301"}],"wp:featuredmedia":[{"embeddable":true,"href":"https:\/\/mendomedical.ca\/fr\/wp-json\/wp\/v2\/media\/279522"}],"wp:attachment":[{"href":"https:\/\/mendomedical.ca\/fr\/wp-json\/wp\/v2\/media?parent=279301"}],"wp:term":[{"taxonomy":"product_brand","embeddable":true,"href":"https:\/\/mendomedical.ca\/fr\/wp-json\/wp\/v2\/product_brand?post=279301"},{"taxonomy":"product_cat","embeddable":true,"href":"https:\/\/mendomedical.ca\/fr\/wp-json\/wp\/v2\/product_cat?post=279301"},{"taxonomy":"product_tag","embeddable":true,"href":"https:\/\/mendomedical.ca\/fr\/wp-json\/wp\/v2\/product_tag?post=279301"},{"taxonomy":"product_format_filter","embeddable":true,"href":"https:\/\/mendomedical.ca\/fr\/wp-json\/wp\/v2\/product_format_filter?post=279301"}],"curies":[{"name":"wp","href":"https:\/\/api.w.org\/{rel}","templated":true}]}}