{"id":279298,"date":"2025-09-22T21:30:15","date_gmt":"2025-09-23T01:30:15","guid":{"rendered":"https:\/\/mendomedical.ca\/product\/bunz-collants\/"},"modified":"2026-03-14T14:49:33","modified_gmt":"2026-03-14T18:49:33","slug":"sticky-bunz","status":"publish","type":"product","link":"https:\/\/mendomedical.ca\/fr\/produit\/sticky-bunz\/","title":{"rendered":"Sticky Bunz"},"content":{"rendered":"","protected":false},"excerpt":{"rendered":"<div class=\"ExternalClassFBE097E7334B45B798E933502DC9F42E\">\n<h3>Sticky Bunz by The Loud Plug - Premium Kush Mintz x Gellati Flower (7g)<br \/>\nTerp\u00e8nes totaux : 2,37%.<\/h3>\n<p>Sticky Bunz est une fleur de cannabis s\u00e9ch\u00e9e de premi\u00e8re qualit\u00e9 qui r\u00e9unit le meilleur de deux cultivars c\u00e9l\u00e8bres : Kush Mintz et Gellati. Cette offre de 7 grammes de The Loud Plug offre un profil unique inspir\u00e9 des desserts, avec des nuances de menthe fra\u00eeche et des notes riches et gazeuses. Avec une teneur en THC de 27 \u00e0 33 % et une teneur en terp\u00e8nes robuste de 2,37 %, Sticky Bunz offre aux consommateurs de cannabis m\u00e9dical une exp\u00e9rience bien \u00e9quilibr\u00e9e caract\u00e9ris\u00e9e par ses effets potentiels relaxants et lucides. Les cocottes denses et recouvertes de r\u00e9sine pr\u00e9sentent un attrait visuel exceptionnel et offrent un profil savoureux qui combine des notes sucr\u00e9es de boulangerie avec de la menthe rafra\u00eechissante et du gaz terreux.   <\/p>\n<h4>Caract\u00e9ristiques principales et points forts du produit<\/h4>\n<ul>\n<li>Souche hybride combinant les g\u00e9n\u00e9tiques Kush Mintz x Gellati pour un profil cannabino\u00efde \u00e9quilibr\u00e9.<\/li>\n<li>Teneur en THC comprise entre 270 et 330 mg\/g avec 2,37 % de terp\u00e8nes totaux.<\/li>\n<li>Les terp\u00e8nes dominants sont le b\u00eata-caryophyll\u00e8ne, le D-limon\u00e8ne et le b\u00eata-myrc\u00e8ne.<\/li>\n<li>Effets potentiels : sensation de d\u00e9tente, de calme, de lucidit\u00e9 et de l\u00e9g\u00e8ret\u00e9.<\/li>\n<li>Fleur dense, riche en trichomes, avec un attrait exceptionnel pour le sac et une production de r\u00e9sine.<\/li>\n<\/ul>\n<h4>Saveur, ar\u00f4me et profil des terp\u00e8nes<\/h4>\n<p>Sticky Bunz offre une exp\u00e9rience gustative distinctive, ax\u00e9e sur les desserts, avec des notes de gaz et de diesel. L&rsquo;ar\u00f4me s&rsquo;ouvre sur des notes de p\u00e2te \u00e0 pain sucr\u00e9e et de menthe fra\u00eeche, compl\u00e9t\u00e9es par des notes gazeuses et une l\u00e9g\u00e8re \u00e9pice poivr\u00e9e en fin de bouche. Ce profil aromatique complexe est d\u00e9termin\u00e9 par sa composition en terp\u00e8nes, avec du b\u00eata-caryophyll\u00e8ne (connu pour ses notes \u00e9pic\u00e9es et poivr\u00e9es), du D-limon\u00e8ne (qui apporte des caract\u00e9ristiques d&rsquo;agrumes et d&rsquo;\u00e9l\u00e9vation) et du b\u00eata-myrc\u00e8ne (qui apporte une profondeur terreuse et herbac\u00e9e). La saveur est riche et douce, m\u00ealant une douceur cr\u00e9meuse \u00e0 des accents menthol\u00e9s rafra\u00eechissants qui persistent agr\u00e9ablement. Les notes de diesel gazeux fournissent une colonne vert\u00e9brale robuste qui \u00e9quilibre les \u00e9l\u00e9ments plus doux, cr\u00e9ant un profil cors\u00e9 et indulgent, id\u00e9al pour ceux qui appr\u00e9cient les cultivars \u00e0 la complexit\u00e9 \u00e9chelonn\u00e9e.    <\/p>\n<h4>Pourquoi choisir la fleur de cannabis s\u00e9ch\u00e9e ?<\/h4>\n<p>La fleur de cannabis s\u00e9ch\u00e9e reste le choix pr\u00e9f\u00e9r\u00e9 de nombreux utilisateurs m\u00e9dicaux en raison de sa polyvalence et de son effet imm\u00e9diat. La fleur peut \u00eatre consomm\u00e9e de diff\u00e9rentes mani\u00e8res, ce qui permet aux patients d&rsquo;adapter leur exp\u00e9rience \u00e0 leurs pr\u00e9f\u00e9rences personnelles et \u00e0 leurs besoins th\u00e9rapeutiques. Avec son profil \u00e9quilibr\u00e9 de cannabino\u00efdes et de terp\u00e8nes, Sticky Bunz peut aider \u00e0 soutenir la relaxation et la clart\u00e9 mentale, ce qui le rend appropri\u00e9 pour ceux qui recherchent le calme sans s\u00e9dation \u00e9crasante.  <\/p>\n<h4>Exp\u00e9dition dans tout le Canada<\/h4>\n<p>Sticky Bunz est exp\u00e9di\u00e9 rapidement \u00e0 travers le Canada par l&rsquo;interm\u00e9diaire de Mendo Medical. Nous sommes heureux d&rsquo;offrir la livraison gratuite pour toutes les commandes de plus de 150 $, assurant ainsi un acc\u00e8s pratique \u00e0 des produits de cannabis m\u00e9dical de qualit\u00e9, peu importe o\u00f9 vous vous trouvez dans le pays. Votre commande sera emball\u00e9e discr\u00e8tement et exp\u00e9di\u00e9e rapidement \u00e0 votre porte.  <\/p>\n<h4>Avantages et couverture pour les anciens combattants<\/h4>\n<p>Sticky Bunz est admissible \u00e0 la couverture d&rsquo;Anciens Combattants Canada (ACC). Les anciens combattants admissibles peuvent avoir acc\u00e8s \u00e0 ce produit par le biais de la facturation directe avec la Croix Bleue, ce qui signifie qu&rsquo;ils n&rsquo;ont pas \u00e0 d\u00e9bourser d&rsquo;argent. Si vous \u00eates un ancien combattant et que vous n&rsquo;avez pas encore votre carte de cannabis m\u00e9dical, vous pouvez <a href=\"https:\/\/mendomedical.ca\/fr\/carte-medicale\/\">obtenir votre carte m\u00e9dicale gratuite rapidement et facilement<\/a> pour commencer \u00e0 acc\u00e9der \u00e0 vos avantages et au soulagement que vous m\u00e9ritez.  <\/p>\n<h4>Ingr\u00e9dients<\/h4>\n<p>Fleur de cannabis s\u00e9ch\u00e9e<\/p>\n<\/div>\n","protected":false},"featured_media":279517,"comment_status":"open","ping_status":"closed","template":"","meta":{"_acf_changed":false,"site-sidebar-layout":"default","site-content-layout":"","ast-site-content-layout":"default","site-content-style":"default","site-sidebar-style":"default","ast-global-header-display":"","ast-banner-title-visibility":"","ast-main-header-display":"","ast-hfb-above-header-display":"","ast-hfb-below-header-display":"","ast-hfb-mobile-header-display":"","site-post-title":"","ast-breadcrumbs-content":"","ast-featured-img":"","footer-sml-layout":"","ast-disable-related-posts":"","theme-transparent-header-meta":"default","adv-header-id-meta":"","stick-header-meta":"","header-above-stick-meta":"","header-main-stick-meta":"","header-below-stick-meta":"","astra-migrate-meta-layouts":"set","ast-page-background-enabled":"default","ast-page-background-meta":{"desktop":{"background-color":"var(--ast-global-color-4)","background-image":"","background-repeat":"repeat","background-position":"center center","background-size":"auto","background-attachment":"scroll","background-type":"","background-media":"","overlay-type":"","overlay-color":"","overlay-opacity":"","overlay-gradient":""},"tablet":{"background-color":"","background-image":"","background-repeat":"repeat","background-position":"center center","background-size":"auto","background-attachment":"scroll","background-type":"","background-media":"","overlay-type":"","overlay-color":"","overlay-opacity":"","overlay-gradient":""},"mobile":{"background-color":"","background-image":"","background-repeat":"repeat","background-position":"center center","background-size":"auto","background-attachment":"scroll","background-type":"","background-media":"","overlay-type":"","overlay-color":"","overlay-opacity":"","overlay-gradient":""}},"ast-content-background-meta":{"desktop":{"background-color":"var(--ast-global-color-5)","background-image":"","background-repeat":"repeat","background-position":"center center","background-size":"auto","background-attachment":"scroll","background-type":"","background-media":"","overlay-type":"","overlay-color":"","overlay-opacity":"","overlay-gradient":""},"tablet":{"background-color":"var(--ast-global-color-5)","background-image":"","background-repeat":"repeat","background-position":"center center","background-size":"auto","background-attachment":"scroll","background-type":"","background-media":"","overlay-type":"","overlay-color":"","overlay-opacity":"","overlay-gradient":""},"mobile":{"background-color":"var(--ast-global-color-5)","background-image":"","background-repeat":"repeat","background-position":"center center","background-size":"auto","background-attachment":"scroll","background-type":"","background-media":"","overlay-type":"","overlay-color":"","overlay-opacity":"","overlay-gradient":""}}},"product_brand":[],"product_cat":[1137],"product_tag":[],"product_format_filter":[6373],"class_list":{"0":"post-279298","1":"product","2":"type-product","3":"status-publish","4":"has-post-thumbnail","6":"product_cat-fleur","7":"pa_flavours-gazole-diesel","8":"pa_intensity-thc-eleve","9":"pa_marques-le-bouchon-bruyant","10":"pa_origin-ontario-fr","11":"pa_packaging-date-03-05-2026","12":"pa_prix-par-gramme-8-57","13":"pa_profil-terpene-caryophyllene","14":"pa_profil-terpene-limonene-fr","15":"pa_profil-terpene-myrcene","16":"pa_type-de-plante-hybride-fr","17":"product_format_filter-7g","18":"desktop-align-left","19":"tablet-align-left","20":"mobile-align-left","22":"first","23":"instock","24":"taxable","25":"shipping-taxable","26":"purchasable","27":"product-type-simple"},"group_of_quantity":0,"min_quantity":0,"max_quantity":"","exclude_order_quantity_value_rules":"no","exclude_category_quantity_rules":"no","combine_variations":"no","acf":[],"_links":{"self":[{"href":"https:\/\/mendomedical.ca\/fr\/wp-json\/wp\/v2\/product\/279298","targetHints":{"allow":["GET"]}}],"collection":[{"href":"https:\/\/mendomedical.ca\/fr\/wp-json\/wp\/v2\/product"}],"about":[{"href":"https:\/\/mendomedical.ca\/fr\/wp-json\/wp\/v2\/types\/product"}],"replies":[{"embeddable":true,"href":"https:\/\/mendomedical.ca\/fr\/wp-json\/wp\/v2\/comments?post=279298"}],"wp:featuredmedia":[{"embeddable":true,"href":"https:\/\/mendomedical.ca\/fr\/wp-json\/wp\/v2\/media\/279517"}],"wp:attachment":[{"href":"https:\/\/mendomedical.ca\/fr\/wp-json\/wp\/v2\/media?parent=279298"}],"wp:term":[{"taxonomy":"product_brand","embeddable":true,"href":"https:\/\/mendomedical.ca\/fr\/wp-json\/wp\/v2\/product_brand?post=279298"},{"taxonomy":"product_cat","embeddable":true,"href":"https:\/\/mendomedical.ca\/fr\/wp-json\/wp\/v2\/product_cat?post=279298"},{"taxonomy":"product_tag","embeddable":true,"href":"https:\/\/mendomedical.ca\/fr\/wp-json\/wp\/v2\/product_tag?post=279298"},{"taxonomy":"product_format_filter","embeddable":true,"href":"https:\/\/mendomedical.ca\/fr\/wp-json\/wp\/v2\/product_format_filter?post=279298"}],"curies":[{"name":"wp","href":"https:\/\/api.w.org\/{rel}","templated":true}]}}