{"id":279227,"date":"2025-09-17T15:15:14","date_gmt":"2025-09-17T19:15:14","guid":{"rendered":"https:\/\/mendomedical.ca\/product\/earthqake-live-rosin-rosine\/"},"modified":"2026-04-07T15:46:59","modified_gmt":"2026-04-07T19:46:59","slug":"earthqake-live-rosin","status":"publish","type":"product","link":"https:\/\/mendomedical.ca\/fr\/produit\/earthqake-live-rosin\/","title":{"rendered":"Earthqake Live Rosin (Rosine)"},"content":{"rendered":"","protected":false},"excerpt":{"rendered":"<div class=\"ExternalClassD65A2F96890A445B88904E215E476848\">\n<h3>Earthqake Live Rosin par The Goo !<\/h3>\n<h3>Terp\u00e8nes totaux : 10 %.<\/h3>\n<p>Earthqake Live Rosin de The Goo ! est un concentr\u00e9 sans solvant de premi\u00e8re qualit\u00e9 qui met en valeur le caract\u00e8re riche et p\u00e2teux de la vari\u00e9t\u00e9 Oreoz Cookies. Fabriqu\u00e9 artisanalement en Alberta par Crop Circle Cannabis, ce concentr\u00e9 de 1 g est produit \u00e0 l&rsquo;aide d&rsquo;un processus m\u00e9ticuleux 100 % sans solvant qui commence par des fleurs enti\u00e8res fra\u00eechement congel\u00e9es, suivies d&rsquo;une extraction \u00e0 l&rsquo;eau glac\u00e9e, d&rsquo;un pressage \u00e0 basse temp\u00e9rature et d&rsquo;un s\u00e9chage \u00e0 froid avec fouettage pour une consistance optimale. Le r\u00e9sultat est un Live Rosin \u00e0 spectre complet, sans solvants, additifs, ar\u00f4mes ou distillats, qui offre un concentr\u00e9 de cannabis pur pour ceux qui appr\u00e9cient les saveurs authentiques et la qualit\u00e9 de l&rsquo;artisanat.  <\/p>\n<h4>Caract\u00e9ristiques principales et points forts du produit<\/h4>\n<ul>\n<li>100% de la rosine vivante sans solvant, fabriqu\u00e9e \u00e0 partir de la fleur enti\u00e8re de biscuits Oreoz fra\u00eechement congel\u00e9s.<\/li>\n<li>Extraction \u00e0 l&rsquo;eau glac\u00e9e et pressage \u00e0 basse temp\u00e9rature pour pr\u00e9server l&rsquo;int\u00e9gralit\u00e9 des cannabino\u00efdes et des terp\u00e8nes.<\/li>\n<li>Sal\u00e9 \u00e0 froid et fouett\u00e9 pour une texture lisse et homog\u00e8ne<\/li>\n<li>Profil cannabino\u00efde complexe avec THCVA et CBGA \u00e9lev\u00e9s<\/li>\n<li>Pas de solvants, d&rsquo;additifs, d&rsquo;ar\u00f4mes ou de distillats - uniquement du concentr\u00e9 de cannabis pur.<\/li>\n<\/ul>\n<h4>Saveur, ar\u00f4me et profil cannabique<\/h4>\n<p>Earthqake Live Rosin offre un profil de saveur distinctif avec des notes cr\u00e9meuses et p\u00e2tissi\u00e8res avec des nuances sucr\u00e9es qui refl\u00e8tent la g\u00e9n\u00e9tique des biscuits Oreoz. L&rsquo;ar\u00f4me est riche et p\u00e2teux, offrant une exp\u00e9rience sensorielle qui compl\u00e8te le go\u00fbt doux et cors\u00e9. Ce concentr\u00e9 pr\u00e9sente un profil cannabino\u00efde complexe avec des niveaux \u00e9lev\u00e9s de THCVA et de CBGA, contribuant \u00e0 des effets potentiels qui peuvent inclure des sentiments d&rsquo;euphorie, de relaxation, de cr\u00e9ativit\u00e9 et de rires, tout en maintenant une exp\u00e9rience \u00e9quilibr\u00e9e. Le processus d&rsquo;extraction sans solvant pr\u00e9serve le spectre naturel des terp\u00e8nes et des cannabino\u00efdes pour une repr\u00e9sentation authentique de la mati\u00e8re premi\u00e8re.   <\/p>\n<h4>Pourquoi choisir les concentr\u00e9s ?<\/h4>\n<p>Les concentr\u00e9s comme le Live Rosin offrent aux consommateurs de cannabis m\u00e9dical une m\u00e9thode de consommation puissante et efficace avec un effet rapide. Le spectre complet des extraits sans solvant pr\u00e9serve les compos\u00e9s naturels de la plante, ce qui peut favoriser l&rsquo;effet d&rsquo;entourage. Les concentr\u00e9s offrent des options de dosage pr\u00e9cises et des m\u00e9thodes de consommation polyvalentes, ce qui les rend appropri\u00e9s pour ceux qui recherchent un soulagement cibl\u00e9 avec une inhalation minimale du mat\u00e9riel v\u00e9g\u00e9tal.  <\/p>\n<h4>Exp\u00e9dition dans tout le Canada<\/h4>\n<p>Earthqake Live Rosin est exp\u00e9di\u00e9 rapidement \u00e0 travers le Canada par l&rsquo;entremise de Mendo Medical. Nous offrons la livraison gratuite pour les commandes de plus de 150 $, ce qui vous permet d&rsquo;avoir acc\u00e8s \u00e0 des concentr\u00e9s de qualit\u00e9 sup\u00e9rieure o\u00f9 que vous soyez au pays. Les commandes sont emball\u00e9es discr\u00e8tement et livr\u00e9es directement \u00e0 votre porte.  <\/p>\n<h4>Avantages et couverture pour les anciens combattants<\/h4>\n<p>Earthqake Live Rosin est admissible \u00e0 la couverture d&rsquo;Anciens Combattants Canada (ACC) et peut \u00eatre factur\u00e9 directement par la Croix Bleue, ce qui signifie qu&rsquo;il n&rsquo;y a pas de frais \u00e0 d\u00e9bourser pour les anciens combattants admissibles. Si vous n&rsquo;avez pas encore de carte de cannabis m\u00e9dical, vous pouvez <a href=\"https:\/\/mendomedical.ca\/fr\/carte-medicale\/\">obtenir votre carte m\u00e9dicale gratuite rapidement et facilement<\/a> pour commencer \u00e0 acc\u00e9der \u00e0 vos avantages et \u00e0 vos options de couverture. <\/p>\n<h4>Ingr\u00e9dients<\/h4>\n<p>Cannabis (Live Rosin)<\/p>\n<\/div>\n","protected":false},"featured_media":279384,"comment_status":"open","ping_status":"closed","template":"","meta":{"_acf_changed":false,"site-sidebar-layout":"default","site-content-layout":"","ast-site-content-layout":"default","site-content-style":"default","site-sidebar-style":"default","ast-global-header-display":"","ast-banner-title-visibility":"","ast-main-header-display":"","ast-hfb-above-header-display":"","ast-hfb-below-header-display":"","ast-hfb-mobile-header-display":"","site-post-title":"","ast-breadcrumbs-content":"","ast-featured-img":"","footer-sml-layout":"","ast-disable-related-posts":"","theme-transparent-header-meta":"default","adv-header-id-meta":"","stick-header-meta":"","header-above-stick-meta":"","header-main-stick-meta":"","header-below-stick-meta":"","astra-migrate-meta-layouts":"set","ast-page-background-enabled":"default","ast-page-background-meta":{"desktop":{"background-color":"var(--ast-global-color-4)","background-image":"","background-repeat":"repeat","background-position":"center center","background-size":"auto","background-attachment":"scroll","background-type":"","background-media":"","overlay-type":"","overlay-color":"","overlay-opacity":"","overlay-gradient":""},"tablet":{"background-color":"","background-image":"","background-repeat":"repeat","background-position":"center center","background-size":"auto","background-attachment":"scroll","background-type":"","background-media":"","overlay-type":"","overlay-color":"","overlay-opacity":"","overlay-gradient":""},"mobile":{"background-color":"","background-image":"","background-repeat":"repeat","background-position":"center center","background-size":"auto","background-attachment":"scroll","background-type":"","background-media":"","overlay-type":"","overlay-color":"","overlay-opacity":"","overlay-gradient":""}},"ast-content-background-meta":{"desktop":{"background-color":"var(--ast-global-color-5)","background-image":"","background-repeat":"repeat","background-position":"center center","background-size":"auto","background-attachment":"scroll","background-type":"","background-media":"","overlay-type":"","overlay-color":"","overlay-opacity":"","overlay-gradient":""},"tablet":{"background-color":"var(--ast-global-color-5)","background-image":"","background-repeat":"repeat","background-position":"center center","background-size":"auto","background-attachment":"scroll","background-type":"","background-media":"","overlay-type":"","overlay-color":"","overlay-opacity":"","overlay-gradient":""},"mobile":{"background-color":"var(--ast-global-color-5)","background-image":"","background-repeat":"repeat","background-position":"center center","background-size":"auto","background-attachment":"scroll","background-type":"","background-media":"","overlay-type":"","overlay-color":"","overlay-opacity":"","overlay-gradient":""}}},"product_brand":[],"product_cat":[1125,1118,1119],"product_tag":[],"product_format_filter":[6369],"class_list":{"0":"post-279227","1":"product","2":"type-product","3":"status-publish","4":"has-post-thumbnail","6":"product_cat-rosin-vivante","7":"product_cat-concentres","8":"product_cat-tout-sans-solvant","9":"pa_flavours-cremeux","10":"pa_flavours-pastry-fr","11":"pa_flavours-doux","12":"pa_intensity-low-thcv-fr","13":"pa_intensity-thc-eleve","14":"pa_intensity-low-cbg-fr","15":"pa_marques-the-goo-fr","16":"pa_origin-alberta-fr","17":"pa_profil-terpene-caryophyllene","18":"pa_profil-terpene-humulene-fr","19":"pa_profil-terpene-limonene-fr","20":"pa_profil-terpene-myrcene","21":"pa_profil-terpene-ocimene-fr","22":"pa_type-de-plante-hybride-fr","23":"pa_type-de-plante-thc-fr","24":"product_format_filter-1g","25":"desktop-align-left","26":"tablet-align-left","27":"mobile-align-left","29":"first","30":"outofstock","31":"taxable","32":"shipping-taxable","33":"purchasable","34":"product-type-simple"},"group_of_quantity":0,"min_quantity":0,"max_quantity":"","exclude_order_quantity_value_rules":"no","exclude_category_quantity_rules":"no","combine_variations":"no","acf":[],"_links":{"self":[{"href":"https:\/\/mendomedical.ca\/fr\/wp-json\/wp\/v2\/product\/279227","targetHints":{"allow":["GET"]}}],"collection":[{"href":"https:\/\/mendomedical.ca\/fr\/wp-json\/wp\/v2\/product"}],"about":[{"href":"https:\/\/mendomedical.ca\/fr\/wp-json\/wp\/v2\/types\/product"}],"replies":[{"embeddable":true,"href":"https:\/\/mendomedical.ca\/fr\/wp-json\/wp\/v2\/comments?post=279227"}],"wp:featuredmedia":[{"embeddable":true,"href":"https:\/\/mendomedical.ca\/fr\/wp-json\/wp\/v2\/media\/279384"}],"wp:attachment":[{"href":"https:\/\/mendomedical.ca\/fr\/wp-json\/wp\/v2\/media?parent=279227"}],"wp:term":[{"taxonomy":"product_brand","embeddable":true,"href":"https:\/\/mendomedical.ca\/fr\/wp-json\/wp\/v2\/product_brand?post=279227"},{"taxonomy":"product_cat","embeddable":true,"href":"https:\/\/mendomedical.ca\/fr\/wp-json\/wp\/v2\/product_cat?post=279227"},{"taxonomy":"product_tag","embeddable":true,"href":"https:\/\/mendomedical.ca\/fr\/wp-json\/wp\/v2\/product_tag?post=279227"},{"taxonomy":"product_format_filter","embeddable":true,"href":"https:\/\/mendomedical.ca\/fr\/wp-json\/wp\/v2\/product_format_filter?post=279227"}],"curies":[{"name":"wp","href":"https:\/\/api.w.org\/{rel}","templated":true}]}}