{"id":278424,"date":"2025-09-15T17:30:18","date_gmt":"2025-09-15T21:30:18","guid":{"rendered":"https:\/\/mendomedical.ca\/product\/vape-tout-en-un-platinum-sunrise\/"},"modified":"2026-03-21T22:37:02","modified_gmt":"2026-03-22T02:37:02","slug":"vape-tout-en-un-platinum-sunrise","status":"publish","type":"product","link":"https:\/\/mendomedical.ca\/fr\/produit\/vape-tout-en-un-platinum-sunrise\/","title":{"rendered":"Platinum Sunrise Vape tout-en-un"},"content":{"rendered":"","protected":false},"excerpt":{"rendered":"<div class=\"ExternalClass8A40E0CD50C14CA29D2BE5038A5F3B77\">\n<h3>Platinum Sunrise All-In-One Vape de November Rain<\/h3>\n<h3>Terp\u00e8nes totaux : 8%.<\/h3>\n<p>La vape Platinum Sunrise All-In-One de November Rain offre une exp\u00e9rience de vapotage jetable \u00e0 haute teneur en THC, con\u00e7ue pour la commodit\u00e9, la puissance et la responsabilit\u00e9 environnementale. Cette vape jetable de 0,5 g pr\u00e9sente un design tout-en-un qui \u00e9limine le besoin de piles ou de cartouches s\u00e9par\u00e9es, offrant des performances constantes tout au long de sa dur\u00e9e de vie. Avec une teneur en THC d&rsquo;environ 75 % (jusqu&rsquo;\u00e0 820 mg\/g) et un profil terp\u00e9nique total impressionnant de 8 %, cette vape au go\u00fbt tropical procure des effets exaltants adapt\u00e9s aux consommateurs de cannabis m\u00e9dical recherchant \u00e0 la fois puissance et facilit\u00e9 d&rsquo;utilisation.<\/p>\n<h4>Caract\u00e9ristiques principales<\/h4>\n<ul>\n<li>Vape jetable \u00e0 haute teneur en THC avec environ 75 % de THC (jusqu&rsquo;\u00e0 820 mg\/g)<\/li>\n<li>Conception tout-en-un avec une batterie de longue dur\u00e9e (jusqu&rsquo;\u00e0 six mois)<\/li>\n<li>Une construction respectueuse de l&rsquo;environnement avec des mat\u00e9riaux biod\u00e9gradables et une batterie recyclable.<\/li>\n<li>Riche en terp\u00e8nes totaux (8 %), pour une saveur tropicale vibrante.<\/li>\n<li>Effets stimulants adapt\u00e9s \u00e0 une utilisation diurne et \u00e0 une exp\u00e9rience hybride \u00e9quilibr\u00e9e.<\/li>\n<\/ul>\n<h4>Profil aromatique et terp\u00e9nique<\/h4>\n<p>Platinum Sunrise pr\u00e9sente un profil d&rsquo;ar\u00f4me tropical brillant qui offre une exp\u00e9rience de vapotage rafra\u00eechissante et douce. Avec 8 % de terp\u00e8nes totaux, cette vape offre une vapeur notablement riche et savoureuse qui \u00e9voque une qualit\u00e9 fra\u00eeche et ensoleill\u00e9e. Ses caract\u00e9ristiques stimulantes en font un produit bien adapt\u00e9 aux utilisateurs qui recherchent une clart\u00e9 mentale associ\u00e9e \u00e0 une aisance physique tout au long de la journ\u00e9e.<\/p>\n<h4>Pourquoi choisir Vapes ?<\/h4>\n<p>Les vapes jetables offrent aux consommateurs de cannabis m\u00e9dical une m\u00e9thode de consommation discr\u00e8te, pratique et pr\u00e9cis\u00e9ment dos\u00e9e. La conception tout-en-un \u00e9limine le temps de pr\u00e9paration tout en offrant une puissance constante \u00e0 chaque utilisation. Les vapes peuvent contribuer \u00e0 la gestion des sympt\u00f4mes tout au long de la journ\u00e9e sans n\u00e9cessiter de combustion, offrant une alternative plus propre pour ceux qui recherchent des effets imm\u00e9diats avec un mode d&rsquo;administration portable et convivial.<\/p>\n<h4>Exp\u00e9dition dans tout le Canada<\/h4>\n<p>Platinum Sunrise All-In-One Vape est exp\u00e9di\u00e9 rapidement \u00e0 travers le Canada par Mendo Medical. Nous offrons une livraison gratuite pour les commandes de plus de 150 $, ce qui permet aux patients de cannabis m\u00e9dical de tout le pays d&rsquo;avoir un acc\u00e8s pratique aux produits qui leur sont prescrits.<\/p>\n<h4>Avantages et couverture pour les anciens combattants<\/h4>\n<p>Le Platinum Sunrise All-In-One Vape est admissible \u00e0 la couverture d&rsquo;ACC (Anciens Combattants Canada) et \u00e0 la facturation directe par la Croix Bleue, ce qui signifie que les anciens combattants admissibles n&rsquo;ont pas \u00e0 d\u00e9bourser d&rsquo;argent. Si vous n&rsquo;avez pas encore de carte de cannabis m\u00e9dical, vous pouvez en obtenir une rapidement et facilement sur <a href=\"https:\/\/mendomedical.ca\/fr\/carte-medicale\/\">la page d&rsquo;inscription de Mendo Medical.<\/a><\/p>\n<\/div>\n","protected":false},"featured_media":278423,"comment_status":"open","ping_status":"closed","template":"","meta":{"_acf_changed":false,"site-sidebar-layout":"default","site-content-layout":"","ast-site-content-layout":"default","site-content-style":"default","site-sidebar-style":"default","ast-global-header-display":"","ast-banner-title-visibility":"","ast-main-header-display":"","ast-hfb-above-header-display":"","ast-hfb-below-header-display":"","ast-hfb-mobile-header-display":"","site-post-title":"","ast-breadcrumbs-content":"","ast-featured-img":"","footer-sml-layout":"","ast-disable-related-posts":"","theme-transparent-header-meta":"default","adv-header-id-meta":"","stick-header-meta":"","header-above-stick-meta":"","header-main-stick-meta":"","header-below-stick-meta":"","astra-migrate-meta-layouts":"set","ast-page-background-enabled":"default","ast-page-background-meta":{"desktop":{"background-color":"var(--ast-global-color-4)","background-image":"","background-repeat":"repeat","background-position":"center center","background-size":"auto","background-attachment":"scroll","background-type":"","background-media":"","overlay-type":"","overlay-color":"","overlay-opacity":"","overlay-gradient":""},"tablet":{"background-color":"","background-image":"","background-repeat":"repeat","background-position":"center center","background-size":"auto","background-attachment":"scroll","background-type":"","background-media":"","overlay-type":"","overlay-color":"","overlay-opacity":"","overlay-gradient":""},"mobile":{"background-color":"","background-image":"","background-repeat":"repeat","background-position":"center center","background-size":"auto","background-attachment":"scroll","background-type":"","background-media":"","overlay-type":"","overlay-color":"","overlay-opacity":"","overlay-gradient":""}},"ast-content-background-meta":{"desktop":{"background-color":"var(--ast-global-color-5)","background-image":"","background-repeat":"repeat","background-position":"center center","background-size":"auto","background-attachment":"scroll","background-type":"","background-media":"","overlay-type":"","overlay-color":"","overlay-opacity":"","overlay-gradient":""},"tablet":{"background-color":"var(--ast-global-color-5)","background-image":"","background-repeat":"repeat","background-position":"center center","background-size":"auto","background-attachment":"scroll","background-type":"","background-media":"","overlay-type":"","overlay-color":"","overlay-opacity":"","overlay-gradient":""},"mobile":{"background-color":"var(--ast-global-color-5)","background-image":"","background-repeat":"repeat","background-position":"center center","background-size":"auto","background-attachment":"scroll","background-type":"","background-media":"","overlay-type":"","overlay-color":"","overlay-opacity":"","overlay-gradient":""}}},"product_brand":[],"product_cat":[1162,1159,1161],"product_tag":[],"product_format_filter":[6374],"class_list":{"0":"post-278424","1":"product","2":"type-product","3":"status-publish","4":"has-post-thumbnail","6":"product_cat-distillat","7":"product_cat-vapoteuses","8":"product_cat-tout-en-un","9":"pa_flavours-agrume","10":"pa_flavours-tropical-fr","11":"pa_intensity-thc-eleve","12":"pa_marques-november-rain-fr","13":"pa_origin-colombie-britannique-fr","14":"pa_type-de-plante-hybride-fr","15":"product_format_filter-0-5g","16":"desktop-align-left","17":"tablet-align-left","18":"mobile-align-left","20":"first","21":"instock","22":"taxable","23":"shipping-taxable","24":"purchasable","25":"product-type-simple"},"group_of_quantity":0,"min_quantity":0,"max_quantity":"","exclude_order_quantity_value_rules":"no","exclude_category_quantity_rules":"no","combine_variations":"no","acf":[],"_links":{"self":[{"href":"https:\/\/mendomedical.ca\/fr\/wp-json\/wp\/v2\/product\/278424","targetHints":{"allow":["GET"]}}],"collection":[{"href":"https:\/\/mendomedical.ca\/fr\/wp-json\/wp\/v2\/product"}],"about":[{"href":"https:\/\/mendomedical.ca\/fr\/wp-json\/wp\/v2\/types\/product"}],"replies":[{"embeddable":true,"href":"https:\/\/mendomedical.ca\/fr\/wp-json\/wp\/v2\/comments?post=278424"}],"wp:featuredmedia":[{"embeddable":true,"href":"https:\/\/mendomedical.ca\/fr\/wp-json\/wp\/v2\/media\/278423"}],"wp:attachment":[{"href":"https:\/\/mendomedical.ca\/fr\/wp-json\/wp\/v2\/media?parent=278424"}],"wp:term":[{"taxonomy":"product_brand","embeddable":true,"href":"https:\/\/mendomedical.ca\/fr\/wp-json\/wp\/v2\/product_brand?post=278424"},{"taxonomy":"product_cat","embeddable":true,"href":"https:\/\/mendomedical.ca\/fr\/wp-json\/wp\/v2\/product_cat?post=278424"},{"taxonomy":"product_tag","embeddable":true,"href":"https:\/\/mendomedical.ca\/fr\/wp-json\/wp\/v2\/product_tag?post=278424"},{"taxonomy":"product_format_filter","embeddable":true,"href":"https:\/\/mendomedical.ca\/fr\/wp-json\/wp\/v2\/product_format_filter?post=278424"}],"curies":[{"name":"wp","href":"https:\/\/api.w.org\/{rel}","templated":true}]}}