{"id":278420,"date":"2025-09-22T08:49:21","date_gmt":"2025-09-22T12:49:21","guid":{"rendered":"https:\/\/mendomedical.ca\/product\/lime\/"},"modified":"2026-03-06T08:16:17","modified_gmt":"2026-03-06T13:16:17","slug":"lime-runtz","status":"publish","type":"product","link":"https:\/\/mendomedical.ca\/fr\/produit\/lime-runtz\/","title":{"rendered":"Lime Runtz"},"content":{"rendered":"","protected":false},"excerpt":{"rendered":"<div class=\"ExternalClass34EEE70D72F24484BC9E0970A41565C2\">\n<h3>Lime Runtz by PURPLEFARM - 7g Premium Cannabis Flower<\/h3>\n<h3>Terp\u00e8nes totaux : 3,38%.<\/h3>\n<p>Lime Runtz est un cultivar \u00e0 dominante sativa tr\u00e8s puissant de PURPLEFARM, \u00e9labor\u00e9 \u00e0 partir d&rsquo;un croisement unique de Spritzer x GrumpZ. Reconnue pour sa qualit\u00e9 exceptionnelle avec la 2e place dans la cat\u00e9gorie Sativa \u00e0 la Karma Cup 2026, cette vari\u00e9t\u00e9 offre des saveurs d&rsquo;agrumes vives, des effets euphorisants et une impressionnante teneur totale en terp\u00e8nes de 3,38 %. Id\u00e9ale pour ceux qui recherchent une exp\u00e9rience diurne euphorisante, Lime Runtz combine des g\u00e9n\u00e9tiques de premier ordre avec des pratiques de culture m\u00e9ticuleuses, notamment une p\u00e9riode de maturation de plus de 4 semaines et une m\u00e9thode de s\u00e9chage par suspension.<\/p>\n<h4>Caract\u00e9ristiques principales et points forts du produit<\/h4>\n<ul>\n<li>Cultivar prim\u00e9 : 2e place dans la cat\u00e9gorie Sativa, 2026 Karma Cup<\/li>\n<li>Profil terp\u00e9nique \u00e9lev\u00e9 (3,38 %) pour une saveur et un ar\u00f4me renforc\u00e9s<\/li>\n<li>Effets euphorisants et stimulants adapt\u00e9s \u00e0 une utilisation diurne<\/li>\n<li>S\u00e9ch\u00e9 \u00e0 la vapeur et s\u00e9ch\u00e9 pendant plus de 4 semaines pour optimiser la qualit\u00e9.<\/li>\n<li>Jamais irradi\u00e9, pr\u00e9servant l&rsquo;int\u00e9grit\u00e9 des cannabino\u00efdes et des terp\u00e8nes naturels.<\/li>\n<\/ul>\n<h4>Saveur, ar\u00f4me et profil des terp\u00e8nes<\/h4>\n<p>La Lime Runtz pr\u00e9sente un profil de go\u00fbt vibrant d&rsquo;agrumes, avec des notes piquantes, sucr\u00e9es et florales, compl\u00e9t\u00e9es par une finale douce et l\u00e9g\u00e8rement \u00e9pic\u00e9e. L&rsquo;ar\u00f4me est distinctement citronn\u00e9, frais et p\u00e9tillant, faisant de chaque session un d\u00e9lice sensoriel. Le profil terp\u00e9nique est domin\u00e9 par le limon\u00e8ne, le myrc\u00e8ne et le \u03b2-caryophyll\u00e8ne, qui contribuent \u00e0 la fois \u00e0 l&rsquo;odeur caract\u00e9ristique de la vari\u00e9t\u00e9 et \u00e0 ses propri\u00e9t\u00e9s th\u00e9rapeutiques potentielles. Cette combinaison peut favoriser l&rsquo;\u00e9l\u00e9vation de l&rsquo;humeur et avoir des effets stimulants et analg\u00e9siques.<\/p>\n<h4>Pourquoi choisir les fleurs de cannabis ?<\/h4>\n<p>La fleur de cannabis reste un choix privil\u00e9gi\u00e9 pour les utilisateurs m\u00e9dicaux qui recherchent les avantages de la plante enti\u00e8re et des m\u00e9thodes de consommation polyvalentes. La fleur permet un contr\u00f4le pr\u00e9cis du dosage et offre le spectre complet des cannabino\u00efdes et des terp\u00e8nes sous leur forme naturelle. Pour les patients qui ont besoin d&rsquo;un soulagement \u00e0 action rapide avec une intensit\u00e9 personnalisable, la fleur de qualit\u00e9 sup\u00e9rieure comme Lime Runtz constitue une option authentique et efficace.<\/p>\n<h4>Exp\u00e9dition dans tout le Canada<\/h4>\n<p>Lime Runtz est exp\u00e9di\u00e9 rapidement au Canada par l&rsquo;entremise de Mendo Medical. Profitez d&rsquo;une livraison rapide et discr\u00e8te \u00e0 votre porte, avec une livraison gratuite pour toutes les commandes de plus de 150 $. Que vous soyez en Colombie-Britannique, en Ontario ou n&rsquo;importe o\u00f9 entre les deux, votre fleur de cannabis de qualit\u00e9 sup\u00e9rieure arrivera en toute s\u00e9curit\u00e9 et rapidement.<\/p>\n<h4>Avantages et couverture pour les anciens combattants<\/h4>\n<p>Lime Runtz est admissible \u00e0 la couverture d&rsquo;Anciens Combattants Canada (ACC) et se qualifie pour la facturation directe par l&rsquo;entremise de la Croix Bleue, ce qui signifie qu&rsquo;il n&rsquo;y a pas de frais de poche pour les anciens combattants admissibles. Si vous n&rsquo;avez pas encore de carte de cannabis m\u00e9dical, vous pouvez en obtenir une rapidement et facilement gr\u00e2ce au <a href=\"https:\/\/mendomedical.ca\/fr\/carte-medicale\/\">processus de demande simplifi\u00e9 de Mendo Medical<\/a>, ce qui vous permettra d&rsquo;acc\u00e9der aux avantages et aux produits que vous m\u00e9ritez.<\/p>\n<\/div>\n","protected":false},"featured_media":278412,"comment_status":"open","ping_status":"closed","template":"","meta":{"_acf_changed":false,"site-sidebar-layout":"default","site-content-layout":"","ast-site-content-layout":"default","site-content-style":"default","site-sidebar-style":"default","ast-global-header-display":"","ast-banner-title-visibility":"","ast-main-header-display":"","ast-hfb-above-header-display":"","ast-hfb-below-header-display":"","ast-hfb-mobile-header-display":"","site-post-title":"","ast-breadcrumbs-content":"","ast-featured-img":"","footer-sml-layout":"","ast-disable-related-posts":"","theme-transparent-header-meta":"default","adv-header-id-meta":"","stick-header-meta":"","header-above-stick-meta":"","header-main-stick-meta":"","header-below-stick-meta":"","astra-migrate-meta-layouts":"set","ast-page-background-enabled":"default","ast-page-background-meta":{"desktop":{"background-color":"var(--ast-global-color-4)","background-image":"","background-repeat":"repeat","background-position":"center center","background-size":"auto","background-attachment":"scroll","background-type":"","background-media":"","overlay-type":"","overlay-color":"","overlay-opacity":"","overlay-gradient":""},"tablet":{"background-color":"","background-image":"","background-repeat":"repeat","background-position":"center center","background-size":"auto","background-attachment":"scroll","background-type":"","background-media":"","overlay-type":"","overlay-color":"","overlay-opacity":"","overlay-gradient":""},"mobile":{"background-color":"","background-image":"","background-repeat":"repeat","background-position":"center center","background-size":"auto","background-attachment":"scroll","background-type":"","background-media":"","overlay-type":"","overlay-color":"","overlay-opacity":"","overlay-gradient":""}},"ast-content-background-meta":{"desktop":{"background-color":"var(--ast-global-color-5)","background-image":"","background-repeat":"repeat","background-position":"center center","background-size":"auto","background-attachment":"scroll","background-type":"","background-media":"","overlay-type":"","overlay-color":"","overlay-opacity":"","overlay-gradient":""},"tablet":{"background-color":"var(--ast-global-color-5)","background-image":"","background-repeat":"repeat","background-position":"center center","background-size":"auto","background-attachment":"scroll","background-type":"","background-media":"","overlay-type":"","overlay-color":"","overlay-opacity":"","overlay-gradient":""},"mobile":{"background-color":"var(--ast-global-color-5)","background-image":"","background-repeat":"repeat","background-position":"center center","background-size":"auto","background-attachment":"scroll","background-type":"","background-media":"","overlay-type":"","overlay-color":"","overlay-opacity":"","overlay-gradient":""}}},"product_brand":[],"product_cat":[1137],"product_tag":[],"product_format_filter":[6373],"class_list":{"0":"post-278420","1":"product","2":"type-product","3":"status-publish","4":"has-post-thumbnail","6":"product_cat-fleur","7":"pa_flavours-agrume","8":"pa_flavours-aigre","9":"pa_flavours-tropical-fr","10":"pa_intensity-thc-eleve","11":"pa_marques-purplefarm-fr","12":"pa_origin-ontario-fr","13":"pa_packaging-date-02-02-2026","14":"pa_type-de-plante-sativa-fr","15":"product_format_filter-7g","16":"desktop-align-left","17":"tablet-align-left","18":"mobile-align-left","20":"first","21":"outofstock","22":"taxable","23":"shipping-taxable","24":"purchasable","25":"product-type-simple"},"group_of_quantity":0,"min_quantity":0,"max_quantity":"","exclude_order_quantity_value_rules":"no","exclude_category_quantity_rules":"no","combine_variations":"no","acf":[],"_links":{"self":[{"href":"https:\/\/mendomedical.ca\/fr\/wp-json\/wp\/v2\/product\/278420","targetHints":{"allow":["GET"]}}],"collection":[{"href":"https:\/\/mendomedical.ca\/fr\/wp-json\/wp\/v2\/product"}],"about":[{"href":"https:\/\/mendomedical.ca\/fr\/wp-json\/wp\/v2\/types\/product"}],"replies":[{"embeddable":true,"href":"https:\/\/mendomedical.ca\/fr\/wp-json\/wp\/v2\/comments?post=278420"}],"wp:featuredmedia":[{"embeddable":true,"href":"https:\/\/mendomedical.ca\/fr\/wp-json\/wp\/v2\/media\/278412"}],"wp:attachment":[{"href":"https:\/\/mendomedical.ca\/fr\/wp-json\/wp\/v2\/media?parent=278420"}],"wp:term":[{"taxonomy":"product_brand","embeddable":true,"href":"https:\/\/mendomedical.ca\/fr\/wp-json\/wp\/v2\/product_brand?post=278420"},{"taxonomy":"product_cat","embeddable":true,"href":"https:\/\/mendomedical.ca\/fr\/wp-json\/wp\/v2\/product_cat?post=278420"},{"taxonomy":"product_tag","embeddable":true,"href":"https:\/\/mendomedical.ca\/fr\/wp-json\/wp\/v2\/product_tag?post=278420"},{"taxonomy":"product_format_filter","embeddable":true,"href":"https:\/\/mendomedical.ca\/fr\/wp-json\/wp\/v2\/product_format_filter?post=278420"}],"curies":[{"name":"wp","href":"https:\/\/api.w.org\/{rel}","templated":true}]}}