{"id":278245,"date":"2025-09-15T15:13:30","date_gmt":"2025-09-15T19:13:30","guid":{"rendered":"https:\/\/mendomedical.ca\/product\/av-gas-pre-rolls-5x1g\/"},"modified":"2026-03-26T13:11:29","modified_gmt":"2026-03-26T17:11:29","slug":"av-gas-pre-rolls-5x1g","status":"publish","type":"product","link":"https:\/\/mendomedical.ca\/fr\/produit\/av-gas-pre-rolls-5x1g\/","title":{"rendered":"Pr\u00e9-rolls AV Gas (5x1g)"},"content":{"rendered":"","protected":false},"excerpt":{"rendered":"<div class=\"ExternalClass42B90E15A9E64AF7B903A9A5A3BFF1B6\">\n<h3>AV Gas Pr\u00e9-rolls (5x1g) par Rocky Mountain Cannabis<\/h3>\n<h3>Terp\u00e8nes totaux : 3,19 %.<\/h3>\n<p>Les Pr\u00e9-rolls AV Gas de Rocky Mountain Cannabis vous offrent une exp\u00e9rience puissante et savoureuse avec des joints pratiques de 1 gramme pr\u00eats \u00e0 fumer. Cette vari\u00e9t\u00e9 unique combine la HH Secret Sauce avec des g\u00e9n\u00e9tiques Apple &amp; Banana pour cr\u00e9er un hybride bien \u00e9quilibr\u00e9 qui offre \u00e0 la fois d\u00e9tente et clart\u00e9 mentale. Avec un total impressionnant de 3,19 % de terp\u00e8nes et un profil \u00e9quilibr\u00e9 de cannabino\u00efdes comprenant du THC et du CBG, ces Pr\u00e9-rolls offrent une exp\u00e9rience pleine et humide avec des couches d&rsquo;ar\u00f4mes complexes allant de notes diesel gazeuses \u00e0 des nuances douces et fruit\u00e9es.<\/p>\n<h4>Caract\u00e9ristiques principales<\/h4>\n<ul>\n<li>Cinq joints pr\u00e9-rolls de 1 gramme pour une consommation pratique et sans pr\u00e9paration.<\/li>\n<li>Souche unique AV Gas (HH Secret Sauce x Apples &amp; Banana) aux effets \u00e9quilibr\u00e9s<\/li>\n<li>Teneur \u00e9lev\u00e9e en terp\u00e8nes (3,19 %) pour une saveur et un ar\u00f4me renforc\u00e9s<\/li>\n<li>THC \u00e9quilibr\u00e9 avec une teneur en CBG b\u00e9n\u00e9fique pour un profil cannabino\u00efde \u00e9quilibr\u00e9.<\/li>\n<li>Les effets potentiels sont l&rsquo;euphorie, la relaxation, le calme, la lucidit\u00e9 et les fous rires.<\/li>\n<\/ul>\n<h4>Saveurs, ar\u00f4mes, cannabino\u00efdes et profil des terp\u00e8nes<\/h4>\n<p>Les Pr\u00e9-rolls AV Gas pr\u00e9sentent un profil de saveur tr\u00e8s gazeux, l\u00e9g\u00e8rement fruit\u00e9 et piquant, avec des notes distinctes de zkittles et de fruits exotiques. La palette de saveurs comprend des notes de baies, de cr\u00e8me, de fruits, de gazole et de sucr\u00e9 qui cr\u00e9ent une exp\u00e9rience gustative complexe et satisfaisante. La fum\u00e9e \u00e9paisse et cors\u00e9e offre un ar\u00f4me piquant \u00e0 dominante gazeuse avec de subtiles nuances fruit\u00e9es.<\/p>\n<p>Le profil cannabino\u00efde pr\u00e9sente des niveaux \u00e9quilibr\u00e9s de THC, compl\u00e9t\u00e9s par une dose notable de CBG, qui peut contribuer aux effets lucides de la vari\u00e9t\u00e9. Le profil terp\u00e9nique est domin\u00e9 par le myrc\u00e8ne, le caryophyll\u00e8ne et le pin\u00e8ne, qui agissent en synergie pour soutenir les propri\u00e9t\u00e9s calmantes et euphorisantes potentielles de la vari\u00e9t\u00e9, tout en maintenant la clart\u00e9 mentale.<\/p>\n<h4>Pourquoi choisir les pr\u00e9-rolls ?<\/h4>\n<p>Les Pr\u00e9-rolls offrent aux consommateurs de cannabis m\u00e9dical une commodit\u00e9 ultime et un dosage pr\u00e9cis sans n\u00e9cessiter de broyage, de roulage ou d&rsquo;\u00e9quipement suppl\u00e9mentaire. Chaque Pr\u00e9-rolls de 1 gramme fournit une dose constante et mesur\u00e9e, ce qui facilite la gestion de votre consommation et la recherche de votre niveau th\u00e9rapeutique optimal. Pour les patients ayant des difficult\u00e9s de dext\u00e9rit\u00e9 ou ceux qui recherchent un soulagement imm\u00e9diat, les Pr\u00e9-rolls \u00e9liminent le temps de pr\u00e9paration et fournissent des effets \u00e0 action rapide.<\/p>\n<h4>Exp\u00e9dition dans tout le Canada<\/h4>\n<p>AV Gas Pr\u00e9-rolls (5x1g) est exp\u00e9di\u00e9 rapidement \u00e0 travers le Canada par Mendo Medical. Nous sommes heureux d&rsquo;offrir la livraison gratuite pour toutes les commandes de plus de 150 $, ce qui vous assure de recevoir vos produits de cannabis m\u00e9dical de fa\u00e7on efficace et abordable, peu importe o\u00f9 vous vous trouvez dans le pays.<\/p>\n<h4>Avantages et couverture pour les anciens combattants<\/h4>\n<p>Les Pr\u00e9-rolls AV Gas (5x1g) sont \u00e9ligibles \u00e0 la couverture d&rsquo;Anciens Combattants Canada (ACC). Mendo Medical offre une facturation directe \u00e0 travers la Croix Bleue pour les v\u00e9t\u00e9rans \u00e9ligibles, ce qui signifie qu&rsquo;il n&rsquo;y a pas de frais \u00e0 d\u00e9bourser pour votre cannabis m\u00e9dical. Si vous n&rsquo;avez pas encore de carte de cannabis m\u00e9dical, vous pouvez <a href=\"https:\/\/mendomedical.ca\/fr\/carte-medicale\/\">obtenir votre carte m\u00e9dicale gratuite rapidement et facilement<\/a> pour acc\u00e9der \u00e0 ces avantages et commencer votre traitement.<\/p>\n<\/div>\n","protected":false},"featured_media":278244,"comment_status":"open","ping_status":"closed","template":"","meta":{"_acf_changed":false,"site-sidebar-layout":"default","site-content-layout":"","ast-site-content-layout":"default","site-content-style":"default","site-sidebar-style":"default","ast-global-header-display":"","ast-banner-title-visibility":"","ast-main-header-display":"","ast-hfb-above-header-display":"","ast-hfb-below-header-display":"","ast-hfb-mobile-header-display":"","site-post-title":"","ast-breadcrumbs-content":"","ast-featured-img":"","footer-sml-layout":"","ast-disable-related-posts":"","theme-transparent-header-meta":"default","adv-header-id-meta":"","stick-header-meta":"","header-above-stick-meta":"","header-main-stick-meta":"","header-below-stick-meta":"","astra-migrate-meta-layouts":"set","ast-page-background-enabled":"default","ast-page-background-meta":{"desktop":{"background-color":"var(--ast-global-color-4)","background-image":"","background-repeat":"repeat","background-position":"center center","background-size":"auto","background-attachment":"scroll","background-type":"","background-media":"","overlay-type":"","overlay-color":"","overlay-opacity":"","overlay-gradient":""},"tablet":{"background-color":"","background-image":"","background-repeat":"repeat","background-position":"center center","background-size":"auto","background-attachment":"scroll","background-type":"","background-media":"","overlay-type":"","overlay-color":"","overlay-opacity":"","overlay-gradient":""},"mobile":{"background-color":"","background-image":"","background-repeat":"repeat","background-position":"center center","background-size":"auto","background-attachment":"scroll","background-type":"","background-media":"","overlay-type":"","overlay-color":"","overlay-opacity":"","overlay-gradient":""}},"ast-content-background-meta":{"desktop":{"background-color":"var(--ast-global-color-5)","background-image":"","background-repeat":"repeat","background-position":"center center","background-size":"auto","background-attachment":"scroll","background-type":"","background-media":"","overlay-type":"","overlay-color":"","overlay-opacity":"","overlay-gradient":""},"tablet":{"background-color":"var(--ast-global-color-5)","background-image":"","background-repeat":"repeat","background-position":"center center","background-size":"auto","background-attachment":"scroll","background-type":"","background-media":"","overlay-type":"","overlay-color":"","overlay-opacity":"","overlay-gradient":""},"mobile":{"background-color":"var(--ast-global-color-5)","background-image":"","background-repeat":"repeat","background-position":"center center","background-size":"auto","background-attachment":"scroll","background-type":"","background-media":"","overlay-type":"","overlay-color":"","overlay-opacity":"","overlay-gradient":""}}},"product_brand":[],"product_cat":[4803,1144],"product_tag":[],"product_format_filter":[6369],"class_list":{"0":"post-278245","1":"product","2":"type-product","3":"status-publish","4":"has-post-thumbnail","6":"product_cat-pre-rolls-non-infuses","7":"product_cat-pre-roules","8":"pa_flavours-baies","9":"pa_flavours-cremeux","10":"pa_flavours-fruite","11":"pa_flavours-gazole-diesel","12":"pa_flavours-doux","13":"pa_intensity-thc-eleve","14":"pa_intensity-low-cbg-fr","15":"pa_marques-rocky-mountain-cannabis-fr","16":"pa_origin-colombie-britannique-fr","17":"pa_type-de-plante-hybride-fr","18":"product_format_filter-1g","19":"desktop-align-left","20":"tablet-align-left","21":"mobile-align-left","23":"first","24":"outofstock","25":"taxable","26":"shipping-taxable","27":"purchasable","28":"product-type-simple"},"group_of_quantity":0,"min_quantity":0,"max_quantity":"","exclude_order_quantity_value_rules":"no","exclude_category_quantity_rules":"no","combine_variations":"no","acf":[],"_links":{"self":[{"href":"https:\/\/mendomedical.ca\/fr\/wp-json\/wp\/v2\/product\/278245","targetHints":{"allow":["GET"]}}],"collection":[{"href":"https:\/\/mendomedical.ca\/fr\/wp-json\/wp\/v2\/product"}],"about":[{"href":"https:\/\/mendomedical.ca\/fr\/wp-json\/wp\/v2\/types\/product"}],"replies":[{"embeddable":true,"href":"https:\/\/mendomedical.ca\/fr\/wp-json\/wp\/v2\/comments?post=278245"}],"wp:featuredmedia":[{"embeddable":true,"href":"https:\/\/mendomedical.ca\/fr\/wp-json\/wp\/v2\/media\/278244"}],"wp:attachment":[{"href":"https:\/\/mendomedical.ca\/fr\/wp-json\/wp\/v2\/media?parent=278245"}],"wp:term":[{"taxonomy":"product_brand","embeddable":true,"href":"https:\/\/mendomedical.ca\/fr\/wp-json\/wp\/v2\/product_brand?post=278245"},{"taxonomy":"product_cat","embeddable":true,"href":"https:\/\/mendomedical.ca\/fr\/wp-json\/wp\/v2\/product_cat?post=278245"},{"taxonomy":"product_tag","embeddable":true,"href":"https:\/\/mendomedical.ca\/fr\/wp-json\/wp\/v2\/product_tag?post=278245"},{"taxonomy":"product_format_filter","embeddable":true,"href":"https:\/\/mendomedical.ca\/fr\/wp-json\/wp\/v2\/product_format_filter?post=278245"}],"curies":[{"name":"wp","href":"https:\/\/api.w.org\/{rel}","templated":true}]}}