{"id":276965,"date":"2025-10-16T10:55:45","date_gmt":"2025-10-16T14:55:45","guid":{"rendered":"https:\/\/mendomedical.ca\/product\/orange-10mg-thc-sativa-gummy\/"},"modified":"2026-02-06T11:42:45","modified_gmt":"2026-02-06T16:42:45","slug":"orange-10mg-thc-sativa-gummy","status":"publish","type":"product","link":"https:\/\/mendomedical.ca\/fr\/produit\/orange-10mg-thc-sativa-gummy\/","title":{"rendered":"Orange 10mg THC Sativa Gummy"},"content":{"rendered":"","protected":false},"excerpt":{"rendered":"<div class=\"ExternalClassA9F3EB9493E3441194AE85DC6009D4F8\"><\/div>\n<div class=\"ExternalClassA9F3EB9493E3441194AE85DC6009D4F8\">\n<h3>Emprise Rapid Orange 10mg THC Sativa Gummy<\/h3>\n<p>Faites l&rsquo;exp\u00e9rience d&rsquo;un soulagement \u00e0 action rapide avec la gomme Emprise Rapid Orange 10mg THC Sativa. Ce produit comestible \u00e0 dominante THC est dot\u00e9 de la technologie avanc\u00e9e de l&rsquo;\u00e9mulsion Nano THC, qui permet d&rsquo;obtenir des effets rapides en seulement 10 \u00e0 15 minutes. Chaque gomme v\u00e9g\u00e9talienne contient la puissance maximale autoris\u00e9e de 10 mg de THC, combin\u00e9e \u00e0 un extrait de cannabis \u00e0 spectre complet et \u00e0 un profil terp\u00e9nique sativa soigneusement s\u00e9lectionn\u00e9. Le d\u00e9licieux go\u00fbt d&rsquo;orange offre une m\u00e9thode de consommation pratique et discr\u00e8te pour les patients de cannabis m\u00e9dical qui recherchent des effets \u00e9nergisants et stimulants.   <\/p>\n<h4>Caract\u00e9ristiques principales<\/h4>\n<ul>\n<li>Technologie \u00e0 d\u00e9clenchement rapide, les effets commen\u00e7ant \u00e0 se faire sentir au bout de 10 \u00e0 15 minutes.<\/li>\n<li>Puissance maximale de 10mg de THC par gomme dans un format pratique de 3g<\/li>\n<li>Extrait de cannabis \u00e0 spectre complet avec un profil terp\u00e9nique sativa comprenant du d-limon\u00e8ne, du b\u00eata-caryophyll\u00e8ne et du myrc\u00e8ne.<\/li>\n<li>Formule v\u00e9g\u00e9talienne et naturelle \u00e0 l&rsquo;ar\u00f4me d&rsquo;orange juteuse<\/li>\n<li>Dosage discret et pr\u00e9cis pour une utilisation m\u00e9dicale coh\u00e9rente<\/li>\n<\/ul>\n<h4>Saveur, ar\u00f4me et profil des terp\u00e8nes<\/h4>\n<p>Cette gomme sativa offre une exp\u00e9rience vibrante d&rsquo;agrumes avec des notes de go\u00fbt d&rsquo;orange juteuse et des nuances fruit\u00e9es. Le profil terp\u00e9nique comprend du d-limon\u00e8ne, qui contribue \u00e0 l&rsquo;ar\u00f4me d&rsquo;agrumes, ainsi que du b\u00eata-caryophyll\u00e8ne et du myrc\u00e8ne. Cette combinaison peut favoriser des effets potentiels tels que l&rsquo;am\u00e9lioration de la concentration, de la cr\u00e9ativit\u00e9, de la motivation et de l&rsquo;\u00e9nergie, tout en procurant des sensations d&rsquo;\u00e9l\u00e9vation et d&rsquo;euphorie. Les utilisateurs peuvent \u00e9galement ressentir de la clart\u00e9 d&rsquo;esprit, de la sociabilit\u00e9 et des effets \u00e9quilibr\u00e9s adapt\u00e9s \u00e0 une utilisation diurne.   <\/p>\n<h4>Pourquoi choisir les plantes comestibles ?<\/h4>\n<p>Les edibles offrent aux patients qui consomment du cannabis m\u00e9dical une m\u00e9thode de consommation sans fum\u00e9e avec des effets plus durables que l&rsquo;inhalation. Le dosage pr\u00e9cis de chaque gomme permet une gestion coh\u00e9rente des sympt\u00f4mes, tandis que la technologie d&rsquo;action rapide de ce produit procure un soulagement plus rapide que les edibles traditionnels. Ces gommes sont donc id\u00e9ales pour les patients qui ont besoin d&rsquo;effets pr\u00e9visibles et durables tout au long de la journ\u00e9e.  <\/p>\n<h4>Exp\u00e9dition dans tout le Canada<\/h4>\n<p>Emprise Rapid Orange 10mg THC Sativa Gummy est exp\u00e9di\u00e9 rapidement \u00e0 travers le Canada. Mendo Medical offre la livraison gratuite pour les commandes de plus de 150 $. Veuillez noter que les produits contenant de la g\u00e9latine peuvent fondre pendant l&rsquo;exp\u00e9dition durant les mois d&rsquo;\u00e9t\u00e9. Nous vous recommandons de tenir compte de ce probl\u00e8me potentiel lorsque vous passez votre commande.    Malheureusement, nous ne pouvons pas offrir de remboursement ou de remplacement pour les produits qui fondent pendant le transport. Nous vous remercions de votre compr\u00e9hension.<\/p>\n<h4>Avantages et couverture pour les anciens combattants<\/h4>\n<p>Ce produit est admissible \u00e0 la couverture d&rsquo;ACC (Anciens Combattants Canada) et \u00e0 la facturation directe par l&rsquo;entremise de la Croix Bleue, ce qui signifie que les anciens combattants admissibles n&rsquo;ont pas \u00e0 d\u00e9bourser d&rsquo;argent. Si vous n&rsquo;avez pas encore de carte de cannabis m\u00e9dical, vous pouvez <a href=\"https:\/\/mendomedical.ca\/fr\/carte-medicale\/\">obtenir votre carte m\u00e9dicale gratuite rapidement et facilement<\/a> pour acc\u00e9der \u00e0 ces avantages et commencer votre traitement. <\/p>\n<h4>Ingr\u00e9dients<\/h4>\n<p>Sucre, sirop de tapioca, eau, Rapid Onset Nano (glyc\u00e9rine, eau, polysorbate 80, extraits de cannabis, huile MCT, monost\u00e9arate de sorbitan, sorbate de potassium, benzoate de sodium), pectine, ar\u00f4mes naturels, acide citrique, citrate de sodium, colorant naturel, terp\u00e8nes naturels.<\/p>\n<p>&nbsp;<\/p>\n<\/div>\n","protected":false},"featured_media":276964,"comment_status":"open","ping_status":"closed","template":"","meta":{"_acf_changed":false,"site-sidebar-layout":"default","site-content-layout":"","ast-site-content-layout":"default","site-content-style":"default","site-sidebar-style":"default","ast-global-header-display":"","ast-banner-title-visibility":"","ast-main-header-display":"","ast-hfb-above-header-display":"","ast-hfb-below-header-display":"","ast-hfb-mobile-header-display":"","site-post-title":"","ast-breadcrumbs-content":"","ast-featured-img":"","footer-sml-layout":"","ast-disable-related-posts":"","theme-transparent-header-meta":"default","adv-header-id-meta":"","stick-header-meta":"","header-above-stick-meta":"","header-main-stick-meta":"","header-below-stick-meta":"","astra-migrate-meta-layouts":"default","ast-page-background-enabled":"default","ast-page-background-meta":{"desktop":{"background-color":"var(--ast-global-color-4)","background-image":"","background-repeat":"repeat","background-position":"center center","background-size":"auto","background-attachment":"scroll","background-type":"","background-media":"","overlay-type":"","overlay-color":"","overlay-opacity":"","overlay-gradient":""},"tablet":{"background-color":"","background-image":"","background-repeat":"repeat","background-position":"center center","background-size":"auto","background-attachment":"scroll","background-type":"","background-media":"","overlay-type":"","overlay-color":"","overlay-opacity":"","overlay-gradient":""},"mobile":{"background-color":"","background-image":"","background-repeat":"repeat","background-position":"center center","background-size":"auto","background-attachment":"scroll","background-type":"","background-media":"","overlay-type":"","overlay-color":"","overlay-opacity":"","overlay-gradient":""}},"ast-content-background-meta":{"desktop":{"background-color":"var(--ast-global-color-5)","background-image":"","background-repeat":"repeat","background-position":"center center","background-size":"auto","background-attachment":"scroll","background-type":"","background-media":"","overlay-type":"","overlay-color":"","overlay-opacity":"","overlay-gradient":""},"tablet":{"background-color":"var(--ast-global-color-5)","background-image":"","background-repeat":"repeat","background-position":"center center","background-size":"auto","background-attachment":"scroll","background-type":"","background-media":"","overlay-type":"","overlay-color":"","overlay-opacity":"","overlay-gradient":""},"mobile":{"background-color":"var(--ast-global-color-5)","background-image":"","background-repeat":"repeat","background-position":"center center","background-size":"auto","background-attachment":"scroll","background-type":"","background-media":"","overlay-type":"","overlay-color":"","overlay-opacity":"","overlay-gradient":""}}},"product_brand":[],"product_cat":[1132,1128],"product_tag":[],"product_format_filter":[6366],"class_list":{"0":"post-276965","1":"product","2":"type-product","3":"status-publish","4":"has-post-thumbnail","6":"product_cat-bonbons","7":"product_cat-comestibles","8":"pa_flavours-agrume","9":"pa_flavours-fruite","10":"pa_intensity-thc-moyen","11":"pa_marques-emprise-rapid","12":"pa_origin-alberta-fr","13":"pa_type-de-plante-thc-fr","14":"product_format_filter-1units","15":"desktop-align-left","16":"tablet-align-left","17":"mobile-align-left","19":"first","20":"outofstock","21":"taxable","22":"shipping-taxable","23":"purchasable","24":"product-type-simple"},"group_of_quantity":0,"min_quantity":0,"max_quantity":"","exclude_order_quantity_value_rules":"no","exclude_category_quantity_rules":"no","combine_variations":"no","acf":[],"_links":{"self":[{"href":"https:\/\/mendomedical.ca\/fr\/wp-json\/wp\/v2\/product\/276965","targetHints":{"allow":["GET"]}}],"collection":[{"href":"https:\/\/mendomedical.ca\/fr\/wp-json\/wp\/v2\/product"}],"about":[{"href":"https:\/\/mendomedical.ca\/fr\/wp-json\/wp\/v2\/types\/product"}],"replies":[{"embeddable":true,"href":"https:\/\/mendomedical.ca\/fr\/wp-json\/wp\/v2\/comments?post=276965"}],"wp:featuredmedia":[{"embeddable":true,"href":"https:\/\/mendomedical.ca\/fr\/wp-json\/wp\/v2\/media\/276964"}],"wp:attachment":[{"href":"https:\/\/mendomedical.ca\/fr\/wp-json\/wp\/v2\/media?parent=276965"}],"wp:term":[{"taxonomy":"product_brand","embeddable":true,"href":"https:\/\/mendomedical.ca\/fr\/wp-json\/wp\/v2\/product_brand?post=276965"},{"taxonomy":"product_cat","embeddable":true,"href":"https:\/\/mendomedical.ca\/fr\/wp-json\/wp\/v2\/product_cat?post=276965"},{"taxonomy":"product_tag","embeddable":true,"href":"https:\/\/mendomedical.ca\/fr\/wp-json\/wp\/v2\/product_tag?post=276965"},{"taxonomy":"product_format_filter","embeddable":true,"href":"https:\/\/mendomedical.ca\/fr\/wp-json\/wp\/v2\/product_format_filter?post=276965"}],"curies":[{"name":"wp","href":"https:\/\/api.w.org\/{rel}","templated":true}]}}